{"id":34497,"date":"2026-01-03T22:01:49","date_gmt":"2026-01-03T21:01:49","guid":{"rendered":"https:\/\/geno-prog.ch\/?post_type=product&#038;p=34497"},"modified":"2026-01-03T22:25:50","modified_gmt":"2026-01-03T21:25:50","slug":"rolls-royce-breakdown","status":"publish","type":"product","link":"https:\/\/geno-prog.ch\/en\/product\/rolls-royce-breakdown\/","title":{"rendered":"Rolls-Royce: sound problem and multimedia breakdown | Electronic diagnostics"},"content":{"rendered":"<h1>Rolls-Royce: sound problems and electronic faults in the multimedia system<\/h1>\n<p>You own a Rolls-Royce and you suddenly come across a <strong>sound problem<\/strong> ?<br \/>\nNo sound comes out of the loudspeakers, whether for music, alerts, parking assistance or the multimedia system?<\/p>\n<p>This type of breakdown is unfortunately <strong>well known on certain Rolls-Royce models <\/strong>and is most often the result of an electronic malfunction.<\/p>\n<h2>Frequent causes of breakdown<\/h2>\n<p>On many Rolls-Royce models, the amplifier and a number of multimedia system components (TV receiver, radio, CD loader, video module, etc.) are also included.<br \/>\nare installed <strong>under the rear seats<\/strong>.<\/p>\n<p>A recurring breakdown is linked to a <strong>water ingress<\/strong>, which could damage one or more of these electronic components.<\/p>\n<h2>Fibre optic communication (MOST loop)<\/h2>\n<p>On several top-of-the-range models, communication between the various multimedia modules is via a <strong>fibre optics (MOST loop)<\/strong>.<\/p>\n<p>Each module has a fibre input and output, and all the modules are connected to each other. <strong>in series<\/strong>.<br \/>\nAs a result, <strong>if a single module fails<\/strong>, the flow of information is interrupted, resulting in a <strong>general multimedia system failure<\/strong>.<\/p>\n<h2>Specialist Rolls-Royce electronic diagnostics<\/h2>\n<p>From an electronic point of view, the Rolls-Royce multimedia system is very similar to that of BMW vehicles.<\/p>\n<p>We have all the necessary <strong>diagnostic interfaces required<\/strong>, a <strong>fibre optic tester<\/strong>, and a <strong>ICOM B module<\/strong>,<br \/>\nallowing a <strong>precise diagnosis of the fibre optic loop <\/strong>and rapid identification of the faulty module.<\/p>\n<h2>When should you contact us?<\/h2>\n<p>If you experience a sound problem, multimedia failure or electronic malfunction on your Rolls-Royce, please contact us.<\/p>\n<p>Targeted diagnostics can often avoid the unnecessary replacement of several modules and help to <strong>considerably reduce repair costs<\/strong>.<\/p>","protected":false},"excerpt":{"rendered":"<h3>Specialist electronic diagnostics for multimedia systems.<\/h3>","protected":false},"featured_media":34501,"template":"","meta":{"_et_pb_use_builder":"","_et_pb_old_content":"","_et_gb_content_width":""},"product_brand":[],"product_cat":[91],"product_tag":[],"class_list":{"0":"post-34497","1":"product","2":"type-product","3":"status-publish","4":"has-post-thumbnail","6":"product_cat-reparation","8":"first","9":"instock","10":"shipping-taxable","11":"product-type-external"},"yoast_head":"<!-- This site is optimized with the Yoast SEO Premium plugin v27.5 (Yoast SEO v27.5) - https:\/\/yoast.com\/product\/yoast-seo-premium-wordpress\/ -->\n<title>Rolls-Royce | panne multim\u00e9dia | Diagnostic \u00e9lectronique<\/title>\n<meta name=\"description\" content=\"Plus de son sur votre Rolls-Royce ? Diagnostic des pannes multim\u00e9dia, fibre optique MOST et \u00e9lectronique. Intervention sp\u00e9cialis\u00e9e.\" \/>\n<meta name=\"robots\" content=\"index, follow, max-snippet:-1, max-image-preview:large, max-video-preview:-1\" \/>\n<link rel=\"canonical\" href=\"https:\/\/geno-prog.ch\/en\/product\/rolls-royce-breakdown\/\" \/>\n<meta property=\"og:locale\" content=\"en_GB\" \/>\n<meta property=\"og:type\" content=\"article\" \/>\n<meta property=\"og:title\" content=\"Rolls-Royce : probl\u00e8me de son et panne multim\u00e9dia | Diagnostic \u00e9lectronique\" \/>\n<meta property=\"og:description\" content=\"Plus de son sur votre Rolls-Royce ? Diagnostic des pannes multim\u00e9dia, fibre optique MOST et \u00e9lectronique. Intervention sp\u00e9cialis\u00e9e.\" \/>\n<meta property=\"og:url\" content=\"https:\/\/geno-prog.ch\/en\/product\/rolls-royce-breakdown\/\" \/>\n<meta property=\"og:site_name\" content=\"GenoProg\" \/>\n<meta property=\"article:publisher\" content=\"https:\/\/www.facebook.com\/genoprog\" \/>\n<meta property=\"article:modified_time\" content=\"2026-01-03T21:25:50+00:00\" \/>\n<meta property=\"og:image\" content=\"https:\/\/geno-prog.ch\/wp-content\/uploads\/2026\/01\/Capture-decran-2026-01-03-a-22.00.00.png\" \/>\n\t<meta property=\"og:image:width\" content=\"520\" \/>\n\t<meta property=\"og:image:height\" content=\"534\" \/>\n\t<meta property=\"og:image:type\" content=\"image\/png\" \/>\n<meta name=\"twitter:card\" content=\"summary_large_image\" \/>\n<meta name=\"twitter:label1\" content=\"Price\" \/>\n\t<meta name=\"twitter:data1\" content=\"\" \/>\n\t<meta name=\"twitter:label2\" content=\"Availability\" \/>\n\t<meta name=\"twitter:data2\" content=\"In stock\" \/>\n<script type=\"application\/ld+json\" class=\"yoast-schema-graph\">{\"@context\":\"https:\\\/\\\/schema.org\",\"@graph\":[{\"@type\":\"WebPage\",\"@id\":\"https:\\\/\\\/geno-prog.ch\\\/produit\\\/rolls-royce-panne\\\/\",\"url\":\"https:\\\/\\\/geno-prog.ch\\\/produit\\\/rolls-royce-panne\\\/\",\"name\":\"Rolls-Royce | panne multim\u00e9dia | Diagnostic \u00e9lectronique\",\"isPartOf\":{\"@id\":\"https:\\\/\\\/geno-prog.ch\\\/#website\"},\"primaryImageOfPage\":{\"@id\":\"https:\\\/\\\/geno-prog.ch\\\/produit\\\/rolls-royce-panne\\\/#primaryimage\"},\"image\":{\"@id\":\"https:\\\/\\\/geno-prog.ch\\\/produit\\\/rolls-royce-panne\\\/#primaryimage\"},\"thumbnailUrl\":\"https:\\\/\\\/geno-prog.ch\\\/wp-content\\\/uploads\\\/2026\\\/01\\\/Capture-decran-2026-01-03-a-22.00.00.png\",\"datePublished\":\"2026-01-03T21:01:49+00:00\",\"dateModified\":\"2026-01-03T21:25:50+00:00\",\"description\":\"Plus de son sur votre Rolls-Royce ? Diagnostic des pannes multim\u00e9dia, fibre optique MOST et \u00e9lectronique. Intervention sp\u00e9cialis\u00e9e.\",\"breadcrumb\":{\"@id\":\"https:\\\/\\\/geno-prog.ch\\\/produit\\\/rolls-royce-panne\\\/#breadcrumb\"},\"inLanguage\":\"en-GB\",\"potentialAction\":[{\"@type\":\"ReadAction\",\"target\":[\"https:\\\/\\\/geno-prog.ch\\\/produit\\\/rolls-royce-panne\\\/\"]}]},{\"@type\":\"ImageObject\",\"inLanguage\":\"en-GB\",\"@id\":\"https:\\\/\\\/geno-prog.ch\\\/produit\\\/rolls-royce-panne\\\/#primaryimage\",\"url\":\"https:\\\/\\\/geno-prog.ch\\\/wp-content\\\/uploads\\\/2026\\\/01\\\/Capture-decran-2026-01-03-a-22.00.00.png\",\"contentUrl\":\"https:\\\/\\\/geno-prog.ch\\\/wp-content\\\/uploads\\\/2026\\\/01\\\/Capture-decran-2026-01-03-a-22.00.00.png\",\"width\":520,\"height\":534},{\"@type\":\"BreadcrumbList\",\"@id\":\"https:\\\/\\\/geno-prog.ch\\\/produit\\\/rolls-royce-panne\\\/#breadcrumb\",\"itemListElement\":[{\"@type\":\"ListItem\",\"position\":1,\"name\":\"Accueil\",\"item\":\"https:\\\/\\\/geno-prog.ch\\\/\"},{\"@type\":\"ListItem\",\"position\":2,\"name\":\"T\u00e9l\u00e9chargements\",\"item\":\"https:\\\/\\\/geno-prog.ch\\\/download\\\/\"},{\"@type\":\"ListItem\",\"position\":3,\"name\":\"Rolls-Royce : probl\u00e8me de son et panne multim\u00e9dia | Diagnostic \u00e9lectronique\"}]},{\"@type\":\"WebSite\",\"@id\":\"https:\\\/\\\/geno-prog.ch\\\/#website\",\"url\":\"https:\\\/\\\/geno-prog.ch\\\/\",\"name\":\"GenoProg\",\"description\":\"Sp\u00e9cialiste en \u00e9lectronique automobile BMW \\\/ MINI\",\"publisher\":{\"@id\":\"https:\\\/\\\/geno-prog.ch\\\/#organization\"},\"potentialAction\":[{\"@type\":\"SearchAction\",\"target\":{\"@type\":\"EntryPoint\",\"urlTemplate\":\"https:\\\/\\\/geno-prog.ch\\\/?s={search_term_string}\"},\"query-input\":{\"@type\":\"PropertyValueSpecification\",\"valueRequired\":true,\"valueName\":\"search_term_string\"}}],\"inLanguage\":\"en-GB\"},{\"@type\":\"Organization\",\"@id\":\"https:\\\/\\\/geno-prog.ch\\\/#organization\",\"name\":\"GenoProg\",\"url\":\"https:\\\/\\\/geno-prog.ch\\\/\",\"logo\":{\"@type\":\"ImageObject\",\"inLanguage\":\"en-GB\",\"@id\":\"https:\\\/\\\/geno-prog.ch\\\/#\\\/schema\\\/logo\\\/image\\\/\",\"url\":\"https:\\\/\\\/geno-prog.ch\\\/wp-content\\\/uploads\\\/2020\\\/03\\\/GenoProg_long.png\",\"contentUrl\":\"https:\\\/\\\/geno-prog.ch\\\/wp-content\\\/uploads\\\/2020\\\/03\\\/GenoProg_long.png\",\"width\":3086,\"height\":803,\"caption\":\"GenoProg\"},\"image\":{\"@id\":\"https:\\\/\\\/geno-prog.ch\\\/#\\\/schema\\\/logo\\\/image\\\/\"},\"sameAs\":[\"https:\\\/\\\/www.facebook.com\\\/genoprog\",\"https:\\\/\\\/www.instagram.com\\\/genoprog\\\/\",\"https:\\\/\\\/www.youtube.com\\\/channel\\\/UC5a5VYzbWdsHNYm2Qtu1F2w\"]}]}<\/script>\n<meta property=\"product:brand\" content=\"external\" \/>\n<meta property=\"product:price:currency\" content=\"CHF\" \/>\n<meta property=\"og:availability\" content=\"instock\" \/>\n<meta property=\"product:availability\" content=\"instock\" \/>\n<meta property=\"product:condition\" content=\"new\" \/>\n<!-- \/ Yoast SEO Premium plugin. -->","yoast_head_json":{"title":"Rolls-Royce | multimedia breakdown | Electronic diagnostics","description":"No sound on your Rolls-Royce? Diagnosis of multimedia, MOST fibre optic and electronic faults. Specialist service.","robots":{"index":"index","follow":"follow","max-snippet":"max-snippet:-1","max-image-preview":"max-image-preview:large","max-video-preview":"max-video-preview:-1"},"canonical":"https:\/\/geno-prog.ch\/en\/product\/rolls-royce-breakdown\/","og_locale":"en_GB","og_type":"article","og_title":"Rolls-Royce : probl\u00e8me de son et panne multim\u00e9dia | Diagnostic \u00e9lectronique","og_description":"Plus de son sur votre Rolls-Royce ? Diagnostic des pannes multim\u00e9dia, fibre optique MOST et \u00e9lectronique. Intervention sp\u00e9cialis\u00e9e.","og_url":"https:\/\/geno-prog.ch\/en\/product\/rolls-royce-breakdown\/","og_site_name":"GenoProg","article_publisher":"https:\/\/www.facebook.com\/genoprog","article_modified_time":"2026-01-03T21:25:50+00:00","og_image":[{"width":520,"height":534,"url":"https:\/\/geno-prog.ch\/wp-content\/uploads\/2026\/01\/Capture-decran-2026-01-03-a-22.00.00.png","type":"image\/png"}],"twitter_card":"summary_large_image","twitter_misc":{"Price":"","Availability":"In stock"},"schema":{"@context":"https:\/\/schema.org","@graph":[{"@type":"WebPage","@id":"https:\/\/geno-prog.ch\/produit\/rolls-royce-panne\/","url":"https:\/\/geno-prog.ch\/produit\/rolls-royce-panne\/","name":"Rolls-Royce | multimedia breakdown | Electronic diagnostics","isPartOf":{"@id":"https:\/\/geno-prog.ch\/#website"},"primaryImageOfPage":{"@id":"https:\/\/geno-prog.ch\/produit\/rolls-royce-panne\/#primaryimage"},"image":{"@id":"https:\/\/geno-prog.ch\/produit\/rolls-royce-panne\/#primaryimage"},"thumbnailUrl":"https:\/\/geno-prog.ch\/wp-content\/uploads\/2026\/01\/Capture-decran-2026-01-03-a-22.00.00.png","datePublished":"2026-01-03T21:01:49+00:00","dateModified":"2026-01-03T21:25:50+00:00","description":"No sound on your Rolls-Royce? Diagnosis of multimedia, MOST fibre optic and electronic faults. Specialist service.","breadcrumb":{"@id":"https:\/\/geno-prog.ch\/produit\/rolls-royce-panne\/#breadcrumb"},"inLanguage":"en-GB","potentialAction":[{"@type":"ReadAction","target":["https:\/\/geno-prog.ch\/produit\/rolls-royce-panne\/"]}]},{"@type":"ImageObject","inLanguage":"en-GB","@id":"https:\/\/geno-prog.ch\/produit\/rolls-royce-panne\/#primaryimage","url":"https:\/\/geno-prog.ch\/wp-content\/uploads\/2026\/01\/Capture-decran-2026-01-03-a-22.00.00.png","contentUrl":"https:\/\/geno-prog.ch\/wp-content\/uploads\/2026\/01\/Capture-decran-2026-01-03-a-22.00.00.png","width":520,"height":534},{"@type":"BreadcrumbList","@id":"https:\/\/geno-prog.ch\/produit\/rolls-royce-panne\/#breadcrumb","itemListElement":[{"@type":"ListItem","position":1,"name":"Accueil","item":"https:\/\/geno-prog.ch\/"},{"@type":"ListItem","position":2,"name":"T\u00e9l\u00e9chargements","item":"https:\/\/geno-prog.ch\/download\/"},{"@type":"ListItem","position":3,"name":"Rolls-Royce : probl\u00e8me de son et panne multim\u00e9dia | Diagnostic \u00e9lectronique"}]},{"@type":"WebSite","@id":"https:\/\/geno-prog.ch\/#website","url":"https:\/\/geno-prog.ch\/","name":"GenoProg","description":"BMW \/ MINI automotive electronics specialist","publisher":{"@id":"https:\/\/geno-prog.ch\/#organization"},"potentialAction":[{"@type":"SearchAction","target":{"@type":"EntryPoint","urlTemplate":"https:\/\/geno-prog.ch\/?s={search_term_string}"},"query-input":{"@type":"PropertyValueSpecification","valueRequired":true,"valueName":"search_term_string"}}],"inLanguage":"en-GB"},{"@type":"Organization","@id":"https:\/\/geno-prog.ch\/#organization","name":"GenoProg","url":"https:\/\/geno-prog.ch\/","logo":{"@type":"ImageObject","inLanguage":"en-GB","@id":"https:\/\/geno-prog.ch\/#\/schema\/logo\/image\/","url":"https:\/\/geno-prog.ch\/wp-content\/uploads\/2020\/03\/GenoProg_long.png","contentUrl":"https:\/\/geno-prog.ch\/wp-content\/uploads\/2020\/03\/GenoProg_long.png","width":3086,"height":803,"caption":"GenoProg"},"image":{"@id":"https:\/\/geno-prog.ch\/#\/schema\/logo\/image\/"},"sameAs":["https:\/\/www.facebook.com\/genoprog","https:\/\/www.instagram.com\/genoprog\/","https:\/\/www.youtube.com\/channel\/UC5a5VYzbWdsHNYm2Qtu1F2w"]}]},"product_brand":"external","product_price_currency":"CHF","og_availability":"instock","product_availability":"instock","product_condition":"new"},"_links":{"self":[{"href":"https:\/\/geno-prog.ch\/en\/wp-json\/wp\/v2\/product\/34497","targetHints":{"allow":["GET"]}}],"collection":[{"href":"https:\/\/geno-prog.ch\/en\/wp-json\/wp\/v2\/product"}],"about":[{"href":"https:\/\/geno-prog.ch\/en\/wp-json\/wp\/v2\/types\/product"}],"wp:featuredmedia":[{"embeddable":true,"href":"https:\/\/geno-prog.ch\/en\/wp-json\/wp\/v2\/media\/34501"}],"wp:attachment":[{"href":"https:\/\/geno-prog.ch\/en\/wp-json\/wp\/v2\/media?parent=34497"}],"wp:term":[{"taxonomy":"product_brand","embeddable":true,"href":"https:\/\/geno-prog.ch\/en\/wp-json\/wp\/v2\/product_brand?post=34497"},{"taxonomy":"product_cat","embeddable":true,"href":"https:\/\/geno-prog.ch\/en\/wp-json\/wp\/v2\/product_cat?post=34497"},{"taxonomy":"product_tag","embeddable":true,"href":"https:\/\/geno-prog.ch\/en\/wp-json\/wp\/v2\/product_tag?post=34497"}],"curies":[{"name":"wp","href":"https:\/\/api.w.org\/{rel}","templated":true}]}}