{"id":34495,"date":"2026-01-03T21:29:43","date_gmt":"2026-01-03T20:29:43","guid":{"rendered":"https:\/\/geno-prog.ch\/?post_type=product&#038;p=34495"},"modified":"2026-01-03T21:39:47","modified_gmt":"2026-01-03T20:39:47","slug":"dsc-vehicle-rental-lock","status":"publish","type":"product","link":"https:\/\/geno-prog.ch\/en\/product\/dsc-vehicle-rental-lock\/","title":{"rendered":"Hire vehicle: DSC OFF lockout"},"content":{"rendered":"<h1>Hire vehicles: prevent deactivation of traction control (DSC)<\/h1>\n<p>You manage a vehicle rental agency and would like to <strong>prevent abuse of your fleet<\/strong> ?<br \/>\nWe offer an effective solution for <strong>prevent deactivation of traction control (DSC)\u00a0<\/strong><\/p>\n<h2>Why block deactivation of the DSC on a rental vehicle?<\/h2>\n<p>On many modern vehicles, the DSC (Dynamic Stability Control) system can be partially or fully deactivated by the driver.<br \/>\nIn a rental context, this can lead to :<\/p>\n<ul>\n<li>Loss of control of the vehicle<\/li>\n<li>Premature tyre wear<\/li>\n<li>Excessive mechanical stress<\/li>\n<li>Increased risk of accidents and claims<\/li>\n<\/ul>\n<p>By preventing the DSC from being deactivated, you can <strong>make your vehicle safer to use<\/strong><br \/>\nand limit inappropriate behaviour.<\/p>\n<h2>DSC blocked by electronic coding<\/h2>\n<p>We intervene directly via <strong>electronic coding of ECUs <\/strong>to make it impossible for the user to deactivate the DSC.<br \/>\nThe system remains active at all times, without any mechanical modifications.<\/p>\n<p>This intervention is :<\/p>\n<ul>\n<li>Reversible<\/li>\n<li>No impact on normal vehicle operation<\/li>\n<li>Invisible to the end user<\/li>\n<\/ul>\n<h2>Reactivating the DSC on an old leased vehicle<\/h2>\n<p>Conversely, if you have acquired a <strong>old rental car <\/strong>whose DSC has been deliberately or accidentally deactivated,<br \/>\nwe can <strong>fully reactivate the <\/strong>and restore the vehicle's original behaviour.<\/p>\n<h2>Compatible vehicles<\/h2>\n<p>This service is currently available for BMW Group vehicles (DSC systems managed by coding).<\/p>\n<p>Support for other brands is possible <strong>on request<\/strong>,<br \/>\ndepending on the on-board electronic systems.<\/p>\n<h2>Who is this service for?<\/h2>\n<ul>\n<li>Car rental agencies<\/li>\n<li>Car fleet managers<\/li>\n<li>Companies with shared vehicles<\/li>\n<li>Automotive professionals<\/li>\n<\/ul>\n<h2>Contact and information<\/h2>\n<p>To check the compatibility of a vehicle or get a quote,<br \/>\nplease contact us with :<\/p>\n<ul>\n<li>The make and model of the vehicle<\/li>\n<li>The chassis number (VIN)<\/li>\n<\/ul>","protected":false},"excerpt":{"rendered":"<p>V\u00e9hicules de location : emp\u00eacher la d\u00e9sactivation de l\u2019antipatinage (DSC) Vous g\u00e9rez une agence de location de v\u00e9hicules et souhaitez \u00e9viter les abus sur votre flotte ? Nous proposons une solution efficace permettant d\u2019emp\u00eacher la d\u00e9sactivation de l\u2019antipatinage (DSC)\u00a0 Pourquoi bloquer la d\u00e9sactivation du DSC sur un v\u00e9hicule de location ? Sur de nombreux v\u00e9hicules [&hellip;]<\/p>\n","protected":false},"featured_media":34496,"template":"","meta":{"_et_pb_use_builder":"","_et_pb_old_content":"","_et_gb_content_width":""},"product_brand":[],"product_cat":[90],"product_tag":[],"class_list":{"0":"post-34495","1":"product","2":"type-product","3":"status-publish","4":"has-post-thumbnail","6":"product_cat-codage","8":"first","9":"instock","10":"shipping-taxable","11":"product-type-external"},"yoast_head":"<!-- This site is optimized with the Yoast SEO Premium plugin v27.5 (Yoast SEO v27.5) - https:\/\/yoast.com\/product\/yoast-seo-premium-wordpress\/ -->\n<title>V\u00e9hicule de location : blocage du DSC OFF par codage | BMW<\/title>\n<meta name=\"description\" content=\"Service de codage pour v\u00e9hicules de location : emp\u00eacher ou r\u00e9activer la d\u00e9sactivation du DSC. Solution professionnelle pour BMW.\" \/>\n<meta name=\"robots\" content=\"index, follow, max-snippet:-1, max-image-preview:large, max-video-preview:-1\" \/>\n<link rel=\"canonical\" href=\"https:\/\/geno-prog.ch\/en\/product\/dsc-vehicle-rental-lock\/\" \/>\n<meta property=\"og:locale\" content=\"en_GB\" \/>\n<meta property=\"og:type\" content=\"article\" \/>\n<meta property=\"og:title\" content=\"V\u00e9hicule de location : blocage du DSC OFF\" \/>\n<meta property=\"og:description\" content=\"Service de codage pour v\u00e9hicules de location : emp\u00eacher ou r\u00e9activer la d\u00e9sactivation du DSC. Solution professionnelle pour BMW.\" \/>\n<meta property=\"og:url\" content=\"https:\/\/geno-prog.ch\/en\/product\/dsc-vehicle-rental-lock\/\" \/>\n<meta property=\"og:site_name\" content=\"GenoProg\" \/>\n<meta property=\"article:publisher\" content=\"https:\/\/www.facebook.com\/genoprog\" \/>\n<meta property=\"article:modified_time\" content=\"2026-01-03T20:39:47+00:00\" \/>\n<meta property=\"og:image\" content=\"https:\/\/geno-prog.ch\/wp-content\/uploads\/2026\/01\/DSC_OFF-scaled.jpg\" \/>\n\t<meta property=\"og:image:width\" content=\"2560\" \/>\n\t<meta property=\"og:image:height\" content=\"1920\" \/>\n\t<meta property=\"og:image:type\" content=\"image\/jpeg\" \/>\n<meta name=\"twitter:card\" content=\"summary_large_image\" \/>\n<meta name=\"twitter:label1\" content=\"Price\" \/>\n\t<meta name=\"twitter:data1\" content=\"&#067;&#072;&#070;&nbsp;250.00\" \/>\n\t<meta name=\"twitter:label2\" content=\"Availability\" \/>\n\t<meta name=\"twitter:data2\" content=\"In stock\" \/>\n<script type=\"application\/ld+json\" class=\"yoast-schema-graph\">{\"@context\":\"https:\\\/\\\/schema.org\",\"@graph\":[{\"@type\":\"WebPage\",\"@id\":\"https:\\\/\\\/geno-prog.ch\\\/produit\\\/blocage-dsc-vehicule-location\\\/\",\"url\":\"https:\\\/\\\/geno-prog.ch\\\/produit\\\/blocage-dsc-vehicule-location\\\/\",\"name\":\"V\u00e9hicule de location : blocage du DSC OFF par codage | BMW\",\"isPartOf\":{\"@id\":\"https:\\\/\\\/geno-prog.ch\\\/#website\"},\"primaryImageOfPage\":{\"@id\":\"https:\\\/\\\/geno-prog.ch\\\/produit\\\/blocage-dsc-vehicule-location\\\/#primaryimage\"},\"image\":{\"@id\":\"https:\\\/\\\/geno-prog.ch\\\/produit\\\/blocage-dsc-vehicule-location\\\/#primaryimage\"},\"thumbnailUrl\":\"https:\\\/\\\/geno-prog.ch\\\/wp-content\\\/uploads\\\/2026\\\/01\\\/DSC_OFF-scaled.jpg\",\"datePublished\":\"2026-01-03T20:29:43+00:00\",\"dateModified\":\"2026-01-03T20:39:47+00:00\",\"description\":\"Service de codage pour v\u00e9hicules de location : emp\u00eacher ou r\u00e9activer la d\u00e9sactivation du DSC. Solution professionnelle pour BMW.\",\"breadcrumb\":{\"@id\":\"https:\\\/\\\/geno-prog.ch\\\/produit\\\/blocage-dsc-vehicule-location\\\/#breadcrumb\"},\"inLanguage\":\"en-GB\",\"potentialAction\":[{\"@type\":\"ReadAction\",\"target\":[\"https:\\\/\\\/geno-prog.ch\\\/produit\\\/blocage-dsc-vehicule-location\\\/\"]}]},{\"@type\":\"ImageObject\",\"inLanguage\":\"en-GB\",\"@id\":\"https:\\\/\\\/geno-prog.ch\\\/produit\\\/blocage-dsc-vehicule-location\\\/#primaryimage\",\"url\":\"https:\\\/\\\/geno-prog.ch\\\/wp-content\\\/uploads\\\/2026\\\/01\\\/DSC_OFF-scaled.jpg\",\"contentUrl\":\"https:\\\/\\\/geno-prog.ch\\\/wp-content\\\/uploads\\\/2026\\\/01\\\/DSC_OFF-scaled.jpg\",\"width\":2560,\"height\":1920},{\"@type\":\"BreadcrumbList\",\"@id\":\"https:\\\/\\\/geno-prog.ch\\\/produit\\\/blocage-dsc-vehicule-location\\\/#breadcrumb\",\"itemListElement\":[{\"@type\":\"ListItem\",\"position\":1,\"name\":\"Accueil\",\"item\":\"https:\\\/\\\/geno-prog.ch\\\/\"},{\"@type\":\"ListItem\",\"position\":2,\"name\":\"T\u00e9l\u00e9chargements\",\"item\":\"https:\\\/\\\/geno-prog.ch\\\/download\\\/\"},{\"@type\":\"ListItem\",\"position\":3,\"name\":\"V\u00e9hicule de location : blocage du DSC OFF\"}]},{\"@type\":\"WebSite\",\"@id\":\"https:\\\/\\\/geno-prog.ch\\\/#website\",\"url\":\"https:\\\/\\\/geno-prog.ch\\\/\",\"name\":\"GenoProg\",\"description\":\"Sp\u00e9cialiste en \u00e9lectronique automobile BMW \\\/ MINI\",\"publisher\":{\"@id\":\"https:\\\/\\\/geno-prog.ch\\\/#organization\"},\"potentialAction\":[{\"@type\":\"SearchAction\",\"target\":{\"@type\":\"EntryPoint\",\"urlTemplate\":\"https:\\\/\\\/geno-prog.ch\\\/?s={search_term_string}\"},\"query-input\":{\"@type\":\"PropertyValueSpecification\",\"valueRequired\":true,\"valueName\":\"search_term_string\"}}],\"inLanguage\":\"en-GB\"},{\"@type\":\"Organization\",\"@id\":\"https:\\\/\\\/geno-prog.ch\\\/#organization\",\"name\":\"GenoProg\",\"url\":\"https:\\\/\\\/geno-prog.ch\\\/\",\"logo\":{\"@type\":\"ImageObject\",\"inLanguage\":\"en-GB\",\"@id\":\"https:\\\/\\\/geno-prog.ch\\\/#\\\/schema\\\/logo\\\/image\\\/\",\"url\":\"https:\\\/\\\/geno-prog.ch\\\/wp-content\\\/uploads\\\/2020\\\/03\\\/GenoProg_long.png\",\"contentUrl\":\"https:\\\/\\\/geno-prog.ch\\\/wp-content\\\/uploads\\\/2020\\\/03\\\/GenoProg_long.png\",\"width\":3086,\"height\":803,\"caption\":\"GenoProg\"},\"image\":{\"@id\":\"https:\\\/\\\/geno-prog.ch\\\/#\\\/schema\\\/logo\\\/image\\\/\"},\"sameAs\":[\"https:\\\/\\\/www.facebook.com\\\/genoprog\",\"https:\\\/\\\/www.instagram.com\\\/genoprog\\\/\",\"https:\\\/\\\/www.youtube.com\\\/channel\\\/UC5a5VYzbWdsHNYm2Qtu1F2w\"]}]}<\/script>\n<meta property=\"product:brand\" content=\"external\" \/>\n<meta property=\"product:price:amount\" content=\"250.00\" \/>\n<meta property=\"product:price:currency\" content=\"CHF\" \/>\n<meta property=\"og:availability\" content=\"instock\" \/>\n<meta property=\"product:availability\" content=\"instock\" \/>\n<meta property=\"product:condition\" content=\"new\" \/>\n<!-- \/ Yoast SEO Premium plugin. -->","yoast_head_json":{"title":"Hire vehicle: DSC OFF blocked by coding | BMW","description":"Coding service for rental vehicles: prevent or reactivate DSC deactivation. Professional solution for BMW.","robots":{"index":"index","follow":"follow","max-snippet":"max-snippet:-1","max-image-preview":"max-image-preview:large","max-video-preview":"max-video-preview:-1"},"canonical":"https:\/\/geno-prog.ch\/en\/product\/dsc-vehicle-rental-lock\/","og_locale":"en_GB","og_type":"article","og_title":"V\u00e9hicule de location : blocage du DSC OFF","og_description":"Service de codage pour v\u00e9hicules de location : emp\u00eacher ou r\u00e9activer la d\u00e9sactivation du DSC. Solution professionnelle pour BMW.","og_url":"https:\/\/geno-prog.ch\/en\/product\/dsc-vehicle-rental-lock\/","og_site_name":"GenoProg","article_publisher":"https:\/\/www.facebook.com\/genoprog","article_modified_time":"2026-01-03T20:39:47+00:00","og_image":[{"width":2560,"height":1920,"url":"https:\/\/geno-prog.ch\/wp-content\/uploads\/2026\/01\/DSC_OFF-scaled.jpg","type":"image\/jpeg"}],"twitter_card":"summary_large_image","twitter_misc":{"Price":"&#67;&#72;&#70;&nbsp;250.00","Availability":"In stock"},"schema":{"@context":"https:\/\/schema.org","@graph":[{"@type":"WebPage","@id":"https:\/\/geno-prog.ch\/produit\/blocage-dsc-vehicule-location\/","url":"https:\/\/geno-prog.ch\/produit\/blocage-dsc-vehicule-location\/","name":"Hire vehicle: DSC OFF blocked by coding | BMW","isPartOf":{"@id":"https:\/\/geno-prog.ch\/#website"},"primaryImageOfPage":{"@id":"https:\/\/geno-prog.ch\/produit\/blocage-dsc-vehicule-location\/#primaryimage"},"image":{"@id":"https:\/\/geno-prog.ch\/produit\/blocage-dsc-vehicule-location\/#primaryimage"},"thumbnailUrl":"https:\/\/geno-prog.ch\/wp-content\/uploads\/2026\/01\/DSC_OFF-scaled.jpg","datePublished":"2026-01-03T20:29:43+00:00","dateModified":"2026-01-03T20:39:47+00:00","description":"Coding service for rental vehicles: prevent or reactivate DSC deactivation. Professional solution for BMW.","breadcrumb":{"@id":"https:\/\/geno-prog.ch\/produit\/blocage-dsc-vehicule-location\/#breadcrumb"},"inLanguage":"en-GB","potentialAction":[{"@type":"ReadAction","target":["https:\/\/geno-prog.ch\/produit\/blocage-dsc-vehicule-location\/"]}]},{"@type":"ImageObject","inLanguage":"en-GB","@id":"https:\/\/geno-prog.ch\/produit\/blocage-dsc-vehicule-location\/#primaryimage","url":"https:\/\/geno-prog.ch\/wp-content\/uploads\/2026\/01\/DSC_OFF-scaled.jpg","contentUrl":"https:\/\/geno-prog.ch\/wp-content\/uploads\/2026\/01\/DSC_OFF-scaled.jpg","width":2560,"height":1920},{"@type":"BreadcrumbList","@id":"https:\/\/geno-prog.ch\/produit\/blocage-dsc-vehicule-location\/#breadcrumb","itemListElement":[{"@type":"ListItem","position":1,"name":"Accueil","item":"https:\/\/geno-prog.ch\/"},{"@type":"ListItem","position":2,"name":"T\u00e9l\u00e9chargements","item":"https:\/\/geno-prog.ch\/download\/"},{"@type":"ListItem","position":3,"name":"V\u00e9hicule de location : blocage du DSC OFF"}]},{"@type":"WebSite","@id":"https:\/\/geno-prog.ch\/#website","url":"https:\/\/geno-prog.ch\/","name":"GenoProg","description":"BMW \/ MINI automotive electronics specialist","publisher":{"@id":"https:\/\/geno-prog.ch\/#organization"},"potentialAction":[{"@type":"SearchAction","target":{"@type":"EntryPoint","urlTemplate":"https:\/\/geno-prog.ch\/?s={search_term_string}"},"query-input":{"@type":"PropertyValueSpecification","valueRequired":true,"valueName":"search_term_string"}}],"inLanguage":"en-GB"},{"@type":"Organization","@id":"https:\/\/geno-prog.ch\/#organization","name":"GenoProg","url":"https:\/\/geno-prog.ch\/","logo":{"@type":"ImageObject","inLanguage":"en-GB","@id":"https:\/\/geno-prog.ch\/#\/schema\/logo\/image\/","url":"https:\/\/geno-prog.ch\/wp-content\/uploads\/2020\/03\/GenoProg_long.png","contentUrl":"https:\/\/geno-prog.ch\/wp-content\/uploads\/2020\/03\/GenoProg_long.png","width":3086,"height":803,"caption":"GenoProg"},"image":{"@id":"https:\/\/geno-prog.ch\/#\/schema\/logo\/image\/"},"sameAs":["https:\/\/www.facebook.com\/genoprog","https:\/\/www.instagram.com\/genoprog\/","https:\/\/www.youtube.com\/channel\/UC5a5VYzbWdsHNYm2Qtu1F2w"]}]},"product_brand":"external","product_price_amount":"250.00","product_price_currency":"CHF","og_availability":"instock","product_availability":"instock","product_condition":"new"},"_links":{"self":[{"href":"https:\/\/geno-prog.ch\/en\/wp-json\/wp\/v2\/product\/34495","targetHints":{"allow":["GET"]}}],"collection":[{"href":"https:\/\/geno-prog.ch\/en\/wp-json\/wp\/v2\/product"}],"about":[{"href":"https:\/\/geno-prog.ch\/en\/wp-json\/wp\/v2\/types\/product"}],"wp:featuredmedia":[{"embeddable":true,"href":"https:\/\/geno-prog.ch\/en\/wp-json\/wp\/v2\/media\/34496"}],"wp:attachment":[{"href":"https:\/\/geno-prog.ch\/en\/wp-json\/wp\/v2\/media?parent=34495"}],"wp:term":[{"taxonomy":"product_brand","embeddable":true,"href":"https:\/\/geno-prog.ch\/en\/wp-json\/wp\/v2\/product_brand?post=34495"},{"taxonomy":"product_cat","embeddable":true,"href":"https:\/\/geno-prog.ch\/en\/wp-json\/wp\/v2\/product_cat?post=34495"},{"taxonomy":"product_tag","embeddable":true,"href":"https:\/\/geno-prog.ch\/en\/wp-json\/wp\/v2\/product_tag?post=34495"}],"curies":[{"name":"wp","href":"https:\/\/api.w.org\/{rel}","templated":true}]}}