{"id":34488,"date":"2026-01-01T14:34:33","date_gmt":"2026-01-01T13:34:33","guid":{"rendered":"https:\/\/geno-prog.ch\/?post_type=product&#038;p=34488"},"modified":"2026-01-01T14:59:29","modified_gmt":"2026-01-01T13:59:29","slug":"repair-bmw-display-key","status":"publish","type":"product","link":"https:\/\/geno-prog.ch\/en\/product\/repair-bmw-display-key\/","title":{"rendered":"BMW Display Key repair"},"content":{"rendered":"<section class=\"service-content\">\n<h1>BMW Display Key repair<\/h1>\n<h2><\/h2>\n<h2>Service description<\/h2>\n<p>Your <strong>BMW Display Key<\/strong> no longer lights up after being in the washing machine, a fall or an internal fault?<br \/>\nWe offer various repair solutions, depending on the condition and type of damage.<\/p>\n<h2>Types of repairs offered<\/h2>\n<ul>\n<li>Damage caused by water ingress (e.g. washing machine)<\/li>\n<li>Cracked or damaged screen<\/li>\n<li>Replacing the battery<\/li>\n<li>Key no longer lights up or responds<\/li>\n<\/ul>\n<h2>Conditions and pricing<\/h2>\n<p>Prices vary according to the type of damage. In order to draw up a quotation, please provide us with the vehicle's chassis number<br \/>\n(<strong>WINE<\/strong>), together with a photo and a precise description of the problem encountered with the key.<\/p>\n<p>Keys that have suffered water ingress are particularly difficult to assess. Damage can vary depending on a number of factors,<br \/>\nin particular the duration of exposure, the type of water (clear water or not) and the state of charge of the key at the time of immersion.<br \/>\nFor this reason, a <strong>price range<\/strong> is generally communicated.<\/p>\n<p>The final price is invoiced <strong>only if the repair is successful<\/strong>.<br \/>\nIn the event of failure, only a <strong>lump sum of CHF 50.00<\/strong> is required to cover administrative formalities and return shipping costs.<\/p>\n<h2>Important information<\/h2>\n<p>Thank you for <strong>do not send your key without prior contact and agreement<\/strong>.<\/p>\n<p>&nbsp;<\/p>\n<\/section>\n<h3 data-start=\"97\" data-end=\"155\">Some compatible references (non-exhaustive list)<\/h3>\n<ul data-start=\"157\" data-end=\"816\">\n<li data-start=\"157\" data-end=\"186\">\n<p data-start=\"159\" data-end=\"186\"><strong data-start=\"159\" data-end=\"184\">66128706871 \/ 8706871<\/strong><\/p>\n<\/li>\n<li data-start=\"187\" data-end=\"216\">\n<p data-start=\"189\" data-end=\"216\"><strong data-start=\"189\" data-end=\"214\">66128706872 \/ 8706872<\/strong><\/p>\n<\/li>\n<li data-start=\"217\" data-end=\"246\">\n<p data-start=\"219\" data-end=\"246\"><strong data-start=\"219\" data-end=\"244\">66128706875 \/ 8706875<\/strong><\/p>\n<\/li>\n<li data-start=\"247\" data-end=\"276\">\n<p data-start=\"249\" data-end=\"276\"><strong data-start=\"249\" data-end=\"274\">66128706876 \/ 8706876<\/strong><\/p>\n<\/li>\n<li data-start=\"277\" data-end=\"306\">\n<p data-start=\"279\" data-end=\"306\"><strong data-start=\"279\" data-end=\"304\">66128711922 \/ 8711922<\/strong><\/p>\n<\/li>\n<li data-start=\"307\" data-end=\"336\">\n<p data-start=\"309\" data-end=\"336\"><strong data-start=\"309\" data-end=\"334\">66128711923 \/ 8711923<\/strong><\/p>\n<\/li>\n<li data-start=\"337\" data-end=\"366\">\n<p data-start=\"339\" data-end=\"366\"><strong data-start=\"339\" data-end=\"364\">66128711924 \/ 8711924<\/strong><\/p>\n<\/li>\n<li data-start=\"367\" data-end=\"396\">\n<p data-start=\"369\" data-end=\"396\"><strong data-start=\"369\" data-end=\"394\">66128711925 \/ 8711925<\/strong><\/p>\n<\/li>\n<li data-start=\"397\" data-end=\"426\">\n<p data-start=\"399\" data-end=\"426\"><strong data-start=\"399\" data-end=\"424\">66128711926 \/ 8711926<\/strong><\/p>\n<\/li>\n<li data-start=\"427\" data-end=\"456\">\n<p data-start=\"429\" data-end=\"456\"><strong data-start=\"429\" data-end=\"454\">66128711927 \/ 8711927<\/strong><\/p>\n<\/li>\n<li data-start=\"457\" data-end=\"486\">\n<p data-start=\"459\" data-end=\"486\"><strong data-start=\"459\" data-end=\"484\">66128711931 \/ 8711931<\/strong><\/p>\n<\/li>\n<li data-start=\"487\" data-end=\"516\">\n<p data-start=\"489\" data-end=\"516\"><strong data-start=\"489\" data-end=\"514\">66128729772 \/ 8729772<\/strong><\/p>\n<\/li>\n<li data-start=\"517\" data-end=\"546\">\n<p data-start=\"519\" data-end=\"546\"><strong data-start=\"519\" data-end=\"544\">66128729773 \/ 8729773<\/strong><\/p>\n<\/li>\n<li data-start=\"547\" data-end=\"576\">\n<p data-start=\"549\" data-end=\"576\"><strong data-start=\"549\" data-end=\"574\">66128729776 \/ 8729776<\/strong><\/p>\n<\/li>\n<li data-start=\"577\" data-end=\"606\">\n<p data-start=\"579\" data-end=\"606\"><strong data-start=\"579\" data-end=\"604\">66128729777 \/ 8729777<\/strong><\/p>\n<\/li>\n<li data-start=\"607\" data-end=\"636\">\n<p data-start=\"609\" data-end=\"636\"><strong data-start=\"609\" data-end=\"634\">66128787655 \/ 8787655<\/strong><\/p>\n<\/li>\n<li data-start=\"637\" data-end=\"666\">\n<p data-start=\"639\" data-end=\"666\"><strong data-start=\"639\" data-end=\"664\">66128787656 \/ 8787656<\/strong><\/p>\n<\/li>\n<li data-start=\"667\" data-end=\"696\">\n<p data-start=\"669\" data-end=\"696\"><strong data-start=\"669\" data-end=\"694\">66128787659 \/ 8787659<\/strong><\/p>\n<\/li>\n<li data-start=\"697\" data-end=\"726\">\n<p data-start=\"699\" data-end=\"726\"><strong data-start=\"699\" data-end=\"724\">66128787660 \/ 8787660<\/strong><\/p>\n<\/li>\n<li data-start=\"727\" data-end=\"756\">\n<p data-start=\"729\" data-end=\"756\"><strong data-start=\"729\" data-end=\"754\">66128806241 \/ 8806241<\/strong><\/p>\n<\/li>\n<li data-start=\"757\" data-end=\"786\">\n<p data-start=\"759\" data-end=\"786\"><strong data-start=\"759\" data-end=\"784\">66128806242 \/ 8806242<\/strong><\/p>\n<\/li>\n<li data-start=\"787\" data-end=\"816\">\n<p data-start=\"789\" data-end=\"816\"><strong data-start=\"789\" data-end=\"814\">66128806245 \/ 8806245<\/strong><\/p>\n<\/li>\n<\/ul>","protected":false},"excerpt":{"rendered":"<h3><strong>CHF 220.- to CHF 350.-<\/strong>, depending on the type of fault.<\/h3>","protected":false},"featured_media":34489,"template":"","meta":{"_et_pb_use_builder":"","_et_pb_old_content":"","_et_gb_content_width":""},"product_brand":[],"product_cat":[91],"product_tag":[],"class_list":{"0":"post-34488","1":"product","2":"type-product","3":"status-publish","4":"has-post-thumbnail","6":"product_cat-reparation","8":"first","9":"instock","10":"shipping-taxable","11":"product-type-external"},"yoast_head":"<!-- This site is optimized with the Yoast SEO Premium plugin v26.5 (Yoast SEO v27.3) - https:\/\/yoast.com\/product\/yoast-seo-premium-wordpress\/ -->\n<title>R\u00e9paration BMW Display Key | Cl\u00e9 BMW \u00e9cran &amp; d\u00e9g\u00e2t d\u2019eau<\/title>\n<meta name=\"description\" content=\"R\u00e9paration BMW Display Key : \u00e9cran fissur\u00e9, d\u00e9g\u00e2t d\u2019eau, batterie ou cl\u00e9 qui ne s\u2019allume plus. Diagnostic et r\u00e9paration.\" \/>\n<meta name=\"robots\" content=\"index, follow, max-snippet:-1, max-image-preview:large, max-video-preview:-1\" \/>\n<link rel=\"canonical\" href=\"https:\/\/geno-prog.ch\/en\/product\/repair-bmw-display-key\/\" \/>\n<meta property=\"og:locale\" content=\"en_GB\" \/>\n<meta property=\"og:type\" content=\"article\" \/>\n<meta property=\"og:title\" content=\"R\u00e9paration BMW Display Key\" \/>\n<meta property=\"og:description\" content=\"R\u00e9paration BMW Display Key : \u00e9cran fissur\u00e9, d\u00e9g\u00e2t d\u2019eau, batterie ou cl\u00e9 qui ne s\u2019allume plus. Diagnostic et r\u00e9paration.\" \/>\n<meta property=\"og:url\" content=\"https:\/\/geno-prog.ch\/en\/product\/repair-bmw-display-key\/\" \/>\n<meta property=\"og:site_name\" content=\"GenoProg\" \/>\n<meta property=\"article:publisher\" content=\"https:\/\/www.facebook.com\/genoprog\" \/>\n<meta property=\"article:modified_time\" content=\"2026-01-01T13:59:29+00:00\" \/>\n<meta property=\"og:image\" content=\"https:\/\/geno-prog.ch\/wp-content\/uploads\/2026\/01\/Display_key_1_low.jpg\" \/>\n\t<meta property=\"og:image:width\" content=\"1192\" \/>\n\t<meta property=\"og:image:height\" content=\"888\" \/>\n\t<meta property=\"og:image:type\" content=\"image\/jpeg\" \/>\n<meta name=\"twitter:card\" content=\"summary_large_image\" \/>\n<meta name=\"twitter:label1\" content=\"Price\" \/>\n\t<meta name=\"twitter:data1\" content=\"\" \/>\n\t<meta name=\"twitter:label2\" content=\"Availability\" \/>\n\t<meta name=\"twitter:data2\" content=\"In stock\" \/>\n<script type=\"application\/ld+json\" class=\"yoast-schema-graph\">{\"@context\":\"https:\\\/\\\/schema.org\",\"@graph\":[{\"@type\":\"WebPage\",\"@id\":\"https:\\\/\\\/geno-prog.ch\\\/produit\\\/reparation-bmw-display-key\\\/\",\"url\":\"https:\\\/\\\/geno-prog.ch\\\/produit\\\/reparation-bmw-display-key\\\/\",\"name\":\"R\u00e9paration BMW Display Key | Cl\u00e9 BMW \u00e9cran & d\u00e9g\u00e2t d\u2019eau\",\"isPartOf\":{\"@id\":\"https:\\\/\\\/geno-prog.ch\\\/#website\"},\"primaryImageOfPage\":{\"@id\":\"https:\\\/\\\/geno-prog.ch\\\/produit\\\/reparation-bmw-display-key\\\/#primaryimage\"},\"image\":{\"@id\":\"https:\\\/\\\/geno-prog.ch\\\/produit\\\/reparation-bmw-display-key\\\/#primaryimage\"},\"thumbnailUrl\":\"https:\\\/\\\/geno-prog.ch\\\/wp-content\\\/uploads\\\/2026\\\/01\\\/Display_key_1_low.jpg\",\"datePublished\":\"2026-01-01T13:34:33+00:00\",\"dateModified\":\"2026-01-01T13:59:29+00:00\",\"description\":\"R\u00e9paration BMW Display Key : \u00e9cran fissur\u00e9, d\u00e9g\u00e2t d\u2019eau, batterie ou cl\u00e9 qui ne s\u2019allume plus. Diagnostic et r\u00e9paration.\",\"breadcrumb\":{\"@id\":\"https:\\\/\\\/geno-prog.ch\\\/produit\\\/reparation-bmw-display-key\\\/#breadcrumb\"},\"inLanguage\":\"en-GB\",\"potentialAction\":[{\"@type\":\"ReadAction\",\"target\":[\"https:\\\/\\\/geno-prog.ch\\\/produit\\\/reparation-bmw-display-key\\\/\"]}]},{\"@type\":\"ImageObject\",\"inLanguage\":\"en-GB\",\"@id\":\"https:\\\/\\\/geno-prog.ch\\\/produit\\\/reparation-bmw-display-key\\\/#primaryimage\",\"url\":\"https:\\\/\\\/geno-prog.ch\\\/wp-content\\\/uploads\\\/2026\\\/01\\\/Display_key_1_low.jpg\",\"contentUrl\":\"https:\\\/\\\/geno-prog.ch\\\/wp-content\\\/uploads\\\/2026\\\/01\\\/Display_key_1_low.jpg\",\"width\":1192,\"height\":888,\"caption\":\"Screenshot\"},{\"@type\":\"BreadcrumbList\",\"@id\":\"https:\\\/\\\/geno-prog.ch\\\/produit\\\/reparation-bmw-display-key\\\/#breadcrumb\",\"itemListElement\":[{\"@type\":\"ListItem\",\"position\":1,\"name\":\"Accueil\",\"item\":\"https:\\\/\\\/geno-prog.ch\\\/\"},{\"@type\":\"ListItem\",\"position\":2,\"name\":\"T\u00e9l\u00e9chargements\",\"item\":\"https:\\\/\\\/geno-prog.ch\\\/download\\\/\"},{\"@type\":\"ListItem\",\"position\":3,\"name\":\"R\u00e9paration BMW Display Key\"}]},{\"@type\":\"WebSite\",\"@id\":\"https:\\\/\\\/geno-prog.ch\\\/#website\",\"url\":\"https:\\\/\\\/geno-prog.ch\\\/\",\"name\":\"GenoProg\",\"description\":\"Sp\u00e9cialiste en \u00e9lectronique automobile BMW \\\/ MINI\",\"publisher\":{\"@id\":\"https:\\\/\\\/geno-prog.ch\\\/#organization\"},\"potentialAction\":[{\"@type\":\"SearchAction\",\"target\":{\"@type\":\"EntryPoint\",\"urlTemplate\":\"https:\\\/\\\/geno-prog.ch\\\/?s={search_term_string}\"},\"query-input\":{\"@type\":\"PropertyValueSpecification\",\"valueRequired\":true,\"valueName\":\"search_term_string\"}}],\"inLanguage\":\"en-GB\"},{\"@type\":\"Organization\",\"@id\":\"https:\\\/\\\/geno-prog.ch\\\/#organization\",\"name\":\"GenoProg\",\"url\":\"https:\\\/\\\/geno-prog.ch\\\/\",\"logo\":{\"@type\":\"ImageObject\",\"inLanguage\":\"en-GB\",\"@id\":\"https:\\\/\\\/geno-prog.ch\\\/#\\\/schema\\\/logo\\\/image\\\/\",\"url\":\"https:\\\/\\\/geno-prog.ch\\\/wp-content\\\/uploads\\\/2020\\\/03\\\/GenoProg_long.png\",\"contentUrl\":\"https:\\\/\\\/geno-prog.ch\\\/wp-content\\\/uploads\\\/2020\\\/03\\\/GenoProg_long.png\",\"width\":3086,\"height\":803,\"caption\":\"GenoProg\"},\"image\":{\"@id\":\"https:\\\/\\\/geno-prog.ch\\\/#\\\/schema\\\/logo\\\/image\\\/\"},\"sameAs\":[\"https:\\\/\\\/www.facebook.com\\\/genoprog\",\"https:\\\/\\\/www.instagram.com\\\/genoprog\\\/\",\"https:\\\/\\\/www.youtube.com\\\/channel\\\/UC5a5VYzbWdsHNYm2Qtu1F2w\"]}]}<\/script>\n<meta property=\"product:brand\" content=\"external\" \/>\n<meta property=\"product:price:currency\" content=\"CHF\" \/>\n<meta property=\"og:availability\" content=\"instock\" \/>\n<meta property=\"product:availability\" content=\"instock\" \/>\n<meta property=\"product:condition\" content=\"new\" \/>\n<!-- \/ Yoast SEO Premium plugin. -->","yoast_head_json":{"title":"Repair BMW Display Key &amp; water damage","description":"BMW Display Key repair: cracked screen, water damage, battery or key that won't turn on. Diagnosis and repair.","robots":{"index":"index","follow":"follow","max-snippet":"max-snippet:-1","max-image-preview":"max-image-preview:large","max-video-preview":"max-video-preview:-1"},"canonical":"https:\/\/geno-prog.ch\/en\/product\/repair-bmw-display-key\/","og_locale":"en_GB","og_type":"article","og_title":"R\u00e9paration BMW Display Key","og_description":"R\u00e9paration BMW Display Key : \u00e9cran fissur\u00e9, d\u00e9g\u00e2t d\u2019eau, batterie ou cl\u00e9 qui ne s\u2019allume plus. Diagnostic et r\u00e9paration.","og_url":"https:\/\/geno-prog.ch\/en\/product\/repair-bmw-display-key\/","og_site_name":"GenoProg","article_publisher":"https:\/\/www.facebook.com\/genoprog","article_modified_time":"2026-01-01T13:59:29+00:00","og_image":[{"width":1192,"height":888,"url":"https:\/\/geno-prog.ch\/wp-content\/uploads\/2026\/01\/Display_key_1_low.jpg","type":"image\/jpeg"}],"twitter_card":"summary_large_image","twitter_misc":{"Price":"","Availability":"In stock"},"schema":{"@context":"https:\/\/schema.org","@graph":[{"@type":"WebPage","@id":"https:\/\/geno-prog.ch\/produit\/reparation-bmw-display-key\/","url":"https:\/\/geno-prog.ch\/produit\/reparation-bmw-display-key\/","name":"Repair BMW Display Key &amp; water damage","isPartOf":{"@id":"https:\/\/geno-prog.ch\/#website"},"primaryImageOfPage":{"@id":"https:\/\/geno-prog.ch\/produit\/reparation-bmw-display-key\/#primaryimage"},"image":{"@id":"https:\/\/geno-prog.ch\/produit\/reparation-bmw-display-key\/#primaryimage"},"thumbnailUrl":"https:\/\/geno-prog.ch\/wp-content\/uploads\/2026\/01\/Display_key_1_low.jpg","datePublished":"2026-01-01T13:34:33+00:00","dateModified":"2026-01-01T13:59:29+00:00","description":"BMW Display Key repair: cracked screen, water damage, battery or key that won't turn on. Diagnosis and repair.","breadcrumb":{"@id":"https:\/\/geno-prog.ch\/produit\/reparation-bmw-display-key\/#breadcrumb"},"inLanguage":"en-GB","potentialAction":[{"@type":"ReadAction","target":["https:\/\/geno-prog.ch\/produit\/reparation-bmw-display-key\/"]}]},{"@type":"ImageObject","inLanguage":"en-GB","@id":"https:\/\/geno-prog.ch\/produit\/reparation-bmw-display-key\/#primaryimage","url":"https:\/\/geno-prog.ch\/wp-content\/uploads\/2026\/01\/Display_key_1_low.jpg","contentUrl":"https:\/\/geno-prog.ch\/wp-content\/uploads\/2026\/01\/Display_key_1_low.jpg","width":1192,"height":888,"caption":"Screenshot"},{"@type":"BreadcrumbList","@id":"https:\/\/geno-prog.ch\/produit\/reparation-bmw-display-key\/#breadcrumb","itemListElement":[{"@type":"ListItem","position":1,"name":"Accueil","item":"https:\/\/geno-prog.ch\/"},{"@type":"ListItem","position":2,"name":"T\u00e9l\u00e9chargements","item":"https:\/\/geno-prog.ch\/download\/"},{"@type":"ListItem","position":3,"name":"R\u00e9paration BMW Display Key"}]},{"@type":"WebSite","@id":"https:\/\/geno-prog.ch\/#website","url":"https:\/\/geno-prog.ch\/","name":"GenoProg","description":"BMW \/ MINI automotive electronics specialist","publisher":{"@id":"https:\/\/geno-prog.ch\/#organization"},"potentialAction":[{"@type":"SearchAction","target":{"@type":"EntryPoint","urlTemplate":"https:\/\/geno-prog.ch\/?s={search_term_string}"},"query-input":{"@type":"PropertyValueSpecification","valueRequired":true,"valueName":"search_term_string"}}],"inLanguage":"en-GB"},{"@type":"Organization","@id":"https:\/\/geno-prog.ch\/#organization","name":"GenoProg","url":"https:\/\/geno-prog.ch\/","logo":{"@type":"ImageObject","inLanguage":"en-GB","@id":"https:\/\/geno-prog.ch\/#\/schema\/logo\/image\/","url":"https:\/\/geno-prog.ch\/wp-content\/uploads\/2020\/03\/GenoProg_long.png","contentUrl":"https:\/\/geno-prog.ch\/wp-content\/uploads\/2020\/03\/GenoProg_long.png","width":3086,"height":803,"caption":"GenoProg"},"image":{"@id":"https:\/\/geno-prog.ch\/#\/schema\/logo\/image\/"},"sameAs":["https:\/\/www.facebook.com\/genoprog","https:\/\/www.instagram.com\/genoprog\/","https:\/\/www.youtube.com\/channel\/UC5a5VYzbWdsHNYm2Qtu1F2w"]}]},"product_brand":"external","product_price_currency":"CHF","og_availability":"instock","product_availability":"instock","product_condition":"new"},"_links":{"self":[{"href":"https:\/\/geno-prog.ch\/en\/wp-json\/wp\/v2\/product\/34488","targetHints":{"allow":["GET"]}}],"collection":[{"href":"https:\/\/geno-prog.ch\/en\/wp-json\/wp\/v2\/product"}],"about":[{"href":"https:\/\/geno-prog.ch\/en\/wp-json\/wp\/v2\/types\/product"}],"wp:featuredmedia":[{"embeddable":true,"href":"https:\/\/geno-prog.ch\/en\/wp-json\/wp\/v2\/media\/34489"}],"wp:attachment":[{"href":"https:\/\/geno-prog.ch\/en\/wp-json\/wp\/v2\/media?parent=34488"}],"wp:term":[{"taxonomy":"product_brand","embeddable":true,"href":"https:\/\/geno-prog.ch\/en\/wp-json\/wp\/v2\/product_brand?post=34488"},{"taxonomy":"product_cat","embeddable":true,"href":"https:\/\/geno-prog.ch\/en\/wp-json\/wp\/v2\/product_cat?post=34488"},{"taxonomy":"product_tag","embeddable":true,"href":"https:\/\/geno-prog.ch\/en\/wp-json\/wp\/v2\/product_tag?post=34488"}],"curies":[{"name":"wp","href":"https:\/\/api.w.org\/{rel}","templated":true}]}}