{"id":34346,"date":"2025-10-15T14:55:31","date_gmt":"2025-10-15T12:55:31","guid":{"rendered":"https:\/\/geno-prog.ch\/?post_type=product&#038;p=34346"},"modified":"2025-10-15T19:04:54","modified_gmt":"2025-10-15T17:04:54","slug":"reset-gearbox-bmw-zf-8hp-distance","status":"publish","type":"product","link":"https:\/\/geno-prog.ch\/en\/product\/reset-gearbox-bmw-zf-8hp-distance\/","title":{"rendered":"ZF 8HP BMW remote reset | ISN EGS coding | REMOTE"},"content":{"rendered":"<section>\n<h1>BMW used gearbox adaptation - Remote ZF 8HP reset and coding<\/h1>\n<p>Our service focuses exclusively on<strong data-start=\"888\" data-end=\"915\">electronic adaptation<\/strong> of a used BMW gearbox. No mechanical operations are carried out: all we do is program the gearbox and match it correctly to the vehicle.<\/p>\n<p>Our service <strong>ISN EGS 8HP - remote reset<\/strong> allows coding via OBD to ensure compatibility of the new gearbox with your BMW's ECU.<\/p>\n<p><!-- Images avec ALT optimis\u00e9s (exemples ; remplace les src) --><\/p>\n<h2>Used BMW gearbox adaptation<\/h2>\n<p>Service designed for <strong>BMW F Series equipped with ZF 8HPxx automatic gearboxes<\/strong>. Remote coding ensures correct pairing between the box and the vehicle's VIN.<\/p>\n<h2>Benefits of the service<\/h2>\n<ul>\n<li>No need to recover data from the old box<\/li>\n<li>100 % remote control via OBD (ENET or ICOM)<\/li>\n<li>ZF 8HPxx compatible for BMW F series<\/li>\n<\/ul>\n<h2>Procedure<\/h2>\n<ol>\n<li>Get in touch via WhatsApp for fast communication (French, German, English).<\/li>\n<li>Connect the vehicle to the PC using an ENET or ICOM cable.<\/li>\n<li>Remote ISN \/ EGS 8HP encoding and resetting.<\/li>\n<li>Validation of the operation of the new gearbox on the vehicle.<\/li>\n<\/ol>\n<h2>Equipment required<\/h2>\n<ul>\n<li>Windows 10 or 11 computer with RJ45 port (standard Ethernet)<\/li>\n<li>ENET cable (OBD \u2192 RJ45) - (OBD \u2192 RJ45) - (OBD \u2192 RJ45) <strong>available from us for CHF 20.00<\/strong>delivery in Switzerland<\/li>\n<li>12 V charger recommended to stabilise voltage during operation<\/li>\n<\/ul>\n<h2>Common fault codes<\/h2>\n<ul>\n<li><code>421324<\/code> - Failed comparison between CPS and VIN<\/li>\n<li><code>421326<\/code> - VIN mismatch during adaptation<\/li>\n<\/ul>\n<h2>What's included<\/h2>\n<ul>\n<li>ISN \/ EGS 8HP reset<\/li>\n<li>Full box coding on your BMW VIN<\/li>\n<li>Live technical support<\/li>\n<li>Multilingual support (French, German, English)<\/li>\n<\/ul>\n<h2>Contact<\/h2>\n<p>To plan a <strong>used BMW gearbox adaptation<\/strong> For more information, please contact us via WhatsApp. Service available in Switzerland, Europe and abroad. Wherever you are, the intervention is carried out entirely remotely.<\/p>\n<p>&nbsp;<\/p>\n<\/section>\n<p class=\"p1\">GenoProg S\u00e0rl <span class=\"Apple-converted-space\">\u00a0<\/span><\/p>\n<p class=\"p1\">Route de Grandcour 64 <span class=\"Apple-converted-space\">\u00a0<\/span><\/p>\n<p class=\"p1\">1530 Payerne <span class=\"Apple-converted-space\">\u00a0<\/span><\/p>\n<p>Switzerland<\/p>","protected":false},"excerpt":{"rendered":"<h3>ISN\/EGS reset service for BMW ZF 8HP (F series), 100 % gearboxes remotely via OBD.<\/h3>","protected":false},"featured_media":34347,"template":"","meta":{"_et_pb_use_builder":"","_et_pb_old_content":"","_et_gb_content_width":""},"product_brand":[],"product_cat":[90],"product_tag":[],"class_list":{"0":"post-34346","1":"product","2":"type-product","3":"status-publish","4":"has-post-thumbnail","6":"product_cat-codage","8":"first","9":"instock","10":"shipping-taxable","11":"product-type-external"},"yoast_head":"<!-- This site is optimized with the Yoast SEO Premium plugin v26.5 (Yoast SEO v27.3) - https:\/\/yoast.com\/product\/yoast-seo-premium-wordpress\/ -->\n<title>Adaptation bo\u00eete d\u2019occasion BMW | ZF 8HP | REMOTE OBD<\/title>\n<meta name=\"description\" content=\"R\u00e9initialisation et codage \u00e0 distance de votre bo\u00eete BMW ZF 8HP (s\u00e9ries F). ISN RESET Intervention OBD sans d\u00e9montage. C\u00e2ble ENET disponible.\" \/>\n<meta name=\"robots\" content=\"index, follow, max-snippet:-1, max-image-preview:large, max-video-preview:-1\" \/>\n<link rel=\"canonical\" href=\"https:\/\/geno-prog.ch\/en\/product\/reset-gearbox-bmw-zf-8hp-distance\/\" \/>\n<meta property=\"og:locale\" content=\"en_GB\" \/>\n<meta property=\"og:type\" content=\"article\" \/>\n<meta property=\"og:title\" content=\"R\u00e9initialisation ZF 8HP BMW \u00e0 distance | Codage ISN EGS | REMOTE\" \/>\n<meta property=\"og:description\" content=\"R\u00e9initialisation et codage \u00e0 distance de votre bo\u00eete BMW ZF 8HP (s\u00e9ries F). ISN RESET Intervention OBD sans d\u00e9montage. C\u00e2ble ENET disponible.\" \/>\n<meta property=\"og:url\" content=\"https:\/\/geno-prog.ch\/en\/product\/reset-gearbox-bmw-zf-8hp-distance\/\" \/>\n<meta property=\"og:site_name\" content=\"GenoProg\" \/>\n<meta property=\"article:publisher\" content=\"https:\/\/www.facebook.com\/genoprog\" \/>\n<meta property=\"article:modified_time\" content=\"2025-10-15T17:04:54+00:00\" \/>\n<meta property=\"og:image\" content=\"https:\/\/geno-prog.ch\/wp-content\/uploads\/2025\/10\/reinitialisation-boite-bmw-zf-8hp.jpg\" \/>\n\t<meta property=\"og:image:width\" content=\"1182\" \/>\n\t<meta property=\"og:image:height\" content=\"824\" \/>\n\t<meta property=\"og:image:type\" content=\"image\/jpeg\" \/>\n<meta name=\"twitter:card\" content=\"summary_large_image\" \/>\n<meta name=\"twitter:label1\" content=\"Price\" \/>\n\t<meta name=\"twitter:data1\" content=\"&#067;&#072;&#070;&nbsp;250.00\" \/>\n\t<meta name=\"twitter:label2\" content=\"Availability\" \/>\n\t<meta name=\"twitter:data2\" content=\"In stock\" \/>\n<script type=\"application\/ld+json\" class=\"yoast-schema-graph\">{\"@context\":\"https:\\\/\\\/schema.org\",\"@graph\":[{\"@type\":\"WebPage\",\"@id\":\"https:\\\/\\\/geno-prog.ch\\\/produit\\\/reinitialisation-boite-bmw-zf-8hp-distance\\\/\",\"url\":\"https:\\\/\\\/geno-prog.ch\\\/produit\\\/reinitialisation-boite-bmw-zf-8hp-distance\\\/\",\"name\":\"Adaptation bo\u00eete d\u2019occasion BMW | ZF 8HP | REMOTE OBD\",\"isPartOf\":{\"@id\":\"https:\\\/\\\/geno-prog.ch\\\/#website\"},\"primaryImageOfPage\":{\"@id\":\"https:\\\/\\\/geno-prog.ch\\\/produit\\\/reinitialisation-boite-bmw-zf-8hp-distance\\\/#primaryimage\"},\"image\":{\"@id\":\"https:\\\/\\\/geno-prog.ch\\\/produit\\\/reinitialisation-boite-bmw-zf-8hp-distance\\\/#primaryimage\"},\"thumbnailUrl\":\"https:\\\/\\\/geno-prog.ch\\\/wp-content\\\/uploads\\\/2025\\\/10\\\/reinitialisation-boite-bmw-zf-8hp.jpg\",\"datePublished\":\"2025-10-15T12:55:31+00:00\",\"dateModified\":\"2025-10-15T17:04:54+00:00\",\"description\":\"R\u00e9initialisation et codage \u00e0 distance de votre bo\u00eete BMW ZF 8HP (s\u00e9ries F). ISN RESET Intervention OBD sans d\u00e9montage. C\u00e2ble ENET disponible.\",\"breadcrumb\":{\"@id\":\"https:\\\/\\\/geno-prog.ch\\\/produit\\\/reinitialisation-boite-bmw-zf-8hp-distance\\\/#breadcrumb\"},\"inLanguage\":\"en-GB\",\"potentialAction\":[{\"@type\":\"ReadAction\",\"target\":[\"https:\\\/\\\/geno-prog.ch\\\/produit\\\/reinitialisation-boite-bmw-zf-8hp-distance\\\/\"]}]},{\"@type\":\"ImageObject\",\"inLanguage\":\"en-GB\",\"@id\":\"https:\\\/\\\/geno-prog.ch\\\/produit\\\/reinitialisation-boite-bmw-zf-8hp-distance\\\/#primaryimage\",\"url\":\"https:\\\/\\\/geno-prog.ch\\\/wp-content\\\/uploads\\\/2025\\\/10\\\/reinitialisation-boite-bmw-zf-8hp.jpg\",\"contentUrl\":\"https:\\\/\\\/geno-prog.ch\\\/wp-content\\\/uploads\\\/2025\\\/10\\\/reinitialisation-boite-bmw-zf-8hp.jpg\",\"width\":1182,\"height\":824,\"caption\":\"R\u00e9initialisation et codage ISN\\\/EGS ZF 8HP\"},{\"@type\":\"BreadcrumbList\",\"@id\":\"https:\\\/\\\/geno-prog.ch\\\/produit\\\/reinitialisation-boite-bmw-zf-8hp-distance\\\/#breadcrumb\",\"itemListElement\":[{\"@type\":\"ListItem\",\"position\":1,\"name\":\"Accueil\",\"item\":\"https:\\\/\\\/geno-prog.ch\\\/\"},{\"@type\":\"ListItem\",\"position\":2,\"name\":\"T\u00e9l\u00e9chargements\",\"item\":\"https:\\\/\\\/geno-prog.ch\\\/download\\\/\"},{\"@type\":\"ListItem\",\"position\":3,\"name\":\"R\u00e9initialisation ZF 8HP BMW \u00e0 distance | Codage ISN EGS | REMOTE\"}]},{\"@type\":\"WebSite\",\"@id\":\"https:\\\/\\\/geno-prog.ch\\\/#website\",\"url\":\"https:\\\/\\\/geno-prog.ch\\\/\",\"name\":\"GenoProg\",\"description\":\"Sp\u00e9cialiste en \u00e9lectronique automobile BMW \\\/ MINI\",\"publisher\":{\"@id\":\"https:\\\/\\\/geno-prog.ch\\\/#organization\"},\"potentialAction\":[{\"@type\":\"SearchAction\",\"target\":{\"@type\":\"EntryPoint\",\"urlTemplate\":\"https:\\\/\\\/geno-prog.ch\\\/?s={search_term_string}\"},\"query-input\":{\"@type\":\"PropertyValueSpecification\",\"valueRequired\":true,\"valueName\":\"search_term_string\"}}],\"inLanguage\":\"en-GB\"},{\"@type\":\"Organization\",\"@id\":\"https:\\\/\\\/geno-prog.ch\\\/#organization\",\"name\":\"GenoProg\",\"url\":\"https:\\\/\\\/geno-prog.ch\\\/\",\"logo\":{\"@type\":\"ImageObject\",\"inLanguage\":\"en-GB\",\"@id\":\"https:\\\/\\\/geno-prog.ch\\\/#\\\/schema\\\/logo\\\/image\\\/\",\"url\":\"https:\\\/\\\/geno-prog.ch\\\/wp-content\\\/uploads\\\/2020\\\/03\\\/GenoProg_long.png\",\"contentUrl\":\"https:\\\/\\\/geno-prog.ch\\\/wp-content\\\/uploads\\\/2020\\\/03\\\/GenoProg_long.png\",\"width\":3086,\"height\":803,\"caption\":\"GenoProg\"},\"image\":{\"@id\":\"https:\\\/\\\/geno-prog.ch\\\/#\\\/schema\\\/logo\\\/image\\\/\"},\"sameAs\":[\"https:\\\/\\\/www.facebook.com\\\/genoprog\",\"https:\\\/\\\/www.instagram.com\\\/genoprog\\\/\",\"https:\\\/\\\/www.youtube.com\\\/channel\\\/UC5a5VYzbWdsHNYm2Qtu1F2w\"]}]}<\/script>\n<meta property=\"product:brand\" content=\"external\" \/>\n<meta property=\"product:price:amount\" content=\"250.00\" \/>\n<meta property=\"product:price:currency\" content=\"CHF\" \/>\n<meta property=\"og:availability\" content=\"instock\" \/>\n<meta property=\"product:availability\" content=\"instock\" \/>\n<meta property=\"product:condition\" content=\"new\" \/>\n<!-- \/ Yoast SEO Premium plugin. -->","yoast_head_json":{"title":"Used BMW gearbox adaptation | ZF 8HP | REMOTE OBD","description":"Reset and remote coding of your BMW ZF 8HP gearbox (F series). ISN RESET OBD intervention without disassembly. ENET cable available.","robots":{"index":"index","follow":"follow","max-snippet":"max-snippet:-1","max-image-preview":"max-image-preview:large","max-video-preview":"max-video-preview:-1"},"canonical":"https:\/\/geno-prog.ch\/en\/product\/reset-gearbox-bmw-zf-8hp-distance\/","og_locale":"en_GB","og_type":"article","og_title":"R\u00e9initialisation ZF 8HP BMW \u00e0 distance | Codage ISN EGS | REMOTE","og_description":"R\u00e9initialisation et codage \u00e0 distance de votre bo\u00eete BMW ZF 8HP (s\u00e9ries F). ISN RESET Intervention OBD sans d\u00e9montage. C\u00e2ble ENET disponible.","og_url":"https:\/\/geno-prog.ch\/en\/product\/reset-gearbox-bmw-zf-8hp-distance\/","og_site_name":"GenoProg","article_publisher":"https:\/\/www.facebook.com\/genoprog","article_modified_time":"2025-10-15T17:04:54+00:00","og_image":[{"width":1182,"height":824,"url":"https:\/\/geno-prog.ch\/wp-content\/uploads\/2025\/10\/reinitialisation-boite-bmw-zf-8hp.jpg","type":"image\/jpeg"}],"twitter_card":"summary_large_image","twitter_misc":{"Price":"&#67;&#72;&#70;&nbsp;250.00","Availability":"In stock"},"schema":{"@context":"https:\/\/schema.org","@graph":[{"@type":"WebPage","@id":"https:\/\/geno-prog.ch\/produit\/reinitialisation-boite-bmw-zf-8hp-distance\/","url":"https:\/\/geno-prog.ch\/produit\/reinitialisation-boite-bmw-zf-8hp-distance\/","name":"Used BMW gearbox adaptation | ZF 8HP | REMOTE OBD","isPartOf":{"@id":"https:\/\/geno-prog.ch\/#website"},"primaryImageOfPage":{"@id":"https:\/\/geno-prog.ch\/produit\/reinitialisation-boite-bmw-zf-8hp-distance\/#primaryimage"},"image":{"@id":"https:\/\/geno-prog.ch\/produit\/reinitialisation-boite-bmw-zf-8hp-distance\/#primaryimage"},"thumbnailUrl":"https:\/\/geno-prog.ch\/wp-content\/uploads\/2025\/10\/reinitialisation-boite-bmw-zf-8hp.jpg","datePublished":"2025-10-15T12:55:31+00:00","dateModified":"2025-10-15T17:04:54+00:00","description":"Reset and remote coding of your BMW ZF 8HP gearbox (F series). ISN RESET OBD intervention without disassembly. ENET cable available.","breadcrumb":{"@id":"https:\/\/geno-prog.ch\/produit\/reinitialisation-boite-bmw-zf-8hp-distance\/#breadcrumb"},"inLanguage":"en-GB","potentialAction":[{"@type":"ReadAction","target":["https:\/\/geno-prog.ch\/produit\/reinitialisation-boite-bmw-zf-8hp-distance\/"]}]},{"@type":"ImageObject","inLanguage":"en-GB","@id":"https:\/\/geno-prog.ch\/produit\/reinitialisation-boite-bmw-zf-8hp-distance\/#primaryimage","url":"https:\/\/geno-prog.ch\/wp-content\/uploads\/2025\/10\/reinitialisation-boite-bmw-zf-8hp.jpg","contentUrl":"https:\/\/geno-prog.ch\/wp-content\/uploads\/2025\/10\/reinitialisation-boite-bmw-zf-8hp.jpg","width":1182,"height":824,"caption":"R\u00e9initialisation et codage ISN\/EGS ZF 8HP"},{"@type":"BreadcrumbList","@id":"https:\/\/geno-prog.ch\/produit\/reinitialisation-boite-bmw-zf-8hp-distance\/#breadcrumb","itemListElement":[{"@type":"ListItem","position":1,"name":"Accueil","item":"https:\/\/geno-prog.ch\/"},{"@type":"ListItem","position":2,"name":"T\u00e9l\u00e9chargements","item":"https:\/\/geno-prog.ch\/download\/"},{"@type":"ListItem","position":3,"name":"R\u00e9initialisation ZF 8HP BMW \u00e0 distance | Codage ISN EGS | REMOTE"}]},{"@type":"WebSite","@id":"https:\/\/geno-prog.ch\/#website","url":"https:\/\/geno-prog.ch\/","name":"GenoProg","description":"BMW \/ MINI automotive electronics specialist","publisher":{"@id":"https:\/\/geno-prog.ch\/#organization"},"potentialAction":[{"@type":"SearchAction","target":{"@type":"EntryPoint","urlTemplate":"https:\/\/geno-prog.ch\/?s={search_term_string}"},"query-input":{"@type":"PropertyValueSpecification","valueRequired":true,"valueName":"search_term_string"}}],"inLanguage":"en-GB"},{"@type":"Organization","@id":"https:\/\/geno-prog.ch\/#organization","name":"GenoProg","url":"https:\/\/geno-prog.ch\/","logo":{"@type":"ImageObject","inLanguage":"en-GB","@id":"https:\/\/geno-prog.ch\/#\/schema\/logo\/image\/","url":"https:\/\/geno-prog.ch\/wp-content\/uploads\/2020\/03\/GenoProg_long.png","contentUrl":"https:\/\/geno-prog.ch\/wp-content\/uploads\/2020\/03\/GenoProg_long.png","width":3086,"height":803,"caption":"GenoProg"},"image":{"@id":"https:\/\/geno-prog.ch\/#\/schema\/logo\/image\/"},"sameAs":["https:\/\/www.facebook.com\/genoprog","https:\/\/www.instagram.com\/genoprog\/","https:\/\/www.youtube.com\/channel\/UC5a5VYzbWdsHNYm2Qtu1F2w"]}]},"product_brand":"external","product_price_amount":"250.00","product_price_currency":"CHF","og_availability":"instock","product_availability":"instock","product_condition":"new"},"_links":{"self":[{"href":"https:\/\/geno-prog.ch\/en\/wp-json\/wp\/v2\/product\/34346","targetHints":{"allow":["GET"]}}],"collection":[{"href":"https:\/\/geno-prog.ch\/en\/wp-json\/wp\/v2\/product"}],"about":[{"href":"https:\/\/geno-prog.ch\/en\/wp-json\/wp\/v2\/types\/product"}],"wp:featuredmedia":[{"embeddable":true,"href":"https:\/\/geno-prog.ch\/en\/wp-json\/wp\/v2\/media\/34347"}],"wp:attachment":[{"href":"https:\/\/geno-prog.ch\/en\/wp-json\/wp\/v2\/media?parent=34346"}],"wp:term":[{"taxonomy":"product_brand","embeddable":true,"href":"https:\/\/geno-prog.ch\/en\/wp-json\/wp\/v2\/product_brand?post=34346"},{"taxonomy":"product_cat","embeddable":true,"href":"https:\/\/geno-prog.ch\/en\/wp-json\/wp\/v2\/product_cat?post=34346"},{"taxonomy":"product_tag","embeddable":true,"href":"https:\/\/geno-prog.ch\/en\/wp-json\/wp\/v2\/product_tag?post=34346"}],"curies":[{"name":"wp","href":"https:\/\/api.w.org\/{rel}","templated":true}]}}