{"id":34312,"date":"2025-09-12T19:03:55","date_gmt":"2025-09-12T17:03:55","guid":{"rendered":"https:\/\/geno-prog.ch\/?post_type=product&#038;p=34312"},"modified":"2026-03-02T13:02:01","modified_gmt":"2026-03-02T12:02:01","slug":"repair-touchscreen-mitsubishi-outlander","status":"publish","type":"product","link":"https:\/\/geno-prog.ch\/en\/product\/repair-touchscreen-mitsubishi-outlander\/","title":{"rendered":"Touchscreen repair Mitsubishi Outlander 8\u2033 car radio"},"content":{"rendered":"<h1>Touchscreen repair Mitsubishi Outlander (8 inch)<\/h1>\n<p>Your <strong>Mitsubishi Outlander multimedia system<\/strong> with <strong>8\u2033 touch screen<\/strong> no longer working properly?<br \/>\nWe offer you a fast, cost-effective and guaranteed solution: <strong>repairing your touch screen<\/strong>.<\/p>\n<p>&nbsp;<\/p>\n<hr \/>\n<h2><\/h2>\n<h2>Common Mitsubishi Outlander touchscreen problems<\/h2>\n<ul>\n<li>The touchscreen is partially or totally out of order<\/li>\n<li>The screen does not respond to touch in certain areas<\/li>\n<li>The entire touch surface no longer works<\/li>\n<\/ul>\n<p>These breakdowns are common on <strong>units <\/strong>of the 2019 Outlander -.<\/p>\n<p>&nbsp;<\/p>\n<hr \/>\n<h2><\/h2>\n<h2>Mitsubishi Outlander touch screen repair prices<\/h2>\n<ul>\n<li><strong>Touchscreen replacement: CHF 440.00<\/strong><\/li>\n<\/ul>\n<p>\ud83d\udca1 At the manufacturer's, complete replacement of the unit can cost several thousand francs.<br \/>\nWith our service, we only change the faulty part, so you save money without sacrificing quality.<\/p>\n<p>&nbsp;<\/p>\n<hr \/>\n<h2><\/h2>\n<h2>How is the repair carried out?<\/h2>\n<p>You have two options:<\/p>\n<ul>\n<li><strong>On-site repairs<\/strong> intervention in approximately <strong>1h30<\/strong> at our offices in Payerne (VD) or Nyon (VD).<\/li>\n<li><strong>Repair by parcel post<\/strong> Dismantle the unit and send it in for repair.<\/li>\n<\/ul>\n<p><strong>\ud83d\udc49 Important: contact us before any repair!<\/strong><\/p>\n<p>&nbsp;<\/p>\n<hr \/>\n<h2><\/h2>\n<h2>Mitsubishi Outlander touchscreen repair warranty<\/h2>\n<p>All our repairs are guaranteed <strong>12 months<\/strong>.<\/p>\n<p>&nbsp;<\/p>\n<hr \/>\n<h2><\/h2>\n<h2>Compatible references (non-exhaustive list)<\/h2>\n<ul>\n<li>8740A098<\/li>\n<li>8740A103<\/li>\n<li>8740A100<\/li>\n<li>NR-201<\/li>\n<\/ul>\n<p>&nbsp;<\/p>\n<hr \/>\n<h2><\/h2>\n<h2>FAQ - Mitsubishi Outlander touchscreen repair<\/h2>\n<h3>How long does it take to repair the touchscreen?<\/h3>\n<p>Repairs take an average of <strong>1h30<\/strong> if you choose an on-site intervention.<br \/>\nIf sent by post, the delay depends on the transport, but we will repair the screen within <strong>24 to 48 hours<\/strong> after receiving the unit.<\/p>\n<h3>Can I continue to use my Mitsubishi Outlander with a faulty touchscreen?<\/h3>\n<p>Yes, but some multimedia\/parking and navigation functions will be limited.<\/p>\n<h3>Is the repair guaranteed?<\/h3>\n<p>Yes, all of our Mitsubishi Outlander touchscreen repairs come with a warranty of <strong>12 months<\/strong>.<\/p>\n<h3>Why are repairs cheaper than those carried out by the manufacturer?<\/h3>\n<p>The manufacturer replaces the entire multimedia unit, which often costs several thousand francs.<br \/>\nWe only replace the faulty part (the touch screen), without reprogramming the unit, which greatly reduces the cost.<\/p>\n<h3>Which multimedia unit references are compatible with your repair?<\/h3>\n<p>We repair several models in the series, including :<\/p>\n<ul>\n<li>8740A098<\/li>\n<li>8740A103<\/li>\n<li>8740A100<\/li>\n<li>NR-201<\/li>\n<li>And other similar references<\/li>\n<\/ul>\n<h3>How can I contact you about repairs?<\/h3>\n<p>You can reach us directly by telephone or via our contact form.<\/p>","protected":false},"excerpt":{"rendered":"<h3>Mitsubishi Outlander 8\u2033 touchscreen repair<\/h3>","protected":false},"featured_media":34313,"template":"","meta":{"_et_pb_use_builder":"","_et_pb_old_content":"","_et_gb_content_width":""},"product_brand":[],"product_cat":[91],"product_tag":[],"class_list":{"0":"post-34312","1":"product","2":"type-product","3":"status-publish","4":"has-post-thumbnail","6":"product_cat-reparation","8":"first","9":"instock","10":"shipping-taxable","11":"product-type-external"},"yoast_head":"<!-- This site is optimized with the Yoast SEO Premium plugin v27.5 (Yoast SEO v27.5) - https:\/\/yoast.com\/product\/yoast-seo-premium-wordpress\/ -->\n<title>R\u00e9paration \u00e9cran tactile Mitsubishi Outlander 8&quot; | GenoProg Suisse<\/title>\n<meta name=\"description\" content=\"Votre \u00e9cran tactile Mitsubishi Outlander 8&quot; ne fonctionne plus ? R\u00e9paration rapide et garantie 12 mois chez GenoProg \u00e0 Payerne (VD). Prix d\u00e8s CHF 440.-\" \/>\n<meta name=\"robots\" content=\"index, follow, max-snippet:-1, max-image-preview:large, max-video-preview:-1\" \/>\n<link rel=\"canonical\" href=\"https:\/\/geno-prog.ch\/en\/product\/repair-touchscreen-mitsubishi-outlander\/\" \/>\n<meta property=\"og:locale\" content=\"en_GB\" \/>\n<meta property=\"og:type\" content=\"article\" \/>\n<meta property=\"og:title\" content=\"R\u00e9paration \u00e9cran tactile Autoradio Mitsubishi Outlander 8&quot;\" \/>\n<meta property=\"og:description\" content=\"Votre \u00e9cran tactile Mitsubishi Outlander 8&quot; ne fonctionne plus ? R\u00e9paration rapide et garantie 12 mois chez GenoProg \u00e0 Payerne (VD). Prix d\u00e8s CHF 440.-\" \/>\n<meta property=\"og:url\" content=\"https:\/\/geno-prog.ch\/en\/product\/repair-touchscreen-mitsubishi-outlander\/\" \/>\n<meta property=\"og:site_name\" content=\"GenoProg\" \/>\n<meta property=\"article:publisher\" content=\"https:\/\/www.facebook.com\/genoprog\" \/>\n<meta property=\"article:modified_time\" content=\"2026-03-02T12:02:01+00:00\" \/>\n<meta property=\"og:image\" content=\"https:\/\/geno-prog.ch\/wp-content\/uploads\/2025\/09\/M1-scaled.jpg\" \/>\n\t<meta property=\"og:image:width\" content=\"2560\" \/>\n\t<meta property=\"og:image:height\" content=\"1706\" \/>\n\t<meta property=\"og:image:type\" content=\"image\/jpeg\" \/>\n<meta name=\"twitter:card\" content=\"summary_large_image\" \/>\n<meta name=\"twitter:label1\" content=\"Price\" \/>\n\t<meta name=\"twitter:data1\" content=\"&#067;&#072;&#070;&nbsp;440.00\" \/>\n\t<meta name=\"twitter:label2\" content=\"Availability\" \/>\n\t<meta name=\"twitter:data2\" content=\"In stock\" \/>\n<script type=\"application\/ld+json\" class=\"yoast-schema-graph\">{\"@context\":\"https:\\\/\\\/schema.org\",\"@graph\":[{\"@type\":\"WebPage\",\"@id\":\"https:\\\/\\\/geno-prog.ch\\\/produit\\\/reparation-ecran-tactile-mitsubishi-outlander\\\/\",\"url\":\"https:\\\/\\\/geno-prog.ch\\\/produit\\\/reparation-ecran-tactile-mitsubishi-outlander\\\/\",\"name\":\"R\u00e9paration \u00e9cran tactile Mitsubishi Outlander 8\\\" | GenoProg Suisse\",\"isPartOf\":{\"@id\":\"https:\\\/\\\/geno-prog.ch\\\/#website\"},\"primaryImageOfPage\":{\"@id\":\"https:\\\/\\\/geno-prog.ch\\\/produit\\\/reparation-ecran-tactile-mitsubishi-outlander\\\/#primaryimage\"},\"image\":{\"@id\":\"https:\\\/\\\/geno-prog.ch\\\/produit\\\/reparation-ecran-tactile-mitsubishi-outlander\\\/#primaryimage\"},\"thumbnailUrl\":\"https:\\\/\\\/geno-prog.ch\\\/wp-content\\\/uploads\\\/2025\\\/09\\\/M1-scaled.jpg\",\"datePublished\":\"2025-09-12T17:03:55+00:00\",\"dateModified\":\"2026-03-02T12:02:01+00:00\",\"description\":\"Votre \u00e9cran tactile Mitsubishi Outlander 8\\\" ne fonctionne plus ? R\u00e9paration rapide et garantie 12 mois chez GenoProg \u00e0 Payerne (VD). Prix d\u00e8s CHF 440.-\",\"breadcrumb\":{\"@id\":\"https:\\\/\\\/geno-prog.ch\\\/produit\\\/reparation-ecran-tactile-mitsubishi-outlander\\\/#breadcrumb\"},\"inLanguage\":\"en-GB\",\"potentialAction\":[{\"@type\":\"ReadAction\",\"target\":[\"https:\\\/\\\/geno-prog.ch\\\/produit\\\/reparation-ecran-tactile-mitsubishi-outlander\\\/\"]}]},{\"@type\":\"ImageObject\",\"inLanguage\":\"en-GB\",\"@id\":\"https:\\\/\\\/geno-prog.ch\\\/produit\\\/reparation-ecran-tactile-mitsubishi-outlander\\\/#primaryimage\",\"url\":\"https:\\\/\\\/geno-prog.ch\\\/wp-content\\\/uploads\\\/2025\\\/09\\\/M1-scaled.jpg\",\"contentUrl\":\"https:\\\/\\\/geno-prog.ch\\\/wp-content\\\/uploads\\\/2025\\\/09\\\/M1-scaled.jpg\",\"width\":2560,\"height\":1706,\"caption\":\"LCD\"},{\"@type\":\"BreadcrumbList\",\"@id\":\"https:\\\/\\\/geno-prog.ch\\\/produit\\\/reparation-ecran-tactile-mitsubishi-outlander\\\/#breadcrumb\",\"itemListElement\":[{\"@type\":\"ListItem\",\"position\":1,\"name\":\"Accueil\",\"item\":\"https:\\\/\\\/geno-prog.ch\\\/\"},{\"@type\":\"ListItem\",\"position\":2,\"name\":\"T\u00e9l\u00e9chargements\",\"item\":\"https:\\\/\\\/geno-prog.ch\\\/download\\\/\"},{\"@type\":\"ListItem\",\"position\":3,\"name\":\"R\u00e9paration \u00e9cran tactile Autoradio Mitsubishi Outlander 8&Prime;\"}]},{\"@type\":\"WebSite\",\"@id\":\"https:\\\/\\\/geno-prog.ch\\\/#website\",\"url\":\"https:\\\/\\\/geno-prog.ch\\\/\",\"name\":\"GenoProg\",\"description\":\"Sp\u00e9cialiste en \u00e9lectronique automobile BMW \\\/ MINI\",\"publisher\":{\"@id\":\"https:\\\/\\\/geno-prog.ch\\\/#organization\"},\"potentialAction\":[{\"@type\":\"SearchAction\",\"target\":{\"@type\":\"EntryPoint\",\"urlTemplate\":\"https:\\\/\\\/geno-prog.ch\\\/?s={search_term_string}\"},\"query-input\":{\"@type\":\"PropertyValueSpecification\",\"valueRequired\":true,\"valueName\":\"search_term_string\"}}],\"inLanguage\":\"en-GB\"},{\"@type\":\"Organization\",\"@id\":\"https:\\\/\\\/geno-prog.ch\\\/#organization\",\"name\":\"GenoProg\",\"url\":\"https:\\\/\\\/geno-prog.ch\\\/\",\"logo\":{\"@type\":\"ImageObject\",\"inLanguage\":\"en-GB\",\"@id\":\"https:\\\/\\\/geno-prog.ch\\\/#\\\/schema\\\/logo\\\/image\\\/\",\"url\":\"https:\\\/\\\/geno-prog.ch\\\/wp-content\\\/uploads\\\/2020\\\/03\\\/GenoProg_long.png\",\"contentUrl\":\"https:\\\/\\\/geno-prog.ch\\\/wp-content\\\/uploads\\\/2020\\\/03\\\/GenoProg_long.png\",\"width\":3086,\"height\":803,\"caption\":\"GenoProg\"},\"image\":{\"@id\":\"https:\\\/\\\/geno-prog.ch\\\/#\\\/schema\\\/logo\\\/image\\\/\"},\"sameAs\":[\"https:\\\/\\\/www.facebook.com\\\/genoprog\",\"https:\\\/\\\/www.instagram.com\\\/genoprog\\\/\",\"https:\\\/\\\/www.youtube.com\\\/channel\\\/UC5a5VYzbWdsHNYm2Qtu1F2w\"]}]}<\/script>\n<meta property=\"product:brand\" content=\"external\" \/>\n<meta property=\"product:price:amount\" content=\"440.00\" \/>\n<meta property=\"product:price:currency\" content=\"CHF\" \/>\n<meta property=\"og:availability\" content=\"instock\" \/>\n<meta property=\"product:availability\" content=\"instock\" \/>\n<meta property=\"product:condition\" content=\"new\" \/>\n<!-- \/ Yoast SEO Premium plugin. -->","yoast_head_json":{"title":"Touchscreen repair Mitsubishi Outlander 8\" | GenoProg Switzerland","description":"Has your Mitsubishi Outlander 8\" touchscreen stopped working? Fast repair and 12-month warranty at GenoProg in Payerne (VD). Prices from CHF 440.","robots":{"index":"index","follow":"follow","max-snippet":"max-snippet:-1","max-image-preview":"max-image-preview:large","max-video-preview":"max-video-preview:-1"},"canonical":"https:\/\/geno-prog.ch\/en\/product\/repair-touchscreen-mitsubishi-outlander\/","og_locale":"en_GB","og_type":"article","og_title":"R\u00e9paration \u00e9cran tactile Autoradio Mitsubishi Outlander 8\"","og_description":"Votre \u00e9cran tactile Mitsubishi Outlander 8\" ne fonctionne plus ? R\u00e9paration rapide et garantie 12 mois chez GenoProg \u00e0 Payerne (VD). Prix d\u00e8s CHF 440.-","og_url":"https:\/\/geno-prog.ch\/en\/product\/repair-touchscreen-mitsubishi-outlander\/","og_site_name":"GenoProg","article_publisher":"https:\/\/www.facebook.com\/genoprog","article_modified_time":"2026-03-02T12:02:01+00:00","og_image":[{"width":2560,"height":1706,"url":"https:\/\/geno-prog.ch\/wp-content\/uploads\/2025\/09\/M1-scaled.jpg","type":"image\/jpeg"}],"twitter_card":"summary_large_image","twitter_misc":{"Price":"&#67;&#72;&#70;&nbsp;440.00","Availability":"In stock"},"schema":{"@context":"https:\/\/schema.org","@graph":[{"@type":"WebPage","@id":"https:\/\/geno-prog.ch\/produit\/reparation-ecran-tactile-mitsubishi-outlander\/","url":"https:\/\/geno-prog.ch\/produit\/reparation-ecran-tactile-mitsubishi-outlander\/","name":"Touchscreen repair Mitsubishi Outlander 8\" | GenoProg Switzerland","isPartOf":{"@id":"https:\/\/geno-prog.ch\/#website"},"primaryImageOfPage":{"@id":"https:\/\/geno-prog.ch\/produit\/reparation-ecran-tactile-mitsubishi-outlander\/#primaryimage"},"image":{"@id":"https:\/\/geno-prog.ch\/produit\/reparation-ecran-tactile-mitsubishi-outlander\/#primaryimage"},"thumbnailUrl":"https:\/\/geno-prog.ch\/wp-content\/uploads\/2025\/09\/M1-scaled.jpg","datePublished":"2025-09-12T17:03:55+00:00","dateModified":"2026-03-02T12:02:01+00:00","description":"Has your Mitsubishi Outlander 8\" touchscreen stopped working? Fast repair and 12-month warranty at GenoProg in Payerne (VD). Prices from CHF 440.","breadcrumb":{"@id":"https:\/\/geno-prog.ch\/produit\/reparation-ecran-tactile-mitsubishi-outlander\/#breadcrumb"},"inLanguage":"en-GB","potentialAction":[{"@type":"ReadAction","target":["https:\/\/geno-prog.ch\/produit\/reparation-ecran-tactile-mitsubishi-outlander\/"]}]},{"@type":"ImageObject","inLanguage":"en-GB","@id":"https:\/\/geno-prog.ch\/produit\/reparation-ecran-tactile-mitsubishi-outlander\/#primaryimage","url":"https:\/\/geno-prog.ch\/wp-content\/uploads\/2025\/09\/M1-scaled.jpg","contentUrl":"https:\/\/geno-prog.ch\/wp-content\/uploads\/2025\/09\/M1-scaled.jpg","width":2560,"height":1706,"caption":"LCD"},{"@type":"BreadcrumbList","@id":"https:\/\/geno-prog.ch\/produit\/reparation-ecran-tactile-mitsubishi-outlander\/#breadcrumb","itemListElement":[{"@type":"ListItem","position":1,"name":"Accueil","item":"https:\/\/geno-prog.ch\/"},{"@type":"ListItem","position":2,"name":"T\u00e9l\u00e9chargements","item":"https:\/\/geno-prog.ch\/download\/"},{"@type":"ListItem","position":3,"name":"R\u00e9paration \u00e9cran tactile Autoradio Mitsubishi Outlander 8&Prime;"}]},{"@type":"WebSite","@id":"https:\/\/geno-prog.ch\/#website","url":"https:\/\/geno-prog.ch\/","name":"GenoProg","description":"BMW \/ MINI automotive electronics specialist","publisher":{"@id":"https:\/\/geno-prog.ch\/#organization"},"potentialAction":[{"@type":"SearchAction","target":{"@type":"EntryPoint","urlTemplate":"https:\/\/geno-prog.ch\/?s={search_term_string}"},"query-input":{"@type":"PropertyValueSpecification","valueRequired":true,"valueName":"search_term_string"}}],"inLanguage":"en-GB"},{"@type":"Organization","@id":"https:\/\/geno-prog.ch\/#organization","name":"GenoProg","url":"https:\/\/geno-prog.ch\/","logo":{"@type":"ImageObject","inLanguage":"en-GB","@id":"https:\/\/geno-prog.ch\/#\/schema\/logo\/image\/","url":"https:\/\/geno-prog.ch\/wp-content\/uploads\/2020\/03\/GenoProg_long.png","contentUrl":"https:\/\/geno-prog.ch\/wp-content\/uploads\/2020\/03\/GenoProg_long.png","width":3086,"height":803,"caption":"GenoProg"},"image":{"@id":"https:\/\/geno-prog.ch\/#\/schema\/logo\/image\/"},"sameAs":["https:\/\/www.facebook.com\/genoprog","https:\/\/www.instagram.com\/genoprog\/","https:\/\/www.youtube.com\/channel\/UC5a5VYzbWdsHNYm2Qtu1F2w"]}]},"product_brand":"external","product_price_amount":"440.00","product_price_currency":"CHF","og_availability":"instock","product_availability":"instock","product_condition":"new"},"_links":{"self":[{"href":"https:\/\/geno-prog.ch\/en\/wp-json\/wp\/v2\/product\/34312","targetHints":{"allow":["GET"]}}],"collection":[{"href":"https:\/\/geno-prog.ch\/en\/wp-json\/wp\/v2\/product"}],"about":[{"href":"https:\/\/geno-prog.ch\/en\/wp-json\/wp\/v2\/types\/product"}],"wp:featuredmedia":[{"embeddable":true,"href":"https:\/\/geno-prog.ch\/en\/wp-json\/wp\/v2\/media\/34313"}],"wp:attachment":[{"href":"https:\/\/geno-prog.ch\/en\/wp-json\/wp\/v2\/media?parent=34312"}],"wp:term":[{"taxonomy":"product_brand","embeddable":true,"href":"https:\/\/geno-prog.ch\/en\/wp-json\/wp\/v2\/product_brand?post=34312"},{"taxonomy":"product_cat","embeddable":true,"href":"https:\/\/geno-prog.ch\/en\/wp-json\/wp\/v2\/product_cat?post=34312"},{"taxonomy":"product_tag","embeddable":true,"href":"https:\/\/geno-prog.ch\/en\/wp-json\/wp\/v2\/product_tag?post=34312"}],"curies":[{"name":"wp","href":"https:\/\/api.w.org\/{rel}","templated":true}]}}