{"id":34303,"date":"2025-09-04T15:40:14","date_gmt":"2025-09-04T13:40:14","guid":{"rendered":"https:\/\/geno-prog.ch\/?post_type=product&#038;p=34303"},"modified":"2025-09-04T16:08:49","modified_gmt":"2025-09-04T14:08:49","slug":"original-reversing-camera-bmw-g30","status":"publish","type":"product","link":"https:\/\/geno-prog.ch\/en\/product\/original-reversing-camera-bmw-g30\/","title":{"rendered":"Genuine BMW 5 Series reversing camera (G30, G31, F90)"},"content":{"rendered":"<p>&nbsp;<\/p>\n<h1>Rear view camera installation BMW 5 Series G30, G31 and F90 (2018-)<\/h1>\n<p>Enhance the safety and comfort of your BMW 5 Series (G30, G31, F90) with the installation of a fully-integrated genuine BMW reversing camera.<\/p>\n<p>&nbsp;<\/p>\n<h2>Why install a reversing camera on your BMW 5 Series?<\/h2>\n<p>A reversing camera considerably improves safety when manoeuvring:<\/p>\n<ul>\n<li>High-definition image quality<\/li>\n<li>Heated lenses for winter<\/li>\n<li>Dynamic parking lines<\/li>\n<li>Perfectly integrated into the BMW centre screen<\/li>\n<\/ul>\n<p>You get a display that combines parking sensors (PDC) and camera images in real time.<\/p>\n<p>&nbsp;<\/p>\n<h2>Original BMW installation and programming<\/h2>\n<p>We only use genuine BMW parts to ensure reliable installation in accordance with the factory configuration.<\/p>\n<p>The 3AG option (original BMW reversing camera) is activated and coded in your vehicle. You simply drop your car off and we'll take care of everything.<\/p>\n<p>&nbsp;<\/p>\n<h2>Installation times and locations<\/h2>\n<ul>\n<li>Duration: approximately 1 day<\/li>\n<li>Locations: Payerne (VD), Nyon (VD) or partner centre in Valais<\/li>\n<li>Flexibility: installation possible on Saturdays<\/li>\n<\/ul>\n<p>&nbsp;<\/p>\n<h2>Compatibility BMW 5 Series G30 (2018-)<\/h2>\n<p>This service only applies to BMW G30, G31 and F90 (2018-2024) equipped with rear parking sensors (option 507) or front and rear parking sensors (option 508). Vehicles equipped with the small central screen (option 606) are generally also eligible for the reversing camera. To confirm compatibility, simply send us your chassis number (VIN WBA...).<\/p>\n<p>&nbsp;<\/p>\n<h2>BMW reversing camera installation price<\/h2>\n<ul>\n<li>BMW G30 and F90: CHF 1,100.00<\/li>\n<li>BMW G31 : CHF 1'200.-<\/li>\n<\/ul>\n<p>For other BMW or MINI models, the price varies according to :<\/p>\n<ul>\n<li>The vehicle's original equipment<\/li>\n<li>The complexity of the beam passage (e.g. convertibles)<\/li>\n<li>Installation time<\/li>\n<\/ul>\n<p>For an exact quotation, please indicate your chassis number in your request.<\/p>\n<p>&nbsp;<\/p>\n<h3>Compatible models :<\/h3>\n<p>BMW 5 Series G30, G31 or M5 F90<\/p>\n<h3>Other compatible models (price varies) :<\/h3>\n<p>Series 3 (F30, F31, F80, G20, G21, G80, G81), Series 4 (F32, F33, F82, F83, G82, G83), Series 5 (F10, F11, Fxx, G30, G31), Series 6 (F06, F07), Series 7 (F01, F02), X1 (E84, F48), X2 (F39), X3 (F25, G01), X4 (F26, G02), X5 (E70, F15, F85), X6 (E71, F16, F86). Ref : 66212450878 &amp; 66555A84564<\/p>\n<h3>Incompatible models for an original camera :<\/h3>\n<p>Series 1 (E82, E83, E87, E88), Series 3 (E46, E90, E91, E92, E93), Series 5 (E60, E61), Series 6 (E63, E64)<\/p>\n<p>Modules used : For BMW ICAM-2R G series.<\/p>\n<p>&nbsp;<\/p>\n<header><\/header>\n<p>https:\/\/geno-prog.ch\/produit\/m5_f90_lci_led\/<\/p>","protected":false},"excerpt":{"rendered":"<p>&nbsp;<\/p>\n<h4 class=\"p1\">We offer installation and programming of a reversing camera with original equipment for your BMW.<\/h4>\n<ul>\n<li>Original camera (including beam)<\/li>\n<li>Installation<\/li>\n<li>Vehicle programming \/ coding<\/li>\n<\/ul>","protected":false},"featured_media":34305,"template":"","meta":{"_et_pb_use_builder":"","_et_pb_old_content":"","_et_gb_content_width":""},"product_brand":[],"product_cat":[68,285,73],"product_tag":[287,87,286],"class_list":{"0":"post-34303","1":"product","2":"type-product","3":"status-publish","4":"has-post-thumbnail","6":"product_cat-bmw","7":"product_cat-retrofit","8":"product_cat-serie-5","9":"product_tag-3ag","10":"product_tag-coding","11":"product_tag-retrofit","13":"first","14":"instock","15":"shipping-taxable","16":"product-type-external"},"yoast_head":"<!-- This site is optimized with the Yoast SEO Premium plugin v26.5 (Yoast SEO v27.3) - https:\/\/yoast.com\/product\/yoast-seo-premium-wordpress\/ -->\n<title>Installation cam\u00e9ra de recul BMW S\u00e9rie 5 G30 (2018-) | d&#039;origine<\/title>\n<meta name=\"description\" content=\"Installation et codage cam\u00e9ra de recul BMW S\u00e9rie 5 G30 G31 (2018-). Pi\u00e8ces d\u2019origine BMW, int\u00e9gration parfaite, service cl\u00e9 en main \u00e0 Payerne ou Nyon\" \/>\n<meta name=\"robots\" content=\"index, follow, max-snippet:-1, max-image-preview:large, max-video-preview:-1\" \/>\n<link rel=\"canonical\" href=\"https:\/\/geno-prog.ch\/en\/product\/original-reversing-camera-bmw-g30\/\" \/>\n<meta property=\"og:locale\" content=\"en_GB\" \/>\n<meta property=\"og:type\" content=\"article\" \/>\n<meta property=\"og:title\" content=\"Cam\u00e9ra de recul d\u2019origine BMW S\u00e9rie 5 (G30, G31, F90)\" \/>\n<meta property=\"og:description\" content=\"Installation et codage cam\u00e9ra de recul BMW S\u00e9rie 5 G30 G31 (2018-). Pi\u00e8ces d\u2019origine BMW, int\u00e9gration parfaite, service cl\u00e9 en main \u00e0 Payerne ou Nyon\" \/>\n<meta property=\"og:url\" content=\"https:\/\/geno-prog.ch\/en\/product\/original-reversing-camera-bmw-g30\/\" \/>\n<meta property=\"og:site_name\" content=\"GenoProg\" \/>\n<meta property=\"article:publisher\" content=\"https:\/\/www.facebook.com\/genoprog\" \/>\n<meta property=\"article:modified_time\" content=\"2025-09-04T14:08:49+00:00\" \/>\n<meta property=\"og:image\" content=\"https:\/\/geno-prog.ch\/wp-content\/uploads\/2025\/09\/G30_3-scaled.jpg\" \/>\n\t<meta property=\"og:image:width\" content=\"2560\" \/>\n\t<meta property=\"og:image:height\" content=\"1920\" \/>\n\t<meta property=\"og:image:type\" content=\"image\/jpeg\" \/>\n<meta name=\"twitter:card\" content=\"summary_large_image\" \/>\n<meta name=\"twitter:label1\" content=\"Price\" \/>\n\t<meta name=\"twitter:data1\" content=\"&#067;&#072;&#070;&nbsp;1,100.00\" \/>\n\t<meta name=\"twitter:label2\" content=\"Availability\" \/>\n\t<meta name=\"twitter:data2\" content=\"In stock\" \/>\n<script type=\"application\/ld+json\" class=\"yoast-schema-graph\">{\"@context\":\"https:\\\/\\\/schema.org\",\"@graph\":[{\"@type\":\"WebPage\",\"@id\":\"https:\\\/\\\/geno-prog.ch\\\/produit\\\/camera-de-recul-dorigine-bmw-g30\\\/\",\"url\":\"https:\\\/\\\/geno-prog.ch\\\/produit\\\/camera-de-recul-dorigine-bmw-g30\\\/\",\"name\":\"Installation cam\u00e9ra de recul BMW S\u00e9rie 5 G30 (2018-) | d'origine\",\"isPartOf\":{\"@id\":\"https:\\\/\\\/geno-prog.ch\\\/#website\"},\"primaryImageOfPage\":{\"@id\":\"https:\\\/\\\/geno-prog.ch\\\/produit\\\/camera-de-recul-dorigine-bmw-g30\\\/#primaryimage\"},\"image\":{\"@id\":\"https:\\\/\\\/geno-prog.ch\\\/produit\\\/camera-de-recul-dorigine-bmw-g30\\\/#primaryimage\"},\"thumbnailUrl\":\"https:\\\/\\\/geno-prog.ch\\\/wp-content\\\/uploads\\\/2025\\\/09\\\/G30_3-scaled.jpg\",\"datePublished\":\"2025-09-04T13:40:14+00:00\",\"dateModified\":\"2025-09-04T14:08:49+00:00\",\"description\":\"Installation et codage cam\u00e9ra de recul BMW S\u00e9rie 5 G30 G31 (2018-). Pi\u00e8ces d\u2019origine BMW, int\u00e9gration parfaite, service cl\u00e9 en main \u00e0 Payerne ou Nyon\",\"breadcrumb\":{\"@id\":\"https:\\\/\\\/geno-prog.ch\\\/produit\\\/camera-de-recul-dorigine-bmw-g30\\\/#breadcrumb\"},\"inLanguage\":\"en-GB\",\"potentialAction\":[{\"@type\":\"ReadAction\",\"target\":[\"https:\\\/\\\/geno-prog.ch\\\/produit\\\/camera-de-recul-dorigine-bmw-g30\\\/\"]}]},{\"@type\":\"ImageObject\",\"inLanguage\":\"en-GB\",\"@id\":\"https:\\\/\\\/geno-prog.ch\\\/produit\\\/camera-de-recul-dorigine-bmw-g30\\\/#primaryimage\",\"url\":\"https:\\\/\\\/geno-prog.ch\\\/wp-content\\\/uploads\\\/2025\\\/09\\\/G30_3-scaled.jpg\",\"contentUrl\":\"https:\\\/\\\/geno-prog.ch\\\/wp-content\\\/uploads\\\/2025\\\/09\\\/G30_3-scaled.jpg\",\"width\":2560,\"height\":1920},{\"@type\":\"BreadcrumbList\",\"@id\":\"https:\\\/\\\/geno-prog.ch\\\/produit\\\/camera-de-recul-dorigine-bmw-g30\\\/#breadcrumb\",\"itemListElement\":[{\"@type\":\"ListItem\",\"position\":1,\"name\":\"Accueil\",\"item\":\"https:\\\/\\\/geno-prog.ch\\\/\"},{\"@type\":\"ListItem\",\"position\":2,\"name\":\"T\u00e9l\u00e9chargements\",\"item\":\"https:\\\/\\\/geno-prog.ch\\\/download\\\/\"},{\"@type\":\"ListItem\",\"position\":3,\"name\":\"Cam\u00e9ra de recul d\u2019origine BMW S\u00e9rie 5 (G30, G31, F90)\"}]},{\"@type\":\"WebSite\",\"@id\":\"https:\\\/\\\/geno-prog.ch\\\/#website\",\"url\":\"https:\\\/\\\/geno-prog.ch\\\/\",\"name\":\"GenoProg\",\"description\":\"Sp\u00e9cialiste en \u00e9lectronique automobile BMW \\\/ MINI\",\"publisher\":{\"@id\":\"https:\\\/\\\/geno-prog.ch\\\/#organization\"},\"potentialAction\":[{\"@type\":\"SearchAction\",\"target\":{\"@type\":\"EntryPoint\",\"urlTemplate\":\"https:\\\/\\\/geno-prog.ch\\\/?s={search_term_string}\"},\"query-input\":{\"@type\":\"PropertyValueSpecification\",\"valueRequired\":true,\"valueName\":\"search_term_string\"}}],\"inLanguage\":\"en-GB\"},{\"@type\":\"Organization\",\"@id\":\"https:\\\/\\\/geno-prog.ch\\\/#organization\",\"name\":\"GenoProg\",\"url\":\"https:\\\/\\\/geno-prog.ch\\\/\",\"logo\":{\"@type\":\"ImageObject\",\"inLanguage\":\"en-GB\",\"@id\":\"https:\\\/\\\/geno-prog.ch\\\/#\\\/schema\\\/logo\\\/image\\\/\",\"url\":\"https:\\\/\\\/geno-prog.ch\\\/wp-content\\\/uploads\\\/2020\\\/03\\\/GenoProg_long.png\",\"contentUrl\":\"https:\\\/\\\/geno-prog.ch\\\/wp-content\\\/uploads\\\/2020\\\/03\\\/GenoProg_long.png\",\"width\":3086,\"height\":803,\"caption\":\"GenoProg\"},\"image\":{\"@id\":\"https:\\\/\\\/geno-prog.ch\\\/#\\\/schema\\\/logo\\\/image\\\/\"},\"sameAs\":[\"https:\\\/\\\/www.facebook.com\\\/genoprog\",\"https:\\\/\\\/www.instagram.com\\\/genoprog\\\/\",\"https:\\\/\\\/www.youtube.com\\\/channel\\\/UC5a5VYzbWdsHNYm2Qtu1F2w\"]}]}<\/script>\n<meta property=\"product:brand\" content=\"external\" \/>\n<meta property=\"product:price:amount\" content=\"1100.00\" \/>\n<meta property=\"product:price:currency\" content=\"CHF\" \/>\n<meta property=\"og:availability\" content=\"instock\" \/>\n<meta property=\"product:availability\" content=\"instock\" \/>\n<meta property=\"product:condition\" content=\"new\" \/>\n<!-- \/ Yoast SEO Premium plugin. -->","yoast_head_json":{"title":"Genuine BMW 5 Series G30 (2018-) rear view camera installation","description":"Installation and coding of BMW 5 Series G30 G31 (2018-) reversing camera. Genuine BMW parts, perfect integration, turnkey service in Payerne or Nyon","robots":{"index":"index","follow":"follow","max-snippet":"max-snippet:-1","max-image-preview":"max-image-preview:large","max-video-preview":"max-video-preview:-1"},"canonical":"https:\/\/geno-prog.ch\/en\/product\/original-reversing-camera-bmw-g30\/","og_locale":"en_GB","og_type":"article","og_title":"Cam\u00e9ra de recul d\u2019origine BMW S\u00e9rie 5 (G30, G31, F90)","og_description":"Installation et codage cam\u00e9ra de recul BMW S\u00e9rie 5 G30 G31 (2018-). Pi\u00e8ces d\u2019origine BMW, int\u00e9gration parfaite, service cl\u00e9 en main \u00e0 Payerne ou Nyon","og_url":"https:\/\/geno-prog.ch\/en\/product\/original-reversing-camera-bmw-g30\/","og_site_name":"GenoProg","article_publisher":"https:\/\/www.facebook.com\/genoprog","article_modified_time":"2025-09-04T14:08:49+00:00","og_image":[{"width":2560,"height":1920,"url":"https:\/\/geno-prog.ch\/wp-content\/uploads\/2025\/09\/G30_3-scaled.jpg","type":"image\/jpeg"}],"twitter_card":"summary_large_image","twitter_misc":{"Price":"&#67;&#72;&#70;&nbsp;1,100.00","Availability":"In stock"},"schema":{"@context":"https:\/\/schema.org","@graph":[{"@type":"WebPage","@id":"https:\/\/geno-prog.ch\/produit\/camera-de-recul-dorigine-bmw-g30\/","url":"https:\/\/geno-prog.ch\/produit\/camera-de-recul-dorigine-bmw-g30\/","name":"Genuine BMW 5 Series G30 (2018-) rear view camera installation","isPartOf":{"@id":"https:\/\/geno-prog.ch\/#website"},"primaryImageOfPage":{"@id":"https:\/\/geno-prog.ch\/produit\/camera-de-recul-dorigine-bmw-g30\/#primaryimage"},"image":{"@id":"https:\/\/geno-prog.ch\/produit\/camera-de-recul-dorigine-bmw-g30\/#primaryimage"},"thumbnailUrl":"https:\/\/geno-prog.ch\/wp-content\/uploads\/2025\/09\/G30_3-scaled.jpg","datePublished":"2025-09-04T13:40:14+00:00","dateModified":"2025-09-04T14:08:49+00:00","description":"Installation and coding of BMW 5 Series G30 G31 (2018-) reversing camera. Genuine BMW parts, perfect integration, turnkey service in Payerne or Nyon","breadcrumb":{"@id":"https:\/\/geno-prog.ch\/produit\/camera-de-recul-dorigine-bmw-g30\/#breadcrumb"},"inLanguage":"en-GB","potentialAction":[{"@type":"ReadAction","target":["https:\/\/geno-prog.ch\/produit\/camera-de-recul-dorigine-bmw-g30\/"]}]},{"@type":"ImageObject","inLanguage":"en-GB","@id":"https:\/\/geno-prog.ch\/produit\/camera-de-recul-dorigine-bmw-g30\/#primaryimage","url":"https:\/\/geno-prog.ch\/wp-content\/uploads\/2025\/09\/G30_3-scaled.jpg","contentUrl":"https:\/\/geno-prog.ch\/wp-content\/uploads\/2025\/09\/G30_3-scaled.jpg","width":2560,"height":1920},{"@type":"BreadcrumbList","@id":"https:\/\/geno-prog.ch\/produit\/camera-de-recul-dorigine-bmw-g30\/#breadcrumb","itemListElement":[{"@type":"ListItem","position":1,"name":"Accueil","item":"https:\/\/geno-prog.ch\/"},{"@type":"ListItem","position":2,"name":"T\u00e9l\u00e9chargements","item":"https:\/\/geno-prog.ch\/download\/"},{"@type":"ListItem","position":3,"name":"Cam\u00e9ra de recul d\u2019origine BMW S\u00e9rie 5 (G30, G31, F90)"}]},{"@type":"WebSite","@id":"https:\/\/geno-prog.ch\/#website","url":"https:\/\/geno-prog.ch\/","name":"GenoProg","description":"BMW \/ MINI automotive electronics specialist","publisher":{"@id":"https:\/\/geno-prog.ch\/#organization"},"potentialAction":[{"@type":"SearchAction","target":{"@type":"EntryPoint","urlTemplate":"https:\/\/geno-prog.ch\/?s={search_term_string}"},"query-input":{"@type":"PropertyValueSpecification","valueRequired":true,"valueName":"search_term_string"}}],"inLanguage":"en-GB"},{"@type":"Organization","@id":"https:\/\/geno-prog.ch\/#organization","name":"GenoProg","url":"https:\/\/geno-prog.ch\/","logo":{"@type":"ImageObject","inLanguage":"en-GB","@id":"https:\/\/geno-prog.ch\/#\/schema\/logo\/image\/","url":"https:\/\/geno-prog.ch\/wp-content\/uploads\/2020\/03\/GenoProg_long.png","contentUrl":"https:\/\/geno-prog.ch\/wp-content\/uploads\/2020\/03\/GenoProg_long.png","width":3086,"height":803,"caption":"GenoProg"},"image":{"@id":"https:\/\/geno-prog.ch\/#\/schema\/logo\/image\/"},"sameAs":["https:\/\/www.facebook.com\/genoprog","https:\/\/www.instagram.com\/genoprog\/","https:\/\/www.youtube.com\/channel\/UC5a5VYzbWdsHNYm2Qtu1F2w"]}]},"product_brand":"external","product_price_amount":"1100.00","product_price_currency":"CHF","og_availability":"instock","product_availability":"instock","product_condition":"new"},"_links":{"self":[{"href":"https:\/\/geno-prog.ch\/en\/wp-json\/wp\/v2\/product\/34303","targetHints":{"allow":["GET"]}}],"collection":[{"href":"https:\/\/geno-prog.ch\/en\/wp-json\/wp\/v2\/product"}],"about":[{"href":"https:\/\/geno-prog.ch\/en\/wp-json\/wp\/v2\/types\/product"}],"wp:featuredmedia":[{"embeddable":true,"href":"https:\/\/geno-prog.ch\/en\/wp-json\/wp\/v2\/media\/34305"}],"wp:attachment":[{"href":"https:\/\/geno-prog.ch\/en\/wp-json\/wp\/v2\/media?parent=34303"}],"wp:term":[{"taxonomy":"product_brand","embeddable":true,"href":"https:\/\/geno-prog.ch\/en\/wp-json\/wp\/v2\/product_brand?post=34303"},{"taxonomy":"product_cat","embeddable":true,"href":"https:\/\/geno-prog.ch\/en\/wp-json\/wp\/v2\/product_cat?post=34303"},{"taxonomy":"product_tag","embeddable":true,"href":"https:\/\/geno-prog.ch\/en\/wp-json\/wp\/v2\/product_tag?post=34303"}],"curies":[{"name":"wp","href":"https:\/\/api.w.org\/{rel}","templated":true}]}}