{"id":34292,"date":"2025-07-31T20:35:48","date_gmt":"2025-07-31T18:35:48","guid":{"rendered":"https:\/\/geno-prog.ch\/?post_type=product&#038;p=34292"},"modified":"2025-07-31T21:08:44","modified_gmt":"2025-07-31T19:08:44","slug":"honda_epb","status":"publish","type":"product","link":"https:\/\/geno-prog.ch\/en\/product\/honda_epb\/","title":{"rendered":"Electronic parking brake repair Honda HR-V (EPB \/ Brake Hold)"},"content":{"rendered":"<h2 class=\"p1\"><span style=\"font-size: 18px;\"><strong data-start=\"588\" data-end=\"710\">Does your handbrake no longer work? <\/strong><\/span><span style=\"font-size: 18px;\"><strong data-start=\"588\" data-end=\"710\">Is the message \"Electric Parking Brake Problem\" displayed on the dashboard?<\/strong><\/span><\/h2>\n<h2 class=\"p1\"><span style=\"font-size: 18px;\"><br data-start=\"710\" data-end=\"713\" \/>We offer a <strong data-start=\"732\" data-end=\"773\">a complete, fast and guaranteed solution<\/strong> to repair the EPB system (electronic parking brake) and <em data-start=\"843\" data-end=\"855\">Brake Hold<\/em> on the models <strong data-start=\"872\" data-end=\"896\">Honda HR-V, CR-V and Civic.<\/strong><\/span><\/h2>\n<h2 class=\"p1\"><span style=\"font-size: 18px;\">The EPB button contains a fragile electronic board. It is used daily \u2192 mechanical clicks + wear.<\/span><\/h2>\n<h2 class=\"p1\"><span style=\"font-size: 18px;\"> Typical faults reported : No illumination of the \"P\" light (handbrake) <\/span><\/h2>\n<h2 class=\"p1\"><span style=\"font-size: 18px;\">Message on dashboard: \"Electric Parking Brake Problem\". <\/span><\/h2>\n<h2 class=\"p1\"><span style=\"font-size: 18px;\">Unable to activate or release handbrake Brake Hold function inactive or erratic Relay noise with no real action <\/span><\/h2>\n<h2 class=\"p1\"><span style=\"font-size: 18px;\">DTC error code (e.g. C1110, C1111, C1112) on OBD unit <\/span><\/h2>\n<h2 class=\"p1\"><span style=\"font-size: 18px;\">Brake actuators are robust and rarely fail. The button, on the other hand, is often the only weak link in the system.\u00a0<\/span><\/h2>\n<h3 data-start=\"904\" data-end=\"932\">\ud83d\udea8 Common symptoms:<\/h3>\n<ul data-start=\"933\" data-end=\"1158\">\n<li data-start=\"933\" data-end=\"968\">\n<p data-start=\"935\" data-end=\"968\">Handbrake no longer applies or sticks<\/p>\n<\/li>\n<li data-start=\"969\" data-end=\"1015\">\n<p data-start=\"971\" data-end=\"1015\">Brake light flashes or stays on<\/p>\n<\/li>\n<li data-start=\"1016\" data-end=\"1067\">\n<p data-start=\"1018\" data-end=\"1067\">Electric Parking Brake Problem\" error message<\/p>\n<\/li>\n<li data-start=\"1068\" data-end=\"1113\">\n<p data-start=\"1070\" data-end=\"1113\">Function <em data-start=\"1079\" data-end=\"1091\">Brake Hold<\/em> inactive or random<\/p>\n<\/li>\n<li data-start=\"1114\" data-end=\"1158\">\n<p data-start=\"1116\" data-end=\"1158\">No noise or reaction from the brake button<\/p>\n<\/li>\n<\/ul>\n<hr data-start=\"1160\" data-end=\"1163\" \/>\n<h3 data-start=\"1165\" data-end=\"1215\">\ud83d\udee0\ufe0f Our all-inclusive repair service:<\/h3>\n<p data-start=\"1216\" data-end=\"1506\">\u2705 <strong data-start=\"1260\" data-end=\"1345\">Replacement of defective part if necessary (button, wiring, connector, etc.)<\/strong><br data-start=\"1345\" data-end=\"1348\" \/>\u2705 <strong data-start=\"1350\" data-end=\"1394\">Resetting the electronic system<\/strong><br data-start=\"1394\" data-end=\"1397\" \/>\u2705 <strong data-start=\"1399\" data-end=\"1470\">Complete Brake Hold and parking brake function test<\/strong><br data-start=\"1470\" data-end=\"1473\" \/>\u2705 <strong data-start=\"1475\" data-end=\"1506\">Service guarantee<\/strong><\/p>\n<hr data-start=\"1508\" data-end=\"1511\" \/>\n<h3 data-start=\"1513\" data-end=\"1541\">\ud83d\udca1 Why this service?<\/h3>\n<p data-start=\"1542\" data-end=\"1654\">On Honda models, the electronic parking brake may stop working for a number of reasons:<\/p>\n<ul data-start=\"1655\" data-end=\"1778\">\n<li data-start=\"1655\" data-end=\"1688\">\n<p data-start=\"1657\" data-end=\"1688\">Worn-out or unrecognised switch<\/p>\n<\/li>\n<li data-start=\"1689\" data-end=\"1709\">\n<p data-start=\"1691\" data-end=\"1709\">Oxidised connectors<\/p>\n<\/li>\n<li data-start=\"1710\" data-end=\"1739\">\n<p data-start=\"1712\" data-end=\"1739\">Temporary electronic bug<\/p>\n<\/li>\n<li data-start=\"1740\" data-end=\"1778\">\n<p data-start=\"1742\" data-end=\"1778\">Voltage problem or minor fault<\/p>\n<\/li>\n<\/ul>\n<p data-start=\"1780\" data-end=\"1997\">\ud83d\udc49 Our experience enables us to <strong data-start=\"1815\" data-end=\"1878\">solve 90 % faults without replacing the entire EPB system<\/strong>.<br data-start=\"1879\" data-end=\"1882\" \/>That way, you can avoid a 600 to 800 euro bill at a dealership.<\/p>\n<hr data-start=\"1999\" data-end=\"2002\" \/>\n<h3 data-start=\"2004\" data-end=\"2034\">\ud83d\udd27 Possible intervention:<\/h3>\n<ul data-start=\"2035\" data-end=\"2187\">\n<li data-start=\"2035\" data-end=\"2084\">\n<p data-start=\"2037\" data-end=\"2084\"><strong data-start=\"2037\" data-end=\"2084\">In a workshop or remotely, depending on your region (Geneva, Nyon, Lausanne)<\/strong><\/p>\n<\/li>\n<li data-start=\"2085\" data-end=\"2139\">\n<p data-start=\"2087\" data-end=\"2139\"><strong data-start=\"2087\" data-end=\"2104\">Short lead times<\/strong> express intervention possible<\/p>\n<\/li>\n<li data-start=\"2140\" data-end=\"2187\">\n<p data-start=\"2142\" data-end=\"2187\"><strong data-start=\"2142\" data-end=\"2161\">Guaranteed service<\/strong> - Problem solved or refunded<\/p>\n<\/li>\n<\/ul>\n<hr data-start=\"2189\" data-end=\"2192\" \/>\n<h3 data-start=\"2194\" data-end=\"2222\">\ud83d\udccd Vehicles concerned :<\/h3>\n<ul data-start=\"2223\" data-end=\"2337\">\n<li data-start=\"2223\" data-end=\"2269\">\n<p data-start=\"2225\" data-end=\"2269\"><strong data-start=\"2225\" data-end=\"2251\">Honda HR-V 2016 to 2022<\/strong><\/p>\n<\/li>\n<li data-start=\"348\" data-end=\"460\">\n<p data-start=\"350\" data-end=\"460\"><strong data-start=\"350\" data-end=\"364\">Honda CR-V<\/strong> 2017-2018<\/p>\n<\/li>\n<li data-start=\"461\" data-end=\"531\">\n<p data-start=\"463\" data-end=\"531\"><strong data-start=\"463\" data-end=\"478\">Honda Civic 2016-2022<\/strong><\/p>\n<\/li>\n<li data-start=\"2270\" data-end=\"2337\">\n<p data-start=\"2272\" data-end=\"2337\">Versions with electric brake (<em data-start=\"2304\" data-end=\"2330\">Electronic Parking Brake<\/em> \/ EPB)<\/p>\n<\/li>\n<\/ul>\n<hr data-start=\"2339\" data-end=\"2342\" \/>\n<h3 data-start=\"2344\" data-end=\"2384\">\ud83d\udd0e Related frequently used searches :<\/h3>\n<ul data-start=\"2385\" data-end=\"2583\">\n<li data-start=\"2385\" data-end=\"2425\">\n<p data-start=\"2387\" data-end=\"2425\"><em data-start=\"2387\" data-end=\"2425\">Honda HR-V electric brake failure<\/em><\/p>\n<\/li>\n<li data-start=\"2426\" data-end=\"2466\">\n<p data-start=\"2428\" data-end=\"2466\"><em data-start=\"2428\" data-end=\"2466\">Problem EPB HR-V 2017 \/ 2018 \/ 2019<\/em><\/p>\n<\/li>\n<li data-start=\"2467\" data-end=\"2512\">\n<p data-start=\"2469\" data-end=\"2512\"><em data-start=\"2469\" data-end=\"2512\">Honda HR-V Electric Parking Brake Problem<\/em><\/p>\n<\/li>\n<li data-start=\"2513\" data-end=\"2549\">\n<p data-start=\"2515\" data-end=\"2549\"><em data-start=\"2515\" data-end=\"2549\">Brake light flashes Honda HR-V<\/em><\/p>\n<\/li>\n<li data-start=\"2550\" data-end=\"2583\">\n<p data-start=\"2552\" data-end=\"2583\"><em data-start=\"2552\" data-end=\"2583\">Cheap Honda EPB repair<\/em><\/p>\n<\/li>\n<\/ul>\n<p>&nbsp;<\/p>\n<p class=\"p1\">GenoProg S\u00e0rl <span class=\"Apple-converted-space\">\u00a0<\/span><\/p>\n<p class=\"p1\">Route de Grandcour 64 <span class=\"Apple-converted-space\">\u00a0<\/span><\/p>\n<p class=\"p1\">1530 Payerne <span class=\"Apple-converted-space\">\u00a0<\/span><\/p>\n<p>Switzerland<\/p>\n<p>Ref : 35355-T7A-J01 \/ J02<\/p>\n<p class=\"p1\">","protected":false},"excerpt":{"rendered":"<p>&nbsp;<\/p>\n<ul>\n<li data-start=\"355\" data-end=\"404\">Electric handbrake repair Honda HR-V<\/li>\n<li data-start=\"405\" data-end=\"434\">\n<p data-start=\"407\" data-end=\"434\">Home visits throughout French-speaking Switzerland<\/p>\n<\/li>\n<\/ul>","protected":false},"featured_media":34293,"template":"","meta":{"_et_pb_use_builder":"","_et_pb_old_content":"","_et_gb_content_width":""},"product_brand":[],"product_cat":[91],"product_tag":[],"class_list":{"0":"post-34292","1":"product","2":"type-product","3":"status-publish","4":"has-post-thumbnail","6":"product_cat-reparation","8":"first","9":"instock","10":"shipping-taxable","11":"product-type-external"},"yoast_head":"<!-- This site is optimized with the Yoast SEO Premium plugin v26.5 (Yoast SEO v27.3) - https:\/\/yoast.com\/product\/yoast-seo-premium-wordpress\/ -->\n<title>R\u00e9paration frein de stationnement \u00e9lectronique Honda HR-V (EPB \/ Brake Hold) -<\/title>\n<meta name=\"description\" content=\"R\u00e9paration compl\u00e8te du frein de stationnement \u00e9lectrique Honda HR-V. Diagnostic, remplacement bouton EPB et test. Service rapide et garanti. \ud83c\udde8\ud83c\udded\" \/>\n<meta name=\"robots\" content=\"index, follow, max-snippet:-1, max-image-preview:large, max-video-preview:-1\" \/>\n<link rel=\"canonical\" href=\"https:\/\/geno-prog.ch\/en\/product\/honda_epb\/\" \/>\n<meta property=\"og:locale\" content=\"en_GB\" \/>\n<meta property=\"og:type\" content=\"article\" \/>\n<meta property=\"og:title\" content=\"R\u00e9paration frein de stationnement \u00e9lectronique Honda HR-V (EPB \/ Brake Hold)\" \/>\n<meta property=\"og:description\" content=\"R\u00e9paration compl\u00e8te du frein de stationnement \u00e9lectrique Honda HR-V. Diagnostic, remplacement bouton EPB et test. Service rapide et garanti. \ud83c\udde8\ud83c\udded\" \/>\n<meta property=\"og:url\" content=\"https:\/\/geno-prog.ch\/en\/product\/honda_epb\/\" \/>\n<meta property=\"og:site_name\" content=\"GenoProg\" \/>\n<meta property=\"article:publisher\" content=\"https:\/\/www.facebook.com\/genoprog\" \/>\n<meta property=\"article:modified_time\" content=\"2025-07-31T19:08:44+00:00\" \/>\n<meta property=\"og:image\" content=\"https:\/\/geno-prog.ch\/wp-content\/uploads\/2025\/07\/HONDA_HANDBRAKE.png\" \/>\n\t<meta property=\"og:image:width\" content=\"834\" \/>\n\t<meta property=\"og:image:height\" content=\"608\" \/>\n\t<meta property=\"og:image:type\" content=\"image\/png\" \/>\n<meta name=\"twitter:card\" content=\"summary_large_image\" \/>\n<meta name=\"twitter:label1\" content=\"Price\" \/>\n\t<meta name=\"twitter:data1\" content=\"&#067;&#072;&#070;&nbsp;340.00\" \/>\n\t<meta name=\"twitter:label2\" content=\"Availability\" \/>\n\t<meta name=\"twitter:data2\" content=\"In stock\" \/>\n<script type=\"application\/ld+json\" class=\"yoast-schema-graph\">{\"@context\":\"https:\\\/\\\/schema.org\",\"@graph\":[{\"@type\":\"WebPage\",\"@id\":\"https:\\\/\\\/geno-prog.ch\\\/produit\\\/honda_epb\\\/\",\"url\":\"https:\\\/\\\/geno-prog.ch\\\/produit\\\/honda_epb\\\/\",\"name\":\"R\u00e9paration frein de stationnement \u00e9lectronique Honda HR-V (EPB \\\/ Brake Hold) -\",\"isPartOf\":{\"@id\":\"https:\\\/\\\/geno-prog.ch\\\/#website\"},\"primaryImageOfPage\":{\"@id\":\"https:\\\/\\\/geno-prog.ch\\\/produit\\\/honda_epb\\\/#primaryimage\"},\"image\":{\"@id\":\"https:\\\/\\\/geno-prog.ch\\\/produit\\\/honda_epb\\\/#primaryimage\"},\"thumbnailUrl\":\"https:\\\/\\\/geno-prog.ch\\\/wp-content\\\/uploads\\\/2025\\\/07\\\/HONDA_HANDBRAKE.png\",\"datePublished\":\"2025-07-31T18:35:48+00:00\",\"dateModified\":\"2025-07-31T19:08:44+00:00\",\"description\":\"R\u00e9paration compl\u00e8te du frein de stationnement \u00e9lectrique Honda HR-V. Diagnostic, remplacement bouton EPB et test. Service rapide et garanti. \ud83c\udde8\ud83c\udded\",\"breadcrumb\":{\"@id\":\"https:\\\/\\\/geno-prog.ch\\\/produit\\\/honda_epb\\\/#breadcrumb\"},\"inLanguage\":\"en-GB\",\"potentialAction\":[{\"@type\":\"ReadAction\",\"target\":[\"https:\\\/\\\/geno-prog.ch\\\/produit\\\/honda_epb\\\/\"]}]},{\"@type\":\"ImageObject\",\"inLanguage\":\"en-GB\",\"@id\":\"https:\\\/\\\/geno-prog.ch\\\/produit\\\/honda_epb\\\/#primaryimage\",\"url\":\"https:\\\/\\\/geno-prog.ch\\\/wp-content\\\/uploads\\\/2025\\\/07\\\/HONDA_HANDBRAKE.png\",\"contentUrl\":\"https:\\\/\\\/geno-prog.ch\\\/wp-content\\\/uploads\\\/2025\\\/07\\\/HONDA_HANDBRAKE.png\",\"width\":834,\"height\":608},{\"@type\":\"BreadcrumbList\",\"@id\":\"https:\\\/\\\/geno-prog.ch\\\/produit\\\/honda_epb\\\/#breadcrumb\",\"itemListElement\":[{\"@type\":\"ListItem\",\"position\":1,\"name\":\"Accueil\",\"item\":\"https:\\\/\\\/geno-prog.ch\\\/\"},{\"@type\":\"ListItem\",\"position\":2,\"name\":\"T\u00e9l\u00e9chargements\",\"item\":\"https:\\\/\\\/geno-prog.ch\\\/download\\\/\"},{\"@type\":\"ListItem\",\"position\":3,\"name\":\"R\u00e9paration frein de stationnement \u00e9lectronique Honda HR-V (EPB \\\/ Brake Hold)\"}]},{\"@type\":\"WebSite\",\"@id\":\"https:\\\/\\\/geno-prog.ch\\\/#website\",\"url\":\"https:\\\/\\\/geno-prog.ch\\\/\",\"name\":\"GenoProg\",\"description\":\"Sp\u00e9cialiste en \u00e9lectronique automobile BMW \\\/ MINI\",\"publisher\":{\"@id\":\"https:\\\/\\\/geno-prog.ch\\\/#organization\"},\"potentialAction\":[{\"@type\":\"SearchAction\",\"target\":{\"@type\":\"EntryPoint\",\"urlTemplate\":\"https:\\\/\\\/geno-prog.ch\\\/?s={search_term_string}\"},\"query-input\":{\"@type\":\"PropertyValueSpecification\",\"valueRequired\":true,\"valueName\":\"search_term_string\"}}],\"inLanguage\":\"en-GB\"},{\"@type\":\"Organization\",\"@id\":\"https:\\\/\\\/geno-prog.ch\\\/#organization\",\"name\":\"GenoProg\",\"url\":\"https:\\\/\\\/geno-prog.ch\\\/\",\"logo\":{\"@type\":\"ImageObject\",\"inLanguage\":\"en-GB\",\"@id\":\"https:\\\/\\\/geno-prog.ch\\\/#\\\/schema\\\/logo\\\/image\\\/\",\"url\":\"https:\\\/\\\/geno-prog.ch\\\/wp-content\\\/uploads\\\/2020\\\/03\\\/GenoProg_long.png\",\"contentUrl\":\"https:\\\/\\\/geno-prog.ch\\\/wp-content\\\/uploads\\\/2020\\\/03\\\/GenoProg_long.png\",\"width\":3086,\"height\":803,\"caption\":\"GenoProg\"},\"image\":{\"@id\":\"https:\\\/\\\/geno-prog.ch\\\/#\\\/schema\\\/logo\\\/image\\\/\"},\"sameAs\":[\"https:\\\/\\\/www.facebook.com\\\/genoprog\",\"https:\\\/\\\/www.instagram.com\\\/genoprog\\\/\",\"https:\\\/\\\/www.youtube.com\\\/channel\\\/UC5a5VYzbWdsHNYm2Qtu1F2w\"]}]}<\/script>\n<meta property=\"product:brand\" content=\"external\" \/>\n<meta property=\"product:price:amount\" content=\"340.00\" \/>\n<meta property=\"product:price:currency\" content=\"CHF\" \/>\n<meta property=\"og:availability\" content=\"instock\" \/>\n<meta property=\"product:availability\" content=\"instock\" \/>\n<meta property=\"product:condition\" content=\"new\" \/>\n<!-- \/ Yoast SEO Premium plugin. -->","yoast_head_json":{"title":"Electronic parking brake repair Honda HR-V (EPB \/ Brake Hold) -","description":"Complete repair of the Honda HR-V electric parking brake. Diagnosis, EPB button replacement and test. Fast and guaranteed service. \ud83c\udde8\ud83c\udded","robots":{"index":"index","follow":"follow","max-snippet":"max-snippet:-1","max-image-preview":"max-image-preview:large","max-video-preview":"max-video-preview:-1"},"canonical":"https:\/\/geno-prog.ch\/en\/product\/honda_epb\/","og_locale":"en_GB","og_type":"article","og_title":"R\u00e9paration frein de stationnement \u00e9lectronique Honda HR-V (EPB \/ Brake Hold)","og_description":"R\u00e9paration compl\u00e8te du frein de stationnement \u00e9lectrique Honda HR-V. Diagnostic, remplacement bouton EPB et test. Service rapide et garanti. \ud83c\udde8\ud83c\udded","og_url":"https:\/\/geno-prog.ch\/en\/product\/honda_epb\/","og_site_name":"GenoProg","article_publisher":"https:\/\/www.facebook.com\/genoprog","article_modified_time":"2025-07-31T19:08:44+00:00","og_image":[{"width":834,"height":608,"url":"https:\/\/geno-prog.ch\/wp-content\/uploads\/2025\/07\/HONDA_HANDBRAKE.png","type":"image\/png"}],"twitter_card":"summary_large_image","twitter_misc":{"Price":"&#67;&#72;&#70;&nbsp;340.00","Availability":"In stock"},"schema":{"@context":"https:\/\/schema.org","@graph":[{"@type":"WebPage","@id":"https:\/\/geno-prog.ch\/produit\/honda_epb\/","url":"https:\/\/geno-prog.ch\/produit\/honda_epb\/","name":"Electronic parking brake repair Honda HR-V (EPB \/ Brake Hold) -","isPartOf":{"@id":"https:\/\/geno-prog.ch\/#website"},"primaryImageOfPage":{"@id":"https:\/\/geno-prog.ch\/produit\/honda_epb\/#primaryimage"},"image":{"@id":"https:\/\/geno-prog.ch\/produit\/honda_epb\/#primaryimage"},"thumbnailUrl":"https:\/\/geno-prog.ch\/wp-content\/uploads\/2025\/07\/HONDA_HANDBRAKE.png","datePublished":"2025-07-31T18:35:48+00:00","dateModified":"2025-07-31T19:08:44+00:00","description":"Complete repair of the Honda HR-V electric parking brake. Diagnosis, EPB button replacement and test. Fast and guaranteed service. \ud83c\udde8\ud83c\udded","breadcrumb":{"@id":"https:\/\/geno-prog.ch\/produit\/honda_epb\/#breadcrumb"},"inLanguage":"en-GB","potentialAction":[{"@type":"ReadAction","target":["https:\/\/geno-prog.ch\/produit\/honda_epb\/"]}]},{"@type":"ImageObject","inLanguage":"en-GB","@id":"https:\/\/geno-prog.ch\/produit\/honda_epb\/#primaryimage","url":"https:\/\/geno-prog.ch\/wp-content\/uploads\/2025\/07\/HONDA_HANDBRAKE.png","contentUrl":"https:\/\/geno-prog.ch\/wp-content\/uploads\/2025\/07\/HONDA_HANDBRAKE.png","width":834,"height":608},{"@type":"BreadcrumbList","@id":"https:\/\/geno-prog.ch\/produit\/honda_epb\/#breadcrumb","itemListElement":[{"@type":"ListItem","position":1,"name":"Accueil","item":"https:\/\/geno-prog.ch\/"},{"@type":"ListItem","position":2,"name":"T\u00e9l\u00e9chargements","item":"https:\/\/geno-prog.ch\/download\/"},{"@type":"ListItem","position":3,"name":"R\u00e9paration frein de stationnement \u00e9lectronique Honda HR-V (EPB \/ Brake Hold)"}]},{"@type":"WebSite","@id":"https:\/\/geno-prog.ch\/#website","url":"https:\/\/geno-prog.ch\/","name":"GenoProg","description":"BMW \/ MINI automotive electronics specialist","publisher":{"@id":"https:\/\/geno-prog.ch\/#organization"},"potentialAction":[{"@type":"SearchAction","target":{"@type":"EntryPoint","urlTemplate":"https:\/\/geno-prog.ch\/?s={search_term_string}"},"query-input":{"@type":"PropertyValueSpecification","valueRequired":true,"valueName":"search_term_string"}}],"inLanguage":"en-GB"},{"@type":"Organization","@id":"https:\/\/geno-prog.ch\/#organization","name":"GenoProg","url":"https:\/\/geno-prog.ch\/","logo":{"@type":"ImageObject","inLanguage":"en-GB","@id":"https:\/\/geno-prog.ch\/#\/schema\/logo\/image\/","url":"https:\/\/geno-prog.ch\/wp-content\/uploads\/2020\/03\/GenoProg_long.png","contentUrl":"https:\/\/geno-prog.ch\/wp-content\/uploads\/2020\/03\/GenoProg_long.png","width":3086,"height":803,"caption":"GenoProg"},"image":{"@id":"https:\/\/geno-prog.ch\/#\/schema\/logo\/image\/"},"sameAs":["https:\/\/www.facebook.com\/genoprog","https:\/\/www.instagram.com\/genoprog\/","https:\/\/www.youtube.com\/channel\/UC5a5VYzbWdsHNYm2Qtu1F2w"]}]},"product_brand":"external","product_price_amount":"340.00","product_price_currency":"CHF","og_availability":"instock","product_availability":"instock","product_condition":"new"},"_links":{"self":[{"href":"https:\/\/geno-prog.ch\/en\/wp-json\/wp\/v2\/product\/34292","targetHints":{"allow":["GET"]}}],"collection":[{"href":"https:\/\/geno-prog.ch\/en\/wp-json\/wp\/v2\/product"}],"about":[{"href":"https:\/\/geno-prog.ch\/en\/wp-json\/wp\/v2\/types\/product"}],"wp:featuredmedia":[{"embeddable":true,"href":"https:\/\/geno-prog.ch\/en\/wp-json\/wp\/v2\/media\/34293"}],"wp:attachment":[{"href":"https:\/\/geno-prog.ch\/en\/wp-json\/wp\/v2\/media?parent=34292"}],"wp:term":[{"taxonomy":"product_brand","embeddable":true,"href":"https:\/\/geno-prog.ch\/en\/wp-json\/wp\/v2\/product_brand?post=34292"},{"taxonomy":"product_cat","embeddable":true,"href":"https:\/\/geno-prog.ch\/en\/wp-json\/wp\/v2\/product_cat?post=34292"},{"taxonomy":"product_tag","embeddable":true,"href":"https:\/\/geno-prog.ch\/en\/wp-json\/wp\/v2\/product_tag?post=34292"}],"curies":[{"name":"wp","href":"https:\/\/api.w.org\/{rel}","templated":true}]}}