{"id":34152,"date":"2025-01-02T19:50:34","date_gmt":"2025-01-02T18:50:34","guid":{"rendered":"https:\/\/geno-prog.ch\/?post_type=product&#038;p=34152"},"modified":"2025-01-02T20:53:16","modified_gmt":"2025-01-02T19:53:16","slug":"tpms_vw","status":"publish","type":"product","link":"https:\/\/geno-prog.ch\/en\/product\/tpms_vw\/","title":{"rendered":"Tyre pressure sensor (TPMS) AUDI\/VW\/SEAT\/PORSCHE 5Q0907275F"},"content":{"rendered":"<h2 class=\"p1\">Lot de 4 capteurs TPMS (Tyre Pressure Monitoring System) d&rsquo;origine.<\/h2>\n<h2><\/h2>\n<h2><\/h2>\n<h2>Pourquoi utiliser des capteurs d&rsquo;origine et non des capteurs universels ?<\/h2>\n<ul>\n<li>Pas d&rsquo;apprentissage avec un outil sp\u00e9cifique n\u00e9cessaire<\/li>\n<li>Qualit\u00e9 constructeur (OEM)<\/li>\n<li>Compatibilit\u00e9 assur\u00e9e<\/li>\n<\/ul>\n<div class=\"flex max-w-full flex-col flex-grow\">\n<div class=\"min-h-8 text-message flex w-full flex-col items-end gap-2 whitespace-normal break-words text-start [.text-message+&amp;]:mt-5\" dir=\"auto\" data-message-author-role=\"assistant\" data-message-id=\"39d8f09a-376e-4d4d-9998-ca9fc696bb5b\" data-message-model-slug=\"gpt-4o\">\n<div class=\"flex w-full flex-col gap-1 empty:hidden first:pt-[3px]\">\n<div class=\"markdown prose w-full break-words dark:prose-invert dark\">\n<h2><\/h2>\n<h2>Comment savoir si ces capteurs sont compatibles avec mon v\u00e9hicule ?<\/h2>\n<p>Plusieurs r\u00e9f\u00e9rences de pi\u00e8ces peuvent \u00eatre disponibles en fonction de la marque, du mod\u00e8le et de l&rsquo;ann\u00e9e de fabrication de votre v\u00e9hicule. Pour garantir la compatibilit\u00e9, veuillez nous transmettre votre num\u00e9ro de ch\u00e2ssis lors de votre commande.<\/p>\n<p>Vous trouverez ci-dessous la liste des compatibilit\u00e9s (AUDI\/VW\/SEAT\/PORSCHE) :<\/p>\n<p>&nbsp;<\/p>\n<\/div>\n<\/div>\n<\/div>\n<\/div>\n<p class=\"p1\"><span class=\"s1\"><b>Audi A3 (2012-2020)<\/b><\/span><\/p>\n<p class=\"p1\"><span class=\"s1\"><b>Audi A4 (2015-2023)<\/b><\/span><\/p>\n<p class=\"p1\"><span class=\"s1\"><b>Audi A5 (2007-2024)<\/b><\/span><\/p>\n<p class=\"p1\"><span class=\"s1\"><b>Audi A6 (2018-2026)<\/b><\/span><\/p>\n<p class=\"p1\"><span class=\"s1\"><b>Audi A7 (2018-2025)<\/b><\/span><\/p>\n<p class=\"p1\"><span class=\"s1\"><b>Audi A8 (2017-2024)<\/b><\/span><\/p>\n<p class=\"p1\"><span class=\"s1\"><b>Audi Q2 (2016-2024)<\/b><\/span><\/p>\n<p class=\"p1\"><span class=\"s1\"><b>Audi Q3 (2011-2025)<\/b><\/span><\/p>\n<p class=\"p1\"><span class=\"s1\"><b>Audi Q5 (2008-20<\/b><\/span><span class=\"s1\"><b>23)<\/b><\/span><\/p>\n<p class=\"p1\"><span class=\"s1\"><b>Audi Q7 (2014-2015)<\/b><\/span><\/p>\n<p class=\"p1\"><span class=\"s1\"><b>Audi Q8 (2018-2025)<\/b><\/span><\/p>\n<p class=\"p1\"><span class=\"s1\"><b>Audi R8 (2015-2024)<\/b><\/span><\/p>\n<p class=\"p1\"><span class=\"s1\"><b>Audi TT (2014-2022)<\/b><\/span><\/p>\n<p class=\"p1\"><span class=\"s1\"><b>Bentley BENTAYGA (2016-2023)<\/b><\/span><\/p>\n<p class=\"p1\"><span class=\"s1\"><b>Porsche 911 991.2 (2016-2020)<\/b><\/span><\/p>\n<p class=\"p1\"><span class=\"s1\"><b>Porsche CAYENNE (2014-2018)<\/b><\/span><\/p>\n<p class=\"p1\"><span class=\"s1\"><b>Porsche CAYMAN (2016-2020)<\/b><\/span><\/p>\n<p class=\"p1\"><span class=\"s1\"><b>Porsche MACAN (2014-2021)<\/b><\/span><\/p>\n<p class=\"p1\"><span class=\"s1\"><b>Porsche PANAMERA 970 (2014-2017)<\/b><\/span><\/p>\n<p class=\"p1\"><span class=\"s1\"><b>Porsche PANAMERA 971 (2016-2024)<\/b><\/span><\/p>\n<p class=\"p1\"><span class=\"s1\"><b>Skoda CITIGO (2011-2020)<\/b><\/span><\/p>\n<p class=\"p1\"><span class=\"s1\"><b>Skoda FABIA III (2014-2021)<\/b><\/span><\/p>\n<p class=\"p1\"><span class=\"s1\"><b>Skoda FABIA III (2014-2021)<\/b><\/span><\/p>\n<p class=\"p1\"><span class=\"s1\"><b>Skoda KODIAQ (2016-2023)<\/b><\/span><\/p>\n<p class=\"p1\"><span class=\"s1\"><b>Skoda OCTAVIA II (2014-2016)<\/b><\/span><\/p>\n<p class=\"p1\"><span class=\"s1\"><b>Skoda OCTAVIA III (2013-2020)<\/b><\/span><\/p>\n<p class=\"p1\"><span class=\"s1\"><b>Skoda RAPID (2012-2019)<\/b><\/span><\/p>\n<p class=\"p1\"><span class=\"s1\"><b>Skoda RAPID (2013-2019)<\/b><\/span><\/p>\n<p class=\"p1\"><span class=\"s1\"><b>Skoda SUPERB II KOMBI (2008-2016)<\/b><\/span><\/p>\n<p class=\"p1\"><span class=\"s1\"><b>Skoda SUPERB III KOMBI (2015-2022)<\/b><\/span><\/p>\n<p class=\"p1\"><span class=\"s1\"><b>Skoda YETI (2009-2018)<\/b><\/span><\/p>\n<p class=\"p1\"><span class=\"s1\"><b>Volkswagen AMAROK\u00a0 (2009-2018)<\/b><\/span><\/p>\n<p class=\"p1\"><span class=\"s1\"><b>Volkswagen ARTEON (2017-2024)<\/b><\/span><\/p>\n<p class=\"p1\"><span class=\"s1\"><b>Volkswagen BEETLE CABRIOLET (2012-2020)<\/b><\/span><\/p>\n<p class=\"p1\"><span class=\"s1\"><b>Volkswagen CARAVELLE (2003-2016)<\/b><\/span><\/p>\n<p class=\"p1\"><span class=\"s1\"><b>Volkswagen CRAFTER (2014-2017)<\/b><\/span><\/p>\n<p class=\"p1\"><span class=\"s1\"><b>Volkswagen CRAFTER COMBI (2014-2017)<\/b><\/span><\/p>\n<p class=\"p1\"><span class=\"s1\"><b>Volkswagen EOS (2006-2016)<\/b><\/span><\/p>\n<p class=\"p1\"><span class=\"s1\"><b>Volkswagen GOLF PLUS (2008-2014)<\/b><\/span><\/p>\n<p class=\"p1\"><span class=\"s1\"><b>Volkswagen GOLF SPORTSVAN (2014-2021)<\/b><\/span><\/p>\n<p class=\"p1\"><span class=\"s1\"><b>Volkswagen GOLF SPORTSVAN (2014-2021)<\/b><\/span><\/p>\n<p class=\"p1\"><span class=\"s1\"><b>Volkswagen GOLF VI (2008-2021)<\/b><\/span><\/p>\n<p class=\"p1\"><span class=\"s1\"><b>Volkswagen GOLF VI (2009-2014)<\/b><\/span><\/p>\n<p class=\"p1\"><span class=\"s1\"><b>Volkswagen GOLF VII (2012-2020)<\/b><\/span><\/p>\n<p class=\"p1\"><span class=\"s1\"><b>Volkswagen JETTA (2018-2025)<\/b><\/span><\/p>\n<p class=\"p1\"><span class=\"s1\"><b>Volkswagen JETTA IV (2010-2018)<\/b><\/span><\/p>\n<p class=\"p1\"><span class=\"s1\"><b>Volkswagen NEW BEETLE (2011-2020)<\/b><\/span><\/p>\n<p class=\"p1\"><span class=\"s1\"><b>Volkswagen PASSAT (2014-2021)<\/b><\/span><\/p>\n<p class=\"p1\"><span class=\"s1\"><b>Volkswagen POLO (2017-2024)<\/b><\/span><\/p>\n<p class=\"p1\"><span class=\"s1\"><b>Volkswagen SCIROCCO (2008-2018)<\/b><\/span><\/p>\n<p class=\"p1\"><span class=\"s1\"><b>Volkswagen SHARAN (2010-2023)<\/b><\/span><\/p>\n<p class=\"p1\"><span class=\"s1\"><b>Volkswagen TIGUAN (2016-2024)<\/b><\/span><\/p>\n<p class=\"p1\"><span class=\"s1\"><b>Volkswagen TOUAREG (2014-2018)<\/b><\/span><\/p>\n<p class=\"p1\"><span class=\"s1\"><b>Volkswagen TOUAREG (2018-2025)<\/b><\/span><\/p>\n<p class=\"p1\"><span class=\"s1\"><b>Volkswagen TOURAN (2015-2016)<\/b><\/span><\/p>\n<p class=\"p1\"><span class=\"s1\"><b>Volkswagen TOURAN (2015-2022)<\/b><\/span><\/p>\n<p class=\"p1\"><span class=\"s1\"><b>Volkswagen TRANSPORTER (2003-2016)<\/b><\/span><\/p>\n<p>&nbsp;<\/p>\n<h2><\/h2>\n<p><span class=\"s1\">Nouvelle r\u00e9f\u00e9rence : 5Q0907275F<\/span><\/p>\n<p><span class=\"s1\">Remplace les r\u00e9f\u00e9rences : 5Q0907275 et 5Q0907275B<\/span><\/p>\n<blockquote class=\"wp-embedded-content\" data-secret=\"RW3TnGOhie\"><p><a href=\"https:\/\/geno-prog.ch\/produit\/camera-de-recul\/\">Installation cam\u00e9ra de recul d\u2019origine BMW s\u00e9rie Fxx \/ Gxx \/ MINI F55<\/a><\/p><\/blockquote>\n<p><iframe loading=\"lazy\" class=\"wp-embedded-content\" sandbox=\"allow-scripts\" security=\"restricted\" style=\"position: absolute; visibility: hidden;\" title=\"\u00ab\u00a0Installation cam\u00e9ra de recul d\u2019origine BMW s\u00e9rie Fxx \/ Gxx \/ MINI F55\u00a0\u00bb &#8212; GenoProg\" src=\"https:\/\/geno-prog.ch\/produit\/camera-de-recul\/embed\/#?secret=vCnPUDp8o6#?secret=RW3TnGOhie\" data-secret=\"RW3TnGOhie\" width=\"600\" height=\"338\" frameborder=\"0\" marginwidth=\"0\" marginheight=\"0\" scrolling=\"no\"><\/iframe><\/p>\n","protected":false},"excerpt":{"rendered":"<h4><\/h4>\n<h4 class=\"p1\">Set of 4 TPMS sensors for your vehicle.<\/h4>\n<h4>Delivery only in Switzerland!<\/h4>\n<p>&nbsp;<\/p>","protected":false},"featured_media":34154,"template":"","meta":{"_et_pb_use_builder":"","_et_pb_old_content":"","_et_gb_content_width":""},"product_brand":[],"product_cat":[93,288],"product_tag":[],"class_list":{"0":"post-34152","1":"product","2":"type-product","3":"status-publish","4":"has-post-thumbnail","6":"product_cat-porsche","7":"product_cat-tpms","9":"first","10":"instock","11":"shipping-taxable","12":"product-type-external"},"yoast_head":"<!-- This site is optimized with the Yoast SEO Premium plugin v26.5 (Yoast SEO v27.4) - https:\/\/yoast.com\/product\/yoast-seo-premium-wordpress\/ -->\n<title>Capteur de pression des pneus (TPMS) AUDI\/VW\/SEAT\/PORSCHE 5Q0907275F<\/title>\n<meta name=\"description\" content=\"Capteur de pression des pneus (TPMS \/ RDKS) d&#039;origine pour plusieurs s\u00e9ries AUDI, VW, SEAT, SKODA, PORSCHE. Lot de 4 capteurs. R\u00e9f\u00e9rence : 5Q0907275F\" \/>\n<meta name=\"robots\" content=\"index, follow, max-snippet:-1, max-image-preview:large, max-video-preview:-1\" \/>\n<link rel=\"canonical\" href=\"https:\/\/geno-prog.ch\/en\/product\/tpms_vw\/\" \/>\n<meta property=\"og:locale\" content=\"en_GB\" \/>\n<meta property=\"og:type\" content=\"article\" \/>\n<meta property=\"og:title\" content=\"Capteur de pression des pneus (TPMS) AUDI\/VW\/SEAT\/PORSCHE 5Q0907275F\" \/>\n<meta property=\"og:description\" content=\"Capteur de pression des pneus (TPMS \/ RDKS) d&#039;origine pour plusieurs s\u00e9ries AUDI, VW, SEAT, SKODA, PORSCHE. Lot de 4 capteurs. R\u00e9f\u00e9rence : 5Q0907275F\" \/>\n<meta property=\"og:url\" content=\"https:\/\/geno-prog.ch\/en\/product\/tpms_vw\/\" \/>\n<meta property=\"og:site_name\" content=\"GenoProg\" \/>\n<meta property=\"article:publisher\" content=\"https:\/\/www.facebook.com\/genoprog\" \/>\n<meta property=\"article:modified_time\" content=\"2025-01-02T19:53:16+00:00\" \/>\n<meta property=\"og:image\" content=\"https:\/\/geno-prog.ch\/wp-content\/uploads\/2025\/01\/TPMS_VW.jpg\" \/>\n\t<meta property=\"og:image:width\" content=\"1786\" \/>\n\t<meta property=\"og:image:height\" content=\"1312\" \/>\n\t<meta property=\"og:image:type\" content=\"image\/jpeg\" \/>\n<meta name=\"twitter:card\" content=\"summary_large_image\" \/>\n<meta name=\"twitter:label1\" content=\"Price\" \/>\n\t<meta name=\"twitter:data1\" content=\"&#067;&#072;&#070;&nbsp;220.00\" \/>\n\t<meta name=\"twitter:label2\" content=\"Availability\" \/>\n\t<meta name=\"twitter:data2\" content=\"In stock\" \/>\n<script type=\"application\/ld+json\" class=\"yoast-schema-graph\">{\"@context\":\"https:\\\/\\\/schema.org\",\"@graph\":[{\"@type\":\"WebPage\",\"@id\":\"https:\\\/\\\/geno-prog.ch\\\/produit\\\/tpms_vw\\\/\",\"url\":\"https:\\\/\\\/geno-prog.ch\\\/produit\\\/tpms_vw\\\/\",\"name\":\"Capteur de pression des pneus (TPMS) AUDI\\\/VW\\\/SEAT\\\/PORSCHE 5Q0907275F\",\"isPartOf\":{\"@id\":\"https:\\\/\\\/geno-prog.ch\\\/#website\"},\"primaryImageOfPage\":{\"@id\":\"https:\\\/\\\/geno-prog.ch\\\/produit\\\/tpms_vw\\\/#primaryimage\"},\"image\":{\"@id\":\"https:\\\/\\\/geno-prog.ch\\\/produit\\\/tpms_vw\\\/#primaryimage\"},\"thumbnailUrl\":\"https:\\\/\\\/geno-prog.ch\\\/wp-content\\\/uploads\\\/2025\\\/01\\\/TPMS_VW.jpg\",\"datePublished\":\"2025-01-02T18:50:34+00:00\",\"dateModified\":\"2025-01-02T19:53:16+00:00\",\"description\":\"Capteur de pression des pneus (TPMS \\\/ RDKS) d'origine pour plusieurs s\u00e9ries AUDI, VW, SEAT, SKODA, PORSCHE. Lot de 4 capteurs. R\u00e9f\u00e9rence : 5Q0907275F\",\"breadcrumb\":{\"@id\":\"https:\\\/\\\/geno-prog.ch\\\/produit\\\/tpms_vw\\\/#breadcrumb\"},\"inLanguage\":\"en-GB\",\"potentialAction\":[{\"@type\":\"ReadAction\",\"target\":[\"https:\\\/\\\/geno-prog.ch\\\/produit\\\/tpms_vw\\\/\"]}]},{\"@type\":\"ImageObject\",\"inLanguage\":\"en-GB\",\"@id\":\"https:\\\/\\\/geno-prog.ch\\\/produit\\\/tpms_vw\\\/#primaryimage\",\"url\":\"https:\\\/\\\/geno-prog.ch\\\/wp-content\\\/uploads\\\/2025\\\/01\\\/TPMS_VW.jpg\",\"contentUrl\":\"https:\\\/\\\/geno-prog.ch\\\/wp-content\\\/uploads\\\/2025\\\/01\\\/TPMS_VW.jpg\",\"width\":1786,\"height\":1312},{\"@type\":\"BreadcrumbList\",\"@id\":\"https:\\\/\\\/geno-prog.ch\\\/produit\\\/tpms_vw\\\/#breadcrumb\",\"itemListElement\":[{\"@type\":\"ListItem\",\"position\":1,\"name\":\"Accueil\",\"item\":\"https:\\\/\\\/geno-prog.ch\\\/\"},{\"@type\":\"ListItem\",\"position\":2,\"name\":\"T\u00e9l\u00e9chargements\",\"item\":\"https:\\\/\\\/geno-prog.ch\\\/download\\\/\"},{\"@type\":\"ListItem\",\"position\":3,\"name\":\"Capteur de pression des pneus (TPMS) AUDI\\\/VW\\\/SEAT\\\/PORSCHE 5Q0907275F\"}]},{\"@type\":\"WebSite\",\"@id\":\"https:\\\/\\\/geno-prog.ch\\\/#website\",\"url\":\"https:\\\/\\\/geno-prog.ch\\\/\",\"name\":\"GenoProg\",\"description\":\"Sp\u00e9cialiste en \u00e9lectronique automobile BMW \\\/ MINI\",\"publisher\":{\"@id\":\"https:\\\/\\\/geno-prog.ch\\\/#organization\"},\"potentialAction\":[{\"@type\":\"SearchAction\",\"target\":{\"@type\":\"EntryPoint\",\"urlTemplate\":\"https:\\\/\\\/geno-prog.ch\\\/?s={search_term_string}\"},\"query-input\":{\"@type\":\"PropertyValueSpecification\",\"valueRequired\":true,\"valueName\":\"search_term_string\"}}],\"inLanguage\":\"en-GB\"},{\"@type\":\"Organization\",\"@id\":\"https:\\\/\\\/geno-prog.ch\\\/#organization\",\"name\":\"GenoProg\",\"url\":\"https:\\\/\\\/geno-prog.ch\\\/\",\"logo\":{\"@type\":\"ImageObject\",\"inLanguage\":\"en-GB\",\"@id\":\"https:\\\/\\\/geno-prog.ch\\\/#\\\/schema\\\/logo\\\/image\\\/\",\"url\":\"https:\\\/\\\/geno-prog.ch\\\/wp-content\\\/uploads\\\/2020\\\/03\\\/GenoProg_long.png\",\"contentUrl\":\"https:\\\/\\\/geno-prog.ch\\\/wp-content\\\/uploads\\\/2020\\\/03\\\/GenoProg_long.png\",\"width\":3086,\"height\":803,\"caption\":\"GenoProg\"},\"image\":{\"@id\":\"https:\\\/\\\/geno-prog.ch\\\/#\\\/schema\\\/logo\\\/image\\\/\"},\"sameAs\":[\"https:\\\/\\\/www.facebook.com\\\/genoprog\",\"https:\\\/\\\/www.instagram.com\\\/genoprog\\\/\",\"https:\\\/\\\/www.youtube.com\\\/channel\\\/UC5a5VYzbWdsHNYm2Qtu1F2w\"]}]}<\/script>\n<meta property=\"product:brand\" content=\"external\" \/>\n<meta property=\"product:price:amount\" content=\"220.00\" \/>\n<meta property=\"product:price:currency\" content=\"CHF\" \/>\n<meta property=\"og:availability\" content=\"instock\" \/>\n<meta property=\"product:availability\" content=\"instock\" \/>\n<meta property=\"product:condition\" content=\"new\" \/>\n<!-- \/ Yoast SEO Premium plugin. -->","yoast_head_json":{"title":"Tyre pressure sensor (TPMS) AUDI\/VW\/SEAT\/PORSCHE 5Q0907275F","description":"Original tyre pressure sensor (TPMS \/ RDKS) for several AUDI, VW, SEAT, SKODA, PORSCHE series. Set of 4 sensors. Reference : 5Q0907275F","robots":{"index":"index","follow":"follow","max-snippet":"max-snippet:-1","max-image-preview":"max-image-preview:large","max-video-preview":"max-video-preview:-1"},"canonical":"https:\/\/geno-prog.ch\/en\/product\/tpms_vw\/","og_locale":"en_GB","og_type":"article","og_title":"Capteur de pression des pneus (TPMS) AUDI\/VW\/SEAT\/PORSCHE 5Q0907275F","og_description":"Capteur de pression des pneus (TPMS \/ RDKS) d'origine pour plusieurs s\u00e9ries AUDI, VW, SEAT, SKODA, PORSCHE. Lot de 4 capteurs. R\u00e9f\u00e9rence : 5Q0907275F","og_url":"https:\/\/geno-prog.ch\/en\/product\/tpms_vw\/","og_site_name":"GenoProg","article_publisher":"https:\/\/www.facebook.com\/genoprog","article_modified_time":"2025-01-02T19:53:16+00:00","og_image":[{"width":1786,"height":1312,"url":"https:\/\/geno-prog.ch\/wp-content\/uploads\/2025\/01\/TPMS_VW.jpg","type":"image\/jpeg"}],"twitter_card":"summary_large_image","twitter_misc":{"Price":"&#67;&#72;&#70;&nbsp;220.00","Availability":"In stock"},"schema":{"@context":"https:\/\/schema.org","@graph":[{"@type":"WebPage","@id":"https:\/\/geno-prog.ch\/produit\/tpms_vw\/","url":"https:\/\/geno-prog.ch\/produit\/tpms_vw\/","name":"Tyre pressure sensor (TPMS) AUDI\/VW\/SEAT\/PORSCHE 5Q0907275F","isPartOf":{"@id":"https:\/\/geno-prog.ch\/#website"},"primaryImageOfPage":{"@id":"https:\/\/geno-prog.ch\/produit\/tpms_vw\/#primaryimage"},"image":{"@id":"https:\/\/geno-prog.ch\/produit\/tpms_vw\/#primaryimage"},"thumbnailUrl":"https:\/\/geno-prog.ch\/wp-content\/uploads\/2025\/01\/TPMS_VW.jpg","datePublished":"2025-01-02T18:50:34+00:00","dateModified":"2025-01-02T19:53:16+00:00","description":"Original tyre pressure sensor (TPMS \/ RDKS) for several AUDI, VW, SEAT, SKODA, PORSCHE series. Set of 4 sensors. Reference : 5Q0907275F","breadcrumb":{"@id":"https:\/\/geno-prog.ch\/produit\/tpms_vw\/#breadcrumb"},"inLanguage":"en-GB","potentialAction":[{"@type":"ReadAction","target":["https:\/\/geno-prog.ch\/produit\/tpms_vw\/"]}]},{"@type":"ImageObject","inLanguage":"en-GB","@id":"https:\/\/geno-prog.ch\/produit\/tpms_vw\/#primaryimage","url":"https:\/\/geno-prog.ch\/wp-content\/uploads\/2025\/01\/TPMS_VW.jpg","contentUrl":"https:\/\/geno-prog.ch\/wp-content\/uploads\/2025\/01\/TPMS_VW.jpg","width":1786,"height":1312},{"@type":"BreadcrumbList","@id":"https:\/\/geno-prog.ch\/produit\/tpms_vw\/#breadcrumb","itemListElement":[{"@type":"ListItem","position":1,"name":"Accueil","item":"https:\/\/geno-prog.ch\/"},{"@type":"ListItem","position":2,"name":"T\u00e9l\u00e9chargements","item":"https:\/\/geno-prog.ch\/download\/"},{"@type":"ListItem","position":3,"name":"Capteur de pression des pneus (TPMS) AUDI\/VW\/SEAT\/PORSCHE 5Q0907275F"}]},{"@type":"WebSite","@id":"https:\/\/geno-prog.ch\/#website","url":"https:\/\/geno-prog.ch\/","name":"GenoProg","description":"BMW \/ MINI automotive electronics specialist","publisher":{"@id":"https:\/\/geno-prog.ch\/#organization"},"potentialAction":[{"@type":"SearchAction","target":{"@type":"EntryPoint","urlTemplate":"https:\/\/geno-prog.ch\/?s={search_term_string}"},"query-input":{"@type":"PropertyValueSpecification","valueRequired":true,"valueName":"search_term_string"}}],"inLanguage":"en-GB"},{"@type":"Organization","@id":"https:\/\/geno-prog.ch\/#organization","name":"GenoProg","url":"https:\/\/geno-prog.ch\/","logo":{"@type":"ImageObject","inLanguage":"en-GB","@id":"https:\/\/geno-prog.ch\/#\/schema\/logo\/image\/","url":"https:\/\/geno-prog.ch\/wp-content\/uploads\/2020\/03\/GenoProg_long.png","contentUrl":"https:\/\/geno-prog.ch\/wp-content\/uploads\/2020\/03\/GenoProg_long.png","width":3086,"height":803,"caption":"GenoProg"},"image":{"@id":"https:\/\/geno-prog.ch\/#\/schema\/logo\/image\/"},"sameAs":["https:\/\/www.facebook.com\/genoprog","https:\/\/www.instagram.com\/genoprog\/","https:\/\/www.youtube.com\/channel\/UC5a5VYzbWdsHNYm2Qtu1F2w"]}]},"product_brand":"external","product_price_amount":"220.00","product_price_currency":"CHF","og_availability":"instock","product_availability":"instock","product_condition":"new"},"_links":{"self":[{"href":"https:\/\/geno-prog.ch\/en\/wp-json\/wp\/v2\/product\/34152","targetHints":{"allow":["GET"]}}],"collection":[{"href":"https:\/\/geno-prog.ch\/en\/wp-json\/wp\/v2\/product"}],"about":[{"href":"https:\/\/geno-prog.ch\/en\/wp-json\/wp\/v2\/types\/product"}],"wp:featuredmedia":[{"embeddable":true,"href":"https:\/\/geno-prog.ch\/en\/wp-json\/wp\/v2\/media\/34154"}],"wp:attachment":[{"href":"https:\/\/geno-prog.ch\/en\/wp-json\/wp\/v2\/media?parent=34152"}],"wp:term":[{"taxonomy":"product_brand","embeddable":true,"href":"https:\/\/geno-prog.ch\/en\/wp-json\/wp\/v2\/product_brand?post=34152"},{"taxonomy":"product_cat","embeddable":true,"href":"https:\/\/geno-prog.ch\/en\/wp-json\/wp\/v2\/product_cat?post=34152"},{"taxonomy":"product_tag","embeddable":true,"href":"https:\/\/geno-prog.ch\/en\/wp-json\/wp\/v2\/product_tag?post=34152"}],"curies":[{"name":"wp","href":"https:\/\/api.w.org\/{rel}","templated":true}]}}