{"id":34144,"date":"2025-01-02T15:40:55","date_gmt":"2025-01-02T14:40:55","guid":{"rendered":"https:\/\/geno-prog.ch\/?post_type=product&#038;p=34144"},"modified":"2025-01-02T16:08:36","modified_gmt":"2025-01-02T15:08:36","slug":"speed-regulator","status":"publish","type":"product","link":"https:\/\/geno-prog.ch\/en\/product\/speed-regulator\/","title":{"rendered":"Installation of Tempomat Cruise Control BMW F20 &amp; F30"},"content":{"rendered":"<h2 class=\"p1\">\u00a0Compatible vehicle and prerequisites :<\/h2>\n<ul>\n<li>The vehicle must first be fitted with the LIM (speed limiter) button.<\/li>\n<\/ul>\n<p><strong>Compatible models :<\/strong><\/p>\n<ul>\n<li>Series 1: F20, F21<\/li>\n<li>Series 2: F22, F23<\/li>\n<li>Series 3: F30, F31<\/li>\n<li>Series 4: F32, F33<\/li>\n<\/ul>\n<h2 class=\"p1\">Is it also possible to add dynamic cruise control (ACC)?<\/h2>\n<p class=\"p1\">Technically, it is possible to add dynamic cruise control (ACC). However, the number of ECUs required makes such an installation financially unviable. (3,000+) This is why we are not proposing the addition of this functionality.<\/p>\n<p>&nbsp;<\/p>\n<blockquote class=\"wp-embedded-content\" data-secret=\"PZvA2TOzP2\"><p><a href=\"https:\/\/geno-prog.ch\/en\/product\/frm3-bmw-frm-repair-service\/\">BMW lightbox repair \/ FRM Repair<\/a><\/p><\/blockquote>\n<p><iframe loading=\"lazy\" class=\"wp-embedded-content\" sandbox=\"allow-scripts\" security=\"restricted\" style=\"position: absolute; visibility: hidden;\" title=\"&quot;BMW Light Box Repair \/ FRM Repair - GenoProg\" src=\"https:\/\/geno-prog.ch\/produit\/service-de-reparation-frm3-bmw-frm-repair\/embed\/#?secret=6sEL8OJ9hC#?secret=PZvA2TOzP2\" data-secret=\"PZvA2TOzP2\" width=\"600\" height=\"338\" frameborder=\"0\" marginwidth=\"0\" marginheight=\"0\" scrolling=\"no\"><\/iframe><\/p>","protected":false},"excerpt":{"rendered":"<h4 class=\"p1\">We can upgrade your BMW with cruise control<\/h4>\n<ul>\n<li>Original part<\/li>\n<li>Installation<\/li>\n<li>Vehicle programming \/ coding<\/li>\n<\/ul>","protected":false},"featured_media":34145,"template":"","meta":{"_et_pb_use_builder":"","_et_pb_old_content":"","_et_gb_content_width":""},"product_brand":[],"product_cat":[78,285,69,70,71,72],"product_tag":[],"class_list":{"0":"post-34144","1":"product","2":"type-product","3":"status-publish","4":"has-post-thumbnail","6":"product_cat-f3x","7":"product_cat-retrofit","8":"product_cat-serie-1","9":"product_cat-serie-2","10":"product_cat-serie-3","11":"product_cat-serie-4","13":"first","14":"instock","15":"shipping-taxable","16":"product-type-external"},"yoast_head":"<!-- This site is optimized with the Yoast SEO Premium plugin v26.5 (Yoast SEO v27.3) - https:\/\/yoast.com\/product\/yoast-seo-premium-wordpress\/ -->\n<title>Installation Tempomat R\u00e9gulateur De Vitesse BMW F20 &amp; F30 -<\/title>\n<meta name=\"description\" content=\"Ajout du r\u00e9gulateur De Vitesse sur votre s\u00e9rie 1, 2,3 ou 4 (F2x ou F3x). Code option 544. Installation et codage \u00e0 Payerne en Suisse \ud83c\udde8\ud83c\udded\" \/>\n<meta name=\"robots\" content=\"index, follow, max-snippet:-1, max-image-preview:large, max-video-preview:-1\" \/>\n<link rel=\"canonical\" href=\"https:\/\/geno-prog.ch\/en\/product\/speed-regulator\/\" \/>\n<meta property=\"og:locale\" content=\"en_GB\" \/>\n<meta property=\"og:type\" content=\"article\" \/>\n<meta property=\"og:title\" content=\"Installation Tempomat R\u00e9gulateur De Vitesse BMW F20 &amp; F30\" \/>\n<meta property=\"og:description\" content=\"Ajout du r\u00e9gulateur De Vitesse sur votre s\u00e9rie 1, 2,3 ou 4 (F2x ou F3x). Code option 544. Installation et codage \u00e0 Payerne en Suisse \ud83c\udde8\ud83c\udded\" \/>\n<meta property=\"og:url\" content=\"https:\/\/geno-prog.ch\/en\/product\/speed-regulator\/\" \/>\n<meta property=\"og:site_name\" content=\"GenoProg\" \/>\n<meta property=\"article:publisher\" content=\"https:\/\/www.facebook.com\/genoprog\" \/>\n<meta property=\"article:modified_time\" content=\"2025-01-02T15:08:36+00:00\" \/>\n<meta property=\"og:image\" content=\"https:\/\/geno-prog.ch\/wp-content\/uploads\/2025\/01\/544_TEMPOMAT.jpg\" \/>\n\t<meta property=\"og:image:width\" content=\"1184\" \/>\n\t<meta property=\"og:image:height\" content=\"878\" \/>\n\t<meta property=\"og:image:type\" content=\"image\/jpeg\" \/>\n<meta name=\"twitter:card\" content=\"summary_large_image\" \/>\n<meta name=\"twitter:label1\" content=\"Price\" \/>\n\t<meta name=\"twitter:data1\" content=\"&#067;&#072;&#070;&nbsp;550.00\" \/>\n\t<meta name=\"twitter:label2\" content=\"Availability\" \/>\n\t<meta name=\"twitter:data2\" content=\"In stock\" \/>\n<script type=\"application\/ld+json\" class=\"yoast-schema-graph\">{\"@context\":\"https:\\\/\\\/schema.org\",\"@graph\":[{\"@type\":\"WebPage\",\"@id\":\"https:\\\/\\\/geno-prog.ch\\\/produit\\\/regulateur-de-vitesse\\\/\",\"url\":\"https:\\\/\\\/geno-prog.ch\\\/produit\\\/regulateur-de-vitesse\\\/\",\"name\":\"Installation Tempomat R\u00e9gulateur De Vitesse BMW F20 & F30 -\",\"isPartOf\":{\"@id\":\"https:\\\/\\\/geno-prog.ch\\\/#website\"},\"primaryImageOfPage\":{\"@id\":\"https:\\\/\\\/geno-prog.ch\\\/produit\\\/regulateur-de-vitesse\\\/#primaryimage\"},\"image\":{\"@id\":\"https:\\\/\\\/geno-prog.ch\\\/produit\\\/regulateur-de-vitesse\\\/#primaryimage\"},\"thumbnailUrl\":\"https:\\\/\\\/geno-prog.ch\\\/wp-content\\\/uploads\\\/2025\\\/01\\\/544_TEMPOMAT.jpg\",\"datePublished\":\"2025-01-02T14:40:55+00:00\",\"dateModified\":\"2025-01-02T15:08:36+00:00\",\"description\":\"Ajout du r\u00e9gulateur De Vitesse sur votre s\u00e9rie 1, 2,3 ou 4 (F2x ou F3x). Code option 544. Installation et codage \u00e0 Payerne en Suisse \ud83c\udde8\ud83c\udded\",\"breadcrumb\":{\"@id\":\"https:\\\/\\\/geno-prog.ch\\\/produit\\\/regulateur-de-vitesse\\\/#breadcrumb\"},\"inLanguage\":\"en-GB\",\"potentialAction\":[{\"@type\":\"ReadAction\",\"target\":[\"https:\\\/\\\/geno-prog.ch\\\/produit\\\/regulateur-de-vitesse\\\/\"]}]},{\"@type\":\"ImageObject\",\"inLanguage\":\"en-GB\",\"@id\":\"https:\\\/\\\/geno-prog.ch\\\/produit\\\/regulateur-de-vitesse\\\/#primaryimage\",\"url\":\"https:\\\/\\\/geno-prog.ch\\\/wp-content\\\/uploads\\\/2025\\\/01\\\/544_TEMPOMAT.jpg\",\"contentUrl\":\"https:\\\/\\\/geno-prog.ch\\\/wp-content\\\/uploads\\\/2025\\\/01\\\/544_TEMPOMAT.jpg\",\"width\":1184,\"height\":878},{\"@type\":\"BreadcrumbList\",\"@id\":\"https:\\\/\\\/geno-prog.ch\\\/produit\\\/regulateur-de-vitesse\\\/#breadcrumb\",\"itemListElement\":[{\"@type\":\"ListItem\",\"position\":1,\"name\":\"Accueil\",\"item\":\"https:\\\/\\\/geno-prog.ch\\\/\"},{\"@type\":\"ListItem\",\"position\":2,\"name\":\"T\u00e9l\u00e9chargements\",\"item\":\"https:\\\/\\\/geno-prog.ch\\\/download\\\/\"},{\"@type\":\"ListItem\",\"position\":3,\"name\":\"Installation Tempomat R\u00e9gulateur De Vitesse BMW F20 &#038; F30\"}]},{\"@type\":\"WebSite\",\"@id\":\"https:\\\/\\\/geno-prog.ch\\\/#website\",\"url\":\"https:\\\/\\\/geno-prog.ch\\\/\",\"name\":\"GenoProg\",\"description\":\"Sp\u00e9cialiste en \u00e9lectronique automobile BMW \\\/ MINI\",\"publisher\":{\"@id\":\"https:\\\/\\\/geno-prog.ch\\\/#organization\"},\"potentialAction\":[{\"@type\":\"SearchAction\",\"target\":{\"@type\":\"EntryPoint\",\"urlTemplate\":\"https:\\\/\\\/geno-prog.ch\\\/?s={search_term_string}\"},\"query-input\":{\"@type\":\"PropertyValueSpecification\",\"valueRequired\":true,\"valueName\":\"search_term_string\"}}],\"inLanguage\":\"en-GB\"},{\"@type\":\"Organization\",\"@id\":\"https:\\\/\\\/geno-prog.ch\\\/#organization\",\"name\":\"GenoProg\",\"url\":\"https:\\\/\\\/geno-prog.ch\\\/\",\"logo\":{\"@type\":\"ImageObject\",\"inLanguage\":\"en-GB\",\"@id\":\"https:\\\/\\\/geno-prog.ch\\\/#\\\/schema\\\/logo\\\/image\\\/\",\"url\":\"https:\\\/\\\/geno-prog.ch\\\/wp-content\\\/uploads\\\/2020\\\/03\\\/GenoProg_long.png\",\"contentUrl\":\"https:\\\/\\\/geno-prog.ch\\\/wp-content\\\/uploads\\\/2020\\\/03\\\/GenoProg_long.png\",\"width\":3086,\"height\":803,\"caption\":\"GenoProg\"},\"image\":{\"@id\":\"https:\\\/\\\/geno-prog.ch\\\/#\\\/schema\\\/logo\\\/image\\\/\"},\"sameAs\":[\"https:\\\/\\\/www.facebook.com\\\/genoprog\",\"https:\\\/\\\/www.instagram.com\\\/genoprog\\\/\",\"https:\\\/\\\/www.youtube.com\\\/channel\\\/UC5a5VYzbWdsHNYm2Qtu1F2w\"]}]}<\/script>\n<meta property=\"product:brand\" content=\"external\" \/>\n<meta property=\"product:price:amount\" content=\"550.00\" \/>\n<meta property=\"product:price:currency\" content=\"CHF\" \/>\n<meta property=\"og:availability\" content=\"instock\" \/>\n<meta property=\"product:availability\" content=\"instock\" \/>\n<meta property=\"product:condition\" content=\"new\" \/>\n<!-- \/ Yoast SEO Premium plugin. -->","yoast_head_json":{"title":"Installation of Tempomat Cruise Control BMW F20 &amp; F30 -","description":"Add a speed regulator to your 1, 2, 3 or 4 series (F2x or F3x). Option code 544. Installation and coding in Payerne, Switzerland \ud83c\udde8\ud83c\udded","robots":{"index":"index","follow":"follow","max-snippet":"max-snippet:-1","max-image-preview":"max-image-preview:large","max-video-preview":"max-video-preview:-1"},"canonical":"https:\/\/geno-prog.ch\/en\/product\/speed-regulator\/","og_locale":"en_GB","og_type":"article","og_title":"Installation Tempomat R\u00e9gulateur De Vitesse BMW F20 & F30","og_description":"Ajout du r\u00e9gulateur De Vitesse sur votre s\u00e9rie 1, 2,3 ou 4 (F2x ou F3x). Code option 544. Installation et codage \u00e0 Payerne en Suisse \ud83c\udde8\ud83c\udded","og_url":"https:\/\/geno-prog.ch\/en\/product\/speed-regulator\/","og_site_name":"GenoProg","article_publisher":"https:\/\/www.facebook.com\/genoprog","article_modified_time":"2025-01-02T15:08:36+00:00","og_image":[{"width":1184,"height":878,"url":"https:\/\/geno-prog.ch\/wp-content\/uploads\/2025\/01\/544_TEMPOMAT.jpg","type":"image\/jpeg"}],"twitter_card":"summary_large_image","twitter_misc":{"Price":"&#67;&#72;&#70;&nbsp;550.00","Availability":"In stock"},"schema":{"@context":"https:\/\/schema.org","@graph":[{"@type":"WebPage","@id":"https:\/\/geno-prog.ch\/produit\/regulateur-de-vitesse\/","url":"https:\/\/geno-prog.ch\/produit\/regulateur-de-vitesse\/","name":"Installation of Tempomat Cruise Control BMW F20 &amp; F30 -","isPartOf":{"@id":"https:\/\/geno-prog.ch\/#website"},"primaryImageOfPage":{"@id":"https:\/\/geno-prog.ch\/produit\/regulateur-de-vitesse\/#primaryimage"},"image":{"@id":"https:\/\/geno-prog.ch\/produit\/regulateur-de-vitesse\/#primaryimage"},"thumbnailUrl":"https:\/\/geno-prog.ch\/wp-content\/uploads\/2025\/01\/544_TEMPOMAT.jpg","datePublished":"2025-01-02T14:40:55+00:00","dateModified":"2025-01-02T15:08:36+00:00","description":"Add a speed regulator to your 1, 2, 3 or 4 series (F2x or F3x). Option code 544. Installation and coding in Payerne, Switzerland \ud83c\udde8\ud83c\udded","breadcrumb":{"@id":"https:\/\/geno-prog.ch\/produit\/regulateur-de-vitesse\/#breadcrumb"},"inLanguage":"en-GB","potentialAction":[{"@type":"ReadAction","target":["https:\/\/geno-prog.ch\/produit\/regulateur-de-vitesse\/"]}]},{"@type":"ImageObject","inLanguage":"en-GB","@id":"https:\/\/geno-prog.ch\/produit\/regulateur-de-vitesse\/#primaryimage","url":"https:\/\/geno-prog.ch\/wp-content\/uploads\/2025\/01\/544_TEMPOMAT.jpg","contentUrl":"https:\/\/geno-prog.ch\/wp-content\/uploads\/2025\/01\/544_TEMPOMAT.jpg","width":1184,"height":878},{"@type":"BreadcrumbList","@id":"https:\/\/geno-prog.ch\/produit\/regulateur-de-vitesse\/#breadcrumb","itemListElement":[{"@type":"ListItem","position":1,"name":"Accueil","item":"https:\/\/geno-prog.ch\/"},{"@type":"ListItem","position":2,"name":"T\u00e9l\u00e9chargements","item":"https:\/\/geno-prog.ch\/download\/"},{"@type":"ListItem","position":3,"name":"Installation Tempomat R\u00e9gulateur De Vitesse BMW F20 &#038; F30"}]},{"@type":"WebSite","@id":"https:\/\/geno-prog.ch\/#website","url":"https:\/\/geno-prog.ch\/","name":"GenoProg","description":"BMW \/ MINI automotive electronics specialist","publisher":{"@id":"https:\/\/geno-prog.ch\/#organization"},"potentialAction":[{"@type":"SearchAction","target":{"@type":"EntryPoint","urlTemplate":"https:\/\/geno-prog.ch\/?s={search_term_string}"},"query-input":{"@type":"PropertyValueSpecification","valueRequired":true,"valueName":"search_term_string"}}],"inLanguage":"en-GB"},{"@type":"Organization","@id":"https:\/\/geno-prog.ch\/#organization","name":"GenoProg","url":"https:\/\/geno-prog.ch\/","logo":{"@type":"ImageObject","inLanguage":"en-GB","@id":"https:\/\/geno-prog.ch\/#\/schema\/logo\/image\/","url":"https:\/\/geno-prog.ch\/wp-content\/uploads\/2020\/03\/GenoProg_long.png","contentUrl":"https:\/\/geno-prog.ch\/wp-content\/uploads\/2020\/03\/GenoProg_long.png","width":3086,"height":803,"caption":"GenoProg"},"image":{"@id":"https:\/\/geno-prog.ch\/#\/schema\/logo\/image\/"},"sameAs":["https:\/\/www.facebook.com\/genoprog","https:\/\/www.instagram.com\/genoprog\/","https:\/\/www.youtube.com\/channel\/UC5a5VYzbWdsHNYm2Qtu1F2w"]}]},"product_brand":"external","product_price_amount":"550.00","product_price_currency":"CHF","og_availability":"instock","product_availability":"instock","product_condition":"new"},"_links":{"self":[{"href":"https:\/\/geno-prog.ch\/en\/wp-json\/wp\/v2\/product\/34144","targetHints":{"allow":["GET"]}}],"collection":[{"href":"https:\/\/geno-prog.ch\/en\/wp-json\/wp\/v2\/product"}],"about":[{"href":"https:\/\/geno-prog.ch\/en\/wp-json\/wp\/v2\/types\/product"}],"wp:featuredmedia":[{"embeddable":true,"href":"https:\/\/geno-prog.ch\/en\/wp-json\/wp\/v2\/media\/34145"}],"wp:attachment":[{"href":"https:\/\/geno-prog.ch\/en\/wp-json\/wp\/v2\/media?parent=34144"}],"wp:term":[{"taxonomy":"product_brand","embeddable":true,"href":"https:\/\/geno-prog.ch\/en\/wp-json\/wp\/v2\/product_brand?post=34144"},{"taxonomy":"product_cat","embeddable":true,"href":"https:\/\/geno-prog.ch\/en\/wp-json\/wp\/v2\/product_cat?post=34144"},{"taxonomy":"product_tag","embeddable":true,"href":"https:\/\/geno-prog.ch\/en\/wp-json\/wp\/v2\/product_tag?post=34144"}],"curies":[{"name":"wp","href":"https:\/\/api.w.org\/{rel}","templated":true}]}}