{"id":33684,"date":"2022-05-15T11:47:41","date_gmt":"2022-05-15T09:47:41","guid":{"rendered":"https:\/\/geno-prog.ch\/?post_type=product&#038;p=33684"},"modified":"2023-10-22T17:53:42","modified_gmt":"2023-10-22T15:53:42","slug":"dme_bench_unlock","status":"publish","type":"product","link":"https:\/\/geno-prog.ch\/en\/product\/dme_bench_unlock\/","title":{"rendered":"Engine ECU unlocking for OBD operations"},"content":{"rendered":"<h5>With this unlocked, it is possible to reprogram your ECU via OBD with MHD \/ Bootmod3 (BM3).<\/h5>\n<h5 class=\"p1\">This offer only includes unlocking your ECU, no MHD\/BM3 licence.<\/h5>\n<h5 class=\"p1\">You can bring us the calculator already dismantled (by appointment only) or send it to us by post (m<span class=\"s1\">Please contact us to arrange delivery<\/span><span class=\"s2\">).<\/span><\/h5>\n<h5 class=\"p4\">Compatible models (until June 2020) :<\/h5>\n<p class=\"p4\"><span class=\"s3\">- Series 1 F20, F21<\/span><\/p>\n<p class=\"p4\"><span class=\"s3\">- Series 2 F22, F23<span class=\"Apple-converted-space\">\u00a0<\/span><\/span><\/p>\n<p class=\"p4\"><span class=\"s3\">- M2 N55 and M2 competition<\/span><\/p>\n<p class=\"p4\"><span class=\"s3\">- Series 3 F30, F31<\/span><\/p>\n<p class=\"p4\"><span class=\"s3\">- M3 and M3 Competition (F80)<\/span><\/p>\n<p class=\"p4\"><span class=\"s3\">- Series 4 F32, F33<span class=\"Apple-converted-space\">\u00a0<\/span><\/span><\/p>\n<p class=\"p4\"><span class=\"s3\">- M4 and M4 Competition (F82 and F83)<\/span><\/p>\n<p class=\"p4\"><span class=\"s3\">- 5 Series G30, G31<\/span><\/p>\n<p class=\"p4\"><span class=\"s3\">- Toyota Supra with B58 engine<\/span><\/p>\n<p class=\"p4\"><span class=\"s3\">- EDC17, MEVD17.2.G TC1797<\/span><\/p>","protected":false},"excerpt":{"rendered":"<h5 class=\"p1\">DME Bench Unlock Patch S55, N20, N26, N55, B48, B46, B58, S58, F &amp; G Series and Toyota Supra MKV<\/h5>","protected":false},"featured_media":33797,"template":"","meta":{"_et_pb_use_builder":"","_et_pb_old_content":"","_et_gb_content_width":""},"product_brand":[],"product_cat":[90,282,78,89,84,85,284,86,281,92,69,70,71,72,73,74,79,81],"product_tag":[],"class_list":{"0":"post-33684","1":"product","2":"type-product","3":"status-publish","4":"has-post-thumbnail","6":"product_cat-codage","7":"product_cat-ecu","8":"product_cat-f3x","9":"product_cat-m2-f87","10":"product_cat-m3-e9x","11":"product_cat-m3-m4-f8x","12":"product_cat-m4-g8x","13":"product_cat-m5-f10","14":"product_cat-m5-f90","15":"product_cat-m6-f06-f12-f13","16":"product_cat-serie-1","17":"product_cat-serie-2","18":"product_cat-serie-3","19":"product_cat-serie-4","20":"product_cat-serie-5","21":"product_cat-serie-6","22":"product_cat-x1-x7","23":"product_cat-z4","25":"first","26":"instock","27":"shipping-taxable","28":"product-type-external"},"yoast_head":"<!-- This site is optimized with the Yoast SEO Premium plugin v26.5 (Yoast SEO v27.3) - https:\/\/yoast.com\/product\/yoast-seo-premium-wordpress\/ -->\n<title>D\u00e9verrouillage calculateur moteur pour les op\u00e9rations en OBD<\/title>\n<meta name=\"description\" content=\"OBD DME Bench Unlock Patch S55, N20, N26, N55, B48, B46, B58, S58, S\u00e9ries F &amp; G et Toyota Supra MKV. M2, M3, M4 Comp\u00e9tition\" \/>\n<meta name=\"robots\" content=\"index, follow, max-snippet:-1, max-image-preview:large, max-video-preview:-1\" \/>\n<link rel=\"canonical\" href=\"https:\/\/geno-prog.ch\/en\/product\/dme_bench_unlock\/\" \/>\n<meta property=\"og:locale\" content=\"en_GB\" \/>\n<meta property=\"og:type\" content=\"article\" \/>\n<meta property=\"og:title\" content=\"D\u00e9verrouillage calculateur moteur pour les op\u00e9rations en OBD\" \/>\n<meta property=\"og:description\" content=\"OBD DME Bench Unlock Patch S55, N20, N26, N55, B48, B46, B58, S58, S\u00e9ries F &amp; G et Toyota Supra MKV. M2, M3, M4 Comp\u00e9tition\" \/>\n<meta property=\"og:url\" content=\"https:\/\/geno-prog.ch\/en\/product\/dme_bench_unlock\/\" \/>\n<meta property=\"og:site_name\" content=\"GenoProg\" \/>\n<meta property=\"article:publisher\" content=\"https:\/\/www.facebook.com\/genoprog\" \/>\n<meta property=\"article:modified_time\" content=\"2023-10-22T15:53:42+00:00\" \/>\n<meta property=\"og:image\" content=\"https:\/\/geno-prog.ch\/wp-content\/uploads\/2022\/05\/DME_UNLOCK_m2.jpg\" \/>\n\t<meta property=\"og:image:width\" content=\"2462\" \/>\n\t<meta property=\"og:image:height\" content=\"1840\" \/>\n\t<meta property=\"og:image:type\" content=\"image\/jpeg\" \/>\n<meta name=\"twitter:card\" content=\"summary_large_image\" \/>\n<meta name=\"twitter:label1\" content=\"Price\" \/>\n\t<meta name=\"twitter:data1\" content=\"&#067;&#072;&#070;&nbsp;250.00\" \/>\n\t<meta name=\"twitter:label2\" content=\"Availability\" \/>\n\t<meta name=\"twitter:data2\" content=\"In stock\" \/>\n<script type=\"application\/ld+json\" class=\"yoast-schema-graph\">{\"@context\":\"https:\\\/\\\/schema.org\",\"@graph\":[{\"@type\":\"WebPage\",\"@id\":\"https:\\\/\\\/geno-prog.ch\\\/produit\\\/dme_bench_unlock\\\/\",\"url\":\"https:\\\/\\\/geno-prog.ch\\\/produit\\\/dme_bench_unlock\\\/\",\"name\":\"D\u00e9verrouillage calculateur moteur pour les op\u00e9rations en OBD\",\"isPartOf\":{\"@id\":\"https:\\\/\\\/geno-prog.ch\\\/#website\"},\"primaryImageOfPage\":{\"@id\":\"https:\\\/\\\/geno-prog.ch\\\/produit\\\/dme_bench_unlock\\\/#primaryimage\"},\"image\":{\"@id\":\"https:\\\/\\\/geno-prog.ch\\\/produit\\\/dme_bench_unlock\\\/#primaryimage\"},\"thumbnailUrl\":\"https:\\\/\\\/geno-prog.ch\\\/wp-content\\\/uploads\\\/2022\\\/05\\\/DME_UNLOCK_m2.jpg\",\"datePublished\":\"2022-05-15T09:47:41+00:00\",\"dateModified\":\"2023-10-22T15:53:42+00:00\",\"description\":\"OBD DME Bench Unlock Patch S55, N20, N26, N55, B48, B46, B58, S58, S\u00e9ries F & G et Toyota Supra MKV. M2, M3, M4 Comp\u00e9tition\",\"breadcrumb\":{\"@id\":\"https:\\\/\\\/geno-prog.ch\\\/produit\\\/dme_bench_unlock\\\/#breadcrumb\"},\"inLanguage\":\"en-GB\",\"potentialAction\":[{\"@type\":\"ReadAction\",\"target\":[\"https:\\\/\\\/geno-prog.ch\\\/produit\\\/dme_bench_unlock\\\/\"]}]},{\"@type\":\"ImageObject\",\"inLanguage\":\"en-GB\",\"@id\":\"https:\\\/\\\/geno-prog.ch\\\/produit\\\/dme_bench_unlock\\\/#primaryimage\",\"url\":\"https:\\\/\\\/geno-prog.ch\\\/wp-content\\\/uploads\\\/2022\\\/05\\\/DME_UNLOCK_m2.jpg\",\"contentUrl\":\"https:\\\/\\\/geno-prog.ch\\\/wp-content\\\/uploads\\\/2022\\\/05\\\/DME_UNLOCK_m2.jpg\",\"width\":2462,\"height\":1840},{\"@type\":\"BreadcrumbList\",\"@id\":\"https:\\\/\\\/geno-prog.ch\\\/produit\\\/dme_bench_unlock\\\/#breadcrumb\",\"itemListElement\":[{\"@type\":\"ListItem\",\"position\":1,\"name\":\"Accueil\",\"item\":\"https:\\\/\\\/geno-prog.ch\\\/\"},{\"@type\":\"ListItem\",\"position\":2,\"name\":\"T\u00e9l\u00e9chargements\",\"item\":\"https:\\\/\\\/geno-prog.ch\\\/download\\\/\"},{\"@type\":\"ListItem\",\"position\":3,\"name\":\"D\u00e9verrouillage calculateur moteur pour les op\u00e9rations en OBD\"}]},{\"@type\":\"WebSite\",\"@id\":\"https:\\\/\\\/geno-prog.ch\\\/#website\",\"url\":\"https:\\\/\\\/geno-prog.ch\\\/\",\"name\":\"GenoProg\",\"description\":\"Sp\u00e9cialiste en \u00e9lectronique automobile BMW \\\/ MINI\",\"publisher\":{\"@id\":\"https:\\\/\\\/geno-prog.ch\\\/#organization\"},\"potentialAction\":[{\"@type\":\"SearchAction\",\"target\":{\"@type\":\"EntryPoint\",\"urlTemplate\":\"https:\\\/\\\/geno-prog.ch\\\/?s={search_term_string}\"},\"query-input\":{\"@type\":\"PropertyValueSpecification\",\"valueRequired\":true,\"valueName\":\"search_term_string\"}}],\"inLanguage\":\"en-GB\"},{\"@type\":\"Organization\",\"@id\":\"https:\\\/\\\/geno-prog.ch\\\/#organization\",\"name\":\"GenoProg\",\"url\":\"https:\\\/\\\/geno-prog.ch\\\/\",\"logo\":{\"@type\":\"ImageObject\",\"inLanguage\":\"en-GB\",\"@id\":\"https:\\\/\\\/geno-prog.ch\\\/#\\\/schema\\\/logo\\\/image\\\/\",\"url\":\"https:\\\/\\\/geno-prog.ch\\\/wp-content\\\/uploads\\\/2020\\\/03\\\/GenoProg_long.png\",\"contentUrl\":\"https:\\\/\\\/geno-prog.ch\\\/wp-content\\\/uploads\\\/2020\\\/03\\\/GenoProg_long.png\",\"width\":3086,\"height\":803,\"caption\":\"GenoProg\"},\"image\":{\"@id\":\"https:\\\/\\\/geno-prog.ch\\\/#\\\/schema\\\/logo\\\/image\\\/\"},\"sameAs\":[\"https:\\\/\\\/www.facebook.com\\\/genoprog\",\"https:\\\/\\\/www.instagram.com\\\/genoprog\\\/\",\"https:\\\/\\\/www.youtube.com\\\/channel\\\/UC5a5VYzbWdsHNYm2Qtu1F2w\"]}]}<\/script>\n<meta property=\"product:brand\" content=\"external\" \/>\n<meta property=\"product:price:amount\" content=\"250.00\" \/>\n<meta property=\"product:price:currency\" content=\"CHF\" \/>\n<meta property=\"og:availability\" content=\"instock\" \/>\n<meta property=\"product:availability\" content=\"instock\" \/>\n<meta property=\"product:condition\" content=\"new\" \/>\n<!-- \/ Yoast SEO Premium plugin. -->","yoast_head_json":{"title":"Engine ECU unlocking for OBD operations","description":"OBD DME Bench Unlock Patch S55, N20, N26, N55, B48, B46, B58, S58, F &amp; G Series and Toyota Supra MKV. M2, M3, M4 Competition","robots":{"index":"index","follow":"follow","max-snippet":"max-snippet:-1","max-image-preview":"max-image-preview:large","max-video-preview":"max-video-preview:-1"},"canonical":"https:\/\/geno-prog.ch\/en\/product\/dme_bench_unlock\/","og_locale":"en_GB","og_type":"article","og_title":"D\u00e9verrouillage calculateur moteur pour les op\u00e9rations en OBD","og_description":"OBD DME Bench Unlock Patch S55, N20, N26, N55, B48, B46, B58, S58, S\u00e9ries F & G et Toyota Supra MKV. M2, M3, M4 Comp\u00e9tition","og_url":"https:\/\/geno-prog.ch\/en\/product\/dme_bench_unlock\/","og_site_name":"GenoProg","article_publisher":"https:\/\/www.facebook.com\/genoprog","article_modified_time":"2023-10-22T15:53:42+00:00","og_image":[{"width":2462,"height":1840,"url":"https:\/\/geno-prog.ch\/wp-content\/uploads\/2022\/05\/DME_UNLOCK_m2.jpg","type":"image\/jpeg"}],"twitter_card":"summary_large_image","twitter_misc":{"Price":"&#67;&#72;&#70;&nbsp;250.00","Availability":"In stock"},"schema":{"@context":"https:\/\/schema.org","@graph":[{"@type":"WebPage","@id":"https:\/\/geno-prog.ch\/produit\/dme_bench_unlock\/","url":"https:\/\/geno-prog.ch\/produit\/dme_bench_unlock\/","name":"Engine ECU unlocking for OBD operations","isPartOf":{"@id":"https:\/\/geno-prog.ch\/#website"},"primaryImageOfPage":{"@id":"https:\/\/geno-prog.ch\/produit\/dme_bench_unlock\/#primaryimage"},"image":{"@id":"https:\/\/geno-prog.ch\/produit\/dme_bench_unlock\/#primaryimage"},"thumbnailUrl":"https:\/\/geno-prog.ch\/wp-content\/uploads\/2022\/05\/DME_UNLOCK_m2.jpg","datePublished":"2022-05-15T09:47:41+00:00","dateModified":"2023-10-22T15:53:42+00:00","description":"OBD DME Bench Unlock Patch S55, N20, N26, N55, B48, B46, B58, S58, F &amp; G Series and Toyota Supra MKV. M2, M3, M4 Competition","breadcrumb":{"@id":"https:\/\/geno-prog.ch\/produit\/dme_bench_unlock\/#breadcrumb"},"inLanguage":"en-GB","potentialAction":[{"@type":"ReadAction","target":["https:\/\/geno-prog.ch\/produit\/dme_bench_unlock\/"]}]},{"@type":"ImageObject","inLanguage":"en-GB","@id":"https:\/\/geno-prog.ch\/produit\/dme_bench_unlock\/#primaryimage","url":"https:\/\/geno-prog.ch\/wp-content\/uploads\/2022\/05\/DME_UNLOCK_m2.jpg","contentUrl":"https:\/\/geno-prog.ch\/wp-content\/uploads\/2022\/05\/DME_UNLOCK_m2.jpg","width":2462,"height":1840},{"@type":"BreadcrumbList","@id":"https:\/\/geno-prog.ch\/produit\/dme_bench_unlock\/#breadcrumb","itemListElement":[{"@type":"ListItem","position":1,"name":"Accueil","item":"https:\/\/geno-prog.ch\/"},{"@type":"ListItem","position":2,"name":"T\u00e9l\u00e9chargements","item":"https:\/\/geno-prog.ch\/download\/"},{"@type":"ListItem","position":3,"name":"D\u00e9verrouillage calculateur moteur pour les op\u00e9rations en OBD"}]},{"@type":"WebSite","@id":"https:\/\/geno-prog.ch\/#website","url":"https:\/\/geno-prog.ch\/","name":"GenoProg","description":"BMW \/ MINI automotive electronics specialist","publisher":{"@id":"https:\/\/geno-prog.ch\/#organization"},"potentialAction":[{"@type":"SearchAction","target":{"@type":"EntryPoint","urlTemplate":"https:\/\/geno-prog.ch\/?s={search_term_string}"},"query-input":{"@type":"PropertyValueSpecification","valueRequired":true,"valueName":"search_term_string"}}],"inLanguage":"en-GB"},{"@type":"Organization","@id":"https:\/\/geno-prog.ch\/#organization","name":"GenoProg","url":"https:\/\/geno-prog.ch\/","logo":{"@type":"ImageObject","inLanguage":"en-GB","@id":"https:\/\/geno-prog.ch\/#\/schema\/logo\/image\/","url":"https:\/\/geno-prog.ch\/wp-content\/uploads\/2020\/03\/GenoProg_long.png","contentUrl":"https:\/\/geno-prog.ch\/wp-content\/uploads\/2020\/03\/GenoProg_long.png","width":3086,"height":803,"caption":"GenoProg"},"image":{"@id":"https:\/\/geno-prog.ch\/#\/schema\/logo\/image\/"},"sameAs":["https:\/\/www.facebook.com\/genoprog","https:\/\/www.instagram.com\/genoprog\/","https:\/\/www.youtube.com\/channel\/UC5a5VYzbWdsHNYm2Qtu1F2w"]}]},"product_brand":"external","product_price_amount":"250.00","product_price_currency":"CHF","og_availability":"instock","product_availability":"instock","product_condition":"new"},"_links":{"self":[{"href":"https:\/\/geno-prog.ch\/en\/wp-json\/wp\/v2\/product\/33684","targetHints":{"allow":["GET"]}}],"collection":[{"href":"https:\/\/geno-prog.ch\/en\/wp-json\/wp\/v2\/product"}],"about":[{"href":"https:\/\/geno-prog.ch\/en\/wp-json\/wp\/v2\/types\/product"}],"wp:featuredmedia":[{"embeddable":true,"href":"https:\/\/geno-prog.ch\/en\/wp-json\/wp\/v2\/media\/33797"}],"wp:attachment":[{"href":"https:\/\/geno-prog.ch\/en\/wp-json\/wp\/v2\/media?parent=33684"}],"wp:term":[{"taxonomy":"product_brand","embeddable":true,"href":"https:\/\/geno-prog.ch\/en\/wp-json\/wp\/v2\/product_brand?post=33684"},{"taxonomy":"product_cat","embeddable":true,"href":"https:\/\/geno-prog.ch\/en\/wp-json\/wp\/v2\/product_cat?post=33684"},{"taxonomy":"product_tag","embeddable":true,"href":"https:\/\/geno-prog.ch\/en\/wp-json\/wp\/v2\/product_tag?post=33684"}],"curies":[{"name":"wp","href":"https:\/\/api.w.org\/{rel}","templated":true}]}}