{"id":33398,"date":"2020-03-26T15:25:10","date_gmt":"2020-03-26T14:25:10","guid":{"rendered":"http:\/\/geno-prog.ch\/?post_type=product&#038;p=33398"},"modified":"2026-03-02T13:04:08","modified_gmt":"2026-03-02T12:04:08","slug":"frm3-bmw-frm-repair-service","status":"publish","type":"product","link":"https:\/\/geno-prog.ch\/en\/product\/frm3-bmw-frm-repair-service\/","title":{"rendered":"Footwell module BMW \/ MINI FRM Repair"},"content":{"rendered":"<blockquote>\n<h2>lighting system stop carefully bmw<\/h2>\n<\/blockquote>\n<h2><\/h2>\n<h2 class=\"p1\"><strong><span class=\"s1\">Have you disconnected the battery and the lights on your vehicle no longer work?<span class=\"Apple-converted-space\">\u00a0<\/span><\/span><\/strong><\/h2>\n<p class=\"p1\"><span class=\"s1\">We can carry out a professional repair of your FRM III lighting module on your BMW or MINI and offer you a 12-month guarantee.<\/span><\/p>\n<p class=\"p1\"><span class=\"s1\">We can also unblock your FRM 1, 2 and 3 in the event of a short-circuit (blocked exit, only with the vehicle on site).<span class=\"Apple-converted-space\">\u00a0<\/span><\/span><\/p>\n<p class=\"p1\"><span class=\"s1\">Complete FRM 3 repairs can also be carried out without having to bring the vehicle (send the faulty box, return the repaired box - please contact us to arrange shipment).<\/span><\/p>\n<h2><\/h2>\n<h2 class=\"p1\"><strong><span class=\"s1\">How much does a new FRM module for BMW or MINI cost? <\/span><\/strong><\/h2>\n<p class=\"p1\"><span class=\"s1\">A new lighting module costs more than CHF 800. We can repair your FRM module for as little as CHF 170 (incl. VAT), with a 12-month guarantee!<\/span><\/p>\n<h2><\/h2>\n<h2><strong>How much does it cost to have it repaired?<\/strong><\/h2>\n<p><strong>We offer two repair solutions:<\/strong><\/p>\n<ul>\n<li>Dismantling and sending the FRM module to our premises for repair: CHF 170 (CONTACT US BEFORE)<\/li>\n<li>Full service, turnkey solution on our premises: CHF 250.00<\/li>\n<\/ul>\n<h2><\/h2>\n<h2><strong>What is the success rate of repairs?<\/strong><\/h2>\n<p>The repair success rate is close to 100 %, provided that no other repair attempt has been made previously. Otherwise, the data could be corrupted, making recovery impossible.<\/p>\n<h2><\/h2>\n<h2><strong>Does the box need to be reprogrammed or coded after repair?<\/strong><\/h2>\n<p>Not with us! We recover the data from your module, restore it and reprogram everything to match your vehicle's chassis number. This makes reassembly plug-and-play.<\/p>\n<h2><\/h2>\n<h2><strong>How long will it take to repair my FRM module if I ship it?<\/strong><\/h2>\n<p>Repairs usually take one working day. In order to check our availability and list your part correctly, please contact us by WhatsApp or telephone before sending us your FRM module.<\/p>\n<h2><\/h2>\n<h2 class=\"p1\"><strong><span class=\"s1\">Symptoms of a faulty FRM 3 (one or more) :<\/span><\/strong><\/h2>\n<p class=\"p1\"><span class=\"s1\">- Non-functional front windows<\/span><\/p>\n<p class=\"p1\"><span class=\"s1\">- Headlights, brake lights and indicators no longer work<\/span><\/p>\n<p class=\"p1\"><span class=\"s1\">- Dipped headlights on all the time<\/span><\/p>\n<p class=\"p1\"><span class=\"s1\">- Red indicator light (car on lift in handset)<\/span><\/p>\n<p class=\"p1\"><span class=\"s1\">- Door open warning and D-start not possible (X5 and X6 E7x).<\/span><\/p>\n<p class=\"p1\"><span class=\"s1\">- Non-diagnostic FRM (OBD)<\/span><\/p>\n<h2 class=\"p1\"><strong><span class=\"s1\">I have a blocked output on my FRM (1 &amp; 2) or NFRM, but the rest works.<\/span><\/strong><\/h2>\n<p class=\"p1\"><strong><span class=\"s1\">Symptoms of a blocked exit FRM I, II or III :<\/span><\/strong><\/p>\n<p class=\"p1\"><span class=\"s1\">- A single lighting element no longer works (e.g. reversing light no longer works, despite bulb replacement)<\/span><\/p>\n<p class=\"p1\"><span class=\"s1\">We can also unblock your FRM 1, 2 and 3 in the event of a short-circuit (blocked exit, only with the vehicle on site).<\/span><\/p>\n<p>Fault code: 9CBA, 9CBB, 9CB9, etc (short-circuit error). FRM A3C1<\/p>\n<p class=\"p1\"><span class=\"s1\">Generally, this problem is caused by a short-circuit in the harness, water ingress or an incorrectly sized bulb.<\/span><\/p>\n<p>&nbsp;<\/p>\n<h2><strong>Could the problem reappear?<\/strong><\/h2>\n<p>It is possible that the problem will reappear in the years to come, as it is unfortunately a design fault. The FRM module is sensitive to voltage drops, and it's not uncommon for this problem to occur after a battery change. If your battery is weak, we recommend that you replace it to eliminate the main cause. What's more, a new module is no exception to this rule, as we've already seen. However, if you would like to use a new module, we can program it into your vehicle.<\/p>\n<h2><\/h2>\n<h2 class=\"p1\"><strong><span class=\"s1\">Are you unsure about the fault or do you have any questions? Don't hesitate to ask us.<\/span><\/strong><\/h2>\n<p>&nbsp;<\/p>\n<p class=\"p1\"><span class=\"s1\">GenoProg S\u00e0rl<\/span><\/p>\n<p class=\"p1\"><span class=\"s1\">Route de Grandcour 64<\/span><\/p>\n<p class=\"p1\"><span class=\"s1\">1530 Payerne<\/span><\/p>\n<p class=\"p1\"><span class=\"s1\">Phone, SMS &amp; WhatsApp on 076 715 76 36<\/span><\/p>\n<p class=\"p1\"><span class=\"s1\">Ref. 61356827064, 61359390491, 61359340339, 61359286887<\/span><\/p>\n<p class=\"p1\"><span class=\"s1\">For BMW: E81, E82, E84, E87, E90, E91, E92, E70, E71, E72 \/ MINI R55, R56, R57, R58, R59, R60, R61. Reparatur Fussraummodul (FRM).<\/span><\/p>","protected":false},"excerpt":{"rendered":"<p>&nbsp;<\/p>\n<p><strong><em>Professional repair of your FRM III lighting module on your BMW or MINI with a 12-month warranty.<\/em><\/strong><\/p>","protected":false},"featured_media":33567,"template":"","meta":{"_et_pb_use_builder":"","_et_pb_old_content":"","_et_gb_content_width":""},"product_brand":[],"product_cat":[91],"product_tag":[],"class_list":{"0":"post-33398","1":"product","2":"type-product","3":"status-publish","4":"has-post-thumbnail","6":"product_cat-reparation","8":"first","9":"instock","10":"shipping-taxable","11":"product-type-external"},"yoast_head":"<!-- This site is optimized with the Yoast SEO Premium plugin v26.5 (Yoast SEO v27.3) - https:\/\/yoast.com\/product\/yoast-seo-premium-wordpress\/ -->\n<title>R\u00e9paration bo\u00eetier d&#039;\u00e9clairage BMW \/ MINI \/ FRM Repair - GenoProg<\/title>\n<meta name=\"description\" content=\"R\u00e9paration professionnelle de votre module d\u2019\u00e9clairage FRM III BMW ou MINI. Eclairage! S&#039;arr\u00eater prudemment Dysfonctionnement de t\u00e9moins A3C1, 9CBA S0114\ud83d\udca1\" \/>\n<meta name=\"robots\" content=\"index, follow, max-snippet:-1, max-image-preview:large, max-video-preview:-1\" \/>\n<link rel=\"canonical\" href=\"https:\/\/geno-prog.ch\/en\/product\/frm3-bmw-frm-repair-service\/\" \/>\n<meta property=\"og:locale\" content=\"en_GB\" \/>\n<meta property=\"og:type\" content=\"article\" \/>\n<meta property=\"og:title\" content=\"R\u00e9paration bo\u00eetier d&#039;\u00e9clairage BMW \/ MINI \/ FRM Repair\" \/>\n<meta property=\"og:description\" content=\"R\u00e9paration professionnelle de votre module d\u2019\u00e9clairage FRM III BMW ou MINI. Eclairage! S&#039;arr\u00eater prudemment Dysfonctionnement de t\u00e9moins A3C1, 9CBA S0114\ud83d\udca1\" \/>\n<meta property=\"og:url\" content=\"https:\/\/geno-prog.ch\/en\/product\/frm3-bmw-frm-repair-service\/\" \/>\n<meta property=\"og:site_name\" content=\"GenoProg\" \/>\n<meta property=\"article:publisher\" content=\"https:\/\/www.facebook.com\/genoprog\" \/>\n<meta property=\"article:modified_time\" content=\"2026-03-02T12:04:08+00:00\" \/>\n<meta property=\"og:image\" content=\"https:\/\/geno-prog.ch\/wp-content\/uploads\/2020\/03\/FRM-Repair-1-.jpg\" \/>\n\t<meta property=\"og:image:width\" content=\"1260\" \/>\n\t<meta property=\"og:image:height\" content=\"1696\" \/>\n\t<meta property=\"og:image:type\" content=\"image\/jpeg\" \/>\n<meta name=\"twitter:card\" content=\"summary_large_image\" \/>\n<meta name=\"twitter:label1\" content=\"Price\" \/>\n\t<meta name=\"twitter:data1\" content=\"&#067;&#072;&#070;&nbsp;170.00\" \/>\n\t<meta name=\"twitter:label2\" content=\"Availability\" \/>\n\t<meta name=\"twitter:data2\" content=\"In stock\" \/>\n<script type=\"application\/ld+json\" class=\"yoast-schema-graph\">{\"@context\":\"https:\\\/\\\/schema.org\",\"@graph\":[{\"@type\":\"WebPage\",\"@id\":\"https:\\\/\\\/geno-prog.ch\\\/produit\\\/service-de-reparation-frm3-bmw-frm-repair\\\/\",\"url\":\"https:\\\/\\\/geno-prog.ch\\\/produit\\\/service-de-reparation-frm3-bmw-frm-repair\\\/\",\"name\":\"R\u00e9paration bo\u00eetier d'\u00e9clairage BMW \\\/ MINI \\\/ FRM Repair - GenoProg\",\"isPartOf\":{\"@id\":\"https:\\\/\\\/geno-prog.ch\\\/#website\"},\"primaryImageOfPage\":{\"@id\":\"https:\\\/\\\/geno-prog.ch\\\/produit\\\/service-de-reparation-frm3-bmw-frm-repair\\\/#primaryimage\"},\"image\":{\"@id\":\"https:\\\/\\\/geno-prog.ch\\\/produit\\\/service-de-reparation-frm3-bmw-frm-repair\\\/#primaryimage\"},\"thumbnailUrl\":\"https:\\\/\\\/geno-prog.ch\\\/wp-content\\\/uploads\\\/2020\\\/03\\\/FRM-Repair-1-.jpg\",\"datePublished\":\"2020-03-26T14:25:10+00:00\",\"dateModified\":\"2026-03-02T12:04:08+00:00\",\"description\":\"R\u00e9paration professionnelle de votre module d\u2019\u00e9clairage FRM III BMW ou MINI. Eclairage! S'arr\u00eater prudemment Dysfonctionnement de t\u00e9moins A3C1, 9CBA S0114\ud83d\udca1\",\"breadcrumb\":{\"@id\":\"https:\\\/\\\/geno-prog.ch\\\/produit\\\/service-de-reparation-frm3-bmw-frm-repair\\\/#breadcrumb\"},\"inLanguage\":\"en-GB\",\"potentialAction\":[{\"@type\":\"ReadAction\",\"target\":[\"https:\\\/\\\/geno-prog.ch\\\/produit\\\/service-de-reparation-frm3-bmw-frm-repair\\\/\"]}]},{\"@type\":\"ImageObject\",\"inLanguage\":\"en-GB\",\"@id\":\"https:\\\/\\\/geno-prog.ch\\\/produit\\\/service-de-reparation-frm3-bmw-frm-repair\\\/#primaryimage\",\"url\":\"https:\\\/\\\/geno-prog.ch\\\/wp-content\\\/uploads\\\/2020\\\/03\\\/FRM-Repair-1-.jpg\",\"contentUrl\":\"https:\\\/\\\/geno-prog.ch\\\/wp-content\\\/uploads\\\/2020\\\/03\\\/FRM-Repair-1-.jpg\",\"width\":1260,\"height\":1696,\"caption\":\"Module FRM BENCH\"},{\"@type\":\"BreadcrumbList\",\"@id\":\"https:\\\/\\\/geno-prog.ch\\\/produit\\\/service-de-reparation-frm3-bmw-frm-repair\\\/#breadcrumb\",\"itemListElement\":[{\"@type\":\"ListItem\",\"position\":1,\"name\":\"Accueil\",\"item\":\"https:\\\/\\\/geno-prog.ch\\\/\"},{\"@type\":\"ListItem\",\"position\":2,\"name\":\"T\u00e9l\u00e9chargements\",\"item\":\"https:\\\/\\\/geno-prog.ch\\\/download\\\/\"},{\"@type\":\"ListItem\",\"position\":3,\"name\":\"R\u00e9paration bo\u00eetier d&rsquo;\u00e9clairage BMW \\\/ MINI \\\/ FRM Repair\"}]},{\"@type\":\"WebSite\",\"@id\":\"https:\\\/\\\/geno-prog.ch\\\/#website\",\"url\":\"https:\\\/\\\/geno-prog.ch\\\/\",\"name\":\"GenoProg\",\"description\":\"Sp\u00e9cialiste en \u00e9lectronique automobile BMW \\\/ MINI\",\"publisher\":{\"@id\":\"https:\\\/\\\/geno-prog.ch\\\/#organization\"},\"potentialAction\":[{\"@type\":\"SearchAction\",\"target\":{\"@type\":\"EntryPoint\",\"urlTemplate\":\"https:\\\/\\\/geno-prog.ch\\\/?s={search_term_string}\"},\"query-input\":{\"@type\":\"PropertyValueSpecification\",\"valueRequired\":true,\"valueName\":\"search_term_string\"}}],\"inLanguage\":\"en-GB\"},{\"@type\":\"Organization\",\"@id\":\"https:\\\/\\\/geno-prog.ch\\\/#organization\",\"name\":\"GenoProg\",\"url\":\"https:\\\/\\\/geno-prog.ch\\\/\",\"logo\":{\"@type\":\"ImageObject\",\"inLanguage\":\"en-GB\",\"@id\":\"https:\\\/\\\/geno-prog.ch\\\/#\\\/schema\\\/logo\\\/image\\\/\",\"url\":\"https:\\\/\\\/geno-prog.ch\\\/wp-content\\\/uploads\\\/2020\\\/03\\\/GenoProg_long.png\",\"contentUrl\":\"https:\\\/\\\/geno-prog.ch\\\/wp-content\\\/uploads\\\/2020\\\/03\\\/GenoProg_long.png\",\"width\":3086,\"height\":803,\"caption\":\"GenoProg\"},\"image\":{\"@id\":\"https:\\\/\\\/geno-prog.ch\\\/#\\\/schema\\\/logo\\\/image\\\/\"},\"sameAs\":[\"https:\\\/\\\/www.facebook.com\\\/genoprog\",\"https:\\\/\\\/www.instagram.com\\\/genoprog\\\/\",\"https:\\\/\\\/www.youtube.com\\\/channel\\\/UC5a5VYzbWdsHNYm2Qtu1F2w\"]}]}<\/script>\n<meta property=\"product:brand\" content=\"external\" \/>\n<meta property=\"product:price:amount\" content=\"170.00\" \/>\n<meta property=\"product:price:currency\" content=\"CHF\" \/>\n<meta property=\"og:availability\" content=\"instock\" \/>\n<meta property=\"product:availability\" content=\"instock\" \/>\n<meta property=\"product:condition\" content=\"new\" \/>\n<!-- \/ Yoast SEO Premium plugin. -->","yoast_head_json":{"title":"Light Box Repair BMW \/ MINI \/ FRM Repair - GenoProg","description":"Professional repair of your FRM III BMW or MINI lighting module. Lighting! Stop with care Malfunction of warning lights A3C1, 9CBA S0114\ud83d\udca1","robots":{"index":"index","follow":"follow","max-snippet":"max-snippet:-1","max-image-preview":"max-image-preview:large","max-video-preview":"max-video-preview:-1"},"canonical":"https:\/\/geno-prog.ch\/en\/product\/frm3-bmw-frm-repair-service\/","og_locale":"en_GB","og_type":"article","og_title":"R\u00e9paration bo\u00eetier d'\u00e9clairage BMW \/ MINI \/ FRM Repair","og_description":"R\u00e9paration professionnelle de votre module d\u2019\u00e9clairage FRM III BMW ou MINI. Eclairage! S'arr\u00eater prudemment Dysfonctionnement de t\u00e9moins A3C1, 9CBA S0114\ud83d\udca1","og_url":"https:\/\/geno-prog.ch\/en\/product\/frm3-bmw-frm-repair-service\/","og_site_name":"GenoProg","article_publisher":"https:\/\/www.facebook.com\/genoprog","article_modified_time":"2026-03-02T12:04:08+00:00","og_image":[{"width":1260,"height":1696,"url":"https:\/\/geno-prog.ch\/wp-content\/uploads\/2020\/03\/FRM-Repair-1-.jpg","type":"image\/jpeg"}],"twitter_card":"summary_large_image","twitter_misc":{"Price":"&#67;&#72;&#70;&nbsp;170.00","Availability":"In stock"},"schema":{"@context":"https:\/\/schema.org","@graph":[{"@type":"WebPage","@id":"https:\/\/geno-prog.ch\/produit\/service-de-reparation-frm3-bmw-frm-repair\/","url":"https:\/\/geno-prog.ch\/produit\/service-de-reparation-frm3-bmw-frm-repair\/","name":"Light Box Repair BMW \/ MINI \/ FRM Repair - GenoProg","isPartOf":{"@id":"https:\/\/geno-prog.ch\/#website"},"primaryImageOfPage":{"@id":"https:\/\/geno-prog.ch\/produit\/service-de-reparation-frm3-bmw-frm-repair\/#primaryimage"},"image":{"@id":"https:\/\/geno-prog.ch\/produit\/service-de-reparation-frm3-bmw-frm-repair\/#primaryimage"},"thumbnailUrl":"https:\/\/geno-prog.ch\/wp-content\/uploads\/2020\/03\/FRM-Repair-1-.jpg","datePublished":"2020-03-26T14:25:10+00:00","dateModified":"2026-03-02T12:04:08+00:00","description":"Professional repair of your FRM III BMW or MINI lighting module. Lighting! Stop with care Malfunction of warning lights A3C1, 9CBA S0114\ud83d\udca1","breadcrumb":{"@id":"https:\/\/geno-prog.ch\/produit\/service-de-reparation-frm3-bmw-frm-repair\/#breadcrumb"},"inLanguage":"en-GB","potentialAction":[{"@type":"ReadAction","target":["https:\/\/geno-prog.ch\/produit\/service-de-reparation-frm3-bmw-frm-repair\/"]}]},{"@type":"ImageObject","inLanguage":"en-GB","@id":"https:\/\/geno-prog.ch\/produit\/service-de-reparation-frm3-bmw-frm-repair\/#primaryimage","url":"https:\/\/geno-prog.ch\/wp-content\/uploads\/2020\/03\/FRM-Repair-1-.jpg","contentUrl":"https:\/\/geno-prog.ch\/wp-content\/uploads\/2020\/03\/FRM-Repair-1-.jpg","width":1260,"height":1696,"caption":"Module FRM BENCH"},{"@type":"BreadcrumbList","@id":"https:\/\/geno-prog.ch\/produit\/service-de-reparation-frm3-bmw-frm-repair\/#breadcrumb","itemListElement":[{"@type":"ListItem","position":1,"name":"Accueil","item":"https:\/\/geno-prog.ch\/"},{"@type":"ListItem","position":2,"name":"T\u00e9l\u00e9chargements","item":"https:\/\/geno-prog.ch\/download\/"},{"@type":"ListItem","position":3,"name":"R\u00e9paration bo\u00eetier d&rsquo;\u00e9clairage BMW \/ MINI \/ FRM Repair"}]},{"@type":"WebSite","@id":"https:\/\/geno-prog.ch\/#website","url":"https:\/\/geno-prog.ch\/","name":"GenoProg","description":"BMW \/ MINI automotive electronics specialist","publisher":{"@id":"https:\/\/geno-prog.ch\/#organization"},"potentialAction":[{"@type":"SearchAction","target":{"@type":"EntryPoint","urlTemplate":"https:\/\/geno-prog.ch\/?s={search_term_string}"},"query-input":{"@type":"PropertyValueSpecification","valueRequired":true,"valueName":"search_term_string"}}],"inLanguage":"en-GB"},{"@type":"Organization","@id":"https:\/\/geno-prog.ch\/#organization","name":"GenoProg","url":"https:\/\/geno-prog.ch\/","logo":{"@type":"ImageObject","inLanguage":"en-GB","@id":"https:\/\/geno-prog.ch\/#\/schema\/logo\/image\/","url":"https:\/\/geno-prog.ch\/wp-content\/uploads\/2020\/03\/GenoProg_long.png","contentUrl":"https:\/\/geno-prog.ch\/wp-content\/uploads\/2020\/03\/GenoProg_long.png","width":3086,"height":803,"caption":"GenoProg"},"image":{"@id":"https:\/\/geno-prog.ch\/#\/schema\/logo\/image\/"},"sameAs":["https:\/\/www.facebook.com\/genoprog","https:\/\/www.instagram.com\/genoprog\/","https:\/\/www.youtube.com\/channel\/UC5a5VYzbWdsHNYm2Qtu1F2w"]}]},"product_brand":"external","product_price_amount":"170.00","product_price_currency":"CHF","og_availability":"instock","product_availability":"instock","product_condition":"new"},"_links":{"self":[{"href":"https:\/\/geno-prog.ch\/en\/wp-json\/wp\/v2\/product\/33398","targetHints":{"allow":["GET"]}}],"collection":[{"href":"https:\/\/geno-prog.ch\/en\/wp-json\/wp\/v2\/product"}],"about":[{"href":"https:\/\/geno-prog.ch\/en\/wp-json\/wp\/v2\/types\/product"}],"wp:featuredmedia":[{"embeddable":true,"href":"https:\/\/geno-prog.ch\/en\/wp-json\/wp\/v2\/media\/33567"}],"wp:attachment":[{"href":"https:\/\/geno-prog.ch\/en\/wp-json\/wp\/v2\/media?parent=33398"}],"wp:term":[{"taxonomy":"product_brand","embeddable":true,"href":"https:\/\/geno-prog.ch\/en\/wp-json\/wp\/v2\/product_brand?post=33398"},{"taxonomy":"product_cat","embeddable":true,"href":"https:\/\/geno-prog.ch\/en\/wp-json\/wp\/v2\/product_cat?post=33398"},{"taxonomy":"product_tag","embeddable":true,"href":"https:\/\/geno-prog.ch\/en\/wp-json\/wp\/v2\/product_tag?post=33398"}],"curies":[{"name":"wp","href":"https:\/\/api.w.org\/{rel}","templated":true}]}}