{"id":34506,"date":"2026-01-11T13:22:31","date_gmt":"2026-01-11T12:22:31","guid":{"rendered":"https:\/\/geno-prog.ch\/?post_type=product&#038;p=34506"},"modified":"2026-01-11T13:45:15","modified_gmt":"2026-01-11T12:45:15","slug":"bildschirm-cadillac-cue","status":"publish","type":"product","link":"https:\/\/geno-prog.ch\/de\/produkt\/bildschirm-cadillac-cue\/","title":{"rendered":"Touchscreen-Reparatur Cadillac CUE"},"content":{"rendered":"<h1>Touchscreen-Reparatur Cadillac CUE<\/h1>\n<p><strong>Preis :<\/strong> CHF 350.- <em>(Demontage der Einheit durch den Kunden)<\/em><\/p>\n<h2>Radio-\/Touchscreen-Reparatur Cadillac CUE<\/h2>\n<p><strong>Kompatible Modelle :<\/strong> ATS, CTS, CTS-V, ELR, Escalade, SRX, XTS, etc.<\/p>\n<p>Ihr Touchscreen <strong>Cadillac CUE<\/strong> nicht mehr richtig reagiert, Sehrisse aufweist<br \/>\noder l\u00f6st selbstst\u00e4ndig Aktionen aus? Wir bieten einen <strong>Reparatur Touchscreen Cadillac CUE in der Schweiz<\/strong>,<br \/>\nspezialisiert, zuverl\u00e4ssig und langlebig, um Ihrem originalen Multimediasystem ein zweites Leben zu verleihen.<\/p>\n<h2>H\u00e4ufige Probleme mit dem Cadillac CUE-Bildschirm (unterst\u00fctzt)<\/h2>\n<ul>\n<li>Gesprungener \/ optisch geknackter Bildschirm<\/li>\n<li>Touchscreen, der teilweise oder vollst\u00e4ndig nicht mehr reagiert<\/li>\n<li><strong>Ghost Tasten<\/strong> : Der Bildschirm w\u00e4hlt Funktionen selbstst\u00e4ndig ohne Interaktion aus.<\/li>\n<li>Schlechte oder langsame Genauigkeit des Touchscreens<\/li>\n<\/ul>\n<p>\ud83d\udc49 Die Reparatur besteht aus dem <strong>Ersetzen der defekten Tastschicht<\/strong>, Sie k\u00f6nnen das Fahrzeug auch mit einem anderen Ger\u00e4t ausstatten, ohne die urspr\u00fcngliche Einheit des Fahrzeugs zu ver\u00e4ndern.<br \/>\nEs gibt also <strong>keine Notwendigkeit, in eine Agentur zu gehen<\/strong> f\u00fcr irgendeine Art von Codierung oder Umprogrammierung.<\/p>\n<h2>Was die Reparatur nicht abdeckt<\/h2>\n<ul>\n<li>V\u00f6llig schwarzer Bildschirm \/ keine Anzeige mehr<\/li>\n<li>Problem mit den Tasten am Klimaanlagen- oder L\u00fcftungspanel<\/li>\n<\/ul>\n<p>\u26a0\ufe0f In manchen F\u00e4llen k\u00f6nnen wir diese Probleme auch beheben, aber das ist eine separate Reparatur.<br \/>\n<strong>Kontaktieren Sie uns<\/strong> f\u00fcr eine Bewertung.<\/p>\n<h2>Wie viel kostet die Reparatur?<\/h2>\n<p>Je nach Ihren Bed\u00fcrfnissen bieten wir zwei L\u00f6sungen an:<\/p>\n<h3>Option 1 - Einsenden des Moduls (empfohlen, um Kosten zu sparen)<\/h3>\n<ul>\n<li>Abbau und Versand der Medieneinheit durch den Kunden<\/li>\n<li>Reparatur in unseren R\u00e4umlichkeiten<\/li>\n<li><strong>Preis: CHF 350.-<\/strong><\/li>\n<\/ul>\n<p>\ud83d\udce9 <strong>Kontaktieren Sie uns unbedingt vor dem Versand<\/strong> um ein Reparaturformular zu erhalten.<\/p>\n<h3>Option 2 - Vollst\u00e4ndige Betreuung (schl\u00fcsselfertig)<\/h3>\n<ul>\n<li>Von uns durchgef\u00fchrte Demontage, Reparatur und Wiedermontage<\/li>\n<li>Intervention in unseren Werkst\u00e4tten von <strong>Payerne<\/strong> oder <strong>Nyon<\/strong><\/li>\n<li><strong>Preis: CHF 400.- bis CHF 500.-<\/strong><\/li>\n<\/ul>\n<p>\u23f1\ufe0f Zeit und Preis h\u00e4ngen vom genauen Modell ab.<br \/>\n\ud83d\udcde F\u00fcr einen genauen Kostenvoranschlag geben Sie bitte an <strong>die Vorlage<\/strong> und <strong>das Jahr<\/strong> des Fahrzeugs.<\/p>\n<h2>Garantie<\/h2>\n<p>\u2714\ufe0f <strong>24 Monate Garantie<\/strong> \u00fcber die Wiedergutmachung.<br \/>\nWir verwenden hochwertige Komponenten und bew\u00e4hrte Verfahren, um eine dauerhafte L\u00f6sung zu gew\u00e4hrleisten.<\/p>\n<h2>Kompatible Cadillac-Modelle<\/h2>\n<ul>\n<li>Cadillac ATS \/ ATS-V (2013-2020)<\/li>\n<li>Cadillac Escalade (2015-2020)<\/li>\n<li>Cadillac SRX (2013-2016)<\/li>\n<li>Cadillac XTS (2013-2020)<\/li>\n<li>Cadillac CTS \/ CTS-V (2013-2020)<\/li>\n<li>Cadillac ELR (2014-2016)<\/li>\n<\/ul>\n<h2>Kompatible OEM-Referenzen (nicht ersch\u00f6pfende Liste)<\/h2>\n<ul>\n<li>22980208<\/li>\n<li>22986276<\/li>\n<li>23106488<\/li>\n<li>23106489<\/li>\n<li>23173153<\/li>\n<li>23173157<\/li>\n<li>23233090<\/li>\n<li>23239089<\/li>\n<li>23243166<\/li>\n<li>23286469<\/li>\n<\/ul>\n<h2>Ben\u00f6tigen Sie Hilfe oder einen Kostenvoranschlag?<\/h2>\n<p>Z\u00f6gern Sie nicht <strong>uns kontaktieren<\/strong> vor jeder Bestellung, um die Kompatibilit\u00e4t mit Ihrem Fahrzeug zu \u00fcberpr\u00fcfen<br \/>\noder bei technischen Fragen.<\/p>\n<hr \/>\n<h2>FAQ - Touchscreen-Reparatur Cadillac CUE<\/h2>\n<h3>Der Cadillac CUE-Bildschirm reagiert nicht mehr, kann er repariert werden?<\/h3>\n<p>Ja. In den meisten F\u00e4llen l\u00e4sst sich ein nicht reagierender Cadillac CUE-Touchscreen durch den Austausch der defekten Touchscreen-Schicht reparieren.<\/p>\n<h3>Kann das Ghost-Touch-Problem bei Cadillac CUE behoben werden?<\/h3>\n<p>Ja. Ghost Keys sind ein h\u00e4ufiges Problem des Cadillac CUE-Systems und werden durch unsere Intervention behoben.<\/p>\n<h3>Muss der Bildschirm nach der Reparatur programmiert werden?<\/h3>\n<p>Nein. Die Reparatur erfordert keine Codierung, Neuprogrammierung oder den Besuch einer Konzession.<\/p>\n<h3>Ist die Reparatur garantiert?<\/h3>\n<p>Ja. Alle unsere Cadillac CUE Touchscreen-Reparaturen sind garantiert <strong>24 Monate<\/strong>.<\/p>","protected":false},"excerpt":{"rendered":"<h3><strong>Cadillac CUE Touchscreen Reparaturservice.<\/strong><\/h3>","protected":false},"featured_media":34507,"template":"","meta":{"_et_pb_use_builder":"","_et_pb_old_content":"","_et_gb_content_width":""},"product_brand":[],"product_cat":[91],"product_tag":[],"class_list":{"0":"post-34506","1":"product","2":"type-product","3":"status-publish","4":"has-post-thumbnail","6":"product_cat-reparation","8":"first","9":"instock","10":"shipping-taxable","11":"product-type-external"},"yoast_head":"<!-- This site is optimized with the Yoast SEO Premium plugin v26.5 (Yoast SEO v27.4) - https:\/\/yoast.com\/product\/yoast-seo-premium-wordpress\/ -->\n<title>R\u00e9paration \u00e9cran tactile Cadillac CUE | Garantie 24 mois \u2013 Suisse<\/title>\n<meta name=\"description\" content=\"R\u00e9paration \u00e9cran tactile Cadillac CUE : ghost touch, \u00e9cran fissur\u00e9 ou non r\u00e9actif. Escalade, ATS, CTS, etc. Service en Suisse, garantie 24 mois.\" \/>\n<meta name=\"robots\" content=\"index, follow, max-snippet:-1, max-image-preview:large, max-video-preview:-1\" \/>\n<link rel=\"canonical\" href=\"https:\/\/geno-prog.ch\/de\/produkt\/bildschirm-cadillac-cue\/\" \/>\n<meta property=\"og:locale\" content=\"de_DE\" \/>\n<meta property=\"og:type\" content=\"article\" \/>\n<meta property=\"og:title\" content=\"R\u00e9paration \u00e9cran tactile Cadillac CUE\" \/>\n<meta property=\"og:description\" content=\"R\u00e9paration \u00e9cran tactile Cadillac CUE : ghost touch, \u00e9cran fissur\u00e9 ou non r\u00e9actif. Escalade, ATS, CTS, etc. Service en Suisse, garantie 24 mois.\" \/>\n<meta property=\"og:url\" content=\"https:\/\/geno-prog.ch\/de\/produkt\/bildschirm-cadillac-cue\/\" \/>\n<meta property=\"og:site_name\" content=\"GenoProg\" \/>\n<meta property=\"article:publisher\" content=\"https:\/\/www.facebook.com\/genoprog\" \/>\n<meta property=\"article:modified_time\" content=\"2026-01-11T12:45:15+00:00\" \/>\n<meta property=\"og:image\" content=\"https:\/\/geno-prog.ch\/wp-content\/uploads\/2026\/01\/CADILLAC_HS.jpg\" \/>\n\t<meta property=\"og:image:width\" content=\"2216\" \/>\n\t<meta property=\"og:image:height\" content=\"1364\" \/>\n\t<meta property=\"og:image:type\" content=\"image\/jpeg\" \/>\n<meta name=\"twitter:card\" content=\"summary_large_image\" \/>\n<meta name=\"twitter:label1\" content=\"Preis\" \/>\n\t<meta name=\"twitter:data1\" content=\"&#067;&#072;&#070;&nbsp;350.00\" \/>\n\t<meta name=\"twitter:label2\" content=\"Verf\u00fcgbarkeit\" \/>\n\t<meta name=\"twitter:data2\" content=\"Auf Lager\" \/>\n<script type=\"application\/ld+json\" class=\"yoast-schema-graph\">{\"@context\":\"https:\\\/\\\/schema.org\",\"@graph\":[{\"@type\":\"WebPage\",\"@id\":\"https:\\\/\\\/geno-prog.ch\\\/produit\\\/ecran-cadillac-cue\\\/\",\"url\":\"https:\\\/\\\/geno-prog.ch\\\/produit\\\/ecran-cadillac-cue\\\/\",\"name\":\"R\u00e9paration \u00e9cran tactile Cadillac CUE | Garantie 24 mois \u2013 Suisse\",\"isPartOf\":{\"@id\":\"https:\\\/\\\/geno-prog.ch\\\/#website\"},\"primaryImageOfPage\":{\"@id\":\"https:\\\/\\\/geno-prog.ch\\\/produit\\\/ecran-cadillac-cue\\\/#primaryimage\"},\"image\":{\"@id\":\"https:\\\/\\\/geno-prog.ch\\\/produit\\\/ecran-cadillac-cue\\\/#primaryimage\"},\"thumbnailUrl\":\"https:\\\/\\\/geno-prog.ch\\\/wp-content\\\/uploads\\\/2026\\\/01\\\/CADILLAC_HS.jpg\",\"datePublished\":\"2026-01-11T12:22:31+00:00\",\"dateModified\":\"2026-01-11T12:45:15+00:00\",\"description\":\"R\u00e9paration \u00e9cran tactile Cadillac CUE : ghost touch, \u00e9cran fissur\u00e9 ou non r\u00e9actif. Escalade, ATS, CTS, etc. Service en Suisse, garantie 24 mois.\",\"breadcrumb\":{\"@id\":\"https:\\\/\\\/geno-prog.ch\\\/produit\\\/ecran-cadillac-cue\\\/#breadcrumb\"},\"inLanguage\":\"de\",\"potentialAction\":[{\"@type\":\"ReadAction\",\"target\":[\"https:\\\/\\\/geno-prog.ch\\\/produit\\\/ecran-cadillac-cue\\\/\"]}]},{\"@type\":\"ImageObject\",\"inLanguage\":\"de\",\"@id\":\"https:\\\/\\\/geno-prog.ch\\\/produit\\\/ecran-cadillac-cue\\\/#primaryimage\",\"url\":\"https:\\\/\\\/geno-prog.ch\\\/wp-content\\\/uploads\\\/2026\\\/01\\\/CADILLAC_HS.jpg\",\"contentUrl\":\"https:\\\/\\\/geno-prog.ch\\\/wp-content\\\/uploads\\\/2026\\\/01\\\/CADILLAC_HS.jpg\",\"width\":2216,\"height\":1364,\"caption\":\"Screenshot\"},{\"@type\":\"BreadcrumbList\",\"@id\":\"https:\\\/\\\/geno-prog.ch\\\/produit\\\/ecran-cadillac-cue\\\/#breadcrumb\",\"itemListElement\":[{\"@type\":\"ListItem\",\"position\":1,\"name\":\"Accueil\",\"item\":\"https:\\\/\\\/geno-prog.ch\\\/\"},{\"@type\":\"ListItem\",\"position\":2,\"name\":\"T\u00e9l\u00e9chargements\",\"item\":\"https:\\\/\\\/geno-prog.ch\\\/download\\\/\"},{\"@type\":\"ListItem\",\"position\":3,\"name\":\"R\u00e9paration \u00e9cran tactile Cadillac CUE\"}]},{\"@type\":\"WebSite\",\"@id\":\"https:\\\/\\\/geno-prog.ch\\\/#website\",\"url\":\"https:\\\/\\\/geno-prog.ch\\\/\",\"name\":\"GenoProg\",\"description\":\"Sp\u00e9cialiste en \u00e9lectronique automobile BMW \\\/ MINI\",\"publisher\":{\"@id\":\"https:\\\/\\\/geno-prog.ch\\\/#organization\"},\"potentialAction\":[{\"@type\":\"SearchAction\",\"target\":{\"@type\":\"EntryPoint\",\"urlTemplate\":\"https:\\\/\\\/geno-prog.ch\\\/?s={search_term_string}\"},\"query-input\":{\"@type\":\"PropertyValueSpecification\",\"valueRequired\":true,\"valueName\":\"search_term_string\"}}],\"inLanguage\":\"de\"},{\"@type\":\"Organization\",\"@id\":\"https:\\\/\\\/geno-prog.ch\\\/#organization\",\"name\":\"GenoProg\",\"url\":\"https:\\\/\\\/geno-prog.ch\\\/\",\"logo\":{\"@type\":\"ImageObject\",\"inLanguage\":\"de\",\"@id\":\"https:\\\/\\\/geno-prog.ch\\\/#\\\/schema\\\/logo\\\/image\\\/\",\"url\":\"https:\\\/\\\/geno-prog.ch\\\/wp-content\\\/uploads\\\/2020\\\/03\\\/GenoProg_long.png\",\"contentUrl\":\"https:\\\/\\\/geno-prog.ch\\\/wp-content\\\/uploads\\\/2020\\\/03\\\/GenoProg_long.png\",\"width\":3086,\"height\":803,\"caption\":\"GenoProg\"},\"image\":{\"@id\":\"https:\\\/\\\/geno-prog.ch\\\/#\\\/schema\\\/logo\\\/image\\\/\"},\"sameAs\":[\"https:\\\/\\\/www.facebook.com\\\/genoprog\",\"https:\\\/\\\/www.instagram.com\\\/genoprog\\\/\",\"https:\\\/\\\/www.youtube.com\\\/channel\\\/UC5a5VYzbWdsHNYm2Qtu1F2w\"]}]}<\/script>\n<meta property=\"product:brand\" content=\"external\" \/>\n<meta property=\"product:price:amount\" content=\"350.00\" \/>\n<meta property=\"product:price:currency\" content=\"CHF\" \/>\n<meta property=\"og:availability\" content=\"instock\" \/>\n<meta property=\"product:availability\" content=\"instock\" \/>\n<meta property=\"product:condition\" content=\"new\" \/>\n<!-- \/ Yoast SEO Premium plugin. -->","yoast_head_json":{"title":"Touchscreen-Reparatur Cadillac CUE | 24 Monate Garantie - Schweiz","description":"Touchscreen-Reparatur Cadillac CUE: Ghost Touch, gesprungener oder nicht reagierender Bildschirm. Escalade, ATS, CTS, etc. Service in der Schweiz, 24 Monate Garantie.","robots":{"index":"index","follow":"follow","max-snippet":"max-snippet:-1","max-image-preview":"max-image-preview:large","max-video-preview":"max-video-preview:-1"},"canonical":"https:\/\/geno-prog.ch\/de\/produkt\/bildschirm-cadillac-cue\/","og_locale":"de_DE","og_type":"article","og_title":"R\u00e9paration \u00e9cran tactile Cadillac CUE","og_description":"R\u00e9paration \u00e9cran tactile Cadillac CUE : ghost touch, \u00e9cran fissur\u00e9 ou non r\u00e9actif. Escalade, ATS, CTS, etc. Service en Suisse, garantie 24 mois.","og_url":"https:\/\/geno-prog.ch\/de\/produkt\/bildschirm-cadillac-cue\/","og_site_name":"GenoProg","article_publisher":"https:\/\/www.facebook.com\/genoprog","article_modified_time":"2026-01-11T12:45:15+00:00","og_image":[{"width":2216,"height":1364,"url":"https:\/\/geno-prog.ch\/wp-content\/uploads\/2026\/01\/CADILLAC_HS.jpg","type":"image\/jpeg"}],"twitter_card":"summary_large_image","twitter_misc":{"Preis":"&#67;&#72;&#70;&nbsp;350.00","Verf\u00fcgbarkeit":"Auf Lager"},"schema":{"@context":"https:\/\/schema.org","@graph":[{"@type":"WebPage","@id":"https:\/\/geno-prog.ch\/produit\/ecran-cadillac-cue\/","url":"https:\/\/geno-prog.ch\/produit\/ecran-cadillac-cue\/","name":"Touchscreen-Reparatur Cadillac CUE | 24 Monate Garantie - Schweiz","isPartOf":{"@id":"https:\/\/geno-prog.ch\/#website"},"primaryImageOfPage":{"@id":"https:\/\/geno-prog.ch\/produit\/ecran-cadillac-cue\/#primaryimage"},"image":{"@id":"https:\/\/geno-prog.ch\/produit\/ecran-cadillac-cue\/#primaryimage"},"thumbnailUrl":"https:\/\/geno-prog.ch\/wp-content\/uploads\/2026\/01\/CADILLAC_HS.jpg","datePublished":"2026-01-11T12:22:31+00:00","dateModified":"2026-01-11T12:45:15+00:00","description":"Touchscreen-Reparatur Cadillac CUE: Ghost Touch, gesprungener oder nicht reagierender Bildschirm. Escalade, ATS, CTS, etc. Service in der Schweiz, 24 Monate Garantie.","breadcrumb":{"@id":"https:\/\/geno-prog.ch\/produit\/ecran-cadillac-cue\/#breadcrumb"},"inLanguage":"de","potentialAction":[{"@type":"ReadAction","target":["https:\/\/geno-prog.ch\/produit\/ecran-cadillac-cue\/"]}]},{"@type":"ImageObject","inLanguage":"de","@id":"https:\/\/geno-prog.ch\/produit\/ecran-cadillac-cue\/#primaryimage","url":"https:\/\/geno-prog.ch\/wp-content\/uploads\/2026\/01\/CADILLAC_HS.jpg","contentUrl":"https:\/\/geno-prog.ch\/wp-content\/uploads\/2026\/01\/CADILLAC_HS.jpg","width":2216,"height":1364,"caption":"Screenshot"},{"@type":"BreadcrumbList","@id":"https:\/\/geno-prog.ch\/produit\/ecran-cadillac-cue\/#breadcrumb","itemListElement":[{"@type":"ListItem","position":1,"name":"Accueil","item":"https:\/\/geno-prog.ch\/"},{"@type":"ListItem","position":2,"name":"T\u00e9l\u00e9chargements","item":"https:\/\/geno-prog.ch\/download\/"},{"@type":"ListItem","position":3,"name":"R\u00e9paration \u00e9cran tactile Cadillac CUE"}]},{"@type":"WebSite","@id":"https:\/\/geno-prog.ch\/#website","url":"https:\/\/geno-prog.ch\/","name":"GenoProg","description":"Fachkraft f\u00fcr Kraftfahrzeugelektronik BMW \/ MINI","publisher":{"@id":"https:\/\/geno-prog.ch\/#organization"},"potentialAction":[{"@type":"SearchAction","target":{"@type":"EntryPoint","urlTemplate":"https:\/\/geno-prog.ch\/?s={search_term_string}"},"query-input":{"@type":"PropertyValueSpecification","valueRequired":true,"valueName":"search_term_string"}}],"inLanguage":"de"},{"@type":"Organization","@id":"https:\/\/geno-prog.ch\/#organization","name":"GenoProg","url":"https:\/\/geno-prog.ch\/","logo":{"@type":"ImageObject","inLanguage":"de","@id":"https:\/\/geno-prog.ch\/#\/schema\/logo\/image\/","url":"https:\/\/geno-prog.ch\/wp-content\/uploads\/2020\/03\/GenoProg_long.png","contentUrl":"https:\/\/geno-prog.ch\/wp-content\/uploads\/2020\/03\/GenoProg_long.png","width":3086,"height":803,"caption":"GenoProg"},"image":{"@id":"https:\/\/geno-prog.ch\/#\/schema\/logo\/image\/"},"sameAs":["https:\/\/www.facebook.com\/genoprog","https:\/\/www.instagram.com\/genoprog\/","https:\/\/www.youtube.com\/channel\/UC5a5VYzbWdsHNYm2Qtu1F2w"]}]},"product_brand":"external","product_price_amount":"350.00","product_price_currency":"CHF","og_availability":"instock","product_availability":"instock","product_condition":"new"},"_links":{"self":[{"href":"https:\/\/geno-prog.ch\/de\/wp-json\/wp\/v2\/product\/34506","targetHints":{"allow":["GET"]}}],"collection":[{"href":"https:\/\/geno-prog.ch\/de\/wp-json\/wp\/v2\/product"}],"about":[{"href":"https:\/\/geno-prog.ch\/de\/wp-json\/wp\/v2\/types\/product"}],"wp:featuredmedia":[{"embeddable":true,"href":"https:\/\/geno-prog.ch\/de\/wp-json\/wp\/v2\/media\/34507"}],"wp:attachment":[{"href":"https:\/\/geno-prog.ch\/de\/wp-json\/wp\/v2\/media?parent=34506"}],"wp:term":[{"taxonomy":"product_brand","embeddable":true,"href":"https:\/\/geno-prog.ch\/de\/wp-json\/wp\/v2\/product_brand?post=34506"},{"taxonomy":"product_cat","embeddable":true,"href":"https:\/\/geno-prog.ch\/de\/wp-json\/wp\/v2\/product_cat?post=34506"},{"taxonomy":"product_tag","embeddable":true,"href":"https:\/\/geno-prog.ch\/de\/wp-json\/wp\/v2\/product_tag?post=34506"}],"curies":[{"name":"wp","href":"https:\/\/api.w.org\/{rel}","templated":true}]}}