{"id":34502,"date":"2026-01-03T22:42:55","date_gmt":"2026-01-03T21:42:55","guid":{"rendered":"https:\/\/geno-prog.ch\/?post_type=product&#038;p=34502"},"modified":"2026-01-03T22:52:01","modified_gmt":"2026-01-03T21:52:01","slug":"brake-reset","status":"publish","type":"product","link":"https:\/\/geno-prog.ch\/de\/produkt\/brake-reset\/","title":{"rendered":"BMW \/ MINI - Fehler beim Zur\u00fccksetzen des DSC-Bremsservices"},"content":{"rendered":"<h1>BMW \/ MINI - Fehler beim Zur\u00fccksetzen des Bremsdienstes (DSC \/ CBS)<\/h1>\n<p>Das Zur\u00fccksetzen des Dienstes nach dem Austausch von <strong>Bremsscheiben und Bremsbel\u00e4ge <\/strong>ist nicht m\u00f6glich auf Ihrem <b>BMW <\/b>oder <b>MINI?<\/b><\/p>\n<p>Dieses Problem tritt h\u00e4ufig auf und h\u00e4ngt in der Regel mit einem Softwarefehler zusammen.<\/p>\n<p>&nbsp;<\/p>\n<h2>Unerl\u00e4ssliche Vorabpr\u00fcfung<\/h2>\n<p>Vor jedem Eingriff muss unbedingt sichergestellt werden, dass der <strong>der Sensor f\u00fcr den Bremsbelagverschlei\u00df wurde ausgetauscht<\/strong>.<br \/>\nOhne einen Sensor <strong>neu und original kompatibel<\/strong>, Wenn Sie sich nicht sicher sind, ob Sie den Bremsdienst zur\u00fccksetzen k\u00f6nnen, k\u00f6nnen Sie den Bremsdienst nicht zur\u00fccksetzen.<\/p>\n<p>&nbsp;<\/p>\n<h2>Kann trotz neuem Sensor nicht zur\u00fcckgesetzt werden?<\/h2>\n<p>Wenn das Zur\u00fccksetzen \u00fcber das Kombiinstrument (Servicemen\u00fc) oder \u00fcber ein Diagnosewerkzeug fehlschl\u00e4gt, kann dies folgende Ursachen haben <strong>einen Softwarefehler im DSC- oder KOMBI-System<\/strong>.<\/p>\n<p>Wir k\u00f6nnen eingreifen, um diese Fehlfunktion zu beheben und den normalen Betrieb des Wartungssystems wiederherzustellen.<\/p>\n<p>&nbsp;<\/p>\n<h2>L\u00f6sungsvorschl\u00e4ge je nach betroffenem Modul<\/h2>\n<ul>\n<li>Standardcodierung des DSC-Moduls oder des Kombiinstruments<\/li>\n<li>Anpassung oder Korrektur der berechneten Werte CBS<\/li>\n<li>L\u00f6schen der falschen Anzeige im Wartungsmen\u00fc<\/li>\n<\/ul>\n<p>Durch eine gezielte Diagnose kann der unn\u00f6tige Austausch von Komponenten vermieden und das Problem dauerhaft behoben werden.<\/p>","protected":false},"excerpt":{"rendered":"<h3>Kann der Bremsbelagservice bei BMW oder MINI nicht zur\u00fcckgesetzt werden?<br \/>\nKorrektur von DSC- und CBS-Fehlern.<\/h3>","protected":false},"featured_media":34504,"template":"","meta":{"_et_pb_use_builder":"","_et_pb_old_content":"","_et_gb_content_width":""},"product_brand":[],"product_cat":[90,91],"product_tag":[],"class_list":{"0":"post-34502","1":"product","2":"type-product","3":"status-publish","4":"has-post-thumbnail","6":"product_cat-codage","7":"product_cat-reparation","9":"first","10":"instock","11":"shipping-taxable","12":"product-type-external"},"yoast_head":"<!-- This site is optimized with the Yoast SEO Premium plugin v26.5 (Yoast SEO v27.4) - https:\/\/yoast.com\/product\/yoast-seo-premium-wordpress\/ -->\n<title>Erreur r\u00e9initialisation service freins DSC BMW \/ MINI<\/title>\n<meta name=\"description\" content=\"Impossible de r\u00e9initialiser le service de freins sur BMW ou MINI ? Correction des erreurs DSC et CBS apr\u00e8s changement de plaquettes.\" \/>\n<meta name=\"robots\" content=\"index, follow, max-snippet:-1, max-image-preview:large, max-video-preview:-1\" \/>\n<link rel=\"canonical\" href=\"https:\/\/geno-prog.ch\/de\/produkt\/brake-reset\/\" \/>\n<meta property=\"og:locale\" content=\"de_DE\" \/>\n<meta property=\"og:type\" content=\"article\" \/>\n<meta property=\"og:title\" content=\"BMW \/ MINI \u2013 Erreur r\u00e9initialisation service freins DSC\" \/>\n<meta property=\"og:description\" content=\"Impossible de r\u00e9initialiser le service de freins sur BMW ou MINI ? Correction des erreurs DSC et CBS apr\u00e8s changement de plaquettes.\" \/>\n<meta property=\"og:url\" content=\"https:\/\/geno-prog.ch\/de\/produkt\/brake-reset\/\" \/>\n<meta property=\"og:site_name\" content=\"GenoProg\" \/>\n<meta property=\"article:publisher\" content=\"https:\/\/www.facebook.com\/genoprog\" \/>\n<meta property=\"article:modified_time\" content=\"2026-01-03T21:52:01+00:00\" \/>\n<meta property=\"og:image\" content=\"https:\/\/geno-prog.ch\/wp-content\/uploads\/2026\/01\/DSC_2.jpg\" \/>\n\t<meta property=\"og:image:width\" content=\"986\" \/>\n\t<meta property=\"og:image:height\" content=\"798\" \/>\n\t<meta property=\"og:image:type\" content=\"image\/jpeg\" \/>\n<meta name=\"twitter:card\" content=\"summary_large_image\" \/>\n<meta name=\"twitter:label1\" content=\"Preis\" \/>\n\t<meta name=\"twitter:data1\" content=\"&#067;&#072;&#070;&nbsp;150.00\" \/>\n\t<meta name=\"twitter:label2\" content=\"Verf\u00fcgbarkeit\" \/>\n\t<meta name=\"twitter:data2\" content=\"Auf Lager\" \/>\n<script type=\"application\/ld+json\" class=\"yoast-schema-graph\">{\"@context\":\"https:\\\/\\\/schema.org\",\"@graph\":[{\"@type\":\"WebPage\",\"@id\":\"https:\\\/\\\/geno-prog.ch\\\/produit\\\/brake-reset\\\/\",\"url\":\"https:\\\/\\\/geno-prog.ch\\\/produit\\\/brake-reset\\\/\",\"name\":\"Erreur r\u00e9initialisation service freins DSC BMW \\\/ MINI\",\"isPartOf\":{\"@id\":\"https:\\\/\\\/geno-prog.ch\\\/#website\"},\"primaryImageOfPage\":{\"@id\":\"https:\\\/\\\/geno-prog.ch\\\/produit\\\/brake-reset\\\/#primaryimage\"},\"image\":{\"@id\":\"https:\\\/\\\/geno-prog.ch\\\/produit\\\/brake-reset\\\/#primaryimage\"},\"thumbnailUrl\":\"https:\\\/\\\/geno-prog.ch\\\/wp-content\\\/uploads\\\/2026\\\/01\\\/DSC_2.jpg\",\"datePublished\":\"2026-01-03T21:42:55+00:00\",\"dateModified\":\"2026-01-03T21:52:01+00:00\",\"description\":\"Impossible de r\u00e9initialiser le service de freins sur BMW ou MINI ? Correction des erreurs DSC et CBS apr\u00e8s changement de plaquettes.\",\"breadcrumb\":{\"@id\":\"https:\\\/\\\/geno-prog.ch\\\/produit\\\/brake-reset\\\/#breadcrumb\"},\"inLanguage\":\"de\",\"potentialAction\":[{\"@type\":\"ReadAction\",\"target\":[\"https:\\\/\\\/geno-prog.ch\\\/produit\\\/brake-reset\\\/\"]}]},{\"@type\":\"ImageObject\",\"inLanguage\":\"de\",\"@id\":\"https:\\\/\\\/geno-prog.ch\\\/produit\\\/brake-reset\\\/#primaryimage\",\"url\":\"https:\\\/\\\/geno-prog.ch\\\/wp-content\\\/uploads\\\/2026\\\/01\\\/DSC_2.jpg\",\"contentUrl\":\"https:\\\/\\\/geno-prog.ch\\\/wp-content\\\/uploads\\\/2026\\\/01\\\/DSC_2.jpg\",\"width\":986,\"height\":798,\"caption\":\"Screenshot\"},{\"@type\":\"BreadcrumbList\",\"@id\":\"https:\\\/\\\/geno-prog.ch\\\/produit\\\/brake-reset\\\/#breadcrumb\",\"itemListElement\":[{\"@type\":\"ListItem\",\"position\":1,\"name\":\"Accueil\",\"item\":\"https:\\\/\\\/geno-prog.ch\\\/\"},{\"@type\":\"ListItem\",\"position\":2,\"name\":\"T\u00e9l\u00e9chargements\",\"item\":\"https:\\\/\\\/geno-prog.ch\\\/download\\\/\"},{\"@type\":\"ListItem\",\"position\":3,\"name\":\"BMW \\\/ MINI \u2013 Erreur r\u00e9initialisation service freins DSC\"}]},{\"@type\":\"WebSite\",\"@id\":\"https:\\\/\\\/geno-prog.ch\\\/#website\",\"url\":\"https:\\\/\\\/geno-prog.ch\\\/\",\"name\":\"GenoProg\",\"description\":\"Sp\u00e9cialiste en \u00e9lectronique automobile BMW \\\/ MINI\",\"publisher\":{\"@id\":\"https:\\\/\\\/geno-prog.ch\\\/#organization\"},\"potentialAction\":[{\"@type\":\"SearchAction\",\"target\":{\"@type\":\"EntryPoint\",\"urlTemplate\":\"https:\\\/\\\/geno-prog.ch\\\/?s={search_term_string}\"},\"query-input\":{\"@type\":\"PropertyValueSpecification\",\"valueRequired\":true,\"valueName\":\"search_term_string\"}}],\"inLanguage\":\"de\"},{\"@type\":\"Organization\",\"@id\":\"https:\\\/\\\/geno-prog.ch\\\/#organization\",\"name\":\"GenoProg\",\"url\":\"https:\\\/\\\/geno-prog.ch\\\/\",\"logo\":{\"@type\":\"ImageObject\",\"inLanguage\":\"de\",\"@id\":\"https:\\\/\\\/geno-prog.ch\\\/#\\\/schema\\\/logo\\\/image\\\/\",\"url\":\"https:\\\/\\\/geno-prog.ch\\\/wp-content\\\/uploads\\\/2020\\\/03\\\/GenoProg_long.png\",\"contentUrl\":\"https:\\\/\\\/geno-prog.ch\\\/wp-content\\\/uploads\\\/2020\\\/03\\\/GenoProg_long.png\",\"width\":3086,\"height\":803,\"caption\":\"GenoProg\"},\"image\":{\"@id\":\"https:\\\/\\\/geno-prog.ch\\\/#\\\/schema\\\/logo\\\/image\\\/\"},\"sameAs\":[\"https:\\\/\\\/www.facebook.com\\\/genoprog\",\"https:\\\/\\\/www.instagram.com\\\/genoprog\\\/\",\"https:\\\/\\\/www.youtube.com\\\/channel\\\/UC5a5VYzbWdsHNYm2Qtu1F2w\"]}]}<\/script>\n<meta property=\"product:brand\" content=\"external\" \/>\n<meta property=\"product:price:amount\" content=\"150.00\" \/>\n<meta property=\"product:price:currency\" content=\"CHF\" \/>\n<meta property=\"og:availability\" content=\"instock\" \/>\n<meta property=\"product:availability\" content=\"instock\" \/>\n<meta property=\"product:condition\" content=\"new\" \/>\n<!-- \/ Yoast SEO Premium plugin. -->","yoast_head_json":{"title":"Fehler Reset Bremsservice DSC BMW \/ MINI","description":"Kann der Bremsservice bei BMW oder MINI nicht zur\u00fcckgesetzt werden? Behebung von DSC- und CBS-Fehlern nach dem Wechsel der Bremsbel\u00e4ge.","robots":{"index":"index","follow":"follow","max-snippet":"max-snippet:-1","max-image-preview":"max-image-preview:large","max-video-preview":"max-video-preview:-1"},"canonical":"https:\/\/geno-prog.ch\/de\/produkt\/brake-reset\/","og_locale":"de_DE","og_type":"article","og_title":"BMW \/ MINI \u2013 Erreur r\u00e9initialisation service freins DSC","og_description":"Impossible de r\u00e9initialiser le service de freins sur BMW ou MINI ? Correction des erreurs DSC et CBS apr\u00e8s changement de plaquettes.","og_url":"https:\/\/geno-prog.ch\/de\/produkt\/brake-reset\/","og_site_name":"GenoProg","article_publisher":"https:\/\/www.facebook.com\/genoprog","article_modified_time":"2026-01-03T21:52:01+00:00","og_image":[{"width":986,"height":798,"url":"https:\/\/geno-prog.ch\/wp-content\/uploads\/2026\/01\/DSC_2.jpg","type":"image\/jpeg"}],"twitter_card":"summary_large_image","twitter_misc":{"Preis":"&#67;&#72;&#70;&nbsp;150.00","Verf\u00fcgbarkeit":"Auf Lager"},"schema":{"@context":"https:\/\/schema.org","@graph":[{"@type":"WebPage","@id":"https:\/\/geno-prog.ch\/produit\/brake-reset\/","url":"https:\/\/geno-prog.ch\/produit\/brake-reset\/","name":"Fehler Reset Bremsservice DSC BMW \/ MINI","isPartOf":{"@id":"https:\/\/geno-prog.ch\/#website"},"primaryImageOfPage":{"@id":"https:\/\/geno-prog.ch\/produit\/brake-reset\/#primaryimage"},"image":{"@id":"https:\/\/geno-prog.ch\/produit\/brake-reset\/#primaryimage"},"thumbnailUrl":"https:\/\/geno-prog.ch\/wp-content\/uploads\/2026\/01\/DSC_2.jpg","datePublished":"2026-01-03T21:42:55+00:00","dateModified":"2026-01-03T21:52:01+00:00","description":"Kann der Bremsservice bei BMW oder MINI nicht zur\u00fcckgesetzt werden? Behebung von DSC- und CBS-Fehlern nach dem Wechsel der Bremsbel\u00e4ge.","breadcrumb":{"@id":"https:\/\/geno-prog.ch\/produit\/brake-reset\/#breadcrumb"},"inLanguage":"de","potentialAction":[{"@type":"ReadAction","target":["https:\/\/geno-prog.ch\/produit\/brake-reset\/"]}]},{"@type":"ImageObject","inLanguage":"de","@id":"https:\/\/geno-prog.ch\/produit\/brake-reset\/#primaryimage","url":"https:\/\/geno-prog.ch\/wp-content\/uploads\/2026\/01\/DSC_2.jpg","contentUrl":"https:\/\/geno-prog.ch\/wp-content\/uploads\/2026\/01\/DSC_2.jpg","width":986,"height":798,"caption":"Screenshot"},{"@type":"BreadcrumbList","@id":"https:\/\/geno-prog.ch\/produit\/brake-reset\/#breadcrumb","itemListElement":[{"@type":"ListItem","position":1,"name":"Accueil","item":"https:\/\/geno-prog.ch\/"},{"@type":"ListItem","position":2,"name":"T\u00e9l\u00e9chargements","item":"https:\/\/geno-prog.ch\/download\/"},{"@type":"ListItem","position":3,"name":"BMW \/ MINI \u2013 Erreur r\u00e9initialisation service freins DSC"}]},{"@type":"WebSite","@id":"https:\/\/geno-prog.ch\/#website","url":"https:\/\/geno-prog.ch\/","name":"GenoProg","description":"Fachkraft f\u00fcr Kraftfahrzeugelektronik BMW \/ MINI","publisher":{"@id":"https:\/\/geno-prog.ch\/#organization"},"potentialAction":[{"@type":"SearchAction","target":{"@type":"EntryPoint","urlTemplate":"https:\/\/geno-prog.ch\/?s={search_term_string}"},"query-input":{"@type":"PropertyValueSpecification","valueRequired":true,"valueName":"search_term_string"}}],"inLanguage":"de"},{"@type":"Organization","@id":"https:\/\/geno-prog.ch\/#organization","name":"GenoProg","url":"https:\/\/geno-prog.ch\/","logo":{"@type":"ImageObject","inLanguage":"de","@id":"https:\/\/geno-prog.ch\/#\/schema\/logo\/image\/","url":"https:\/\/geno-prog.ch\/wp-content\/uploads\/2020\/03\/GenoProg_long.png","contentUrl":"https:\/\/geno-prog.ch\/wp-content\/uploads\/2020\/03\/GenoProg_long.png","width":3086,"height":803,"caption":"GenoProg"},"image":{"@id":"https:\/\/geno-prog.ch\/#\/schema\/logo\/image\/"},"sameAs":["https:\/\/www.facebook.com\/genoprog","https:\/\/www.instagram.com\/genoprog\/","https:\/\/www.youtube.com\/channel\/UC5a5VYzbWdsHNYm2Qtu1F2w"]}]},"product_brand":"external","product_price_amount":"150.00","product_price_currency":"CHF","og_availability":"instock","product_availability":"instock","product_condition":"new"},"_links":{"self":[{"href":"https:\/\/geno-prog.ch\/de\/wp-json\/wp\/v2\/product\/34502","targetHints":{"allow":["GET"]}}],"collection":[{"href":"https:\/\/geno-prog.ch\/de\/wp-json\/wp\/v2\/product"}],"about":[{"href":"https:\/\/geno-prog.ch\/de\/wp-json\/wp\/v2\/types\/product"}],"wp:featuredmedia":[{"embeddable":true,"href":"https:\/\/geno-prog.ch\/de\/wp-json\/wp\/v2\/media\/34504"}],"wp:attachment":[{"href":"https:\/\/geno-prog.ch\/de\/wp-json\/wp\/v2\/media?parent=34502"}],"wp:term":[{"taxonomy":"product_brand","embeddable":true,"href":"https:\/\/geno-prog.ch\/de\/wp-json\/wp\/v2\/product_brand?post=34502"},{"taxonomy":"product_cat","embeddable":true,"href":"https:\/\/geno-prog.ch\/de\/wp-json\/wp\/v2\/product_cat?post=34502"},{"taxonomy":"product_tag","embeddable":true,"href":"https:\/\/geno-prog.ch\/de\/wp-json\/wp\/v2\/product_tag?post=34502"}],"curies":[{"name":"wp","href":"https:\/\/api.w.org\/{rel}","templated":true}]}}