{"id":34497,"date":"2026-01-03T22:01:49","date_gmt":"2026-01-03T21:01:49","guid":{"rendered":"https:\/\/geno-prog.ch\/?post_type=product&#038;p=34497"},"modified":"2026-01-03T22:25:50","modified_gmt":"2026-01-03T21:25:50","slug":"rolls-royce-panne","status":"publish","type":"product","link":"https:\/\/geno-prog.ch\/de\/produkt\/rolls-royce-panne\/","title":{"rendered":"Rolls-Royce: Soundprobleme und Multimedia-Pannen | Elektronik-Diagnose"},"content":{"rendered":"<h1>Rolls-Royce: Soundprobleme und elektronische Ausf\u00e4lle des Multimediasystems<\/h1>\n<p>Sie besitzen einen Rolls-Royce und begegnen pl\u00f6tzlich einem <strong>Tonproblem<\/strong> ?<br \/>\nAus den Lautsprechern kommt kein Ton mehr, egal ob Musik, Warnmeldungen, Einparkhilfe oder das Multimediasystem?<\/p>\n<p>Diese Art von Pannen ist leider <strong>bekannt von einigen Rolls-Royce-Modellen <\/strong>und entsteht meist durch eine elektronische Fehlfunktion.<\/p>\n<h2>H\u00e4ufige Ursache des Ausfalls<\/h2>\n<p>Bei vielen Rolls-Royce-Modellen sind der Verst\u00e4rker sowie mehrere Elemente des Multimediasystems (TV-Empf\u00e4nger, Radio, CD-Wechsler, Videomodul usw.).<br \/>\nsind installiert <strong>unter den R\u00fccksitzen<\/strong>.<\/p>\n<p>Ein wiederkehrender Ausfall ist mit einer <strong>Wassereinbruch<\/strong>, Dies kann dazu f\u00fchren, dass eine oder mehrere dieser elektronischen Komponenten besch\u00e4digt werden.<\/p>\n<h2>Glasfaserkommunikation (MOST-Schleife)<\/h2>\n<p>Die Kommunikation zwischen den einzelnen Multimedia-Modulen erfolgt bei mehreren Topmodellen \u00fcber eine <strong>Glasfaser (MOST-Schleife)<\/strong>.<\/p>\n<p>Jedes Modul hat einen Fasereingang und einen Faserausgang, und alle Module sind miteinander verbunden <strong>in Serie<\/strong>.<br \/>\nFolglich, <strong>wenn nur ein Modul ausf\u00e4llt<\/strong>, Der Informationsfluss wird unterbrochen, was zu einem <strong>allgemeiner Ausfall des Multimediasystems<\/strong>.<\/p>\n<h2>Spezialisierte elektronische Diagnose Rolls-Royce<\/h2>\n<p>Aus elektronischer Sicht ist das Multimediasystem von Rolls-Royce dem der BMW-Fahrzeuge sehr \u00e4hnlich.<\/p>\n<p>Wir verf\u00fcgen \u00fcber die <strong>notwendige Diagnoseschnittstellen<\/strong>, einer <strong>Glasfasertester<\/strong>, sowie ein <strong>ICOM-Modul B<\/strong>,<br \/>\ndie eine <strong>genaue Diagnose der Glasfaserschleife <\/strong>und die schnelle Identifizierung des fehlerhaften Moduls.<\/p>\n<h2>Wann k\u00f6nnen Sie uns kontaktieren?<\/h2>\n<p>Wenn Sie ein Tonproblem, eine Multimedia-Panne oder eine elektronische Fehlfunktion an Ihrem Rolls-Royce haben, sollten Sie sich mit uns in Verbindung setzen.<\/p>\n<p>Durch eine gezielte Diagnose l\u00e4sst sich sehr oft der unn\u00f6tige Austausch mehrerer Module vermeiden und <strong>die Reparaturkosten erheblich senken<\/strong>.<\/p>","protected":false},"excerpt":{"rendered":"<h3>Spezielle elektronische Diagnose von Multimediasystemen.<\/h3>","protected":false},"featured_media":34501,"template":"","meta":{"_et_pb_use_builder":"","_et_pb_old_content":"","_et_gb_content_width":""},"product_brand":[],"product_cat":[91],"product_tag":[],"class_list":{"0":"post-34497","1":"product","2":"type-product","3":"status-publish","4":"has-post-thumbnail","6":"product_cat-reparation","8":"first","9":"instock","10":"shipping-taxable","11":"product-type-external"},"yoast_head":"<!-- This site is optimized with the Yoast SEO Premium plugin v26.5 (Yoast SEO v27.4) - https:\/\/yoast.com\/product\/yoast-seo-premium-wordpress\/ -->\n<title>Rolls-Royce | panne multim\u00e9dia | Diagnostic \u00e9lectronique<\/title>\n<meta name=\"description\" content=\"Plus de son sur votre Rolls-Royce ? Diagnostic des pannes multim\u00e9dia, fibre optique MOST et \u00e9lectronique. Intervention sp\u00e9cialis\u00e9e.\" \/>\n<meta name=\"robots\" content=\"index, follow, max-snippet:-1, max-image-preview:large, max-video-preview:-1\" \/>\n<link rel=\"canonical\" href=\"https:\/\/geno-prog.ch\/de\/produkt\/rolls-royce-panne\/\" \/>\n<meta property=\"og:locale\" content=\"de_DE\" \/>\n<meta property=\"og:type\" content=\"article\" \/>\n<meta property=\"og:title\" content=\"Rolls-Royce : probl\u00e8me de son et panne multim\u00e9dia | Diagnostic \u00e9lectronique\" \/>\n<meta property=\"og:description\" content=\"Plus de son sur votre Rolls-Royce ? Diagnostic des pannes multim\u00e9dia, fibre optique MOST et \u00e9lectronique. Intervention sp\u00e9cialis\u00e9e.\" \/>\n<meta property=\"og:url\" content=\"https:\/\/geno-prog.ch\/de\/produkt\/rolls-royce-panne\/\" \/>\n<meta property=\"og:site_name\" content=\"GenoProg\" \/>\n<meta property=\"article:publisher\" content=\"https:\/\/www.facebook.com\/genoprog\" \/>\n<meta property=\"article:modified_time\" content=\"2026-01-03T21:25:50+00:00\" \/>\n<meta property=\"og:image\" content=\"https:\/\/geno-prog.ch\/wp-content\/uploads\/2026\/01\/Capture-decran-2026-01-03-a-22.00.00.png\" \/>\n\t<meta property=\"og:image:width\" content=\"520\" \/>\n\t<meta property=\"og:image:height\" content=\"534\" \/>\n\t<meta property=\"og:image:type\" content=\"image\/png\" \/>\n<meta name=\"twitter:card\" content=\"summary_large_image\" \/>\n<meta name=\"twitter:label1\" content=\"Preis\" \/>\n\t<meta name=\"twitter:data1\" content=\"\" \/>\n\t<meta name=\"twitter:label2\" content=\"Verf\u00fcgbarkeit\" \/>\n\t<meta name=\"twitter:data2\" content=\"Auf Lager\" \/>\n<script type=\"application\/ld+json\" class=\"yoast-schema-graph\">{\"@context\":\"https:\\\/\\\/schema.org\",\"@graph\":[{\"@type\":\"WebPage\",\"@id\":\"https:\\\/\\\/geno-prog.ch\\\/produit\\\/rolls-royce-panne\\\/\",\"url\":\"https:\\\/\\\/geno-prog.ch\\\/produit\\\/rolls-royce-panne\\\/\",\"name\":\"Rolls-Royce | panne multim\u00e9dia | Diagnostic \u00e9lectronique\",\"isPartOf\":{\"@id\":\"https:\\\/\\\/geno-prog.ch\\\/#website\"},\"primaryImageOfPage\":{\"@id\":\"https:\\\/\\\/geno-prog.ch\\\/produit\\\/rolls-royce-panne\\\/#primaryimage\"},\"image\":{\"@id\":\"https:\\\/\\\/geno-prog.ch\\\/produit\\\/rolls-royce-panne\\\/#primaryimage\"},\"thumbnailUrl\":\"https:\\\/\\\/geno-prog.ch\\\/wp-content\\\/uploads\\\/2026\\\/01\\\/Capture-decran-2026-01-03-a-22.00.00.png\",\"datePublished\":\"2026-01-03T21:01:49+00:00\",\"dateModified\":\"2026-01-03T21:25:50+00:00\",\"description\":\"Plus de son sur votre Rolls-Royce ? Diagnostic des pannes multim\u00e9dia, fibre optique MOST et \u00e9lectronique. Intervention sp\u00e9cialis\u00e9e.\",\"breadcrumb\":{\"@id\":\"https:\\\/\\\/geno-prog.ch\\\/produit\\\/rolls-royce-panne\\\/#breadcrumb\"},\"inLanguage\":\"de\",\"potentialAction\":[{\"@type\":\"ReadAction\",\"target\":[\"https:\\\/\\\/geno-prog.ch\\\/produit\\\/rolls-royce-panne\\\/\"]}]},{\"@type\":\"ImageObject\",\"inLanguage\":\"de\",\"@id\":\"https:\\\/\\\/geno-prog.ch\\\/produit\\\/rolls-royce-panne\\\/#primaryimage\",\"url\":\"https:\\\/\\\/geno-prog.ch\\\/wp-content\\\/uploads\\\/2026\\\/01\\\/Capture-decran-2026-01-03-a-22.00.00.png\",\"contentUrl\":\"https:\\\/\\\/geno-prog.ch\\\/wp-content\\\/uploads\\\/2026\\\/01\\\/Capture-decran-2026-01-03-a-22.00.00.png\",\"width\":520,\"height\":534},{\"@type\":\"BreadcrumbList\",\"@id\":\"https:\\\/\\\/geno-prog.ch\\\/produit\\\/rolls-royce-panne\\\/#breadcrumb\",\"itemListElement\":[{\"@type\":\"ListItem\",\"position\":1,\"name\":\"Accueil\",\"item\":\"https:\\\/\\\/geno-prog.ch\\\/\"},{\"@type\":\"ListItem\",\"position\":2,\"name\":\"T\u00e9l\u00e9chargements\",\"item\":\"https:\\\/\\\/geno-prog.ch\\\/download\\\/\"},{\"@type\":\"ListItem\",\"position\":3,\"name\":\"Rolls-Royce : probl\u00e8me de son et panne multim\u00e9dia | Diagnostic \u00e9lectronique\"}]},{\"@type\":\"WebSite\",\"@id\":\"https:\\\/\\\/geno-prog.ch\\\/#website\",\"url\":\"https:\\\/\\\/geno-prog.ch\\\/\",\"name\":\"GenoProg\",\"description\":\"Sp\u00e9cialiste en \u00e9lectronique automobile BMW \\\/ MINI\",\"publisher\":{\"@id\":\"https:\\\/\\\/geno-prog.ch\\\/#organization\"},\"potentialAction\":[{\"@type\":\"SearchAction\",\"target\":{\"@type\":\"EntryPoint\",\"urlTemplate\":\"https:\\\/\\\/geno-prog.ch\\\/?s={search_term_string}\"},\"query-input\":{\"@type\":\"PropertyValueSpecification\",\"valueRequired\":true,\"valueName\":\"search_term_string\"}}],\"inLanguage\":\"de\"},{\"@type\":\"Organization\",\"@id\":\"https:\\\/\\\/geno-prog.ch\\\/#organization\",\"name\":\"GenoProg\",\"url\":\"https:\\\/\\\/geno-prog.ch\\\/\",\"logo\":{\"@type\":\"ImageObject\",\"inLanguage\":\"de\",\"@id\":\"https:\\\/\\\/geno-prog.ch\\\/#\\\/schema\\\/logo\\\/image\\\/\",\"url\":\"https:\\\/\\\/geno-prog.ch\\\/wp-content\\\/uploads\\\/2020\\\/03\\\/GenoProg_long.png\",\"contentUrl\":\"https:\\\/\\\/geno-prog.ch\\\/wp-content\\\/uploads\\\/2020\\\/03\\\/GenoProg_long.png\",\"width\":3086,\"height\":803,\"caption\":\"GenoProg\"},\"image\":{\"@id\":\"https:\\\/\\\/geno-prog.ch\\\/#\\\/schema\\\/logo\\\/image\\\/\"},\"sameAs\":[\"https:\\\/\\\/www.facebook.com\\\/genoprog\",\"https:\\\/\\\/www.instagram.com\\\/genoprog\\\/\",\"https:\\\/\\\/www.youtube.com\\\/channel\\\/UC5a5VYzbWdsHNYm2Qtu1F2w\"]}]}<\/script>\n<meta property=\"product:brand\" content=\"external\" \/>\n<meta property=\"product:price:currency\" content=\"CHF\" \/>\n<meta property=\"og:availability\" content=\"instock\" \/>\n<meta property=\"product:availability\" content=\"instock\" \/>\n<meta property=\"product:condition\" content=\"new\" \/>\n<!-- \/ Yoast SEO Premium plugin. -->","yoast_head_json":{"title":"Rolls-Royce | Multimedia-Panne | Elektronische Diagnose","description":"Kein Ton mehr bei Ihrem Rolls-Royce? Diagnose von Multimedia-, MOST-Glasfaser- und elektronischen Fehlern. Spezialisierte Intervention.","robots":{"index":"index","follow":"follow","max-snippet":"max-snippet:-1","max-image-preview":"max-image-preview:large","max-video-preview":"max-video-preview:-1"},"canonical":"https:\/\/geno-prog.ch\/de\/produkt\/rolls-royce-panne\/","og_locale":"de_DE","og_type":"article","og_title":"Rolls-Royce : probl\u00e8me de son et panne multim\u00e9dia | Diagnostic \u00e9lectronique","og_description":"Plus de son sur votre Rolls-Royce ? Diagnostic des pannes multim\u00e9dia, fibre optique MOST et \u00e9lectronique. Intervention sp\u00e9cialis\u00e9e.","og_url":"https:\/\/geno-prog.ch\/de\/produkt\/rolls-royce-panne\/","og_site_name":"GenoProg","article_publisher":"https:\/\/www.facebook.com\/genoprog","article_modified_time":"2026-01-03T21:25:50+00:00","og_image":[{"width":520,"height":534,"url":"https:\/\/geno-prog.ch\/wp-content\/uploads\/2026\/01\/Capture-decran-2026-01-03-a-22.00.00.png","type":"image\/png"}],"twitter_card":"summary_large_image","twitter_misc":{"Preis":"","Verf\u00fcgbarkeit":"Auf Lager"},"schema":{"@context":"https:\/\/schema.org","@graph":[{"@type":"WebPage","@id":"https:\/\/geno-prog.ch\/produit\/rolls-royce-panne\/","url":"https:\/\/geno-prog.ch\/produit\/rolls-royce-panne\/","name":"Rolls-Royce | Multimedia-Panne | Elektronische Diagnose","isPartOf":{"@id":"https:\/\/geno-prog.ch\/#website"},"primaryImageOfPage":{"@id":"https:\/\/geno-prog.ch\/produit\/rolls-royce-panne\/#primaryimage"},"image":{"@id":"https:\/\/geno-prog.ch\/produit\/rolls-royce-panne\/#primaryimage"},"thumbnailUrl":"https:\/\/geno-prog.ch\/wp-content\/uploads\/2026\/01\/Capture-decran-2026-01-03-a-22.00.00.png","datePublished":"2026-01-03T21:01:49+00:00","dateModified":"2026-01-03T21:25:50+00:00","description":"Kein Ton mehr bei Ihrem Rolls-Royce? Diagnose von Multimedia-, MOST-Glasfaser- und elektronischen Fehlern. Spezialisierte Intervention.","breadcrumb":{"@id":"https:\/\/geno-prog.ch\/produit\/rolls-royce-panne\/#breadcrumb"},"inLanguage":"de","potentialAction":[{"@type":"ReadAction","target":["https:\/\/geno-prog.ch\/produit\/rolls-royce-panne\/"]}]},{"@type":"ImageObject","inLanguage":"de","@id":"https:\/\/geno-prog.ch\/produit\/rolls-royce-panne\/#primaryimage","url":"https:\/\/geno-prog.ch\/wp-content\/uploads\/2026\/01\/Capture-decran-2026-01-03-a-22.00.00.png","contentUrl":"https:\/\/geno-prog.ch\/wp-content\/uploads\/2026\/01\/Capture-decran-2026-01-03-a-22.00.00.png","width":520,"height":534},{"@type":"BreadcrumbList","@id":"https:\/\/geno-prog.ch\/produit\/rolls-royce-panne\/#breadcrumb","itemListElement":[{"@type":"ListItem","position":1,"name":"Accueil","item":"https:\/\/geno-prog.ch\/"},{"@type":"ListItem","position":2,"name":"T\u00e9l\u00e9chargements","item":"https:\/\/geno-prog.ch\/download\/"},{"@type":"ListItem","position":3,"name":"Rolls-Royce : probl\u00e8me de son et panne multim\u00e9dia | Diagnostic \u00e9lectronique"}]},{"@type":"WebSite","@id":"https:\/\/geno-prog.ch\/#website","url":"https:\/\/geno-prog.ch\/","name":"GenoProg","description":"Fachkraft f\u00fcr Kraftfahrzeugelektronik BMW \/ MINI","publisher":{"@id":"https:\/\/geno-prog.ch\/#organization"},"potentialAction":[{"@type":"SearchAction","target":{"@type":"EntryPoint","urlTemplate":"https:\/\/geno-prog.ch\/?s={search_term_string}"},"query-input":{"@type":"PropertyValueSpecification","valueRequired":true,"valueName":"search_term_string"}}],"inLanguage":"de"},{"@type":"Organization","@id":"https:\/\/geno-prog.ch\/#organization","name":"GenoProg","url":"https:\/\/geno-prog.ch\/","logo":{"@type":"ImageObject","inLanguage":"de","@id":"https:\/\/geno-prog.ch\/#\/schema\/logo\/image\/","url":"https:\/\/geno-prog.ch\/wp-content\/uploads\/2020\/03\/GenoProg_long.png","contentUrl":"https:\/\/geno-prog.ch\/wp-content\/uploads\/2020\/03\/GenoProg_long.png","width":3086,"height":803,"caption":"GenoProg"},"image":{"@id":"https:\/\/geno-prog.ch\/#\/schema\/logo\/image\/"},"sameAs":["https:\/\/www.facebook.com\/genoprog","https:\/\/www.instagram.com\/genoprog\/","https:\/\/www.youtube.com\/channel\/UC5a5VYzbWdsHNYm2Qtu1F2w"]}]},"product_brand":"external","product_price_currency":"CHF","og_availability":"instock","product_availability":"instock","product_condition":"new"},"_links":{"self":[{"href":"https:\/\/geno-prog.ch\/de\/wp-json\/wp\/v2\/product\/34497","targetHints":{"allow":["GET"]}}],"collection":[{"href":"https:\/\/geno-prog.ch\/de\/wp-json\/wp\/v2\/product"}],"about":[{"href":"https:\/\/geno-prog.ch\/de\/wp-json\/wp\/v2\/types\/product"}],"wp:featuredmedia":[{"embeddable":true,"href":"https:\/\/geno-prog.ch\/de\/wp-json\/wp\/v2\/media\/34501"}],"wp:attachment":[{"href":"https:\/\/geno-prog.ch\/de\/wp-json\/wp\/v2\/media?parent=34497"}],"wp:term":[{"taxonomy":"product_brand","embeddable":true,"href":"https:\/\/geno-prog.ch\/de\/wp-json\/wp\/v2\/product_brand?post=34497"},{"taxonomy":"product_cat","embeddable":true,"href":"https:\/\/geno-prog.ch\/de\/wp-json\/wp\/v2\/product_cat?post=34497"},{"taxonomy":"product_tag","embeddable":true,"href":"https:\/\/geno-prog.ch\/de\/wp-json\/wp\/v2\/product_tag?post=34497"}],"curies":[{"name":"wp","href":"https:\/\/api.w.org\/{rel}","templated":true}]}}