{"id":34495,"date":"2026-01-03T21:29:43","date_gmt":"2026-01-03T20:29:43","guid":{"rendered":"https:\/\/geno-prog.ch\/?post_type=product&#038;p=34495"},"modified":"2026-01-03T21:39:47","modified_gmt":"2026-01-03T20:39:47","slug":"dsc-blockierung-fahrzeugvermietung","status":"publish","type":"product","link":"https:\/\/geno-prog.ch\/de\/produkt\/dsc-blockierung-fahrzeugvermietung\/","title":{"rendered":"Mietfahrzeug: DSC-Sperre OFF"},"content":{"rendered":"<h1>Mietfahrzeuge: Verhindern der Deaktivierung der Antriebsschlupfregelung (DSC)<\/h1>\n<p>Sie leiten eine Autovermietungsagentur und m\u00f6chten <strong>Missbrauch Ihrer Flotte verhindern<\/strong> ?<br \/>\nWir bieten eine effektive L\u00f6sung, die Folgendes erm\u00f6glicht <strong>die Deaktivierung der Antriebsschlupfregelung (DSC) zu verhindern\u00a0<\/strong><\/p>\n<h2>Warum sollte man die Deaktivierung des DSC bei einem Mietwagen sperren?<\/h2>\n<p>Bei vielen modernen Fahrzeugen kann das DSC-System (Dynamic Stability Control) vom Fahrer teilweise oder ganz deaktiviert werden.<br \/>\nIm Kontext eines Mietverh\u00e4ltnisses kann dies zu :<\/p>\n<ul>\n<li>Ein Verlust der Kontrolle \u00fcber das Fahrzeug<\/li>\n<li>Eine vorzeitige Abnutzung der Reifen<\/li>\n<li>\u00dcberm\u00e4\u00dfige mechanische Belastungen<\/li>\n<li>Ein erh\u00f6htes Risiko von Unf\u00e4llen und Schadensf\u00e4llen<\/li>\n<\/ul>\n<p>Indem Sie die Deaktivierung von DSC verhindern, k\u00f6nnen Sie <strong>sichern Sie die Nutzung des Fahrzeugs<\/strong><br \/>\nund schr\u00e4nken Sie unangemessenes Verhalten ein.<\/p>\n<h2>DSC-Sperre durch elektronische Codierung<\/h2>\n<p>Wir intervenieren direkt \u00fcber <strong>elektronische Codierung von Steuerger\u00e4ten <\/strong>um die Deaktivierung des DSC durch den Benutzer unm\u00f6glich zu machen.<br \/>\nDas System bleibt dauerhaft aktiv, ohne mechanische Ver\u00e4nderungen.<\/p>\n<p>Diese Intervention ist :<\/p>\n<ul>\n<li>Umkehrbar<\/li>\n<li>Ohne Auswirkungen auf den normalen Betrieb des Fahrzeugs<\/li>\n<li>Unsichtbar f\u00fcr den Endbenutzer<\/li>\n<\/ul>\n<h2>Reaktivierung des DSC bei einem alten Leihwagen<\/h2>\n<p>Umgekehrt, wenn Sie einen <strong>altes Mietfahrzeug <\/strong>deren DSC absichtlich oder versehentlich deaktiviert wurde,<br \/>\nwir k\u00f6nnen <strong>wieder vollst\u00e4ndig aktivieren <\/strong>und das urspr\u00fcngliche Verhalten des Fahrzeugs wiederherstellen.<\/p>\n<h2>Kompatible Fahrzeuge<\/h2>\n<p>Dieser Dienst wird derzeit f\u00fcr Fahrzeuge der BMW-Gruppe angeboten (codiert verwaltete DSC-Systeme).<\/p>\n<p>Die Unterst\u00fctzung anderer Marken ist m\u00f6glich <strong>auf Anfrage<\/strong>,<br \/>\nnach elektronischen Systemen an Bord.<\/p>\n<h2>An wen richtet sich dieser Service?<\/h2>\n<ul>\n<li>Agenturen f\u00fcr Autovermietung<\/li>\n<li>Manager von Autoflotten<\/li>\n<li>Unternehmen mit geteilten Fahrzeugen<\/li>\n<li>Autofachleute<\/li>\n<\/ul>\n<h2>Kontakt und Informationen<\/h2>\n<p>Um die Kompatibilit\u00e4t eines Fahrzeugs zu \u00fcberpr\u00fcfen oder einen Kostenvoranschlag zu erhalten,<br \/>\nkontaktieren Sie uns bitte mit :<\/p>\n<ul>\n<li>Die Marke und das Modell des Fahrzeugs<\/li>\n<li>Die Fahrgestellnummer (VIN)<\/li>\n<\/ul>","protected":false},"excerpt":{"rendered":"<p>V\u00e9hicules de location : emp\u00eacher la d\u00e9sactivation de l\u2019antipatinage (DSC) Vous g\u00e9rez une agence de location de v\u00e9hicules et souhaitez \u00e9viter les abus sur votre flotte ? Nous proposons une solution efficace permettant d\u2019emp\u00eacher la d\u00e9sactivation de l\u2019antipatinage (DSC)\u00a0 Pourquoi bloquer la d\u00e9sactivation du DSC sur un v\u00e9hicule de location ? Sur de nombreux v\u00e9hicules [&hellip;]<\/p>\n","protected":false},"featured_media":34496,"template":"","meta":{"_et_pb_use_builder":"","_et_pb_old_content":"","_et_gb_content_width":""},"product_brand":[],"product_cat":[90],"product_tag":[],"class_list":{"0":"post-34495","1":"product","2":"type-product","3":"status-publish","4":"has-post-thumbnail","6":"product_cat-codage","8":"first","9":"instock","10":"shipping-taxable","11":"product-type-external"},"yoast_head":"<!-- This site is optimized with the Yoast SEO Premium plugin v26.5 (Yoast SEO v27.4) - https:\/\/yoast.com\/product\/yoast-seo-premium-wordpress\/ -->\n<title>V\u00e9hicule de location : blocage du DSC OFF par codage | BMW<\/title>\n<meta name=\"description\" content=\"Service de codage pour v\u00e9hicules de location : emp\u00eacher ou r\u00e9activer la d\u00e9sactivation du DSC. Solution professionnelle pour BMW.\" \/>\n<meta name=\"robots\" content=\"index, follow, max-snippet:-1, max-image-preview:large, max-video-preview:-1\" \/>\n<link rel=\"canonical\" href=\"https:\/\/geno-prog.ch\/de\/produkt\/dsc-blockierung-fahrzeugvermietung\/\" \/>\n<meta property=\"og:locale\" content=\"de_DE\" \/>\n<meta property=\"og:type\" content=\"article\" \/>\n<meta property=\"og:title\" content=\"V\u00e9hicule de location : blocage du DSC OFF\" \/>\n<meta property=\"og:description\" content=\"Service de codage pour v\u00e9hicules de location : emp\u00eacher ou r\u00e9activer la d\u00e9sactivation du DSC. Solution professionnelle pour BMW.\" \/>\n<meta property=\"og:url\" content=\"https:\/\/geno-prog.ch\/de\/produkt\/dsc-blockierung-fahrzeugvermietung\/\" \/>\n<meta property=\"og:site_name\" content=\"GenoProg\" \/>\n<meta property=\"article:publisher\" content=\"https:\/\/www.facebook.com\/genoprog\" \/>\n<meta property=\"article:modified_time\" content=\"2026-01-03T20:39:47+00:00\" \/>\n<meta property=\"og:image\" content=\"https:\/\/geno-prog.ch\/wp-content\/uploads\/2026\/01\/DSC_OFF-scaled.jpg\" \/>\n\t<meta property=\"og:image:width\" content=\"2560\" \/>\n\t<meta property=\"og:image:height\" content=\"1920\" \/>\n\t<meta property=\"og:image:type\" content=\"image\/jpeg\" \/>\n<meta name=\"twitter:card\" content=\"summary_large_image\" \/>\n<meta name=\"twitter:label1\" content=\"Preis\" \/>\n\t<meta name=\"twitter:data1\" content=\"&#067;&#072;&#070;&nbsp;250.00\" \/>\n\t<meta name=\"twitter:label2\" content=\"Verf\u00fcgbarkeit\" \/>\n\t<meta name=\"twitter:data2\" content=\"Auf Lager\" \/>\n<script type=\"application\/ld+json\" class=\"yoast-schema-graph\">{\"@context\":\"https:\\\/\\\/schema.org\",\"@graph\":[{\"@type\":\"WebPage\",\"@id\":\"https:\\\/\\\/geno-prog.ch\\\/produit\\\/blocage-dsc-vehicule-location\\\/\",\"url\":\"https:\\\/\\\/geno-prog.ch\\\/produit\\\/blocage-dsc-vehicule-location\\\/\",\"name\":\"V\u00e9hicule de location : blocage du DSC OFF par codage | BMW\",\"isPartOf\":{\"@id\":\"https:\\\/\\\/geno-prog.ch\\\/#website\"},\"primaryImageOfPage\":{\"@id\":\"https:\\\/\\\/geno-prog.ch\\\/produit\\\/blocage-dsc-vehicule-location\\\/#primaryimage\"},\"image\":{\"@id\":\"https:\\\/\\\/geno-prog.ch\\\/produit\\\/blocage-dsc-vehicule-location\\\/#primaryimage\"},\"thumbnailUrl\":\"https:\\\/\\\/geno-prog.ch\\\/wp-content\\\/uploads\\\/2026\\\/01\\\/DSC_OFF-scaled.jpg\",\"datePublished\":\"2026-01-03T20:29:43+00:00\",\"dateModified\":\"2026-01-03T20:39:47+00:00\",\"description\":\"Service de codage pour v\u00e9hicules de location : emp\u00eacher ou r\u00e9activer la d\u00e9sactivation du DSC. Solution professionnelle pour BMW.\",\"breadcrumb\":{\"@id\":\"https:\\\/\\\/geno-prog.ch\\\/produit\\\/blocage-dsc-vehicule-location\\\/#breadcrumb\"},\"inLanguage\":\"de\",\"potentialAction\":[{\"@type\":\"ReadAction\",\"target\":[\"https:\\\/\\\/geno-prog.ch\\\/produit\\\/blocage-dsc-vehicule-location\\\/\"]}]},{\"@type\":\"ImageObject\",\"inLanguage\":\"de\",\"@id\":\"https:\\\/\\\/geno-prog.ch\\\/produit\\\/blocage-dsc-vehicule-location\\\/#primaryimage\",\"url\":\"https:\\\/\\\/geno-prog.ch\\\/wp-content\\\/uploads\\\/2026\\\/01\\\/DSC_OFF-scaled.jpg\",\"contentUrl\":\"https:\\\/\\\/geno-prog.ch\\\/wp-content\\\/uploads\\\/2026\\\/01\\\/DSC_OFF-scaled.jpg\",\"width\":2560,\"height\":1920},{\"@type\":\"BreadcrumbList\",\"@id\":\"https:\\\/\\\/geno-prog.ch\\\/produit\\\/blocage-dsc-vehicule-location\\\/#breadcrumb\",\"itemListElement\":[{\"@type\":\"ListItem\",\"position\":1,\"name\":\"Accueil\",\"item\":\"https:\\\/\\\/geno-prog.ch\\\/\"},{\"@type\":\"ListItem\",\"position\":2,\"name\":\"T\u00e9l\u00e9chargements\",\"item\":\"https:\\\/\\\/geno-prog.ch\\\/download\\\/\"},{\"@type\":\"ListItem\",\"position\":3,\"name\":\"V\u00e9hicule de location : blocage du DSC OFF\"}]},{\"@type\":\"WebSite\",\"@id\":\"https:\\\/\\\/geno-prog.ch\\\/#website\",\"url\":\"https:\\\/\\\/geno-prog.ch\\\/\",\"name\":\"GenoProg\",\"description\":\"Sp\u00e9cialiste en \u00e9lectronique automobile BMW \\\/ MINI\",\"publisher\":{\"@id\":\"https:\\\/\\\/geno-prog.ch\\\/#organization\"},\"potentialAction\":[{\"@type\":\"SearchAction\",\"target\":{\"@type\":\"EntryPoint\",\"urlTemplate\":\"https:\\\/\\\/geno-prog.ch\\\/?s={search_term_string}\"},\"query-input\":{\"@type\":\"PropertyValueSpecification\",\"valueRequired\":true,\"valueName\":\"search_term_string\"}}],\"inLanguage\":\"de\"},{\"@type\":\"Organization\",\"@id\":\"https:\\\/\\\/geno-prog.ch\\\/#organization\",\"name\":\"GenoProg\",\"url\":\"https:\\\/\\\/geno-prog.ch\\\/\",\"logo\":{\"@type\":\"ImageObject\",\"inLanguage\":\"de\",\"@id\":\"https:\\\/\\\/geno-prog.ch\\\/#\\\/schema\\\/logo\\\/image\\\/\",\"url\":\"https:\\\/\\\/geno-prog.ch\\\/wp-content\\\/uploads\\\/2020\\\/03\\\/GenoProg_long.png\",\"contentUrl\":\"https:\\\/\\\/geno-prog.ch\\\/wp-content\\\/uploads\\\/2020\\\/03\\\/GenoProg_long.png\",\"width\":3086,\"height\":803,\"caption\":\"GenoProg\"},\"image\":{\"@id\":\"https:\\\/\\\/geno-prog.ch\\\/#\\\/schema\\\/logo\\\/image\\\/\"},\"sameAs\":[\"https:\\\/\\\/www.facebook.com\\\/genoprog\",\"https:\\\/\\\/www.instagram.com\\\/genoprog\\\/\",\"https:\\\/\\\/www.youtube.com\\\/channel\\\/UC5a5VYzbWdsHNYm2Qtu1F2w\"]}]}<\/script>\n<meta property=\"product:brand\" content=\"external\" \/>\n<meta property=\"product:price:amount\" content=\"250.00\" \/>\n<meta property=\"product:price:currency\" content=\"CHF\" \/>\n<meta property=\"og:availability\" content=\"instock\" \/>\n<meta property=\"product:availability\" content=\"instock\" \/>\n<meta property=\"product:condition\" content=\"new\" \/>\n<!-- \/ Yoast SEO Premium plugin. -->","yoast_head_json":{"title":"Mietwagen: DSC OFF-Sperre durch Codierung | BMW","description":"Codierservice f\u00fcr Mietwagen: Verhindern oder reaktivieren Sie die Deaktivierung des DSC. Professionelle L\u00f6sung f\u00fcr BMW.","robots":{"index":"index","follow":"follow","max-snippet":"max-snippet:-1","max-image-preview":"max-image-preview:large","max-video-preview":"max-video-preview:-1"},"canonical":"https:\/\/geno-prog.ch\/de\/produkt\/dsc-blockierung-fahrzeugvermietung\/","og_locale":"de_DE","og_type":"article","og_title":"V\u00e9hicule de location : blocage du DSC OFF","og_description":"Service de codage pour v\u00e9hicules de location : emp\u00eacher ou r\u00e9activer la d\u00e9sactivation du DSC. Solution professionnelle pour BMW.","og_url":"https:\/\/geno-prog.ch\/de\/produkt\/dsc-blockierung-fahrzeugvermietung\/","og_site_name":"GenoProg","article_publisher":"https:\/\/www.facebook.com\/genoprog","article_modified_time":"2026-01-03T20:39:47+00:00","og_image":[{"width":2560,"height":1920,"url":"https:\/\/geno-prog.ch\/wp-content\/uploads\/2026\/01\/DSC_OFF-scaled.jpg","type":"image\/jpeg"}],"twitter_card":"summary_large_image","twitter_misc":{"Preis":"&#67;&#72;&#70;&nbsp;250.00","Verf\u00fcgbarkeit":"Auf Lager"},"schema":{"@context":"https:\/\/schema.org","@graph":[{"@type":"WebPage","@id":"https:\/\/geno-prog.ch\/produit\/blocage-dsc-vehicule-location\/","url":"https:\/\/geno-prog.ch\/produit\/blocage-dsc-vehicule-location\/","name":"Mietwagen: DSC OFF-Sperre durch Codierung | BMW","isPartOf":{"@id":"https:\/\/geno-prog.ch\/#website"},"primaryImageOfPage":{"@id":"https:\/\/geno-prog.ch\/produit\/blocage-dsc-vehicule-location\/#primaryimage"},"image":{"@id":"https:\/\/geno-prog.ch\/produit\/blocage-dsc-vehicule-location\/#primaryimage"},"thumbnailUrl":"https:\/\/geno-prog.ch\/wp-content\/uploads\/2026\/01\/DSC_OFF-scaled.jpg","datePublished":"2026-01-03T20:29:43+00:00","dateModified":"2026-01-03T20:39:47+00:00","description":"Codierservice f\u00fcr Mietwagen: Verhindern oder reaktivieren Sie die Deaktivierung des DSC. Professionelle L\u00f6sung f\u00fcr BMW.","breadcrumb":{"@id":"https:\/\/geno-prog.ch\/produit\/blocage-dsc-vehicule-location\/#breadcrumb"},"inLanguage":"de","potentialAction":[{"@type":"ReadAction","target":["https:\/\/geno-prog.ch\/produit\/blocage-dsc-vehicule-location\/"]}]},{"@type":"ImageObject","inLanguage":"de","@id":"https:\/\/geno-prog.ch\/produit\/blocage-dsc-vehicule-location\/#primaryimage","url":"https:\/\/geno-prog.ch\/wp-content\/uploads\/2026\/01\/DSC_OFF-scaled.jpg","contentUrl":"https:\/\/geno-prog.ch\/wp-content\/uploads\/2026\/01\/DSC_OFF-scaled.jpg","width":2560,"height":1920},{"@type":"BreadcrumbList","@id":"https:\/\/geno-prog.ch\/produit\/blocage-dsc-vehicule-location\/#breadcrumb","itemListElement":[{"@type":"ListItem","position":1,"name":"Accueil","item":"https:\/\/geno-prog.ch\/"},{"@type":"ListItem","position":2,"name":"T\u00e9l\u00e9chargements","item":"https:\/\/geno-prog.ch\/download\/"},{"@type":"ListItem","position":3,"name":"V\u00e9hicule de location : blocage du DSC OFF"}]},{"@type":"WebSite","@id":"https:\/\/geno-prog.ch\/#website","url":"https:\/\/geno-prog.ch\/","name":"GenoProg","description":"Fachkraft f\u00fcr Kraftfahrzeugelektronik BMW \/ MINI","publisher":{"@id":"https:\/\/geno-prog.ch\/#organization"},"potentialAction":[{"@type":"SearchAction","target":{"@type":"EntryPoint","urlTemplate":"https:\/\/geno-prog.ch\/?s={search_term_string}"},"query-input":{"@type":"PropertyValueSpecification","valueRequired":true,"valueName":"search_term_string"}}],"inLanguage":"de"},{"@type":"Organization","@id":"https:\/\/geno-prog.ch\/#organization","name":"GenoProg","url":"https:\/\/geno-prog.ch\/","logo":{"@type":"ImageObject","inLanguage":"de","@id":"https:\/\/geno-prog.ch\/#\/schema\/logo\/image\/","url":"https:\/\/geno-prog.ch\/wp-content\/uploads\/2020\/03\/GenoProg_long.png","contentUrl":"https:\/\/geno-prog.ch\/wp-content\/uploads\/2020\/03\/GenoProg_long.png","width":3086,"height":803,"caption":"GenoProg"},"image":{"@id":"https:\/\/geno-prog.ch\/#\/schema\/logo\/image\/"},"sameAs":["https:\/\/www.facebook.com\/genoprog","https:\/\/www.instagram.com\/genoprog\/","https:\/\/www.youtube.com\/channel\/UC5a5VYzbWdsHNYm2Qtu1F2w"]}]},"product_brand":"external","product_price_amount":"250.00","product_price_currency":"CHF","og_availability":"instock","product_availability":"instock","product_condition":"new"},"_links":{"self":[{"href":"https:\/\/geno-prog.ch\/de\/wp-json\/wp\/v2\/product\/34495","targetHints":{"allow":["GET"]}}],"collection":[{"href":"https:\/\/geno-prog.ch\/de\/wp-json\/wp\/v2\/product"}],"about":[{"href":"https:\/\/geno-prog.ch\/de\/wp-json\/wp\/v2\/types\/product"}],"wp:featuredmedia":[{"embeddable":true,"href":"https:\/\/geno-prog.ch\/de\/wp-json\/wp\/v2\/media\/34496"}],"wp:attachment":[{"href":"https:\/\/geno-prog.ch\/de\/wp-json\/wp\/v2\/media?parent=34495"}],"wp:term":[{"taxonomy":"product_brand","embeddable":true,"href":"https:\/\/geno-prog.ch\/de\/wp-json\/wp\/v2\/product_brand?post=34495"},{"taxonomy":"product_cat","embeddable":true,"href":"https:\/\/geno-prog.ch\/de\/wp-json\/wp\/v2\/product_cat?post=34495"},{"taxonomy":"product_tag","embeddable":true,"href":"https:\/\/geno-prog.ch\/de\/wp-json\/wp\/v2\/product_tag?post=34495"}],"curies":[{"name":"wp","href":"https:\/\/api.w.org\/{rel}","templated":true}]}}