{"id":34492,"date":"2026-01-01T15:37:56","date_gmt":"2026-01-01T14:37:56","guid":{"rendered":"https:\/\/geno-prog.ch\/?post_type=product&#038;p=34492"},"modified":"2026-01-01T15:46:03","modified_gmt":"2026-01-01T14:46:03","slug":"fehler-codierung-bmw-mini","status":"publish","type":"product","link":"https:\/\/geno-prog.ch\/de\/produkt\/fehler-codierung-bmw-mini\/","title":{"rendered":"BMW MINI Codierfehler - Reparatur"},"content":{"rendered":"<section class=\"service-content\">\n<h1>Codierungsfehler - Reparatur und Programmierung von BMW \/ MINI Modulen<\/h1>\n<h2>Tarife<\/h2>\n<p><strong>Ab CHF 150.-<\/strong>, Je nach Modul und Art des Problems.<\/p>\n<h2>Beschreibung des Dienstes<\/h2>\n<p>Sie haben ein Problem aufgrund einer Manipulation, die mit einer Codierungs- oder Programmieranwendung durchgef\u00fchrt wurde.<br \/>\nderart, dass <strong>MHD<\/strong>, <strong>Bootmod3<\/strong>, <strong>Carly<\/strong>, <strong>BimmerCode<\/strong> oder eine \u00e4hnliche L\u00f6sung?<\/p>\n<p>Nach einem fehlgeschlagenen Kodierungs- oder Programmierversuch kann es vorkommen, dass ein Modul nicht mehr reagiert, Fehler aufweist<br \/>\nCodierung oder f\u00fchrt zu Fehlfunktionen des Fahrzeugs.<\/p>\n<h2>Intervention aus der Ferne<\/h2>\n<p>Auf den Fahrzeugen der <strong>F- &amp; G-Serie<\/strong>, Einige Interventionen k\u00f6nnen durchgef\u00fchrt werden <strong>aus der Ferne<\/strong>,<br \/>\nohne Stillstand des Fahrzeugs, wenn die technischen Bedingungen dies zulassen.<\/p>\n<h2>Notwendige Informationen<\/h2>\n<p>Damit wir Sie schnell und effizient unterst\u00fctzen k\u00f6nnen, bitten wir Sie, uns folgende Informationen mitzuteilen:<\/p>\n<ul>\n<li>Die genaue Operation, die fehlschlug<\/li>\n<li>Die verwendete Software oder Anwendung<\/li>\n<li>Bereits durchgef\u00fchrte Manipulationen<\/li>\n<li>M\u00f6gliche Fehlermeldungen<\/li>\n<\/ul>\n<h2>Unterst\u00fctzte Module (nicht ersch\u00f6pfende Liste)<\/h2>\n<ul>\n<li>DME \/ DDE<\/li>\n<li>DSC<\/li>\n<li>EGS<\/li>\n<li>ICAM<\/li>\n<li>ICM<\/li>\n<li>IHKA<\/li>\n<li>KOMBI<\/li>\n<li>NBT<\/li>\n<li>VDC<\/li>\n<li>PMA<\/li>\n<li>PDC<\/li>\n<li>BDC<\/li>\n<li>FEM<\/li>\n<li>CAS<\/li>\n<li>FRM<\/li>\n<li>CIC<\/li>\n<li>ACSM<\/li>\n<\/ul>\n<\/section>","protected":false},"excerpt":{"rendered":"<h3><strong>Ab CHF 150.-<\/strong><\/h3>","protected":false},"featured_media":34212,"template":"","meta":{"_et_pb_use_builder":"","_et_pb_old_content":"","_et_gb_content_width":""},"product_brand":[],"product_cat":[90,91],"product_tag":[],"class_list":{"0":"post-34492","1":"product","2":"type-product","3":"status-publish","4":"has-post-thumbnail","6":"product_cat-codage","7":"product_cat-reparation","9":"first","10":"instock","11":"shipping-taxable","12":"product-type-external"},"yoast_head":"<!-- This site is optimized with the Yoast SEO Premium plugin v26.5 (Yoast SEO v27.4) - https:\/\/yoast.com\/product\/yoast-seo-premium-wordpress\/ -->\n<title>Erreur de codage BMW \/ MINI | R\u00e9paration et programmation modules<\/title>\n<meta name=\"description\" content=\"Erreur de codage BMW ou MINI apr\u00e8s MHD, Bootmod3, Carly ou BimmerCode. R\u00e9paration et reprogrammation de modules. 1A2904 &amp; 1A2804\" \/>\n<meta name=\"robots\" content=\"index, follow, max-snippet:-1, max-image-preview:large, max-video-preview:-1\" \/>\n<link rel=\"canonical\" href=\"https:\/\/geno-prog.ch\/de\/produkt\/fehler-codierung-bmw-mini\/\" \/>\n<meta property=\"og:locale\" content=\"de_DE\" \/>\n<meta property=\"og:type\" content=\"article\" \/>\n<meta property=\"og:title\" content=\"Erreur de codage BMW MINI - R\u00e9paration\" \/>\n<meta property=\"og:description\" content=\"Erreur de codage BMW ou MINI apr\u00e8s MHD, Bootmod3, Carly ou BimmerCode. R\u00e9paration et reprogrammation de modules. 1A2904 &amp; 1A2804\" \/>\n<meta property=\"og:url\" content=\"https:\/\/geno-prog.ch\/de\/produkt\/fehler-codierung-bmw-mini\/\" \/>\n<meta property=\"og:site_name\" content=\"GenoProg\" \/>\n<meta property=\"article:publisher\" content=\"https:\/\/www.facebook.com\/genoprog\" \/>\n<meta property=\"article:modified_time\" content=\"2026-01-01T14:46:03+00:00\" \/>\n<meta property=\"og:image\" content=\"https:\/\/geno-prog.ch\/wp-content\/uploads\/2025\/02\/NBT_FLASH-scaled.jpg\" \/>\n\t<meta property=\"og:image:width\" content=\"2560\" \/>\n\t<meta property=\"og:image:height\" content=\"1655\" \/>\n\t<meta property=\"og:image:type\" content=\"image\/jpeg\" \/>\n<meta name=\"twitter:card\" content=\"summary_large_image\" \/>\n<meta name=\"twitter:label1\" content=\"Preis\" \/>\n\t<meta name=\"twitter:data1\" content=\"\" \/>\n\t<meta name=\"twitter:label2\" content=\"Verf\u00fcgbarkeit\" \/>\n\t<meta name=\"twitter:data2\" content=\"Auf Lager\" \/>\n<script type=\"application\/ld+json\" class=\"yoast-schema-graph\">{\"@context\":\"https:\\\/\\\/schema.org\",\"@graph\":[{\"@type\":\"WebPage\",\"@id\":\"https:\\\/\\\/geno-prog.ch\\\/produit\\\/erreur-codage-bmw-mini\\\/\",\"url\":\"https:\\\/\\\/geno-prog.ch\\\/produit\\\/erreur-codage-bmw-mini\\\/\",\"name\":\"Erreur de codage BMW \\\/ MINI | R\u00e9paration et programmation modules\",\"isPartOf\":{\"@id\":\"https:\\\/\\\/geno-prog.ch\\\/#website\"},\"primaryImageOfPage\":{\"@id\":\"https:\\\/\\\/geno-prog.ch\\\/produit\\\/erreur-codage-bmw-mini\\\/#primaryimage\"},\"image\":{\"@id\":\"https:\\\/\\\/geno-prog.ch\\\/produit\\\/erreur-codage-bmw-mini\\\/#primaryimage\"},\"thumbnailUrl\":\"https:\\\/\\\/geno-prog.ch\\\/wp-content\\\/uploads\\\/2025\\\/02\\\/NBT_FLASH-scaled.jpg\",\"datePublished\":\"2026-01-01T14:37:56+00:00\",\"dateModified\":\"2026-01-01T14:46:03+00:00\",\"description\":\"Erreur de codage BMW ou MINI apr\u00e8s MHD, Bootmod3, Carly ou BimmerCode. R\u00e9paration et reprogrammation de modules. 1A2904 & 1A2804\",\"breadcrumb\":{\"@id\":\"https:\\\/\\\/geno-prog.ch\\\/produit\\\/erreur-codage-bmw-mini\\\/#breadcrumb\"},\"inLanguage\":\"de\",\"potentialAction\":[{\"@type\":\"ReadAction\",\"target\":[\"https:\\\/\\\/geno-prog.ch\\\/produit\\\/erreur-codage-bmw-mini\\\/\"]}]},{\"@type\":\"ImageObject\",\"inLanguage\":\"de\",\"@id\":\"https:\\\/\\\/geno-prog.ch\\\/produit\\\/erreur-codage-bmw-mini\\\/#primaryimage\",\"url\":\"https:\\\/\\\/geno-prog.ch\\\/wp-content\\\/uploads\\\/2025\\\/02\\\/NBT_FLASH-scaled.jpg\",\"contentUrl\":\"https:\\\/\\\/geno-prog.ch\\\/wp-content\\\/uploads\\\/2025\\\/02\\\/NBT_FLASH-scaled.jpg\",\"width\":2560,\"height\":1655},{\"@type\":\"BreadcrumbList\",\"@id\":\"https:\\\/\\\/geno-prog.ch\\\/produit\\\/erreur-codage-bmw-mini\\\/#breadcrumb\",\"itemListElement\":[{\"@type\":\"ListItem\",\"position\":1,\"name\":\"Accueil\",\"item\":\"https:\\\/\\\/geno-prog.ch\\\/\"},{\"@type\":\"ListItem\",\"position\":2,\"name\":\"T\u00e9l\u00e9chargements\",\"item\":\"https:\\\/\\\/geno-prog.ch\\\/download\\\/\"},{\"@type\":\"ListItem\",\"position\":3,\"name\":\"Erreur de codage BMW MINI &#8211; R\u00e9paration\"}]},{\"@type\":\"WebSite\",\"@id\":\"https:\\\/\\\/geno-prog.ch\\\/#website\",\"url\":\"https:\\\/\\\/geno-prog.ch\\\/\",\"name\":\"GenoProg\",\"description\":\"Sp\u00e9cialiste en \u00e9lectronique automobile BMW \\\/ MINI\",\"publisher\":{\"@id\":\"https:\\\/\\\/geno-prog.ch\\\/#organization\"},\"potentialAction\":[{\"@type\":\"SearchAction\",\"target\":{\"@type\":\"EntryPoint\",\"urlTemplate\":\"https:\\\/\\\/geno-prog.ch\\\/?s={search_term_string}\"},\"query-input\":{\"@type\":\"PropertyValueSpecification\",\"valueRequired\":true,\"valueName\":\"search_term_string\"}}],\"inLanguage\":\"de\"},{\"@type\":\"Organization\",\"@id\":\"https:\\\/\\\/geno-prog.ch\\\/#organization\",\"name\":\"GenoProg\",\"url\":\"https:\\\/\\\/geno-prog.ch\\\/\",\"logo\":{\"@type\":\"ImageObject\",\"inLanguage\":\"de\",\"@id\":\"https:\\\/\\\/geno-prog.ch\\\/#\\\/schema\\\/logo\\\/image\\\/\",\"url\":\"https:\\\/\\\/geno-prog.ch\\\/wp-content\\\/uploads\\\/2020\\\/03\\\/GenoProg_long.png\",\"contentUrl\":\"https:\\\/\\\/geno-prog.ch\\\/wp-content\\\/uploads\\\/2020\\\/03\\\/GenoProg_long.png\",\"width\":3086,\"height\":803,\"caption\":\"GenoProg\"},\"image\":{\"@id\":\"https:\\\/\\\/geno-prog.ch\\\/#\\\/schema\\\/logo\\\/image\\\/\"},\"sameAs\":[\"https:\\\/\\\/www.facebook.com\\\/genoprog\",\"https:\\\/\\\/www.instagram.com\\\/genoprog\\\/\",\"https:\\\/\\\/www.youtube.com\\\/channel\\\/UC5a5VYzbWdsHNYm2Qtu1F2w\"]}]}<\/script>\n<meta property=\"product:brand\" content=\"external\" \/>\n<meta property=\"product:price:currency\" content=\"CHF\" \/>\n<meta property=\"og:availability\" content=\"instock\" \/>\n<meta property=\"product:availability\" content=\"instock\" \/>\n<meta property=\"product:condition\" content=\"new\" \/>\n<!-- \/ Yoast SEO Premium plugin. -->","yoast_head_json":{"title":"Codierfehler BMW \/ MINI | Reparatur und Programmierung Module","description":"Fehler bei der BMW- oder MINI-Codierung nach MHD, Bootmod3, Carly oder BimmerCode. Reparatur und Neuprogrammierung von Modulen. 1A2904 &amp; 1A2804","robots":{"index":"index","follow":"follow","max-snippet":"max-snippet:-1","max-image-preview":"max-image-preview:large","max-video-preview":"max-video-preview:-1"},"canonical":"https:\/\/geno-prog.ch\/de\/produkt\/fehler-codierung-bmw-mini\/","og_locale":"de_DE","og_type":"article","og_title":"Erreur de codage BMW MINI - R\u00e9paration","og_description":"Erreur de codage BMW ou MINI apr\u00e8s MHD, Bootmod3, Carly ou BimmerCode. R\u00e9paration et reprogrammation de modules. 1A2904 & 1A2804","og_url":"https:\/\/geno-prog.ch\/de\/produkt\/fehler-codierung-bmw-mini\/","og_site_name":"GenoProg","article_publisher":"https:\/\/www.facebook.com\/genoprog","article_modified_time":"2026-01-01T14:46:03+00:00","og_image":[{"width":2560,"height":1655,"url":"https:\/\/geno-prog.ch\/wp-content\/uploads\/2025\/02\/NBT_FLASH-scaled.jpg","type":"image\/jpeg"}],"twitter_card":"summary_large_image","twitter_misc":{"Preis":"","Verf\u00fcgbarkeit":"Auf Lager"},"schema":{"@context":"https:\/\/schema.org","@graph":[{"@type":"WebPage","@id":"https:\/\/geno-prog.ch\/produit\/erreur-codage-bmw-mini\/","url":"https:\/\/geno-prog.ch\/produit\/erreur-codage-bmw-mini\/","name":"Codierfehler BMW \/ MINI | Reparatur und Programmierung Module","isPartOf":{"@id":"https:\/\/geno-prog.ch\/#website"},"primaryImageOfPage":{"@id":"https:\/\/geno-prog.ch\/produit\/erreur-codage-bmw-mini\/#primaryimage"},"image":{"@id":"https:\/\/geno-prog.ch\/produit\/erreur-codage-bmw-mini\/#primaryimage"},"thumbnailUrl":"https:\/\/geno-prog.ch\/wp-content\/uploads\/2025\/02\/NBT_FLASH-scaled.jpg","datePublished":"2026-01-01T14:37:56+00:00","dateModified":"2026-01-01T14:46:03+00:00","description":"Fehler bei der BMW- oder MINI-Codierung nach MHD, Bootmod3, Carly oder BimmerCode. Reparatur und Neuprogrammierung von Modulen. 1A2904 &amp; 1A2804","breadcrumb":{"@id":"https:\/\/geno-prog.ch\/produit\/erreur-codage-bmw-mini\/#breadcrumb"},"inLanguage":"de","potentialAction":[{"@type":"ReadAction","target":["https:\/\/geno-prog.ch\/produit\/erreur-codage-bmw-mini\/"]}]},{"@type":"ImageObject","inLanguage":"de","@id":"https:\/\/geno-prog.ch\/produit\/erreur-codage-bmw-mini\/#primaryimage","url":"https:\/\/geno-prog.ch\/wp-content\/uploads\/2025\/02\/NBT_FLASH-scaled.jpg","contentUrl":"https:\/\/geno-prog.ch\/wp-content\/uploads\/2025\/02\/NBT_FLASH-scaled.jpg","width":2560,"height":1655},{"@type":"BreadcrumbList","@id":"https:\/\/geno-prog.ch\/produit\/erreur-codage-bmw-mini\/#breadcrumb","itemListElement":[{"@type":"ListItem","position":1,"name":"Accueil","item":"https:\/\/geno-prog.ch\/"},{"@type":"ListItem","position":2,"name":"T\u00e9l\u00e9chargements","item":"https:\/\/geno-prog.ch\/download\/"},{"@type":"ListItem","position":3,"name":"Erreur de codage BMW MINI &#8211; R\u00e9paration"}]},{"@type":"WebSite","@id":"https:\/\/geno-prog.ch\/#website","url":"https:\/\/geno-prog.ch\/","name":"GenoProg","description":"Fachkraft f\u00fcr Kraftfahrzeugelektronik BMW \/ MINI","publisher":{"@id":"https:\/\/geno-prog.ch\/#organization"},"potentialAction":[{"@type":"SearchAction","target":{"@type":"EntryPoint","urlTemplate":"https:\/\/geno-prog.ch\/?s={search_term_string}"},"query-input":{"@type":"PropertyValueSpecification","valueRequired":true,"valueName":"search_term_string"}}],"inLanguage":"de"},{"@type":"Organization","@id":"https:\/\/geno-prog.ch\/#organization","name":"GenoProg","url":"https:\/\/geno-prog.ch\/","logo":{"@type":"ImageObject","inLanguage":"de","@id":"https:\/\/geno-prog.ch\/#\/schema\/logo\/image\/","url":"https:\/\/geno-prog.ch\/wp-content\/uploads\/2020\/03\/GenoProg_long.png","contentUrl":"https:\/\/geno-prog.ch\/wp-content\/uploads\/2020\/03\/GenoProg_long.png","width":3086,"height":803,"caption":"GenoProg"},"image":{"@id":"https:\/\/geno-prog.ch\/#\/schema\/logo\/image\/"},"sameAs":["https:\/\/www.facebook.com\/genoprog","https:\/\/www.instagram.com\/genoprog\/","https:\/\/www.youtube.com\/channel\/UC5a5VYzbWdsHNYm2Qtu1F2w"]}]},"product_brand":"external","product_price_currency":"CHF","og_availability":"instock","product_availability":"instock","product_condition":"new"},"_links":{"self":[{"href":"https:\/\/geno-prog.ch\/de\/wp-json\/wp\/v2\/product\/34492","targetHints":{"allow":["GET"]}}],"collection":[{"href":"https:\/\/geno-prog.ch\/de\/wp-json\/wp\/v2\/product"}],"about":[{"href":"https:\/\/geno-prog.ch\/de\/wp-json\/wp\/v2\/types\/product"}],"wp:featuredmedia":[{"embeddable":true,"href":"https:\/\/geno-prog.ch\/de\/wp-json\/wp\/v2\/media\/34212"}],"wp:attachment":[{"href":"https:\/\/geno-prog.ch\/de\/wp-json\/wp\/v2\/media?parent=34492"}],"wp:term":[{"taxonomy":"product_brand","embeddable":true,"href":"https:\/\/geno-prog.ch\/de\/wp-json\/wp\/v2\/product_brand?post=34492"},{"taxonomy":"product_cat","embeddable":true,"href":"https:\/\/geno-prog.ch\/de\/wp-json\/wp\/v2\/product_cat?post=34492"},{"taxonomy":"product_tag","embeddable":true,"href":"https:\/\/geno-prog.ch\/de\/wp-json\/wp\/v2\/product_tag?post=34492"}],"curies":[{"name":"wp","href":"https:\/\/api.w.org\/{rel}","templated":true}]}}