{"id":34487,"date":"2026-01-01T13:59:49","date_gmt":"2026-01-01T12:59:49","guid":{"rendered":"https:\/\/geno-prog.ch\/?post_type=product&#038;p=34487"},"modified":"2026-01-01T14:10:07","modified_gmt":"2026-01-01T13:10:07","slug":"used_dme","status":"publish","type":"product","link":"https:\/\/geno-prog.ch\/de\/produkt\/used_dme\/","title":{"rendered":"Anpassung Motorsteuerger\u00e4t gebraucht BMW | MINI"},"content":{"rendered":"<section class=\"service-content\">\n<h1>Anpassung des gebrauchten BMW Motorsteuerger\u00e4ts<\/h1>\n<h2>Tarife<\/h2>\n<p><strong>CHF 250.- bis CHF 550.-<\/strong>, je nach Rechnermodell und erforderlicher Anpassungsmethode.<\/p>\n<h2>Beschreibung des Dienstes<\/h2>\n<p>Wenn ein BMW-Motorsteuerger\u00e4t defekt ist, ist es in der Regel nicht m\u00f6glich, direkt ein gebrauchtes Steuerger\u00e4t einzubauen.<br \/>\nDie Wegfahrsperre verhindert das Starten des Fahrzeugs, solange das Steuerger\u00e4t nicht richtig auf das Fahrzeug abgestimmt ist.<\/p>\n<p>Ein neues Steuerger\u00e4t stellt oft einen sehr hohen Kostenfaktor dar und erfordert eine Programmierung im Autohaus.<br \/>\nDie Nachr\u00fcstung eines gebrauchten Motorsteuerger\u00e4ts ist eine zuverl\u00e4ssige technische Alternative, wenn die Voraussetzungen daf\u00fcr gegeben sind.<\/p>\n<h2>H\u00e4ufig auftretende Probleme<\/h2>\n<ul>\n<li>Motorsteuerger\u00e4t reagiert nicht mehr<\/li>\n<li>Interner Elektronikfehler<\/li>\n<li>Sch\u00e4den durch eindringendes Wasser<\/li>\n<\/ul>\n<h2>L\u00f6sungsvorschl\u00e4ge je nach Art des Steuerger\u00e4ts<\/h2>\n<h3>Klonen 1:1<\/h3>\n<p>Vollst\u00e4ndige Kopie der Daten des Original-Steuerger\u00e4ts auf ein absolut identisches gebrauchtes Steuerger\u00e4t<br \/>\n(dieselbe Konstruktorreferenz), wenn das Modell von unseren Schnittstellen unterst\u00fctzt wird.<\/p>\n<h3>Anpassung nach ISN-Code<\/h3>\n<p>Lesen des ISN-Codes (Sicherheitsschl\u00fcssel) aus dem Schl\u00fcsselmanagementmodul, dann Schreiben in das Motorsteuerger\u00e4t<br \/>\n(DME \/ DDE), die eine Synchronisation mit der Wegfahrsperre des Fahrzeugs erm\u00f6glicht.<\/p>\n<h2>Ben\u00f6tigte Elemente f\u00fcr die Intervention<\/h2>\n<h3>Klonen 1:1<\/h3>\n<ul>\n<li>Ein gebrauchtes Steuerger\u00e4t mit genau der gleichen Teilenummer wie das Originalsteuerger\u00e4t<\/li>\n<\/ul>\n<h3>Nicht-kommunizierender Rechner<\/h3>\n<ul>\n<li>Schl\u00fcsselverwaltungsmodul (CAS, FEM, BDC, BCM je nach Fahrzeugmodell)<\/li>\n<li>Mindestens ein funktionaler Schl\u00fcssel<\/li>\n<\/ul>\n<p>In diesem Fall wird der Sicherheitsschl\u00fcssel aus dem Schl\u00fcsselmodul gelesen und in das Motorsteuerger\u00e4t geschrieben,<br \/>\nmit aktualisierter Fahrgestellnummer (VIN), um eine vollst\u00e4ndige Synchronisierung zu gew\u00e4hrleisten.<\/p>\n<h2>Zus\u00e4tzlicher Schritt je nach Modell<\/h2>\n<p>Bei einigen Steuerger\u00e4te-Modellen ist ein zus\u00e4tzlicher Eingriff \u00fcber den OBD-Stecker erforderlich, nachdem<br \/>\ndie Ausrichtung der Wegfahrsperre.<\/p>\n<ul>\n<li>Anpassung an die spezifische Konfiguration des Fahrzeugs<\/li>\n<li>Harmonisierung der Parameter, die mit dem Antrieb und der \u00dcbertragung zusammenh\u00e4ngen<\/li>\n<li>Korrektur von Mapping-Unterschieden, wenn mehrere Fahrzeuge denselben Steuerger\u00e4tetyp nutzen<\/li>\n<\/ul>\n<h2>Kompatible Rechner<\/h2>\n<h3>BMW - BOSCH<\/h3>\n<ul>\n<li>BOSCH EDC17C06<\/li>\n<li>BOSCH EDC17C41<\/li>\n<li>BOSCH EDC17C50<\/li>\n<li>BOSCH EDC17C56<\/li>\n<li>BOSCH EDC17C76<\/li>\n<li>BOSCH EDC17CP02<\/li>\n<li>BOSCH EDC17CP09<\/li>\n<li>BOSCH EDC17CP45<\/li>\n<li>BOSCH EDC17CP49<\/li>\n<li>BOSCH ME17.2<\/li>\n<li>BOSCH ME17.2.1<\/li>\n<li>BOSCH ME17.2.4<\/li>\n<li>BOSCH MEV17.2.1<\/li>\n<li>BOSCH MEVD17.2<\/li>\n<li>BOSCH MEVD17.2.3<\/li>\n<li>BOSCH MEVD17.2.4<\/li>\n<li>BOSCH MEVD17.2.5<\/li>\n<li>BOSCH MEVD17.2.6<\/li>\n<li>BOSCH MEVD17.2.8<\/li>\n<li>BOSCH MEVD17.2.9<\/li>\n<li>BOSCH MEVD17.2.G<\/li>\n<li>BOSCH MEVD17.2.H<\/li>\n<li>BOSCH MEVD17.2.K<\/li>\n<li>BOSCH MEVD17.2.P<\/li>\n<\/ul>\n<h3>MINI - BOSCH<\/h3>\n<ul>\n<li>BOSCH EDC17C41<\/li>\n<li>BOSCH EDC17C50<\/li>\n<li>BOSCH MED17.2<\/li>\n<li>BOSCH MEV17.2<\/li>\n<li>BOSCH MEV17.2.2<\/li>\n<li>BOSCH MEVD17.2.2<\/li>\n<li>BOSCH MEVD17.2.3<\/li>\n<li>BOSCH MEVD17.2.7<\/li>\n<li>BOSCH MEVD17.2.K<\/li>\n<\/ul>\n<\/section>","protected":false},"excerpt":{"rendered":"<h3><strong>CHF 250.- bis CHF 550.-<\/strong>, je nach Rechnermodell und erforderlicher Anpassungsmethode.<\/h3>","protected":false},"featured_media":33642,"template":"","meta":{"_et_pb_use_builder":"","_et_pb_old_content":"","_et_gb_content_width":""},"product_brand":[],"product_cat":[90,91],"product_tag":[],"class_list":{"0":"post-34487","1":"product","2":"type-product","3":"status-publish","4":"has-post-thumbnail","6":"product_cat-codage","7":"product_cat-reparation","9":"first","10":"instock","11":"shipping-taxable","12":"product-type-external"},"yoast_head":"<!-- This site is optimized with the Yoast SEO Premium plugin v26.5 (Yoast SEO v27.4) - https:\/\/yoast.com\/product\/yoast-seo-premium-wordpress\/ -->\n<title>Adaptation calculateur moteur BMW | Clonage DME &amp; DDE<\/title>\n<meta name=\"description\" content=\"Adaptation et clonage de calculateurs moteur BMW d\u2019occasion. Synchronisation antid\u00e9marrage DME\/DDE, clonage 1:1 et programmation sp\u00e9cifique v\u00e9hicule.\" \/>\n<meta name=\"robots\" content=\"index, follow, max-snippet:-1, max-image-preview:large, max-video-preview:-1\" \/>\n<link rel=\"canonical\" href=\"https:\/\/geno-prog.ch\/de\/produkt\/used_dme\/\" \/>\n<meta property=\"og:locale\" content=\"de_DE\" \/>\n<meta property=\"og:type\" content=\"article\" \/>\n<meta property=\"og:title\" content=\"Adaptation de calculateur moteur d\u2019occasion BMW | MINI\" \/>\n<meta property=\"og:description\" content=\"Adaptation et clonage de calculateurs moteur BMW d\u2019occasion. Synchronisation antid\u00e9marrage DME\/DDE, clonage 1:1 et programmation sp\u00e9cifique v\u00e9hicule.\" \/>\n<meta property=\"og:url\" content=\"https:\/\/geno-prog.ch\/de\/produkt\/used_dme\/\" \/>\n<meta property=\"og:site_name\" content=\"GenoProg\" \/>\n<meta property=\"article:publisher\" content=\"https:\/\/www.facebook.com\/genoprog\" \/>\n<meta property=\"article:modified_time\" content=\"2026-01-01T13:10:07+00:00\" \/>\n<meta property=\"og:image\" content=\"https:\/\/geno-prog.ch\/wp-content\/uploads\/2022\/05\/DME_BENCH-scaled.jpg\" \/>\n\t<meta property=\"og:image:width\" content=\"2560\" \/>\n\t<meta property=\"og:image:height\" content=\"1920\" \/>\n\t<meta property=\"og:image:type\" content=\"image\/jpeg\" \/>\n<meta name=\"twitter:card\" content=\"summary_large_image\" \/>\n<meta name=\"twitter:label1\" content=\"Preis\" \/>\n\t<meta name=\"twitter:data1\" content=\"\" \/>\n\t<meta name=\"twitter:label2\" content=\"Verf\u00fcgbarkeit\" \/>\n\t<meta name=\"twitter:data2\" content=\"Auf Lager\" \/>\n<script type=\"application\/ld+json\" class=\"yoast-schema-graph\">{\"@context\":\"https:\\\/\\\/schema.org\",\"@graph\":[{\"@type\":\"WebPage\",\"@id\":\"https:\\\/\\\/geno-prog.ch\\\/produit\\\/used_dme\\\/\",\"url\":\"https:\\\/\\\/geno-prog.ch\\\/produit\\\/used_dme\\\/\",\"name\":\"Adaptation calculateur moteur BMW | Clonage DME & DDE\",\"isPartOf\":{\"@id\":\"https:\\\/\\\/geno-prog.ch\\\/#website\"},\"primaryImageOfPage\":{\"@id\":\"https:\\\/\\\/geno-prog.ch\\\/produit\\\/used_dme\\\/#primaryimage\"},\"image\":{\"@id\":\"https:\\\/\\\/geno-prog.ch\\\/produit\\\/used_dme\\\/#primaryimage\"},\"thumbnailUrl\":\"https:\\\/\\\/geno-prog.ch\\\/wp-content\\\/uploads\\\/2022\\\/05\\\/DME_BENCH-scaled.jpg\",\"datePublished\":\"2026-01-01T12:59:49+00:00\",\"dateModified\":\"2026-01-01T13:10:07+00:00\",\"description\":\"Adaptation et clonage de calculateurs moteur BMW d\u2019occasion. Synchronisation antid\u00e9marrage DME\\\/DDE, clonage 1:1 et programmation sp\u00e9cifique v\u00e9hicule.\",\"breadcrumb\":{\"@id\":\"https:\\\/\\\/geno-prog.ch\\\/produit\\\/used_dme\\\/#breadcrumb\"},\"inLanguage\":\"de\",\"potentialAction\":[{\"@type\":\"ReadAction\",\"target\":[\"https:\\\/\\\/geno-prog.ch\\\/produit\\\/used_dme\\\/\"]}]},{\"@type\":\"ImageObject\",\"inLanguage\":\"de\",\"@id\":\"https:\\\/\\\/geno-prog.ch\\\/produit\\\/used_dme\\\/#primaryimage\",\"url\":\"https:\\\/\\\/geno-prog.ch\\\/wp-content\\\/uploads\\\/2022\\\/05\\\/DME_BENCH-scaled.jpg\",\"contentUrl\":\"https:\\\/\\\/geno-prog.ch\\\/wp-content\\\/uploads\\\/2022\\\/05\\\/DME_BENCH-scaled.jpg\",\"width\":2560,\"height\":1920,\"caption\":\"DME_BENCH\"},{\"@type\":\"BreadcrumbList\",\"@id\":\"https:\\\/\\\/geno-prog.ch\\\/produit\\\/used_dme\\\/#breadcrumb\",\"itemListElement\":[{\"@type\":\"ListItem\",\"position\":1,\"name\":\"Accueil\",\"item\":\"https:\\\/\\\/geno-prog.ch\\\/\"},{\"@type\":\"ListItem\",\"position\":2,\"name\":\"T\u00e9l\u00e9chargements\",\"item\":\"https:\\\/\\\/geno-prog.ch\\\/download\\\/\"},{\"@type\":\"ListItem\",\"position\":3,\"name\":\"Adaptation de calculateur moteur d\u2019occasion BMW | MINI\"}]},{\"@type\":\"WebSite\",\"@id\":\"https:\\\/\\\/geno-prog.ch\\\/#website\",\"url\":\"https:\\\/\\\/geno-prog.ch\\\/\",\"name\":\"GenoProg\",\"description\":\"Sp\u00e9cialiste en \u00e9lectronique automobile BMW \\\/ MINI\",\"publisher\":{\"@id\":\"https:\\\/\\\/geno-prog.ch\\\/#organization\"},\"potentialAction\":[{\"@type\":\"SearchAction\",\"target\":{\"@type\":\"EntryPoint\",\"urlTemplate\":\"https:\\\/\\\/geno-prog.ch\\\/?s={search_term_string}\"},\"query-input\":{\"@type\":\"PropertyValueSpecification\",\"valueRequired\":true,\"valueName\":\"search_term_string\"}}],\"inLanguage\":\"de\"},{\"@type\":\"Organization\",\"@id\":\"https:\\\/\\\/geno-prog.ch\\\/#organization\",\"name\":\"GenoProg\",\"url\":\"https:\\\/\\\/geno-prog.ch\\\/\",\"logo\":{\"@type\":\"ImageObject\",\"inLanguage\":\"de\",\"@id\":\"https:\\\/\\\/geno-prog.ch\\\/#\\\/schema\\\/logo\\\/image\\\/\",\"url\":\"https:\\\/\\\/geno-prog.ch\\\/wp-content\\\/uploads\\\/2020\\\/03\\\/GenoProg_long.png\",\"contentUrl\":\"https:\\\/\\\/geno-prog.ch\\\/wp-content\\\/uploads\\\/2020\\\/03\\\/GenoProg_long.png\",\"width\":3086,\"height\":803,\"caption\":\"GenoProg\"},\"image\":{\"@id\":\"https:\\\/\\\/geno-prog.ch\\\/#\\\/schema\\\/logo\\\/image\\\/\"},\"sameAs\":[\"https:\\\/\\\/www.facebook.com\\\/genoprog\",\"https:\\\/\\\/www.instagram.com\\\/genoprog\\\/\",\"https:\\\/\\\/www.youtube.com\\\/channel\\\/UC5a5VYzbWdsHNYm2Qtu1F2w\"]}]}<\/script>\n<meta property=\"product:brand\" content=\"external\" \/>\n<meta property=\"product:price:currency\" content=\"CHF\" \/>\n<meta property=\"og:availability\" content=\"instock\" \/>\n<meta property=\"product:availability\" content=\"instock\" \/>\n<meta property=\"product:condition\" content=\"new\" \/>\n<!-- \/ Yoast SEO Premium plugin. -->","yoast_head_json":{"title":"Anpassung Motorsteuerger\u00e4t BMW | Klonen DME &amp; DDE","description":"Anpassung und Klonen von gebrauchten BMW-Motorsteuerger\u00e4ten. Synchronisation der DME\/DDE-Wegfahrsperre, 1:1-Kloning und fahrzeugspezifische Programmierung.","robots":{"index":"index","follow":"follow","max-snippet":"max-snippet:-1","max-image-preview":"max-image-preview:large","max-video-preview":"max-video-preview:-1"},"canonical":"https:\/\/geno-prog.ch\/de\/produkt\/used_dme\/","og_locale":"de_DE","og_type":"article","og_title":"Adaptation de calculateur moteur d\u2019occasion BMW | MINI","og_description":"Adaptation et clonage de calculateurs moteur BMW d\u2019occasion. Synchronisation antid\u00e9marrage DME\/DDE, clonage 1:1 et programmation sp\u00e9cifique v\u00e9hicule.","og_url":"https:\/\/geno-prog.ch\/de\/produkt\/used_dme\/","og_site_name":"GenoProg","article_publisher":"https:\/\/www.facebook.com\/genoprog","article_modified_time":"2026-01-01T13:10:07+00:00","og_image":[{"width":2560,"height":1920,"url":"https:\/\/geno-prog.ch\/wp-content\/uploads\/2022\/05\/DME_BENCH-scaled.jpg","type":"image\/jpeg"}],"twitter_card":"summary_large_image","twitter_misc":{"Preis":"","Verf\u00fcgbarkeit":"Auf Lager"},"schema":{"@context":"https:\/\/schema.org","@graph":[{"@type":"WebPage","@id":"https:\/\/geno-prog.ch\/produit\/used_dme\/","url":"https:\/\/geno-prog.ch\/produit\/used_dme\/","name":"Anpassung Motorsteuerger\u00e4t BMW | Klonen DME &amp; DDE","isPartOf":{"@id":"https:\/\/geno-prog.ch\/#website"},"primaryImageOfPage":{"@id":"https:\/\/geno-prog.ch\/produit\/used_dme\/#primaryimage"},"image":{"@id":"https:\/\/geno-prog.ch\/produit\/used_dme\/#primaryimage"},"thumbnailUrl":"https:\/\/geno-prog.ch\/wp-content\/uploads\/2022\/05\/DME_BENCH-scaled.jpg","datePublished":"2026-01-01T12:59:49+00:00","dateModified":"2026-01-01T13:10:07+00:00","description":"Anpassung und Klonen von gebrauchten BMW-Motorsteuerger\u00e4ten. Synchronisation der DME\/DDE-Wegfahrsperre, 1:1-Kloning und fahrzeugspezifische Programmierung.","breadcrumb":{"@id":"https:\/\/geno-prog.ch\/produit\/used_dme\/#breadcrumb"},"inLanguage":"de","potentialAction":[{"@type":"ReadAction","target":["https:\/\/geno-prog.ch\/produit\/used_dme\/"]}]},{"@type":"ImageObject","inLanguage":"de","@id":"https:\/\/geno-prog.ch\/produit\/used_dme\/#primaryimage","url":"https:\/\/geno-prog.ch\/wp-content\/uploads\/2022\/05\/DME_BENCH-scaled.jpg","contentUrl":"https:\/\/geno-prog.ch\/wp-content\/uploads\/2022\/05\/DME_BENCH-scaled.jpg","width":2560,"height":1920,"caption":"DME_BENCH"},{"@type":"BreadcrumbList","@id":"https:\/\/geno-prog.ch\/produit\/used_dme\/#breadcrumb","itemListElement":[{"@type":"ListItem","position":1,"name":"Accueil","item":"https:\/\/geno-prog.ch\/"},{"@type":"ListItem","position":2,"name":"T\u00e9l\u00e9chargements","item":"https:\/\/geno-prog.ch\/download\/"},{"@type":"ListItem","position":3,"name":"Adaptation de calculateur moteur d\u2019occasion BMW | MINI"}]},{"@type":"WebSite","@id":"https:\/\/geno-prog.ch\/#website","url":"https:\/\/geno-prog.ch\/","name":"GenoProg","description":"Fachkraft f\u00fcr Kraftfahrzeugelektronik BMW \/ MINI","publisher":{"@id":"https:\/\/geno-prog.ch\/#organization"},"potentialAction":[{"@type":"SearchAction","target":{"@type":"EntryPoint","urlTemplate":"https:\/\/geno-prog.ch\/?s={search_term_string}"},"query-input":{"@type":"PropertyValueSpecification","valueRequired":true,"valueName":"search_term_string"}}],"inLanguage":"de"},{"@type":"Organization","@id":"https:\/\/geno-prog.ch\/#organization","name":"GenoProg","url":"https:\/\/geno-prog.ch\/","logo":{"@type":"ImageObject","inLanguage":"de","@id":"https:\/\/geno-prog.ch\/#\/schema\/logo\/image\/","url":"https:\/\/geno-prog.ch\/wp-content\/uploads\/2020\/03\/GenoProg_long.png","contentUrl":"https:\/\/geno-prog.ch\/wp-content\/uploads\/2020\/03\/GenoProg_long.png","width":3086,"height":803,"caption":"GenoProg"},"image":{"@id":"https:\/\/geno-prog.ch\/#\/schema\/logo\/image\/"},"sameAs":["https:\/\/www.facebook.com\/genoprog","https:\/\/www.instagram.com\/genoprog\/","https:\/\/www.youtube.com\/channel\/UC5a5VYzbWdsHNYm2Qtu1F2w"]}]},"product_brand":"external","product_price_currency":"CHF","og_availability":"instock","product_availability":"instock","product_condition":"new"},"_links":{"self":[{"href":"https:\/\/geno-prog.ch\/de\/wp-json\/wp\/v2\/product\/34487","targetHints":{"allow":["GET"]}}],"collection":[{"href":"https:\/\/geno-prog.ch\/de\/wp-json\/wp\/v2\/product"}],"about":[{"href":"https:\/\/geno-prog.ch\/de\/wp-json\/wp\/v2\/types\/product"}],"wp:featuredmedia":[{"embeddable":true,"href":"https:\/\/geno-prog.ch\/de\/wp-json\/wp\/v2\/media\/33642"}],"wp:attachment":[{"href":"https:\/\/geno-prog.ch\/de\/wp-json\/wp\/v2\/media?parent=34487"}],"wp:term":[{"taxonomy":"product_brand","embeddable":true,"href":"https:\/\/geno-prog.ch\/de\/wp-json\/wp\/v2\/product_brand?post=34487"},{"taxonomy":"product_cat","embeddable":true,"href":"https:\/\/geno-prog.ch\/de\/wp-json\/wp\/v2\/product_cat?post=34487"},{"taxonomy":"product_tag","embeddable":true,"href":"https:\/\/geno-prog.ch\/de\/wp-json\/wp\/v2\/product_tag?post=34487"}],"curies":[{"name":"wp","href":"https:\/\/api.w.org\/{rel}","templated":true}]}}