{"id":34332,"date":"2025-10-12T20:27:38","date_gmt":"2025-10-12T18:27:38","guid":{"rendered":"https:\/\/geno-prog.ch\/?post_type=product&#038;p=34332"},"modified":"2025-10-12T20:50:44","modified_gmt":"2025-10-12T18:50:44","slug":"reparatur-von-ferrari-zahlern","status":"publish","type":"product","link":"https:\/\/geno-prog.ch\/de\/produkt\/reparatur-von-ferrari-zahlern\/","title":{"rendered":"Reparatur Z\u00e4hler Ferrari 458, FF, F12 - Defekte LCD-Anzeige"},"content":{"rendered":"<p><!-- Fiche Produit WooCommerce : R\u00e9paration compteur Ferrari --><\/p>\n<h1>Reparatur Z\u00e4hler Ferrari 458, FF, F12 - Defekte LCD-Anzeige<\/h1>\n<p><strong>Kompatibilit\u00e4t :<\/strong> Ferrari 458, Ferrari FF, Ferrari F12<\/p>\n<hr \/>\n<h2>Haben Sie ein Problem mit der Anzeige Ihres Ferrari-Z\u00e4hlers?<\/h2>\n<p>Ihre <strong>Ferrari 458, FF oder F12<\/strong> ein Problem mit dem LCD-Bildschirm des Kombiinstruments hat?<\/p>\n<ul>\n<li>\u2714\ufe0f Schlecht lesbare Anzeige<\/li>\n<li>\u2714\ufe0f Wei\u00dfe Linien an den Seiten<\/li>\n<li>\u2714\ufe0f Teilweiser oder vollst\u00e4ndiger Ausfall des LCD-Bildschirms<\/li>\n<\/ul>\n<p>Wir schlagen eine <strong>professionelle Reparatur<\/strong> Ihres Z\u00e4hlers ohne vollst\u00e4ndigen Austausch.<\/p>\n<hr \/>\n<h2>Vorteile unseres Ferrari-Z\u00e4hler-Reparaturservice<\/h2>\n<ul>\n<li>Schnelle Reparatur<\/li>\n<li>Das komplette Mobilteil muss nicht ausgetauscht werden<\/li>\n<li>Beibehaltung des Ferrari-Originalteils<\/li>\n<li>Kompatibel mit den Modellen Ferrari 458, Ferrari FF und Ferrari F12<\/li>\n<li>Schnelle R\u00fccksendung Ihres reparierten Z\u00e4hlers<\/li>\n<\/ul>\n<hr \/>\n<h3>Wie erhalte ich einen genauen Kostenvoranschlag?<\/h3>\n<ol>\n<li>Schicken Sie eine <strong>Foto Ihres Z\u00e4hlers<\/strong> (eingeschaltet, wenn m\u00f6glich)<\/li>\n<li>Geben Sie an, ob <strong>ein einziger Bildschirm<\/strong> oder <strong>die beiden<\/strong> sind betroffen<\/li>\n<\/ol>\n<hr \/>\n<h3>Referenzen f\u00fcr kompatible Teile (OEM Ferrari)<\/h3>\n<p>Dieser Dienst ist mit den folgenden Referenzen kompatibel:<code><br \/>\n260889, 251906, 260890, 273673, 273675, 273652, 273672, 273653, 273673, 273654, 273674, 273659, 273679, 273656, 273676, 273657, 273677, 273658, 273678, 244415, 260888, 251903, 259708, tx13d02vm2faa, 260891, 264221, 265836, 264218, 265833, 264219, 265834, 264220, 265835, 273655<br \/>\n<\/code><\/p>\n<hr \/>\n<h3>Frist und Modalit\u00e4ten<\/h3>\n<ul>\n<li>\ud83d\udd52 Durchschnittliche Reparaturdauer : <strong>3 bis 5 Arbeitstage<\/strong><\/li>\n<li>\ud83d\udee1\ufe0f Garantie von <strong>12 Monate<\/strong> \u00fcber die durchgef\u00fchrte Reparatur<\/li>\n<\/ul>\n<hr \/>\n<h2>Kontaktieren Sie uns<\/h2>\n<p class=\"p1\">GenoProg GmbH\u00a0<span class=\"Apple-converted-space\">\u00a0<\/span><\/p>\n<p class=\"p1\">Route de Grandcour 64\u00a0<span class=\"Apple-converted-space\">\u00a0<\/span><\/p>\n<p class=\"p1\">1530 Payerne\u00a0<span class=\"Apple-converted-space\">\u00a0<\/span><\/p>\n<p>Schweiz<\/p>","protected":false},"excerpt":{"rendered":"<h3>Reparatur von Ferrari-Instrumentenkombinationen<\/h3>","protected":false},"featured_media":34333,"template":"","meta":{"_et_pb_use_builder":"","_et_pb_old_content":"","_et_gb_content_width":""},"product_brand":[],"product_cat":[91],"product_tag":[],"class_list":{"0":"post-34332","1":"product","2":"type-product","3":"status-publish","4":"has-post-thumbnail","6":"product_cat-reparation","8":"first","9":"instock","10":"shipping-taxable","11":"product-type-external"},"yoast_head":"<!-- This site is optimized with the Yoast SEO Premium plugin v26.5 (Yoast SEO v27.5) - https:\/\/yoast.com\/product\/yoast-seo-premium-wordpress\/ -->\n<title>R\u00e9paration compteur Ferrari 458, FF, F12 | LCD d\u00e9fectueux<\/title>\n<meta name=\"description\" content=\"Compteur Ferrari 458, FF ou F12 illisible ? R\u00e9paration de votre \u00e9cran LCD d\u00e9fectueux. Sans remplacement complet. Contactez-nous !\" \/>\n<meta name=\"robots\" content=\"index, follow, max-snippet:-1, max-image-preview:large, max-video-preview:-1\" \/>\n<link rel=\"canonical\" href=\"https:\/\/geno-prog.ch\/de\/produkt\/reparatur-von-ferrari-zahlern\/\" \/>\n<meta property=\"og:locale\" content=\"de_DE\" \/>\n<meta property=\"og:type\" content=\"article\" \/>\n<meta property=\"og:title\" content=\"R\u00e9paration compteur Ferrari 458, FF, F12 \u2013 Affichage LCD d\u00e9fectueux\" \/>\n<meta property=\"og:description\" content=\"Compteur Ferrari 458, FF ou F12 illisible ? R\u00e9paration de votre \u00e9cran LCD d\u00e9fectueux. Sans remplacement complet. Contactez-nous !\" \/>\n<meta property=\"og:url\" content=\"https:\/\/geno-prog.ch\/de\/produkt\/reparatur-von-ferrari-zahlern\/\" \/>\n<meta property=\"og:site_name\" content=\"GenoProg\" \/>\n<meta property=\"article:publisher\" content=\"https:\/\/www.facebook.com\/genoprog\" \/>\n<meta property=\"article:modified_time\" content=\"2025-10-12T18:50:44+00:00\" \/>\n<meta property=\"og:image\" content=\"https:\/\/geno-prog.ch\/wp-content\/uploads\/2025\/10\/FERRARI-458-LCD.jpg\" \/>\n\t<meta property=\"og:image:width\" content=\"1354\" \/>\n\t<meta property=\"og:image:height\" content=\"856\" \/>\n\t<meta property=\"og:image:type\" content=\"image\/jpeg\" \/>\n<meta name=\"twitter:card\" content=\"summary_large_image\" \/>\n<meta name=\"twitter:label1\" content=\"Preis\" \/>\n\t<meta name=\"twitter:data1\" content=\"&#067;&#072;&#070;&nbsp;1,500.00\" \/>\n\t<meta name=\"twitter:label2\" content=\"Verf\u00fcgbarkeit\" \/>\n\t<meta name=\"twitter:data2\" content=\"Auf Lager\" \/>\n<script type=\"application\/ld+json\" class=\"yoast-schema-graph\">{\"@context\":\"https:\\\/\\\/schema.org\",\"@graph\":[{\"@type\":\"WebPage\",\"@id\":\"https:\\\/\\\/geno-prog.ch\\\/produit\\\/reparation-compteur-ferrari\\\/\",\"url\":\"https:\\\/\\\/geno-prog.ch\\\/produit\\\/reparation-compteur-ferrari\\\/\",\"name\":\"R\u00e9paration compteur Ferrari 458, FF, F12 | LCD d\u00e9fectueux\",\"isPartOf\":{\"@id\":\"https:\\\/\\\/geno-prog.ch\\\/#website\"},\"primaryImageOfPage\":{\"@id\":\"https:\\\/\\\/geno-prog.ch\\\/produit\\\/reparation-compteur-ferrari\\\/#primaryimage\"},\"image\":{\"@id\":\"https:\\\/\\\/geno-prog.ch\\\/produit\\\/reparation-compteur-ferrari\\\/#primaryimage\"},\"thumbnailUrl\":\"https:\\\/\\\/geno-prog.ch\\\/wp-content\\\/uploads\\\/2025\\\/10\\\/FERRARI-458-LCD.jpg\",\"datePublished\":\"2025-10-12T18:27:38+00:00\",\"dateModified\":\"2025-10-12T18:50:44+00:00\",\"description\":\"Compteur Ferrari 458, FF ou F12 illisible ? R\u00e9paration de votre \u00e9cran LCD d\u00e9fectueux. Sans remplacement complet. Contactez-nous !\",\"breadcrumb\":{\"@id\":\"https:\\\/\\\/geno-prog.ch\\\/produit\\\/reparation-compteur-ferrari\\\/#breadcrumb\"},\"inLanguage\":\"de\",\"potentialAction\":[{\"@type\":\"ReadAction\",\"target\":[\"https:\\\/\\\/geno-prog.ch\\\/produit\\\/reparation-compteur-ferrari\\\/\"]}]},{\"@type\":\"ImageObject\",\"inLanguage\":\"de\",\"@id\":\"https:\\\/\\\/geno-prog.ch\\\/produit\\\/reparation-compteur-ferrari\\\/#primaryimage\",\"url\":\"https:\\\/\\\/geno-prog.ch\\\/wp-content\\\/uploads\\\/2025\\\/10\\\/FERRARI-458-LCD.jpg\",\"contentUrl\":\"https:\\\/\\\/geno-prog.ch\\\/wp-content\\\/uploads\\\/2025\\\/10\\\/FERRARI-458-LCD.jpg\",\"width\":1354,\"height\":856,\"caption\":\"LCD pour ferrari 458\"},{\"@type\":\"BreadcrumbList\",\"@id\":\"https:\\\/\\\/geno-prog.ch\\\/produit\\\/reparation-compteur-ferrari\\\/#breadcrumb\",\"itemListElement\":[{\"@type\":\"ListItem\",\"position\":1,\"name\":\"Accueil\",\"item\":\"https:\\\/\\\/geno-prog.ch\\\/\"},{\"@type\":\"ListItem\",\"position\":2,\"name\":\"T\u00e9l\u00e9chargements\",\"item\":\"https:\\\/\\\/geno-prog.ch\\\/download\\\/\"},{\"@type\":\"ListItem\",\"position\":3,\"name\":\"R\u00e9paration compteur Ferrari 458, FF, F12 \u2013 Affichage LCD d\u00e9fectueux\"}]},{\"@type\":\"WebSite\",\"@id\":\"https:\\\/\\\/geno-prog.ch\\\/#website\",\"url\":\"https:\\\/\\\/geno-prog.ch\\\/\",\"name\":\"GenoProg\",\"description\":\"Sp\u00e9cialiste en \u00e9lectronique automobile BMW \\\/ MINI\",\"publisher\":{\"@id\":\"https:\\\/\\\/geno-prog.ch\\\/#organization\"},\"potentialAction\":[{\"@type\":\"SearchAction\",\"target\":{\"@type\":\"EntryPoint\",\"urlTemplate\":\"https:\\\/\\\/geno-prog.ch\\\/?s={search_term_string}\"},\"query-input\":{\"@type\":\"PropertyValueSpecification\",\"valueRequired\":true,\"valueName\":\"search_term_string\"}}],\"inLanguage\":\"de\"},{\"@type\":\"Organization\",\"@id\":\"https:\\\/\\\/geno-prog.ch\\\/#organization\",\"name\":\"GenoProg\",\"url\":\"https:\\\/\\\/geno-prog.ch\\\/\",\"logo\":{\"@type\":\"ImageObject\",\"inLanguage\":\"de\",\"@id\":\"https:\\\/\\\/geno-prog.ch\\\/#\\\/schema\\\/logo\\\/image\\\/\",\"url\":\"https:\\\/\\\/geno-prog.ch\\\/wp-content\\\/uploads\\\/2020\\\/03\\\/GenoProg_long.png\",\"contentUrl\":\"https:\\\/\\\/geno-prog.ch\\\/wp-content\\\/uploads\\\/2020\\\/03\\\/GenoProg_long.png\",\"width\":3086,\"height\":803,\"caption\":\"GenoProg\"},\"image\":{\"@id\":\"https:\\\/\\\/geno-prog.ch\\\/#\\\/schema\\\/logo\\\/image\\\/\"},\"sameAs\":[\"https:\\\/\\\/www.facebook.com\\\/genoprog\",\"https:\\\/\\\/www.instagram.com\\\/genoprog\\\/\",\"https:\\\/\\\/www.youtube.com\\\/channel\\\/UC5a5VYzbWdsHNYm2Qtu1F2w\"]}]}<\/script>\n<meta property=\"product:brand\" content=\"external\" \/>\n<meta property=\"product:price:amount\" content=\"1500.00\" \/>\n<meta property=\"product:price:currency\" content=\"CHF\" \/>\n<meta property=\"og:availability\" content=\"instock\" \/>\n<meta property=\"product:availability\" content=\"instock\" \/>\n<meta property=\"product:condition\" content=\"new\" \/>\n<!-- \/ Yoast SEO Premium plugin. -->","yoast_head_json":{"title":"Reparatur Z\u00e4hler Ferrari 458, FF, F12 | LCD defekt","description":"Unleserlicher Ferrari 458, FF oder F12 Z\u00e4hler? Reparatur Ihres defekten LCD-Bildschirms. Ohne vollst\u00e4ndigen Ersatz. Kontaktieren Sie uns!","robots":{"index":"index","follow":"follow","max-snippet":"max-snippet:-1","max-image-preview":"max-image-preview:large","max-video-preview":"max-video-preview:-1"},"canonical":"https:\/\/geno-prog.ch\/de\/produkt\/reparatur-von-ferrari-zahlern\/","og_locale":"de_DE","og_type":"article","og_title":"R\u00e9paration compteur Ferrari 458, FF, F12 \u2013 Affichage LCD d\u00e9fectueux","og_description":"Compteur Ferrari 458, FF ou F12 illisible ? R\u00e9paration de votre \u00e9cran LCD d\u00e9fectueux. Sans remplacement complet. Contactez-nous !","og_url":"https:\/\/geno-prog.ch\/de\/produkt\/reparatur-von-ferrari-zahlern\/","og_site_name":"GenoProg","article_publisher":"https:\/\/www.facebook.com\/genoprog","article_modified_time":"2025-10-12T18:50:44+00:00","og_image":[{"width":1354,"height":856,"url":"https:\/\/geno-prog.ch\/wp-content\/uploads\/2025\/10\/FERRARI-458-LCD.jpg","type":"image\/jpeg"}],"twitter_card":"summary_large_image","twitter_misc":{"Preis":"&#67;&#72;&#70;&nbsp;1,500.00","Verf\u00fcgbarkeit":"Auf Lager"},"schema":{"@context":"https:\/\/schema.org","@graph":[{"@type":"WebPage","@id":"https:\/\/geno-prog.ch\/produit\/reparation-compteur-ferrari\/","url":"https:\/\/geno-prog.ch\/produit\/reparation-compteur-ferrari\/","name":"Reparatur Z\u00e4hler Ferrari 458, FF, F12 | LCD defekt","isPartOf":{"@id":"https:\/\/geno-prog.ch\/#website"},"primaryImageOfPage":{"@id":"https:\/\/geno-prog.ch\/produit\/reparation-compteur-ferrari\/#primaryimage"},"image":{"@id":"https:\/\/geno-prog.ch\/produit\/reparation-compteur-ferrari\/#primaryimage"},"thumbnailUrl":"https:\/\/geno-prog.ch\/wp-content\/uploads\/2025\/10\/FERRARI-458-LCD.jpg","datePublished":"2025-10-12T18:27:38+00:00","dateModified":"2025-10-12T18:50:44+00:00","description":"Unleserlicher Ferrari 458, FF oder F12 Z\u00e4hler? Reparatur Ihres defekten LCD-Bildschirms. Ohne vollst\u00e4ndigen Ersatz. Kontaktieren Sie uns!","breadcrumb":{"@id":"https:\/\/geno-prog.ch\/produit\/reparation-compteur-ferrari\/#breadcrumb"},"inLanguage":"de","potentialAction":[{"@type":"ReadAction","target":["https:\/\/geno-prog.ch\/produit\/reparation-compteur-ferrari\/"]}]},{"@type":"ImageObject","inLanguage":"de","@id":"https:\/\/geno-prog.ch\/produit\/reparation-compteur-ferrari\/#primaryimage","url":"https:\/\/geno-prog.ch\/wp-content\/uploads\/2025\/10\/FERRARI-458-LCD.jpg","contentUrl":"https:\/\/geno-prog.ch\/wp-content\/uploads\/2025\/10\/FERRARI-458-LCD.jpg","width":1354,"height":856,"caption":"LCD pour ferrari 458"},{"@type":"BreadcrumbList","@id":"https:\/\/geno-prog.ch\/produit\/reparation-compteur-ferrari\/#breadcrumb","itemListElement":[{"@type":"ListItem","position":1,"name":"Accueil","item":"https:\/\/geno-prog.ch\/"},{"@type":"ListItem","position":2,"name":"T\u00e9l\u00e9chargements","item":"https:\/\/geno-prog.ch\/download\/"},{"@type":"ListItem","position":3,"name":"R\u00e9paration compteur Ferrari 458, FF, F12 \u2013 Affichage LCD d\u00e9fectueux"}]},{"@type":"WebSite","@id":"https:\/\/geno-prog.ch\/#website","url":"https:\/\/geno-prog.ch\/","name":"GenoProg","description":"Fachkraft f\u00fcr Kraftfahrzeugelektronik BMW \/ MINI","publisher":{"@id":"https:\/\/geno-prog.ch\/#organization"},"potentialAction":[{"@type":"SearchAction","target":{"@type":"EntryPoint","urlTemplate":"https:\/\/geno-prog.ch\/?s={search_term_string}"},"query-input":{"@type":"PropertyValueSpecification","valueRequired":true,"valueName":"search_term_string"}}],"inLanguage":"de"},{"@type":"Organization","@id":"https:\/\/geno-prog.ch\/#organization","name":"GenoProg","url":"https:\/\/geno-prog.ch\/","logo":{"@type":"ImageObject","inLanguage":"de","@id":"https:\/\/geno-prog.ch\/#\/schema\/logo\/image\/","url":"https:\/\/geno-prog.ch\/wp-content\/uploads\/2020\/03\/GenoProg_long.png","contentUrl":"https:\/\/geno-prog.ch\/wp-content\/uploads\/2020\/03\/GenoProg_long.png","width":3086,"height":803,"caption":"GenoProg"},"image":{"@id":"https:\/\/geno-prog.ch\/#\/schema\/logo\/image\/"},"sameAs":["https:\/\/www.facebook.com\/genoprog","https:\/\/www.instagram.com\/genoprog\/","https:\/\/www.youtube.com\/channel\/UC5a5VYzbWdsHNYm2Qtu1F2w"]}]},"product_brand":"external","product_price_amount":"1500.00","product_price_currency":"CHF","og_availability":"instock","product_availability":"instock","product_condition":"new"},"_links":{"self":[{"href":"https:\/\/geno-prog.ch\/de\/wp-json\/wp\/v2\/product\/34332","targetHints":{"allow":["GET"]}}],"collection":[{"href":"https:\/\/geno-prog.ch\/de\/wp-json\/wp\/v2\/product"}],"about":[{"href":"https:\/\/geno-prog.ch\/de\/wp-json\/wp\/v2\/types\/product"}],"wp:featuredmedia":[{"embeddable":true,"href":"https:\/\/geno-prog.ch\/de\/wp-json\/wp\/v2\/media\/34333"}],"wp:attachment":[{"href":"https:\/\/geno-prog.ch\/de\/wp-json\/wp\/v2\/media?parent=34332"}],"wp:term":[{"taxonomy":"product_brand","embeddable":true,"href":"https:\/\/geno-prog.ch\/de\/wp-json\/wp\/v2\/product_brand?post=34332"},{"taxonomy":"product_cat","embeddable":true,"href":"https:\/\/geno-prog.ch\/de\/wp-json\/wp\/v2\/product_cat?post=34332"},{"taxonomy":"product_tag","embeddable":true,"href":"https:\/\/geno-prog.ch\/de\/wp-json\/wp\/v2\/product_tag?post=34332"}],"curies":[{"name":"wp","href":"https:\/\/api.w.org\/{rel}","templated":true}]}}