{"id":34319,"date":"2025-09-21T20:56:23","date_gmt":"2025-09-21T18:56:23","guid":{"rendered":"https:\/\/geno-prog.ch\/?post_type=product&#038;p=34319"},"modified":"2025-09-21T21:18:38","modified_gmt":"2025-09-21T19:18:38","slug":"ews-programmierung-3-4-bmw","status":"publish","type":"product","link":"https:\/\/geno-prog.ch\/de\/produkt\/ews-programmierung-3-4-bmw\/","title":{"rendered":"Schl\u00fcsselprogrammierung BMW EWS 3 &amp; EWS 4"},"content":{"rendered":"<h1>Wegfahrsperre EWS 3 und 4 programmieren - BMW<\/h1>\n<p>Sie suchen nach einem neuen Schl\u00fcssel, den Sie f\u00fcr Ihren BMW mit EWS 3 oder EWS 4 programmieren k\u00f6nnen? <strong>Wir bieten einen schnellen und zuverl\u00e4ssigen Service<\/strong> f\u00fcr die Modelle der 3er-Reihe, 5er-Reihe, X3 und viele andere.<\/p>\n<h2>Kompatible BMW-Modelle<\/h2>\n<ul>\n<li><strong>Serie 3 :<\/strong> E46<\/li>\n<li><strong>Serie 5 :<\/strong> E39<\/li>\n<li><strong>Serie 7 :<\/strong> E38<\/li>\n<li><strong>Z4 :<\/strong> E85<\/li>\n<li><strong>X3 :<\/strong> E83<\/li>\n<li>Andere Modelle auf Anfrage<\/li>\n<\/ul>\n<h2>Preise f\u00fcr die Programmierung<\/h2>\n<ul>\n<li>Erlernen eines neuen Transponders: CHF 170.<\/li>\n<li>BMW Doppelschl\u00fcssel (2\u1d49 Schl\u00fcssel) : CHF 290.-<\/li>\n<\/ul>\n<p>&nbsp;<\/p>\n<h2>Andere verf\u00fcgbare Dienste<\/h2>\n<ul>\n<li>Lesen des ISN-Codes in der BOSCH DME\/DDE (MSV80, MSV90, MSD80, MSD81, MSD85, MSD87, N20, N55, B38)<\/li>\n<li>Service \"alle verlorenen Schl\u00fcssel\"<\/li>\n<li>Programmieren von US-Schl\u00fcsseln (868 MHz, 315 MHz oder 434 MHz)<\/li>\n<\/ul>","protected":false},"excerpt":{"rendered":"<p>Programmieren Sie Ihren BMW EWS 3 oder EWS 4 Schl\u00fcssel. Kompatibel mit 3er, 5er, X3 und anderen Modellen. Vor Ort oder durch Versand Ihres EWS-Moduls.<\/p>","protected":false},"featured_media":34321,"template":"","meta":{"_et_pb_use_builder":"","_et_pb_old_content":"","_et_gb_content_width":""},"product_brand":[],"product_cat":[289,91],"product_tag":[],"class_list":{"0":"post-34319","1":"product","2":"type-product","3":"status-publish","4":"has-post-thumbnail","6":"product_cat-cle","7":"product_cat-reparation","9":"first","10":"instock","11":"shipping-taxable","12":"product-type-external"},"yoast_head":"<!-- This site is optimized with the Yoast SEO Premium plugin v26.5 (Yoast SEO v27.5) - https:\/\/yoast.com\/product\/yoast-seo-premium-wordpress\/ -->\n<title>Programmation cl\u00e9 BMW EWS 3 et 4 \u2013 S\u00e9rie 3, 5, X3<\/title>\n<meta name=\"description\" content=\"Programmez rapidement votre cl\u00e9 BMW EWS 3 ou EWS 4 pour S\u00e9rie 3, S\u00e9rie 5, X3 et plus.\" \/>\n<meta name=\"robots\" content=\"index, follow, max-snippet:-1, max-image-preview:large, max-video-preview:-1\" \/>\n<link rel=\"canonical\" href=\"https:\/\/geno-prog.ch\/de\/produkt\/ews-programmierung-3-4-bmw\/\" \/>\n<meta property=\"og:locale\" content=\"de_DE\" \/>\n<meta property=\"og:type\" content=\"article\" \/>\n<meta property=\"og:title\" content=\"Programmation de cl\u00e9 BMW EWS 3 &amp; EWS 4\" \/>\n<meta property=\"og:description\" content=\"Programmez rapidement votre cl\u00e9 BMW EWS 3 ou EWS 4 pour S\u00e9rie 3, S\u00e9rie 5, X3 et plus.\" \/>\n<meta property=\"og:url\" content=\"https:\/\/geno-prog.ch\/de\/produkt\/ews-programmierung-3-4-bmw\/\" \/>\n<meta property=\"og:site_name\" content=\"GenoProg\" \/>\n<meta property=\"article:publisher\" content=\"https:\/\/www.facebook.com\/genoprog\" \/>\n<meta property=\"article:modified_time\" content=\"2025-09-21T19:18:38+00:00\" \/>\n<meta property=\"og:image\" content=\"https:\/\/geno-prog.ch\/wp-content\/uploads\/2025\/09\/EWS_GENOPROG_2-scaled.jpg\" \/>\n\t<meta property=\"og:image:width\" content=\"2560\" \/>\n\t<meta property=\"og:image:height\" content=\"1920\" \/>\n\t<meta property=\"og:image:type\" content=\"image\/jpeg\" \/>\n<meta name=\"twitter:card\" content=\"summary_large_image\" \/>\n<meta name=\"twitter:label1\" content=\"Preis\" \/>\n\t<meta name=\"twitter:data1\" content=\"&#067;&#072;&#070;&nbsp;170.00\" \/>\n\t<meta name=\"twitter:label2\" content=\"Verf\u00fcgbarkeit\" \/>\n\t<meta name=\"twitter:data2\" content=\"Auf Lager\" \/>\n<script type=\"application\/ld+json\" class=\"yoast-schema-graph\">{\"@context\":\"https:\\\/\\\/schema.org\",\"@graph\":[{\"@type\":\"WebPage\",\"@id\":\"https:\\\/\\\/geno-prog.ch\\\/produit\\\/programmation-ews-3-4-bmw\\\/\",\"url\":\"https:\\\/\\\/geno-prog.ch\\\/produit\\\/programmation-ews-3-4-bmw\\\/\",\"name\":\"Programmation cl\u00e9 BMW EWS 3 et 4 \u2013 S\u00e9rie 3, 5, X3\",\"isPartOf\":{\"@id\":\"https:\\\/\\\/geno-prog.ch\\\/#website\"},\"primaryImageOfPage\":{\"@id\":\"https:\\\/\\\/geno-prog.ch\\\/produit\\\/programmation-ews-3-4-bmw\\\/#primaryimage\"},\"image\":{\"@id\":\"https:\\\/\\\/geno-prog.ch\\\/produit\\\/programmation-ews-3-4-bmw\\\/#primaryimage\"},\"thumbnailUrl\":\"https:\\\/\\\/geno-prog.ch\\\/wp-content\\\/uploads\\\/2025\\\/09\\\/EWS_GENOPROG_2-scaled.jpg\",\"datePublished\":\"2025-09-21T18:56:23+00:00\",\"dateModified\":\"2025-09-21T19:18:38+00:00\",\"description\":\"Programmez rapidement votre cl\u00e9 BMW EWS 3 ou EWS 4 pour S\u00e9rie 3, S\u00e9rie 5, X3 et plus.\",\"breadcrumb\":{\"@id\":\"https:\\\/\\\/geno-prog.ch\\\/produit\\\/programmation-ews-3-4-bmw\\\/#breadcrumb\"},\"inLanguage\":\"de\",\"potentialAction\":[{\"@type\":\"ReadAction\",\"target\":[\"https:\\\/\\\/geno-prog.ch\\\/produit\\\/programmation-ews-3-4-bmw\\\/\"]}]},{\"@type\":\"ImageObject\",\"inLanguage\":\"de\",\"@id\":\"https:\\\/\\\/geno-prog.ch\\\/produit\\\/programmation-ews-3-4-bmw\\\/#primaryimage\",\"url\":\"https:\\\/\\\/geno-prog.ch\\\/wp-content\\\/uploads\\\/2025\\\/09\\\/EWS_GENOPROG_2-scaled.jpg\",\"contentUrl\":\"https:\\\/\\\/geno-prog.ch\\\/wp-content\\\/uploads\\\/2025\\\/09\\\/EWS_GENOPROG_2-scaled.jpg\",\"width\":2560,\"height\":1920},{\"@type\":\"BreadcrumbList\",\"@id\":\"https:\\\/\\\/geno-prog.ch\\\/produit\\\/programmation-ews-3-4-bmw\\\/#breadcrumb\",\"itemListElement\":[{\"@type\":\"ListItem\",\"position\":1,\"name\":\"Accueil\",\"item\":\"https:\\\/\\\/geno-prog.ch\\\/\"},{\"@type\":\"ListItem\",\"position\":2,\"name\":\"T\u00e9l\u00e9chargements\",\"item\":\"https:\\\/\\\/geno-prog.ch\\\/download\\\/\"},{\"@type\":\"ListItem\",\"position\":3,\"name\":\"Programmation de cl\u00e9 BMW EWS 3 &#038; EWS 4\"}]},{\"@type\":\"WebSite\",\"@id\":\"https:\\\/\\\/geno-prog.ch\\\/#website\",\"url\":\"https:\\\/\\\/geno-prog.ch\\\/\",\"name\":\"GenoProg\",\"description\":\"Sp\u00e9cialiste en \u00e9lectronique automobile BMW \\\/ MINI\",\"publisher\":{\"@id\":\"https:\\\/\\\/geno-prog.ch\\\/#organization\"},\"potentialAction\":[{\"@type\":\"SearchAction\",\"target\":{\"@type\":\"EntryPoint\",\"urlTemplate\":\"https:\\\/\\\/geno-prog.ch\\\/?s={search_term_string}\"},\"query-input\":{\"@type\":\"PropertyValueSpecification\",\"valueRequired\":true,\"valueName\":\"search_term_string\"}}],\"inLanguage\":\"de\"},{\"@type\":\"Organization\",\"@id\":\"https:\\\/\\\/geno-prog.ch\\\/#organization\",\"name\":\"GenoProg\",\"url\":\"https:\\\/\\\/geno-prog.ch\\\/\",\"logo\":{\"@type\":\"ImageObject\",\"inLanguage\":\"de\",\"@id\":\"https:\\\/\\\/geno-prog.ch\\\/#\\\/schema\\\/logo\\\/image\\\/\",\"url\":\"https:\\\/\\\/geno-prog.ch\\\/wp-content\\\/uploads\\\/2020\\\/03\\\/GenoProg_long.png\",\"contentUrl\":\"https:\\\/\\\/geno-prog.ch\\\/wp-content\\\/uploads\\\/2020\\\/03\\\/GenoProg_long.png\",\"width\":3086,\"height\":803,\"caption\":\"GenoProg\"},\"image\":{\"@id\":\"https:\\\/\\\/geno-prog.ch\\\/#\\\/schema\\\/logo\\\/image\\\/\"},\"sameAs\":[\"https:\\\/\\\/www.facebook.com\\\/genoprog\",\"https:\\\/\\\/www.instagram.com\\\/genoprog\\\/\",\"https:\\\/\\\/www.youtube.com\\\/channel\\\/UC5a5VYzbWdsHNYm2Qtu1F2w\"]}]}<\/script>\n<meta property=\"product:brand\" content=\"external\" \/>\n<meta property=\"product:price:amount\" content=\"170.00\" \/>\n<meta property=\"product:price:currency\" content=\"CHF\" \/>\n<meta property=\"og:availability\" content=\"instock\" \/>\n<meta property=\"product:availability\" content=\"instock\" \/>\n<meta property=\"product:condition\" content=\"new\" \/>\n<!-- \/ Yoast SEO Premium plugin. -->","yoast_head_json":{"title":"Schl\u00fcsselprogrammierung BMW EWS 3 und 4 - 3er-, 5er-, X3-Serie","description":"Programmieren Sie schnell Ihren BMW Schl\u00fcssel EWS 3 oder EWS 4 f\u00fcr 3er, 5er, X3 und mehr.","robots":{"index":"index","follow":"follow","max-snippet":"max-snippet:-1","max-image-preview":"max-image-preview:large","max-video-preview":"max-video-preview:-1"},"canonical":"https:\/\/geno-prog.ch\/de\/produkt\/ews-programmierung-3-4-bmw\/","og_locale":"de_DE","og_type":"article","og_title":"Programmation de cl\u00e9 BMW EWS 3 & EWS 4","og_description":"Programmez rapidement votre cl\u00e9 BMW EWS 3 ou EWS 4 pour S\u00e9rie 3, S\u00e9rie 5, X3 et plus.","og_url":"https:\/\/geno-prog.ch\/de\/produkt\/ews-programmierung-3-4-bmw\/","og_site_name":"GenoProg","article_publisher":"https:\/\/www.facebook.com\/genoprog","article_modified_time":"2025-09-21T19:18:38+00:00","og_image":[{"width":2560,"height":1920,"url":"https:\/\/geno-prog.ch\/wp-content\/uploads\/2025\/09\/EWS_GENOPROG_2-scaled.jpg","type":"image\/jpeg"}],"twitter_card":"summary_large_image","twitter_misc":{"Preis":"&#67;&#72;&#70;&nbsp;170.00","Verf\u00fcgbarkeit":"Auf Lager"},"schema":{"@context":"https:\/\/schema.org","@graph":[{"@type":"WebPage","@id":"https:\/\/geno-prog.ch\/produit\/programmation-ews-3-4-bmw\/","url":"https:\/\/geno-prog.ch\/produit\/programmation-ews-3-4-bmw\/","name":"Schl\u00fcsselprogrammierung BMW EWS 3 und 4 - 3er-, 5er-, X3-Serie","isPartOf":{"@id":"https:\/\/geno-prog.ch\/#website"},"primaryImageOfPage":{"@id":"https:\/\/geno-prog.ch\/produit\/programmation-ews-3-4-bmw\/#primaryimage"},"image":{"@id":"https:\/\/geno-prog.ch\/produit\/programmation-ews-3-4-bmw\/#primaryimage"},"thumbnailUrl":"https:\/\/geno-prog.ch\/wp-content\/uploads\/2025\/09\/EWS_GENOPROG_2-scaled.jpg","datePublished":"2025-09-21T18:56:23+00:00","dateModified":"2025-09-21T19:18:38+00:00","description":"Programmieren Sie schnell Ihren BMW Schl\u00fcssel EWS 3 oder EWS 4 f\u00fcr 3er, 5er, X3 und mehr.","breadcrumb":{"@id":"https:\/\/geno-prog.ch\/produit\/programmation-ews-3-4-bmw\/#breadcrumb"},"inLanguage":"de","potentialAction":[{"@type":"ReadAction","target":["https:\/\/geno-prog.ch\/produit\/programmation-ews-3-4-bmw\/"]}]},{"@type":"ImageObject","inLanguage":"de","@id":"https:\/\/geno-prog.ch\/produit\/programmation-ews-3-4-bmw\/#primaryimage","url":"https:\/\/geno-prog.ch\/wp-content\/uploads\/2025\/09\/EWS_GENOPROG_2-scaled.jpg","contentUrl":"https:\/\/geno-prog.ch\/wp-content\/uploads\/2025\/09\/EWS_GENOPROG_2-scaled.jpg","width":2560,"height":1920},{"@type":"BreadcrumbList","@id":"https:\/\/geno-prog.ch\/produit\/programmation-ews-3-4-bmw\/#breadcrumb","itemListElement":[{"@type":"ListItem","position":1,"name":"Accueil","item":"https:\/\/geno-prog.ch\/"},{"@type":"ListItem","position":2,"name":"T\u00e9l\u00e9chargements","item":"https:\/\/geno-prog.ch\/download\/"},{"@type":"ListItem","position":3,"name":"Programmation de cl\u00e9 BMW EWS 3 &#038; EWS 4"}]},{"@type":"WebSite","@id":"https:\/\/geno-prog.ch\/#website","url":"https:\/\/geno-prog.ch\/","name":"GenoProg","description":"Fachkraft f\u00fcr Kraftfahrzeugelektronik BMW \/ MINI","publisher":{"@id":"https:\/\/geno-prog.ch\/#organization"},"potentialAction":[{"@type":"SearchAction","target":{"@type":"EntryPoint","urlTemplate":"https:\/\/geno-prog.ch\/?s={search_term_string}"},"query-input":{"@type":"PropertyValueSpecification","valueRequired":true,"valueName":"search_term_string"}}],"inLanguage":"de"},{"@type":"Organization","@id":"https:\/\/geno-prog.ch\/#organization","name":"GenoProg","url":"https:\/\/geno-prog.ch\/","logo":{"@type":"ImageObject","inLanguage":"de","@id":"https:\/\/geno-prog.ch\/#\/schema\/logo\/image\/","url":"https:\/\/geno-prog.ch\/wp-content\/uploads\/2020\/03\/GenoProg_long.png","contentUrl":"https:\/\/geno-prog.ch\/wp-content\/uploads\/2020\/03\/GenoProg_long.png","width":3086,"height":803,"caption":"GenoProg"},"image":{"@id":"https:\/\/geno-prog.ch\/#\/schema\/logo\/image\/"},"sameAs":["https:\/\/www.facebook.com\/genoprog","https:\/\/www.instagram.com\/genoprog\/","https:\/\/www.youtube.com\/channel\/UC5a5VYzbWdsHNYm2Qtu1F2w"]}]},"product_brand":"external","product_price_amount":"170.00","product_price_currency":"CHF","og_availability":"instock","product_availability":"instock","product_condition":"new"},"_links":{"self":[{"href":"https:\/\/geno-prog.ch\/de\/wp-json\/wp\/v2\/product\/34319","targetHints":{"allow":["GET"]}}],"collection":[{"href":"https:\/\/geno-prog.ch\/de\/wp-json\/wp\/v2\/product"}],"about":[{"href":"https:\/\/geno-prog.ch\/de\/wp-json\/wp\/v2\/types\/product"}],"wp:featuredmedia":[{"embeddable":true,"href":"https:\/\/geno-prog.ch\/de\/wp-json\/wp\/v2\/media\/34321"}],"wp:attachment":[{"href":"https:\/\/geno-prog.ch\/de\/wp-json\/wp\/v2\/media?parent=34319"}],"wp:term":[{"taxonomy":"product_brand","embeddable":true,"href":"https:\/\/geno-prog.ch\/de\/wp-json\/wp\/v2\/product_brand?post=34319"},{"taxonomy":"product_cat","embeddable":true,"href":"https:\/\/geno-prog.ch\/de\/wp-json\/wp\/v2\/product_cat?post=34319"},{"taxonomy":"product_tag","embeddable":true,"href":"https:\/\/geno-prog.ch\/de\/wp-json\/wp\/v2\/product_tag?post=34319"}],"curies":[{"name":"wp","href":"https:\/\/api.w.org\/{rel}","templated":true}]}}