{"id":34312,"date":"2025-09-12T19:03:55","date_gmt":"2025-09-12T17:03:55","guid":{"rendered":"https:\/\/geno-prog.ch\/?post_type=product&#038;p=34312"},"modified":"2026-03-02T13:02:01","modified_gmt":"2026-03-02T12:02:01","slug":"reparatur-von-touchscreens-mitsubishi-outlander","status":"publish","type":"product","link":"https:\/\/geno-prog.ch\/de\/produkt\/reparatur-von-touchscreens-mitsubishi-outlander\/","title":{"rendered":"Touchscreen-Reparatur Autoradio Mitsubishi Outlander 8\u2033"},"content":{"rendered":"<h1>Reparatur Touchscreen Mitsubishi Outlander (8 Zoll)<\/h1>\n<p>Ihre <strong>Multimediasystem Mitsubishi Outlander<\/strong> mit <strong>Touchscreen 8\u2033<\/strong> nicht mehr richtig funktioniert?<br \/>\nWir bieten Ihnen eine schnelle, kosteng\u00fcnstige und garantierte L\u00f6sung : <strong>die Reparatur Ihres Touchscreens<\/strong>.<\/p>\n<p>&nbsp;<\/p>\n<hr \/>\n<h2><\/h2>\n<h2>H\u00e4ufige Probleme mit dem Touchscreen des Mitsubishi Outlander<\/h2>\n<ul>\n<li>Der Touchscreen ist teilweise oder vollst\u00e4ndig au\u00dfer Betrieb<\/li>\n<li>Der Bildschirm reagiert in einigen Bereichen nicht auf Ber\u00fchrungen<\/li>\n<li>Die gesamte ber\u00fchrungsempfindliche Oberfl\u00e4che funktioniert nicht mehr<\/li>\n<\/ul>\n<p>Diese Pannen sind h\u00e4ufig bei <strong>Einheiten <\/strong>des Outlander 2019 -.<\/p>\n<p>&nbsp;<\/p>\n<hr \/>\n<h2><\/h2>\n<h2>Preis f\u00fcr die Reparatur des Touchscreens Mitsubishi Outlander<\/h2>\n<ul>\n<li><strong>Austausch des Touchscreens: CHF 440.<\/strong><\/li>\n<\/ul>\n<p>\ud83d\udca1 Beim Hersteller kann der komplette Austausch der Einheit mehrere tausend Franken kosten.<br \/>\nBei unserem Service tauschen wir nur das defekte Teil aus, sodass Sie Geld sparen k\u00f6nnen, ohne Abstriche bei der Qualit\u00e4t machen zu m\u00fcssen.<\/p>\n<p>&nbsp;<\/p>\n<hr \/>\n<h2><\/h2>\n<h2>Wie wird die Reparatur durchgef\u00fchrt?<\/h2>\n<p>Sie haben zwei M\u00f6glichkeiten:<\/p>\n<ul>\n<li><strong>Reparatur vor Ort<\/strong> : Intervention in etwa <strong>1h30<\/strong> in unseren R\u00e4umlichkeiten in Payerne (VD) oder Nyon (VD).<\/li>\n<li><strong>Reparatur per Paketpost<\/strong> : Nehmen Sie das Ger\u00e4t auseinander und schicken Sie es zur Reparatur ein.<\/li>\n<\/ul>\n<p><strong>\ud83d\udc49 Wichtig: Kontaktieren Sie uns vor einer Reparatur!<\/strong><\/p>\n<p>&nbsp;<\/p>\n<hr \/>\n<h2><\/h2>\n<h2>Garantie Reparatur Touchscreen Mitsubishi Outlander<\/h2>\n<p>Alle unsere Reparaturen sind garantiert <strong>12 Monate<\/strong>.<\/p>\n<p>&nbsp;<\/p>\n<hr \/>\n<h2><\/h2>\n<h2>Kompatible Referenzen (nicht ersch\u00f6pfende Liste)<\/h2>\n<ul>\n<li>8740A098<\/li>\n<li>8740A103<\/li>\n<li>8740A100<\/li>\n<li>NR-201<\/li>\n<\/ul>\n<p>&nbsp;<\/p>\n<hr \/>\n<h2><\/h2>\n<h2>FAQ - Touchscreen-Reparatur Mitsubishi Outlander<\/h2>\n<h3>Wie lange dauert die Reparatur des Touchscreens?<\/h3>\n<p>Die Reparatur dauert im Durchschnitt <strong>1h30<\/strong> wenn Sie sich f\u00fcr eine Intervention vor Ort entscheiden.<br \/>\nBei Postversand h\u00e4ngt die Frist vom Transport ab, aber wir reparieren den Bildschirm innerhalb von <strong>24 bis 48 Stunden<\/strong> nach Erhalt der Einheit.<\/p>\n<h3>Kann ich meinen Mitsubishi Outlander weiter benutzen, wenn der Touchscreen defekt ist?<\/h3>\n<p>Ja, aber einige Multimedia-\/Park- und Navigationsfunktionen werden eingeschr\u00e4nkt.<\/p>\n<h3>Ist die Reparatur garantiert?<\/h3>\n<p>Ja, alle unsere Reparaturen von Mitsubishi Outlander Touchscreens haben eine Garantie von <strong>12 Monate<\/strong>.<\/p>\n<h3>Warum ist die Reparatur billiger als beim Hersteller?<\/h3>\n<p>Der Hersteller tauscht die gesamte Multimediaeinheit aus, was oft mehrere tausend Franken kostet.<br \/>\nWir tauschen nur das defekte Teil (den Touchscreen) aus, ohne das Ger\u00e4t neu zu programmieren, was die Kosten stark reduziert.<\/p>\n<h3>Welche Referenzen von Medieneinheiten sind mit Ihrer Reparatur kompatibel?<\/h3>\n<p>Wir reparieren mehrere Modelle der Serie, darunter :<\/p>\n<ul>\n<li>8740A098<\/li>\n<li>8740A103<\/li>\n<li>8740A100<\/li>\n<li>NR-201<\/li>\n<li>Und andere \u00e4hnliche Referenzen<\/li>\n<\/ul>\n<h3>Wie kann ich Sie f\u00fcr die Reparatur kontaktieren?<\/h3>\n<p>Sie k\u00f6nnen uns direkt per Telefon oder \u00fcber unser Kontaktformular erreichen.<\/p>","protected":false},"excerpt":{"rendered":"<h3>Touchscreen-Reparatur Mitsubishi Outlander 8\u2033<\/h3>","protected":false},"featured_media":34313,"template":"","meta":{"_et_pb_use_builder":"","_et_pb_old_content":"","_et_gb_content_width":""},"product_brand":[],"product_cat":[91],"product_tag":[],"class_list":{"0":"post-34312","1":"product","2":"type-product","3":"status-publish","4":"has-post-thumbnail","6":"product_cat-reparation","8":"first","9":"instock","10":"shipping-taxable","11":"product-type-external"},"yoast_head":"<!-- This site is optimized with the Yoast SEO Premium plugin v26.5 (Yoast SEO v27.5) - https:\/\/yoast.com\/product\/yoast-seo-premium-wordpress\/ -->\n<title>R\u00e9paration \u00e9cran tactile Mitsubishi Outlander 8&quot; | GenoProg Suisse<\/title>\n<meta name=\"description\" content=\"Votre \u00e9cran tactile Mitsubishi Outlander 8&quot; ne fonctionne plus ? R\u00e9paration rapide et garantie 12 mois chez GenoProg \u00e0 Payerne (VD). Prix d\u00e8s CHF 440.-\" \/>\n<meta name=\"robots\" content=\"index, follow, max-snippet:-1, max-image-preview:large, max-video-preview:-1\" \/>\n<link rel=\"canonical\" href=\"https:\/\/geno-prog.ch\/de\/produkt\/reparatur-von-touchscreens-mitsubishi-outlander\/\" \/>\n<meta property=\"og:locale\" content=\"de_DE\" \/>\n<meta property=\"og:type\" content=\"article\" \/>\n<meta property=\"og:title\" content=\"R\u00e9paration \u00e9cran tactile Autoradio Mitsubishi Outlander 8&quot;\" \/>\n<meta property=\"og:description\" content=\"Votre \u00e9cran tactile Mitsubishi Outlander 8&quot; ne fonctionne plus ? R\u00e9paration rapide et garantie 12 mois chez GenoProg \u00e0 Payerne (VD). Prix d\u00e8s CHF 440.-\" \/>\n<meta property=\"og:url\" content=\"https:\/\/geno-prog.ch\/de\/produkt\/reparatur-von-touchscreens-mitsubishi-outlander\/\" \/>\n<meta property=\"og:site_name\" content=\"GenoProg\" \/>\n<meta property=\"article:publisher\" content=\"https:\/\/www.facebook.com\/genoprog\" \/>\n<meta property=\"article:modified_time\" content=\"2026-03-02T12:02:01+00:00\" \/>\n<meta property=\"og:image\" content=\"https:\/\/geno-prog.ch\/wp-content\/uploads\/2025\/09\/M1-scaled.jpg\" \/>\n\t<meta property=\"og:image:width\" content=\"2560\" \/>\n\t<meta property=\"og:image:height\" content=\"1706\" \/>\n\t<meta property=\"og:image:type\" content=\"image\/jpeg\" \/>\n<meta name=\"twitter:card\" content=\"summary_large_image\" \/>\n<meta name=\"twitter:label1\" content=\"Preis\" \/>\n\t<meta name=\"twitter:data1\" content=\"&#067;&#072;&#070;&nbsp;440.00\" \/>\n\t<meta name=\"twitter:label2\" content=\"Verf\u00fcgbarkeit\" \/>\n\t<meta name=\"twitter:data2\" content=\"Auf Lager\" \/>\n<script type=\"application\/ld+json\" class=\"yoast-schema-graph\">{\"@context\":\"https:\\\/\\\/schema.org\",\"@graph\":[{\"@type\":\"WebPage\",\"@id\":\"https:\\\/\\\/geno-prog.ch\\\/produit\\\/reparation-ecran-tactile-mitsubishi-outlander\\\/\",\"url\":\"https:\\\/\\\/geno-prog.ch\\\/produit\\\/reparation-ecran-tactile-mitsubishi-outlander\\\/\",\"name\":\"R\u00e9paration \u00e9cran tactile Mitsubishi Outlander 8\\\" | GenoProg Suisse\",\"isPartOf\":{\"@id\":\"https:\\\/\\\/geno-prog.ch\\\/#website\"},\"primaryImageOfPage\":{\"@id\":\"https:\\\/\\\/geno-prog.ch\\\/produit\\\/reparation-ecran-tactile-mitsubishi-outlander\\\/#primaryimage\"},\"image\":{\"@id\":\"https:\\\/\\\/geno-prog.ch\\\/produit\\\/reparation-ecran-tactile-mitsubishi-outlander\\\/#primaryimage\"},\"thumbnailUrl\":\"https:\\\/\\\/geno-prog.ch\\\/wp-content\\\/uploads\\\/2025\\\/09\\\/M1-scaled.jpg\",\"datePublished\":\"2025-09-12T17:03:55+00:00\",\"dateModified\":\"2026-03-02T12:02:01+00:00\",\"description\":\"Votre \u00e9cran tactile Mitsubishi Outlander 8\\\" ne fonctionne plus ? R\u00e9paration rapide et garantie 12 mois chez GenoProg \u00e0 Payerne (VD). Prix d\u00e8s CHF 440.-\",\"breadcrumb\":{\"@id\":\"https:\\\/\\\/geno-prog.ch\\\/produit\\\/reparation-ecran-tactile-mitsubishi-outlander\\\/#breadcrumb\"},\"inLanguage\":\"de\",\"potentialAction\":[{\"@type\":\"ReadAction\",\"target\":[\"https:\\\/\\\/geno-prog.ch\\\/produit\\\/reparation-ecran-tactile-mitsubishi-outlander\\\/\"]}]},{\"@type\":\"ImageObject\",\"inLanguage\":\"de\",\"@id\":\"https:\\\/\\\/geno-prog.ch\\\/produit\\\/reparation-ecran-tactile-mitsubishi-outlander\\\/#primaryimage\",\"url\":\"https:\\\/\\\/geno-prog.ch\\\/wp-content\\\/uploads\\\/2025\\\/09\\\/M1-scaled.jpg\",\"contentUrl\":\"https:\\\/\\\/geno-prog.ch\\\/wp-content\\\/uploads\\\/2025\\\/09\\\/M1-scaled.jpg\",\"width\":2560,\"height\":1706,\"caption\":\"LCD\"},{\"@type\":\"BreadcrumbList\",\"@id\":\"https:\\\/\\\/geno-prog.ch\\\/produit\\\/reparation-ecran-tactile-mitsubishi-outlander\\\/#breadcrumb\",\"itemListElement\":[{\"@type\":\"ListItem\",\"position\":1,\"name\":\"Accueil\",\"item\":\"https:\\\/\\\/geno-prog.ch\\\/\"},{\"@type\":\"ListItem\",\"position\":2,\"name\":\"T\u00e9l\u00e9chargements\",\"item\":\"https:\\\/\\\/geno-prog.ch\\\/download\\\/\"},{\"@type\":\"ListItem\",\"position\":3,\"name\":\"R\u00e9paration \u00e9cran tactile Autoradio Mitsubishi Outlander 8&Prime;\"}]},{\"@type\":\"WebSite\",\"@id\":\"https:\\\/\\\/geno-prog.ch\\\/#website\",\"url\":\"https:\\\/\\\/geno-prog.ch\\\/\",\"name\":\"GenoProg\",\"description\":\"Sp\u00e9cialiste en \u00e9lectronique automobile BMW \\\/ MINI\",\"publisher\":{\"@id\":\"https:\\\/\\\/geno-prog.ch\\\/#organization\"},\"potentialAction\":[{\"@type\":\"SearchAction\",\"target\":{\"@type\":\"EntryPoint\",\"urlTemplate\":\"https:\\\/\\\/geno-prog.ch\\\/?s={search_term_string}\"},\"query-input\":{\"@type\":\"PropertyValueSpecification\",\"valueRequired\":true,\"valueName\":\"search_term_string\"}}],\"inLanguage\":\"de\"},{\"@type\":\"Organization\",\"@id\":\"https:\\\/\\\/geno-prog.ch\\\/#organization\",\"name\":\"GenoProg\",\"url\":\"https:\\\/\\\/geno-prog.ch\\\/\",\"logo\":{\"@type\":\"ImageObject\",\"inLanguage\":\"de\",\"@id\":\"https:\\\/\\\/geno-prog.ch\\\/#\\\/schema\\\/logo\\\/image\\\/\",\"url\":\"https:\\\/\\\/geno-prog.ch\\\/wp-content\\\/uploads\\\/2020\\\/03\\\/GenoProg_long.png\",\"contentUrl\":\"https:\\\/\\\/geno-prog.ch\\\/wp-content\\\/uploads\\\/2020\\\/03\\\/GenoProg_long.png\",\"width\":3086,\"height\":803,\"caption\":\"GenoProg\"},\"image\":{\"@id\":\"https:\\\/\\\/geno-prog.ch\\\/#\\\/schema\\\/logo\\\/image\\\/\"},\"sameAs\":[\"https:\\\/\\\/www.facebook.com\\\/genoprog\",\"https:\\\/\\\/www.instagram.com\\\/genoprog\\\/\",\"https:\\\/\\\/www.youtube.com\\\/channel\\\/UC5a5VYzbWdsHNYm2Qtu1F2w\"]}]}<\/script>\n<meta property=\"product:brand\" content=\"external\" \/>\n<meta property=\"product:price:amount\" content=\"440.00\" \/>\n<meta property=\"product:price:currency\" content=\"CHF\" \/>\n<meta property=\"og:availability\" content=\"instock\" \/>\n<meta property=\"product:availability\" content=\"instock\" \/>\n<meta property=\"product:condition\" content=\"new\" \/>\n<!-- \/ Yoast SEO Premium plugin. -->","yoast_head_json":{"title":"Touchscreen-Reparatur Mitsubishi Outlander 8\" | GenoProg Schweiz","description":"Funktioniert Ihr Mitsubishi Outlander 8\" Touchscreen nicht mehr? Schnelle Reparatur und 12 Monate Garantie bei GenoProg in Payerne (VD). Preis ab CHF 440.-","robots":{"index":"index","follow":"follow","max-snippet":"max-snippet:-1","max-image-preview":"max-image-preview:large","max-video-preview":"max-video-preview:-1"},"canonical":"https:\/\/geno-prog.ch\/de\/produkt\/reparatur-von-touchscreens-mitsubishi-outlander\/","og_locale":"de_DE","og_type":"article","og_title":"R\u00e9paration \u00e9cran tactile Autoradio Mitsubishi Outlander 8\"","og_description":"Votre \u00e9cran tactile Mitsubishi Outlander 8\" ne fonctionne plus ? R\u00e9paration rapide et garantie 12 mois chez GenoProg \u00e0 Payerne (VD). Prix d\u00e8s CHF 440.-","og_url":"https:\/\/geno-prog.ch\/de\/produkt\/reparatur-von-touchscreens-mitsubishi-outlander\/","og_site_name":"GenoProg","article_publisher":"https:\/\/www.facebook.com\/genoprog","article_modified_time":"2026-03-02T12:02:01+00:00","og_image":[{"width":2560,"height":1706,"url":"https:\/\/geno-prog.ch\/wp-content\/uploads\/2025\/09\/M1-scaled.jpg","type":"image\/jpeg"}],"twitter_card":"summary_large_image","twitter_misc":{"Preis":"&#67;&#72;&#70;&nbsp;440.00","Verf\u00fcgbarkeit":"Auf Lager"},"schema":{"@context":"https:\/\/schema.org","@graph":[{"@type":"WebPage","@id":"https:\/\/geno-prog.ch\/produit\/reparation-ecran-tactile-mitsubishi-outlander\/","url":"https:\/\/geno-prog.ch\/produit\/reparation-ecran-tactile-mitsubishi-outlander\/","name":"Touchscreen-Reparatur Mitsubishi Outlander 8\" | GenoProg Schweiz","isPartOf":{"@id":"https:\/\/geno-prog.ch\/#website"},"primaryImageOfPage":{"@id":"https:\/\/geno-prog.ch\/produit\/reparation-ecran-tactile-mitsubishi-outlander\/#primaryimage"},"image":{"@id":"https:\/\/geno-prog.ch\/produit\/reparation-ecran-tactile-mitsubishi-outlander\/#primaryimage"},"thumbnailUrl":"https:\/\/geno-prog.ch\/wp-content\/uploads\/2025\/09\/M1-scaled.jpg","datePublished":"2025-09-12T17:03:55+00:00","dateModified":"2026-03-02T12:02:01+00:00","description":"Funktioniert Ihr Mitsubishi Outlander 8\" Touchscreen nicht mehr? Schnelle Reparatur und 12 Monate Garantie bei GenoProg in Payerne (VD). Preis ab CHF 440.-","breadcrumb":{"@id":"https:\/\/geno-prog.ch\/produit\/reparation-ecran-tactile-mitsubishi-outlander\/#breadcrumb"},"inLanguage":"de","potentialAction":[{"@type":"ReadAction","target":["https:\/\/geno-prog.ch\/produit\/reparation-ecran-tactile-mitsubishi-outlander\/"]}]},{"@type":"ImageObject","inLanguage":"de","@id":"https:\/\/geno-prog.ch\/produit\/reparation-ecran-tactile-mitsubishi-outlander\/#primaryimage","url":"https:\/\/geno-prog.ch\/wp-content\/uploads\/2025\/09\/M1-scaled.jpg","contentUrl":"https:\/\/geno-prog.ch\/wp-content\/uploads\/2025\/09\/M1-scaled.jpg","width":2560,"height":1706,"caption":"LCD"},{"@type":"BreadcrumbList","@id":"https:\/\/geno-prog.ch\/produit\/reparation-ecran-tactile-mitsubishi-outlander\/#breadcrumb","itemListElement":[{"@type":"ListItem","position":1,"name":"Accueil","item":"https:\/\/geno-prog.ch\/"},{"@type":"ListItem","position":2,"name":"T\u00e9l\u00e9chargements","item":"https:\/\/geno-prog.ch\/download\/"},{"@type":"ListItem","position":3,"name":"R\u00e9paration \u00e9cran tactile Autoradio Mitsubishi Outlander 8&Prime;"}]},{"@type":"WebSite","@id":"https:\/\/geno-prog.ch\/#website","url":"https:\/\/geno-prog.ch\/","name":"GenoProg","description":"Fachkraft f\u00fcr Kraftfahrzeugelektronik BMW \/ MINI","publisher":{"@id":"https:\/\/geno-prog.ch\/#organization"},"potentialAction":[{"@type":"SearchAction","target":{"@type":"EntryPoint","urlTemplate":"https:\/\/geno-prog.ch\/?s={search_term_string}"},"query-input":{"@type":"PropertyValueSpecification","valueRequired":true,"valueName":"search_term_string"}}],"inLanguage":"de"},{"@type":"Organization","@id":"https:\/\/geno-prog.ch\/#organization","name":"GenoProg","url":"https:\/\/geno-prog.ch\/","logo":{"@type":"ImageObject","inLanguage":"de","@id":"https:\/\/geno-prog.ch\/#\/schema\/logo\/image\/","url":"https:\/\/geno-prog.ch\/wp-content\/uploads\/2020\/03\/GenoProg_long.png","contentUrl":"https:\/\/geno-prog.ch\/wp-content\/uploads\/2020\/03\/GenoProg_long.png","width":3086,"height":803,"caption":"GenoProg"},"image":{"@id":"https:\/\/geno-prog.ch\/#\/schema\/logo\/image\/"},"sameAs":["https:\/\/www.facebook.com\/genoprog","https:\/\/www.instagram.com\/genoprog\/","https:\/\/www.youtube.com\/channel\/UC5a5VYzbWdsHNYm2Qtu1F2w"]}]},"product_brand":"external","product_price_amount":"440.00","product_price_currency":"CHF","og_availability":"instock","product_availability":"instock","product_condition":"new"},"_links":{"self":[{"href":"https:\/\/geno-prog.ch\/de\/wp-json\/wp\/v2\/product\/34312","targetHints":{"allow":["GET"]}}],"collection":[{"href":"https:\/\/geno-prog.ch\/de\/wp-json\/wp\/v2\/product"}],"about":[{"href":"https:\/\/geno-prog.ch\/de\/wp-json\/wp\/v2\/types\/product"}],"wp:featuredmedia":[{"embeddable":true,"href":"https:\/\/geno-prog.ch\/de\/wp-json\/wp\/v2\/media\/34313"}],"wp:attachment":[{"href":"https:\/\/geno-prog.ch\/de\/wp-json\/wp\/v2\/media?parent=34312"}],"wp:term":[{"taxonomy":"product_brand","embeddable":true,"href":"https:\/\/geno-prog.ch\/de\/wp-json\/wp\/v2\/product_brand?post=34312"},{"taxonomy":"product_cat","embeddable":true,"href":"https:\/\/geno-prog.ch\/de\/wp-json\/wp\/v2\/product_cat?post=34312"},{"taxonomy":"product_tag","embeddable":true,"href":"https:\/\/geno-prog.ch\/de\/wp-json\/wp\/v2\/product_tag?post=34312"}],"curies":[{"name":"wp","href":"https:\/\/api.w.org\/{rel}","templated":true}]}}