{"id":34310,"date":"2025-09-04T21:20:01","date_gmt":"2025-09-04T19:20:01","guid":{"rendered":"https:\/\/geno-prog.ch\/?post_type=product&#038;p=34310"},"modified":"2025-09-04T21:27:48","modified_gmt":"2025-09-04T19:27:48","slug":"camera_g01","status":"publish","type":"product","link":"https:\/\/geno-prog.ch\/de\/produkt\/camera_g01\/","title":{"rendered":"Original BMW X3 &amp; X4 R\u00fcckfahrkamera (G01 &amp; G02)"},"content":{"rendered":"<p>&nbsp;<\/p>\n<h1>Installation R\u00fcckfahrkamera BMW X3 &amp; BMW X4 (G01 &amp; G02 ab 2018-)<\/h1>\n<p>Erh\u00f6hen Sie die Sicherheit und den Komfort Ihres BMW X3 oder X4 (G01 &amp; G02) durch den Einbau einer perfekt integrierten Original BMW R\u00fcckfahrkamera.<\/p>\n<p>&nbsp;<\/p>\n<h2>Warum sollte man eine R\u00fcckfahrkamera in seinen BMW X3 &amp; X4 einbauen?<\/h2>\n<p>Eine R\u00fcckfahrkamera erh\u00f6ht die Sicherheit beim Man\u00f6vrieren erheblich :<\/p>\n<ul>\n<li>Hochaufl\u00f6sende Bildqualit\u00e4t<\/li>\n<li>W\u00e4rmelinse f\u00fcr den Winter<\/li>\n<li>Dynamische Parklinien<\/li>\n<li>Perfekte Integration in den BMW Zentralbildschirm<\/li>\n<\/ul>\n<p>Sie erhalten eine kombinierte Anzeige aus Parksensoren (PDC) und Kamerabild in Echtzeit.<\/p>\n<p>&nbsp;<\/p>\n<h2>Original BMW Installation und Programmierung<\/h2>\n<p>Wir verwenden ausschlie\u00dflich Originalteile von BMW, um eine zuverl\u00e4ssige Installation gem\u00e4\u00df der Werkskonfiguration zu gew\u00e4hrleisten.<\/p>\n<p>Die Option 3AG (Original BMW R\u00fcckfahrkamera) wird in Ihrem Fahrzeug aktiviert und codiert. Sie geben Ihr Auto einfach ab und wir k\u00fcmmern uns um alles Weitere.<\/p>\n<p>&nbsp;<\/p>\n<h2>Frist und Orte f\u00fcr die Einrichtung<\/h2>\n<ul>\n<li>Dauer: ca. 1 Tag<\/li>\n<li>Standorte: Payerne (VD), Nyon (VD) oder Partnerzentrum im Wallis<\/li>\n<li>Flexibilit\u00e4t: Installation am Samstag m\u00f6glich<\/li>\n<\/ul>\n<p>&nbsp;<\/p>\n<h2>Kompatibilit\u00e4t BMW X3 &amp; X4 (2018-)<\/h2>\n<p>Diese Leistung gilt nur f\u00fcr BMW X3 und X4 (2018-2025), die mit Parksensoren hinten (Option 507) oder vorne und hinten (Option 508) ausgestattet sind. Fahrzeuge mit dem kleinen Zentralbildschirm (Option 606) sind in der Regel auch f\u00fcr die R\u00fcckfahrkamera geeignet. Um die Kompatibilit\u00e4t zu best\u00e4tigen, \u00fcbermitteln Sie uns einfach Ihre Fahrgestellnummer (VIN WBA...).<\/p>\n<p>&nbsp;<\/p>\n<h2>Preis f\u00fcr die Installation der BMW-R\u00fcckfahrkamera<\/h2>\n<ul>\n<li>BMW X3 G01 &amp; X4 G02: 1'100.-<\/li>\n<\/ul>\n<p>Bei anderen BMW- oder MINI-Modellen variiert der Preis je nach :<\/p>\n<ul>\n<li>Die Originalausstattung des Fahrzeugs<\/li>\n<li>Die Komplexit\u00e4t der Strahlendurchf\u00fchrung (z. B. Cabriolets)<\/li>\n<li>Die Einrichtungszeit<\/li>\n<\/ul>\n<p>F\u00fcr einen genauen Kostenvoranschlag geben Sie bitte Ihre Fahrgestellnummer in Ihrer Anfrage an.<\/p>\n<p>&nbsp;<\/p>\n<h3>Kompatible Modelle :<\/h3>\n<p>BMW X3 G01 und X4 G02<\/p>\n<h3>Andere kompatible Modelle (Preis variiert) :<\/h3>\n<p>Serie 3 (F30, F31, F80, G20, G21, G80, G81), Serie 4 (F32, F33, F82, F83, G82, G83), Serie 5 (F10, F11, Fxx, G30, G31), Serie 6 (F06, F07), Serie 7 (F01, F02), X1 (E84, F48), X2 (F39), X3 (F25, G01), X4 (F26, G02), X5 (E70, F15, F85), X6 (E71, F16, F86). Ref: 66212450878 &amp; 66555A84564<\/p>\n<h3>Inkompatible Modelle f\u00fcr eine Originalkamera :<\/h3>\n<p>Serie 1 (E82, E83, E87, E88), Serie 3 (E46, E90, E91, E92, E93), Serie 5 (E60, E61), Serie 6 (E63, E64)<\/p>\n<p>Verwendete Module : F\u00fcr die BMW G-Serie ICAM-2R.<\/p>\n<p>&nbsp;<\/p>\n<header><\/header>\n<p>https:\/\/geno-prog.ch\/produit\/m5_f90_lci_led\/<\/p>","protected":false},"excerpt":{"rendered":"<p>&nbsp;<\/p>\n<h4 class=\"p1\">Wir bieten den Einbau und die Programmierung einer R\u00fcckfahrkamera mit Originalmaterial f\u00fcr Ihren BMW an.<\/h4>\n<ul>\n<li>Originalkamera (inkl. Strahl)<\/li>\n<li>Installation<\/li>\n<li>Programmierung \/ Codierung des Fahrzeugs<\/li>\n<\/ul>","protected":false},"featured_media":33606,"template":"","meta":{"_et_pb_use_builder":"","_et_pb_old_content":"","_et_gb_content_width":""},"product_brand":[],"product_cat":[68,285,79],"product_tag":[287,87,286],"class_list":{"0":"post-34310","1":"product","2":"type-product","3":"status-publish","4":"has-post-thumbnail","6":"product_cat-bmw","7":"product_cat-retrofit","8":"product_cat-x1-x7","9":"product_tag-3ag","10":"product_tag-coding","11":"product_tag-retrofit","13":"first","14":"instock","15":"shipping-taxable","16":"product-type-external"},"yoast_head":"<!-- This site is optimized with the Yoast SEO Premium plugin v26.5 (Yoast SEO v27.4) - https:\/\/yoast.com\/product\/yoast-seo-premium-wordpress\/ -->\n<title>Installation cam\u00e9ra de recul BMW X3 &amp; X4 G0x (2018-) | d&#039;origine<\/title>\n<meta name=\"description\" content=\"Installation et codage cam\u00e9ra de recul BMW X3 G01 et X4 G02 (2018-). Pi\u00e8ces d\u2019origine BMW, int\u00e9gration parfaite, service cl\u00e9 en main \u00e0 Payerne ou Nyon\" \/>\n<meta name=\"robots\" content=\"index, follow, max-snippet:-1, max-image-preview:large, max-video-preview:-1\" \/>\n<link rel=\"canonical\" href=\"https:\/\/geno-prog.ch\/de\/produkt\/camera_g01\/\" \/>\n<meta property=\"og:locale\" content=\"de_DE\" \/>\n<meta property=\"og:type\" content=\"article\" \/>\n<meta property=\"og:title\" content=\"Cam\u00e9ra de recul d\u2019origine BMW X3 &amp; X4 (G01 &amp; G02)\" \/>\n<meta property=\"og:description\" content=\"Installation et codage cam\u00e9ra de recul BMW X3 G01 et X4 G02 (2018-). Pi\u00e8ces d\u2019origine BMW, int\u00e9gration parfaite, service cl\u00e9 en main \u00e0 Payerne ou Nyon\" \/>\n<meta property=\"og:url\" content=\"https:\/\/geno-prog.ch\/de\/produkt\/camera_g01\/\" \/>\n<meta property=\"og:site_name\" content=\"GenoProg\" \/>\n<meta property=\"article:publisher\" content=\"https:\/\/www.facebook.com\/genoprog\" \/>\n<meta property=\"article:modified_time\" content=\"2025-09-04T19:27:48+00:00\" \/>\n<meta property=\"og:image\" content=\"https:\/\/geno-prog.ch\/wp-content\/uploads\/2020\/03\/ICAM2_NBT_EVO_3AG_G01.jpg\" \/>\n\t<meta property=\"og:image:width\" content=\"1974\" \/>\n\t<meta property=\"og:image:height\" content=\"1480\" \/>\n\t<meta property=\"og:image:type\" content=\"image\/jpeg\" \/>\n<meta name=\"twitter:card\" content=\"summary_large_image\" \/>\n<meta name=\"twitter:label1\" content=\"Preis\" \/>\n\t<meta name=\"twitter:data1\" content=\"&#067;&#072;&#070;&nbsp;1,100.00\" \/>\n\t<meta name=\"twitter:label2\" content=\"Verf\u00fcgbarkeit\" \/>\n\t<meta name=\"twitter:data2\" content=\"Auf Lager\" \/>\n<script type=\"application\/ld+json\" class=\"yoast-schema-graph\">{\"@context\":\"https:\\\/\\\/schema.org\",\"@graph\":[{\"@type\":\"WebPage\",\"@id\":\"https:\\\/\\\/geno-prog.ch\\\/produit\\\/camera_g01\\\/\",\"url\":\"https:\\\/\\\/geno-prog.ch\\\/produit\\\/camera_g01\\\/\",\"name\":\"Installation cam\u00e9ra de recul BMW X3 & X4 G0x (2018-) | d'origine\",\"isPartOf\":{\"@id\":\"https:\\\/\\\/geno-prog.ch\\\/#website\"},\"primaryImageOfPage\":{\"@id\":\"https:\\\/\\\/geno-prog.ch\\\/produit\\\/camera_g01\\\/#primaryimage\"},\"image\":{\"@id\":\"https:\\\/\\\/geno-prog.ch\\\/produit\\\/camera_g01\\\/#primaryimage\"},\"thumbnailUrl\":\"https:\\\/\\\/geno-prog.ch\\\/wp-content\\\/uploads\\\/2020\\\/03\\\/ICAM2_NBT_EVO_3AG_G01.jpg\",\"datePublished\":\"2025-09-04T19:20:01+00:00\",\"dateModified\":\"2025-09-04T19:27:48+00:00\",\"description\":\"Installation et codage cam\u00e9ra de recul BMW X3 G01 et X4 G02 (2018-). Pi\u00e8ces d\u2019origine BMW, int\u00e9gration parfaite, service cl\u00e9 en main \u00e0 Payerne ou Nyon\",\"breadcrumb\":{\"@id\":\"https:\\\/\\\/geno-prog.ch\\\/produit\\\/camera_g01\\\/#breadcrumb\"},\"inLanguage\":\"de\",\"potentialAction\":[{\"@type\":\"ReadAction\",\"target\":[\"https:\\\/\\\/geno-prog.ch\\\/produit\\\/camera_g01\\\/\"]}]},{\"@type\":\"ImageObject\",\"inLanguage\":\"de\",\"@id\":\"https:\\\/\\\/geno-prog.ch\\\/produit\\\/camera_g01\\\/#primaryimage\",\"url\":\"https:\\\/\\\/geno-prog.ch\\\/wp-content\\\/uploads\\\/2020\\\/03\\\/ICAM2_NBT_EVO_3AG_G01.jpg\",\"contentUrl\":\"https:\\\/\\\/geno-prog.ch\\\/wp-content\\\/uploads\\\/2020\\\/03\\\/ICAM2_NBT_EVO_3AG_G01.jpg\",\"width\":1974,\"height\":1480},{\"@type\":\"BreadcrumbList\",\"@id\":\"https:\\\/\\\/geno-prog.ch\\\/produit\\\/camera_g01\\\/#breadcrumb\",\"itemListElement\":[{\"@type\":\"ListItem\",\"position\":1,\"name\":\"Accueil\",\"item\":\"https:\\\/\\\/geno-prog.ch\\\/\"},{\"@type\":\"ListItem\",\"position\":2,\"name\":\"T\u00e9l\u00e9chargements\",\"item\":\"https:\\\/\\\/geno-prog.ch\\\/download\\\/\"},{\"@type\":\"ListItem\",\"position\":3,\"name\":\"Cam\u00e9ra de recul d\u2019origine BMW X3 &#038; X4 (G01 &#038; G02)\"}]},{\"@type\":\"WebSite\",\"@id\":\"https:\\\/\\\/geno-prog.ch\\\/#website\",\"url\":\"https:\\\/\\\/geno-prog.ch\\\/\",\"name\":\"GenoProg\",\"description\":\"Sp\u00e9cialiste en \u00e9lectronique automobile BMW \\\/ MINI\",\"publisher\":{\"@id\":\"https:\\\/\\\/geno-prog.ch\\\/#organization\"},\"potentialAction\":[{\"@type\":\"SearchAction\",\"target\":{\"@type\":\"EntryPoint\",\"urlTemplate\":\"https:\\\/\\\/geno-prog.ch\\\/?s={search_term_string}\"},\"query-input\":{\"@type\":\"PropertyValueSpecification\",\"valueRequired\":true,\"valueName\":\"search_term_string\"}}],\"inLanguage\":\"de\"},{\"@type\":\"Organization\",\"@id\":\"https:\\\/\\\/geno-prog.ch\\\/#organization\",\"name\":\"GenoProg\",\"url\":\"https:\\\/\\\/geno-prog.ch\\\/\",\"logo\":{\"@type\":\"ImageObject\",\"inLanguage\":\"de\",\"@id\":\"https:\\\/\\\/geno-prog.ch\\\/#\\\/schema\\\/logo\\\/image\\\/\",\"url\":\"https:\\\/\\\/geno-prog.ch\\\/wp-content\\\/uploads\\\/2020\\\/03\\\/GenoProg_long.png\",\"contentUrl\":\"https:\\\/\\\/geno-prog.ch\\\/wp-content\\\/uploads\\\/2020\\\/03\\\/GenoProg_long.png\",\"width\":3086,\"height\":803,\"caption\":\"GenoProg\"},\"image\":{\"@id\":\"https:\\\/\\\/geno-prog.ch\\\/#\\\/schema\\\/logo\\\/image\\\/\"},\"sameAs\":[\"https:\\\/\\\/www.facebook.com\\\/genoprog\",\"https:\\\/\\\/www.instagram.com\\\/genoprog\\\/\",\"https:\\\/\\\/www.youtube.com\\\/channel\\\/UC5a5VYzbWdsHNYm2Qtu1F2w\"]}]}<\/script>\n<meta property=\"product:brand\" content=\"external\" \/>\n<meta property=\"product:price:amount\" content=\"1100.00\" \/>\n<meta property=\"product:price:currency\" content=\"CHF\" \/>\n<meta property=\"og:availability\" content=\"instock\" \/>\n<meta property=\"product:availability\" content=\"instock\" \/>\n<meta property=\"product:condition\" content=\"new\" \/>\n<!-- \/ Yoast SEO Premium plugin. -->","yoast_head_json":{"title":"Installation R\u00fcckfahrkamera BMW X3 &amp; X4 G0x (2018-) | original","description":"Installation und Codierung der R\u00fcckfahrkamera BMW X3 G01 und X4 G02 (2018-). Original BMW-Teile, nahtlose Integration, schl\u00fcsselfertiger Service in Payerne oder Nyon","robots":{"index":"index","follow":"follow","max-snippet":"max-snippet:-1","max-image-preview":"max-image-preview:large","max-video-preview":"max-video-preview:-1"},"canonical":"https:\/\/geno-prog.ch\/de\/produkt\/camera_g01\/","og_locale":"de_DE","og_type":"article","og_title":"Cam\u00e9ra de recul d\u2019origine BMW X3 & X4 (G01 & G02)","og_description":"Installation et codage cam\u00e9ra de recul BMW X3 G01 et X4 G02 (2018-). Pi\u00e8ces d\u2019origine BMW, int\u00e9gration parfaite, service cl\u00e9 en main \u00e0 Payerne ou Nyon","og_url":"https:\/\/geno-prog.ch\/de\/produkt\/camera_g01\/","og_site_name":"GenoProg","article_publisher":"https:\/\/www.facebook.com\/genoprog","article_modified_time":"2025-09-04T19:27:48+00:00","og_image":[{"width":1974,"height":1480,"url":"https:\/\/geno-prog.ch\/wp-content\/uploads\/2020\/03\/ICAM2_NBT_EVO_3AG_G01.jpg","type":"image\/jpeg"}],"twitter_card":"summary_large_image","twitter_misc":{"Preis":"&#67;&#72;&#70;&nbsp;1,100.00","Verf\u00fcgbarkeit":"Auf Lager"},"schema":{"@context":"https:\/\/schema.org","@graph":[{"@type":"WebPage","@id":"https:\/\/geno-prog.ch\/produit\/camera_g01\/","url":"https:\/\/geno-prog.ch\/produit\/camera_g01\/","name":"Installation R\u00fcckfahrkamera BMW X3 &amp; X4 G0x (2018-) | original","isPartOf":{"@id":"https:\/\/geno-prog.ch\/#website"},"primaryImageOfPage":{"@id":"https:\/\/geno-prog.ch\/produit\/camera_g01\/#primaryimage"},"image":{"@id":"https:\/\/geno-prog.ch\/produit\/camera_g01\/#primaryimage"},"thumbnailUrl":"https:\/\/geno-prog.ch\/wp-content\/uploads\/2020\/03\/ICAM2_NBT_EVO_3AG_G01.jpg","datePublished":"2025-09-04T19:20:01+00:00","dateModified":"2025-09-04T19:27:48+00:00","description":"Installation und Codierung der R\u00fcckfahrkamera BMW X3 G01 und X4 G02 (2018-). Original BMW-Teile, nahtlose Integration, schl\u00fcsselfertiger Service in Payerne oder Nyon","breadcrumb":{"@id":"https:\/\/geno-prog.ch\/produit\/camera_g01\/#breadcrumb"},"inLanguage":"de","potentialAction":[{"@type":"ReadAction","target":["https:\/\/geno-prog.ch\/produit\/camera_g01\/"]}]},{"@type":"ImageObject","inLanguage":"de","@id":"https:\/\/geno-prog.ch\/produit\/camera_g01\/#primaryimage","url":"https:\/\/geno-prog.ch\/wp-content\/uploads\/2020\/03\/ICAM2_NBT_EVO_3AG_G01.jpg","contentUrl":"https:\/\/geno-prog.ch\/wp-content\/uploads\/2020\/03\/ICAM2_NBT_EVO_3AG_G01.jpg","width":1974,"height":1480},{"@type":"BreadcrumbList","@id":"https:\/\/geno-prog.ch\/produit\/camera_g01\/#breadcrumb","itemListElement":[{"@type":"ListItem","position":1,"name":"Accueil","item":"https:\/\/geno-prog.ch\/"},{"@type":"ListItem","position":2,"name":"T\u00e9l\u00e9chargements","item":"https:\/\/geno-prog.ch\/download\/"},{"@type":"ListItem","position":3,"name":"Cam\u00e9ra de recul d\u2019origine BMW X3 &#038; X4 (G01 &#038; G02)"}]},{"@type":"WebSite","@id":"https:\/\/geno-prog.ch\/#website","url":"https:\/\/geno-prog.ch\/","name":"GenoProg","description":"Fachkraft f\u00fcr Kraftfahrzeugelektronik BMW \/ MINI","publisher":{"@id":"https:\/\/geno-prog.ch\/#organization"},"potentialAction":[{"@type":"SearchAction","target":{"@type":"EntryPoint","urlTemplate":"https:\/\/geno-prog.ch\/?s={search_term_string}"},"query-input":{"@type":"PropertyValueSpecification","valueRequired":true,"valueName":"search_term_string"}}],"inLanguage":"de"},{"@type":"Organization","@id":"https:\/\/geno-prog.ch\/#organization","name":"GenoProg","url":"https:\/\/geno-prog.ch\/","logo":{"@type":"ImageObject","inLanguage":"de","@id":"https:\/\/geno-prog.ch\/#\/schema\/logo\/image\/","url":"https:\/\/geno-prog.ch\/wp-content\/uploads\/2020\/03\/GenoProg_long.png","contentUrl":"https:\/\/geno-prog.ch\/wp-content\/uploads\/2020\/03\/GenoProg_long.png","width":3086,"height":803,"caption":"GenoProg"},"image":{"@id":"https:\/\/geno-prog.ch\/#\/schema\/logo\/image\/"},"sameAs":["https:\/\/www.facebook.com\/genoprog","https:\/\/www.instagram.com\/genoprog\/","https:\/\/www.youtube.com\/channel\/UC5a5VYzbWdsHNYm2Qtu1F2w"]}]},"product_brand":"external","product_price_amount":"1100.00","product_price_currency":"CHF","og_availability":"instock","product_availability":"instock","product_condition":"new"},"_links":{"self":[{"href":"https:\/\/geno-prog.ch\/de\/wp-json\/wp\/v2\/product\/34310","targetHints":{"allow":["GET"]}}],"collection":[{"href":"https:\/\/geno-prog.ch\/de\/wp-json\/wp\/v2\/product"}],"about":[{"href":"https:\/\/geno-prog.ch\/de\/wp-json\/wp\/v2\/types\/product"}],"wp:featuredmedia":[{"embeddable":true,"href":"https:\/\/geno-prog.ch\/de\/wp-json\/wp\/v2\/media\/33606"}],"wp:attachment":[{"href":"https:\/\/geno-prog.ch\/de\/wp-json\/wp\/v2\/media?parent=34310"}],"wp:term":[{"taxonomy":"product_brand","embeddable":true,"href":"https:\/\/geno-prog.ch\/de\/wp-json\/wp\/v2\/product_brand?post=34310"},{"taxonomy":"product_cat","embeddable":true,"href":"https:\/\/geno-prog.ch\/de\/wp-json\/wp\/v2\/product_cat?post=34310"},{"taxonomy":"product_tag","embeddable":true,"href":"https:\/\/geno-prog.ch\/de\/wp-json\/wp\/v2\/product_tag?post=34310"}],"curies":[{"name":"wp","href":"https:\/\/api.w.org\/{rel}","templated":true}]}}