{"id":34276,"date":"2025-07-18T20:35:31","date_gmt":"2025-07-18T18:35:31","guid":{"rendered":"https:\/\/geno-prog.ch\/?post_type=product&#038;p=34276"},"modified":"2025-07-18T20:55:12","modified_gmt":"2025-07-18T18:55:12","slug":"lcd_uconnect_7","status":"publish","type":"product","link":"https:\/\/geno-prog.ch\/de\/produkt\/lcd_uconnect_7\/","title":{"rendered":"Reparatur LCD-Bildschirm 7\u2033 Uconnect f\u00fcr Jeep, Chrysler, DODGE"},"content":{"rendered":"<h2 class=\"p1\">Wenn Ihr Uconnect Multimediasystem mit 7\u2033-Touchscreen ein Anzeigeproblem hat, k\u00f6nnen wir Ihnen eine Reparatur anbieten. Auch erh\u00e4ltlich in 8.4\u2033.<\/h2>\n<p>&nbsp;<\/p>\n<h4>Wir tauschen den kompletten Bildschirm (Touchpanel + Original-LCD) aus, nicht nur den Touch!<\/h4>\n<p>&nbsp;<\/p>\n<h5>Modelle mit 7\u2033 Uconnect-System :<\/h5>\n<p>JEEP Grand Cherokee, Summit, Limited oder Trailhawk SRT<\/p>\n<p>JEEP Cherokee 2018, 2019, 2020, 2021<\/p>\n<p>JEEP wangler 2018,2019, 2020, 2021<\/p>\n<p>JEEP-Kompass 2018, 2019, 2020, 2021<\/p>\n<p>JEEP gladiator 2019, 2020, 2021<\/p>\n<p>Dodge Challenger 2017, 2018, 2019, 2020, 2021<\/p>\n<p>DODGE RAM 1500, RAM 2500, RAM 3500 2018, 2019, 2020, 2021<\/p>\n<p>Chrysler 200 und 300 2017, 2018, 2019, 2020, 2021<\/p>\n<p>&nbsp;<\/p>\n<p class=\"p1\">GenoProg GmbH <span class=\"Apple-converted-space\">\u00a0<\/span><\/p>\n<p class=\"p1\">Route de Grandcour 64 <span class=\"Apple-converted-space\">\u00a0<\/span><\/p>\n<p class=\"p1\">1530 Payerne <span class=\"Apple-converted-space\">\u00a0<\/span><\/p>\n<p>Schweiz<\/p>\n<p class=\"p1\">","protected":false},"excerpt":{"rendered":"<p>Austausch des Bildschirms und Touch Display.<\/p>","protected":false},"featured_media":34282,"template":"","meta":{"_et_pb_use_builder":"","_et_pb_old_content":"","_et_gb_content_width":""},"product_brand":[],"product_cat":[91],"product_tag":[],"class_list":{"0":"post-34276","1":"product","2":"type-product","3":"status-publish","4":"has-post-thumbnail","6":"product_cat-reparation","8":"first","9":"instock","10":"shipping-taxable","11":"product-type-external"},"yoast_head":"<!-- This site is optimized with the Yoast SEO Premium plugin v26.5 (Yoast SEO v27.4) - https:\/\/yoast.com\/product\/yoast-seo-premium-wordpress\/ -->\n<title>R\u00e9paration \u00e9cran LCD 7&quot; Uconnect pour Jeep, Chrysler, DODGE -<\/title>\n<meta name=\"description\" content=\"R\u00e9paration de votre Syst\u00e8me multim\u00e9dia Uconnect avec \u00e9cran tactile 7&quot;. Remplacement de l&#039;\u00e9cran LCD et Tactile. Probl\u00e8me tactile ou de ghost touch. Suisse\" \/>\n<meta name=\"robots\" content=\"index, follow, max-snippet:-1, max-image-preview:large, max-video-preview:-1\" \/>\n<link rel=\"canonical\" href=\"https:\/\/geno-prog.ch\/de\/produkt\/lcd_uconnect_7\/\" \/>\n<meta property=\"og:locale\" content=\"de_DE\" \/>\n<meta property=\"og:type\" content=\"article\" \/>\n<meta property=\"og:title\" content=\"R\u00e9paration \u00e9cran LCD 7&quot; Uconnect pour Jeep, Chrysler, DODGE\" \/>\n<meta property=\"og:description\" content=\"R\u00e9paration de votre Syst\u00e8me multim\u00e9dia Uconnect avec \u00e9cran tactile 7&quot;. Remplacement de l&#039;\u00e9cran LCD et Tactile. Probl\u00e8me tactile ou de ghost touch. Suisse\" \/>\n<meta property=\"og:url\" content=\"https:\/\/geno-prog.ch\/de\/produkt\/lcd_uconnect_7\/\" \/>\n<meta property=\"og:site_name\" content=\"GenoProg\" \/>\n<meta property=\"article:publisher\" content=\"https:\/\/www.facebook.com\/genoprog\" \/>\n<meta property=\"article:modified_time\" content=\"2025-07-18T18:55:12+00:00\" \/>\n<meta property=\"og:image\" content=\"https:\/\/geno-prog.ch\/wp-content\/uploads\/2025\/07\/Capture-decran-2025-07-18-a-20.53.10.png\" \/>\n\t<meta property=\"og:image:width\" content=\"926\" \/>\n\t<meta property=\"og:image:height\" content=\"632\" \/>\n\t<meta property=\"og:image:type\" content=\"image\/png\" \/>\n<meta name=\"twitter:card\" content=\"summary_large_image\" \/>\n<meta name=\"twitter:label1\" content=\"Preis\" \/>\n\t<meta name=\"twitter:data1\" content=\"&#067;&#072;&#070;&nbsp;450.00\" \/>\n\t<meta name=\"twitter:label2\" content=\"Verf\u00fcgbarkeit\" \/>\n\t<meta name=\"twitter:data2\" content=\"Auf Lager\" \/>\n<script type=\"application\/ld+json\" class=\"yoast-schema-graph\">{\"@context\":\"https:\\\/\\\/schema.org\",\"@graph\":[{\"@type\":\"WebPage\",\"@id\":\"https:\\\/\\\/geno-prog.ch\\\/produit\\\/lcd_uconnect_7\\\/\",\"url\":\"https:\\\/\\\/geno-prog.ch\\\/produit\\\/lcd_uconnect_7\\\/\",\"name\":\"R\u00e9paration \u00e9cran LCD 7\\\" Uconnect pour Jeep, Chrysler, DODGE -\",\"isPartOf\":{\"@id\":\"https:\\\/\\\/geno-prog.ch\\\/#website\"},\"primaryImageOfPage\":{\"@id\":\"https:\\\/\\\/geno-prog.ch\\\/produit\\\/lcd_uconnect_7\\\/#primaryimage\"},\"image\":{\"@id\":\"https:\\\/\\\/geno-prog.ch\\\/produit\\\/lcd_uconnect_7\\\/#primaryimage\"},\"thumbnailUrl\":\"https:\\\/\\\/geno-prog.ch\\\/wp-content\\\/uploads\\\/2025\\\/07\\\/Capture-decran-2025-07-18-a-20.53.10.png\",\"datePublished\":\"2025-07-18T18:35:31+00:00\",\"dateModified\":\"2025-07-18T18:55:12+00:00\",\"description\":\"R\u00e9paration de votre Syst\u00e8me multim\u00e9dia Uconnect avec \u00e9cran tactile 7\\\". Remplacement de l'\u00e9cran LCD et Tactile. Probl\u00e8me tactile ou de ghost touch. Suisse\",\"breadcrumb\":{\"@id\":\"https:\\\/\\\/geno-prog.ch\\\/produit\\\/lcd_uconnect_7\\\/#breadcrumb\"},\"inLanguage\":\"de\",\"potentialAction\":[{\"@type\":\"ReadAction\",\"target\":[\"https:\\\/\\\/geno-prog.ch\\\/produit\\\/lcd_uconnect_7\\\/\"]}]},{\"@type\":\"ImageObject\",\"inLanguage\":\"de\",\"@id\":\"https:\\\/\\\/geno-prog.ch\\\/produit\\\/lcd_uconnect_7\\\/#primaryimage\",\"url\":\"https:\\\/\\\/geno-prog.ch\\\/wp-content\\\/uploads\\\/2025\\\/07\\\/Capture-decran-2025-07-18-a-20.53.10.png\",\"contentUrl\":\"https:\\\/\\\/geno-prog.ch\\\/wp-content\\\/uploads\\\/2025\\\/07\\\/Capture-decran-2025-07-18-a-20.53.10.png\",\"width\":926,\"height\":632},{\"@type\":\"BreadcrumbList\",\"@id\":\"https:\\\/\\\/geno-prog.ch\\\/produit\\\/lcd_uconnect_7\\\/#breadcrumb\",\"itemListElement\":[{\"@type\":\"ListItem\",\"position\":1,\"name\":\"Accueil\",\"item\":\"https:\\\/\\\/geno-prog.ch\\\/\"},{\"@type\":\"ListItem\",\"position\":2,\"name\":\"T\u00e9l\u00e9chargements\",\"item\":\"https:\\\/\\\/geno-prog.ch\\\/download\\\/\"},{\"@type\":\"ListItem\",\"position\":3,\"name\":\"R\u00e9paration \u00e9cran LCD 7&Prime; Uconnect pour Jeep, Chrysler, DODGE\"}]},{\"@type\":\"WebSite\",\"@id\":\"https:\\\/\\\/geno-prog.ch\\\/#website\",\"url\":\"https:\\\/\\\/geno-prog.ch\\\/\",\"name\":\"GenoProg\",\"description\":\"Sp\u00e9cialiste en \u00e9lectronique automobile BMW \\\/ MINI\",\"publisher\":{\"@id\":\"https:\\\/\\\/geno-prog.ch\\\/#organization\"},\"potentialAction\":[{\"@type\":\"SearchAction\",\"target\":{\"@type\":\"EntryPoint\",\"urlTemplate\":\"https:\\\/\\\/geno-prog.ch\\\/?s={search_term_string}\"},\"query-input\":{\"@type\":\"PropertyValueSpecification\",\"valueRequired\":true,\"valueName\":\"search_term_string\"}}],\"inLanguage\":\"de\"},{\"@type\":\"Organization\",\"@id\":\"https:\\\/\\\/geno-prog.ch\\\/#organization\",\"name\":\"GenoProg\",\"url\":\"https:\\\/\\\/geno-prog.ch\\\/\",\"logo\":{\"@type\":\"ImageObject\",\"inLanguage\":\"de\",\"@id\":\"https:\\\/\\\/geno-prog.ch\\\/#\\\/schema\\\/logo\\\/image\\\/\",\"url\":\"https:\\\/\\\/geno-prog.ch\\\/wp-content\\\/uploads\\\/2020\\\/03\\\/GenoProg_long.png\",\"contentUrl\":\"https:\\\/\\\/geno-prog.ch\\\/wp-content\\\/uploads\\\/2020\\\/03\\\/GenoProg_long.png\",\"width\":3086,\"height\":803,\"caption\":\"GenoProg\"},\"image\":{\"@id\":\"https:\\\/\\\/geno-prog.ch\\\/#\\\/schema\\\/logo\\\/image\\\/\"},\"sameAs\":[\"https:\\\/\\\/www.facebook.com\\\/genoprog\",\"https:\\\/\\\/www.instagram.com\\\/genoprog\\\/\",\"https:\\\/\\\/www.youtube.com\\\/channel\\\/UC5a5VYzbWdsHNYm2Qtu1F2w\"]}]}<\/script>\n<meta property=\"product:brand\" content=\"external\" \/>\n<meta property=\"product:price:amount\" content=\"450.00\" \/>\n<meta property=\"product:price:currency\" content=\"CHF\" \/>\n<meta property=\"og:availability\" content=\"instock\" \/>\n<meta property=\"product:availability\" content=\"instock\" \/>\n<meta property=\"product:condition\" content=\"new\" \/>\n<!-- \/ Yoast SEO Premium plugin. -->","yoast_head_json":{"title":"Reparatur LCD-Bildschirm 7\" Uconnect f\u00fcr Jeep, Chrysler, DODGE -","description":"Reparatur Ihres Uconnect-Multimediasystems mit 7\"-Touchscreen. Ersetzen Sie den LCD- und den Touchscreen. Problem mit dem Touchscreen oder Ghost Touch. Schweiz","robots":{"index":"index","follow":"follow","max-snippet":"max-snippet:-1","max-image-preview":"max-image-preview:large","max-video-preview":"max-video-preview:-1"},"canonical":"https:\/\/geno-prog.ch\/de\/produkt\/lcd_uconnect_7\/","og_locale":"de_DE","og_type":"article","og_title":"R\u00e9paration \u00e9cran LCD 7\" Uconnect pour Jeep, Chrysler, DODGE","og_description":"R\u00e9paration de votre Syst\u00e8me multim\u00e9dia Uconnect avec \u00e9cran tactile 7\". Remplacement de l'\u00e9cran LCD et Tactile. Probl\u00e8me tactile ou de ghost touch. Suisse","og_url":"https:\/\/geno-prog.ch\/de\/produkt\/lcd_uconnect_7\/","og_site_name":"GenoProg","article_publisher":"https:\/\/www.facebook.com\/genoprog","article_modified_time":"2025-07-18T18:55:12+00:00","og_image":[{"width":926,"height":632,"url":"https:\/\/geno-prog.ch\/wp-content\/uploads\/2025\/07\/Capture-decran-2025-07-18-a-20.53.10.png","type":"image\/png"}],"twitter_card":"summary_large_image","twitter_misc":{"Preis":"&#67;&#72;&#70;&nbsp;450.00","Verf\u00fcgbarkeit":"Auf Lager"},"schema":{"@context":"https:\/\/schema.org","@graph":[{"@type":"WebPage","@id":"https:\/\/geno-prog.ch\/produit\/lcd_uconnect_7\/","url":"https:\/\/geno-prog.ch\/produit\/lcd_uconnect_7\/","name":"Reparatur LCD-Bildschirm 7\" Uconnect f\u00fcr Jeep, Chrysler, DODGE -","isPartOf":{"@id":"https:\/\/geno-prog.ch\/#website"},"primaryImageOfPage":{"@id":"https:\/\/geno-prog.ch\/produit\/lcd_uconnect_7\/#primaryimage"},"image":{"@id":"https:\/\/geno-prog.ch\/produit\/lcd_uconnect_7\/#primaryimage"},"thumbnailUrl":"https:\/\/geno-prog.ch\/wp-content\/uploads\/2025\/07\/Capture-decran-2025-07-18-a-20.53.10.png","datePublished":"2025-07-18T18:35:31+00:00","dateModified":"2025-07-18T18:55:12+00:00","description":"Reparatur Ihres Uconnect-Multimediasystems mit 7\"-Touchscreen. Ersetzen Sie den LCD- und den Touchscreen. Problem mit dem Touchscreen oder Ghost Touch. Schweiz","breadcrumb":{"@id":"https:\/\/geno-prog.ch\/produit\/lcd_uconnect_7\/#breadcrumb"},"inLanguage":"de","potentialAction":[{"@type":"ReadAction","target":["https:\/\/geno-prog.ch\/produit\/lcd_uconnect_7\/"]}]},{"@type":"ImageObject","inLanguage":"de","@id":"https:\/\/geno-prog.ch\/produit\/lcd_uconnect_7\/#primaryimage","url":"https:\/\/geno-prog.ch\/wp-content\/uploads\/2025\/07\/Capture-decran-2025-07-18-a-20.53.10.png","contentUrl":"https:\/\/geno-prog.ch\/wp-content\/uploads\/2025\/07\/Capture-decran-2025-07-18-a-20.53.10.png","width":926,"height":632},{"@type":"BreadcrumbList","@id":"https:\/\/geno-prog.ch\/produit\/lcd_uconnect_7\/#breadcrumb","itemListElement":[{"@type":"ListItem","position":1,"name":"Accueil","item":"https:\/\/geno-prog.ch\/"},{"@type":"ListItem","position":2,"name":"T\u00e9l\u00e9chargements","item":"https:\/\/geno-prog.ch\/download\/"},{"@type":"ListItem","position":3,"name":"R\u00e9paration \u00e9cran LCD 7&Prime; Uconnect pour Jeep, Chrysler, DODGE"}]},{"@type":"WebSite","@id":"https:\/\/geno-prog.ch\/#website","url":"https:\/\/geno-prog.ch\/","name":"GenoProg","description":"Fachkraft f\u00fcr Kraftfahrzeugelektronik BMW \/ MINI","publisher":{"@id":"https:\/\/geno-prog.ch\/#organization"},"potentialAction":[{"@type":"SearchAction","target":{"@type":"EntryPoint","urlTemplate":"https:\/\/geno-prog.ch\/?s={search_term_string}"},"query-input":{"@type":"PropertyValueSpecification","valueRequired":true,"valueName":"search_term_string"}}],"inLanguage":"de"},{"@type":"Organization","@id":"https:\/\/geno-prog.ch\/#organization","name":"GenoProg","url":"https:\/\/geno-prog.ch\/","logo":{"@type":"ImageObject","inLanguage":"de","@id":"https:\/\/geno-prog.ch\/#\/schema\/logo\/image\/","url":"https:\/\/geno-prog.ch\/wp-content\/uploads\/2020\/03\/GenoProg_long.png","contentUrl":"https:\/\/geno-prog.ch\/wp-content\/uploads\/2020\/03\/GenoProg_long.png","width":3086,"height":803,"caption":"GenoProg"},"image":{"@id":"https:\/\/geno-prog.ch\/#\/schema\/logo\/image\/"},"sameAs":["https:\/\/www.facebook.com\/genoprog","https:\/\/www.instagram.com\/genoprog\/","https:\/\/www.youtube.com\/channel\/UC5a5VYzbWdsHNYm2Qtu1F2w"]}]},"product_brand":"external","product_price_amount":"450.00","product_price_currency":"CHF","og_availability":"instock","product_availability":"instock","product_condition":"new"},"_links":{"self":[{"href":"https:\/\/geno-prog.ch\/de\/wp-json\/wp\/v2\/product\/34276","targetHints":{"allow":["GET"]}}],"collection":[{"href":"https:\/\/geno-prog.ch\/de\/wp-json\/wp\/v2\/product"}],"about":[{"href":"https:\/\/geno-prog.ch\/de\/wp-json\/wp\/v2\/types\/product"}],"wp:featuredmedia":[{"embeddable":true,"href":"https:\/\/geno-prog.ch\/de\/wp-json\/wp\/v2\/media\/34282"}],"wp:attachment":[{"href":"https:\/\/geno-prog.ch\/de\/wp-json\/wp\/v2\/media?parent=34276"}],"wp:term":[{"taxonomy":"product_brand","embeddable":true,"href":"https:\/\/geno-prog.ch\/de\/wp-json\/wp\/v2\/product_brand?post=34276"},{"taxonomy":"product_cat","embeddable":true,"href":"https:\/\/geno-prog.ch\/de\/wp-json\/wp\/v2\/product_cat?post=34276"},{"taxonomy":"product_tag","embeddable":true,"href":"https:\/\/geno-prog.ch\/de\/wp-json\/wp\/v2\/product_tag?post=34276"}],"curies":[{"name":"wp","href":"https:\/\/api.w.org\/{rel}","templated":true}]}}