{"id":34239,"date":"2025-04-01T19:24:53","date_gmt":"2025-04-01T17:24:53","guid":{"rendered":"https:\/\/geno-prog.ch\/?post_type=product&#038;p=34239"},"modified":"2026-01-03T21:13:53","modified_gmt":"2026-01-03T20:13:53","slug":"_bmw_key","status":"publish","type":"product","link":"https:\/\/geno-prog.ch\/de\/produkt\/_bmw_key\/","title":{"rendered":"BMW Schl\u00fcsselprogrammierung (CAS, FEM, BDC) Doppel &amp; Ersatz"},"content":{"rendered":"<h1>BMW Schl\u00fcsselprogrammierung - Duplikat &amp; Ersatz<\/h1>\n<p>Sie haben Ihren Schl\u00fcssel verloren oder m\u00f6chten einen Nachschl\u00fcssel anfertigen lassen?<br \/>\nWir bieten einen <strong>professioneller Service f\u00fcr die Programmierung von BMW-Schl\u00fcsseln<\/strong>,<br \/>\nvor Ort in Payerne und Nyon (VD) erh\u00e4ltlich, sowie je nach Modell auch aus der Ferne.<\/p>\n<h2>Preise f\u00fcr die BMW Schl\u00fcsselprogrammierung<\/h2>\n<ul>\n<li><strong>BMW-Doppelschl\u00fcssel (FEM-Module) (2\u1d49 Schl\u00fcssel)<\/strong> : CHF 220.-<\/li>\n<li><strong>Klonen eines mechanischen Schl\u00fcssels<\/strong> : CHF 40.-<\/li>\n<li><strong>Deaktivierung eines alten Schl\u00fcssels (Diebstahlsicherung)<\/strong> : CHF 20.-<\/li>\n<li><strong>Programmieren eines 3\u1d49 BMW-Schl\u00fcssels<\/strong> : CHF 70.-<\/li>\n<\/ul>\n<h2>Kompatible BMW- &amp; MINI-Modelle (E-, F- und G-Serie)<\/h2>\n<p>Wir unterst\u00fctzen mehrere Modelle, darunter :<\/p>\n<ul>\n<li><strong>Serie 1<\/strong> : E82, E83, E87, F20, F21, F40<\/li>\n<li><strong>Serie 2<\/strong> : F22, F23, F45, F46<\/li>\n<li><strong>Serie 3<\/strong> : E90, E91, E92, E93, F30, F31, F80<\/li>\n<li><strong>Serie 4<\/strong> : F32, F33, F36, F82, F83<\/li>\n<li><strong>Serie 5<\/strong> : F10, F11, G30, G31<\/li>\n<li><strong>Serie 6<\/strong> : F06, F12, F13, G32<\/li>\n<li><strong>Serie 7<\/strong> : F01, F02, G11, G12<\/li>\n<li><strong>Serie 8<\/strong> : G14, G15, G16<\/li>\n<li><strong>X1<\/strong> : E84, F48<\/li>\n<li><strong>X2<\/strong> : F39<\/li>\n<li><strong>X3<\/strong> : F25, G01<\/li>\n<li><strong>X4<\/strong> : F26, G02<\/li>\n<li><strong>X5<\/strong> : E70, F15, F85, G05<\/li>\n<li><strong>X6<\/strong> : E71, F16, F86, G06<\/li>\n<li><strong>X7<\/strong> : G07<\/li>\n<li><strong>Z4<\/strong> : E89, G29<\/li>\n<li><strong>MINI<\/strong>: F55, F56<\/li>\n<li><em>Andere Modelle auf Anfrage\u00a0<\/em><\/li>\n<\/ul>\n<p><strong>Wichtig :<\/strong> Modelle mit dem BCP-Modul (U-Serie und einige G-Serie) werden derzeit nicht unterst\u00fctzt. CAS 2, 3, 3+, FEM, BDC, BDC2&amp;3 werden unterst\u00fctzt.<\/p>\n<h2>Dauer der Programmierung<\/h2>\n<p>Die Programmierung eines BMW-Schl\u00fcssels dauert etwa <strong>1 Stunde vor Ort<\/strong>.<br \/>\nWir bieten auch einen <strong>Fernprogrammierungsdienst<\/strong>,<br \/>\nunter bestimmten Bedingungen.<\/p>\n<p>F\u00fcr die Fernprogrammierung sind folgende Dinge erforderlich:<\/p>\n<ul>\n<li>Modul FEM \/ CAS \/ BCM<\/li>\n<li>Ein funktionaler BMW-Schl\u00fcssel<\/li>\n<\/ul>\n<p>Bitte kontaktieren Sie uns vor dem Versand der Materialien.<\/p>\n<h2>Blanko-BMW-Schl\u00fcssel auf Lager verf\u00fcgbar<\/h2>\n<p>Wir verf\u00fcgen \u00fcber einen <strong>gro\u00dfer Bestand an leeren BMW-Schl\u00fcsseln<\/strong> :<br \/>\nverschiedene Frequenzen, Anzahl der Kn\u00f6pfe, Keyless-Versionen und Farben.<\/p>\n<p>Um die Kompatibilit\u00e4t zu \u00fcberpr\u00fcfen, \u00fcbermitteln Sie uns bitte :<\/p>\n<ul>\n<li>Ein Foto Ihres aktuellen Schl\u00fcssels<\/li>\n<li>Die Fahrgestellnummer des Fahrzeugs<\/li>\n<\/ul>\n<h2>Erforderliche Dokumente<\/h2>\n<ul>\n<li>G\u00fcltiger Personalausweis oder Reisepass<\/li>\n<li>Fahrzeugzulassung<\/li>\n<\/ul>\n<h2>Andere angebotene Dienste<\/h2>\n<ul>\n<li>Lesen des ISN-Codes in Bosch DME\/DDE (MSV80, MSV90, MSD80, MSD81, MSD85, MSD87, N20, N55, B38)<\/li>\n<li>Service \"alle verlorenen Schl\u00fcssel\"<\/li>\n<li>Programmieren von US-Schl\u00fcsseln (868 MHz, 315 MHz, 434 MHz)<\/li>\n<\/ul>\n<h2>BMW-Schl\u00fcsselreferenzen (nicht ersch\u00f6pfende Liste)<\/h2>\n<p>66 12 5A57FC3, 66 12 5A407F1, 66 12 8723610, 66 12 9312542,<br \/>\n66125A57FC3, 66125A407F1, 66128723610, 66129312542<\/p>\n<h2>Kontakt<\/h2>\n<p><strong>GenoProg GmbH<\/strong><br \/>\nRoute de Grandcour 64<br \/>\n1530 Payerne<br \/>\nSchweiz<\/p>","protected":false},"excerpt":{"rendered":"<h4>Ben\u00f6tigen Sie einen Zweitschl\u00fcssel oder Ersatz bei Verlust?<\/h4>\n<h4>Wir bieten Ihnen einen Programmierungsservice vor Ort (Payerne oder Nyon VD) an. Bitte lesen Sie die Beschreibung.<\/h4>","protected":false},"featured_media":34240,"template":"","meta":{"_et_pb_use_builder":"","_et_pb_old_content":"","_et_gb_content_width":""},"product_brand":[],"product_cat":[289,90],"product_tag":[],"class_list":{"0":"post-34239","1":"product","2":"type-product","3":"status-publish","4":"has-post-thumbnail","6":"product_cat-cle","7":"product_cat-codage","9":"first","10":"instock","11":"shipping-taxable","12":"product-type-external"},"yoast_head":"<!-- This site is optimized with the Yoast SEO Premium plugin v27.5 (Yoast SEO v27.5) - https:\/\/yoast.com\/product\/yoast-seo-premium-wordpress\/ -->\n<title>\ud83d\udd11 Programmation de Cl\u00e9 BMW S\u00e9rie E, F &amp; G \/ MINI<\/title>\n<meta name=\"description\" content=\"Programmation de cl\u00e9 BMW &amp; MINI en Suisse. Double, remplacement et d\u00e9sactivation de cl\u00e9. Service rapide \u00e0 Payerne et Nyon, sur place ou \u00e0 distance\" \/>\n<meta name=\"robots\" content=\"index, follow, max-snippet:-1, max-image-preview:large, max-video-preview:-1\" \/>\n<link rel=\"canonical\" href=\"https:\/\/geno-prog.ch\/de\/produkt\/_bmw_key\/\" \/>\n<meta property=\"og:locale\" content=\"de_DE\" \/>\n<meta property=\"og:type\" content=\"article\" \/>\n<meta property=\"og:title\" content=\"Programmation de cl\u00e9 BMW (CAS, FEM, BDC) Double &amp; remplacement\" \/>\n<meta property=\"og:description\" content=\"Programmation de cl\u00e9 BMW &amp; MINI en Suisse. Double, remplacement et d\u00e9sactivation de cl\u00e9. Service rapide \u00e0 Payerne et Nyon, sur place ou \u00e0 distance\" \/>\n<meta property=\"og:url\" content=\"https:\/\/geno-prog.ch\/de\/produkt\/_bmw_key\/\" \/>\n<meta property=\"og:site_name\" content=\"GenoProg\" \/>\n<meta property=\"article:publisher\" content=\"https:\/\/www.facebook.com\/genoprog\" \/>\n<meta property=\"article:modified_time\" content=\"2026-01-03T20:13:53+00:00\" \/>\n<meta property=\"og:image\" content=\"https:\/\/geno-prog.ch\/wp-content\/uploads\/2025\/04\/Key-F3x.jpg\" \/>\n\t<meta property=\"og:image:width\" content=\"1334\" \/>\n\t<meta property=\"og:image:height\" content=\"982\" \/>\n\t<meta property=\"og:image:type\" content=\"image\/jpeg\" \/>\n<meta name=\"twitter:card\" content=\"summary_large_image\" \/>\n<meta name=\"twitter:label1\" content=\"Preis\" \/>\n\t<meta name=\"twitter:data1\" content=\"&#067;&#072;&#070;&nbsp;220.00\" \/>\n\t<meta name=\"twitter:label2\" content=\"Verf\u00fcgbarkeit\" \/>\n\t<meta name=\"twitter:data2\" content=\"Auf Lager\" \/>\n<script type=\"application\/ld+json\" class=\"yoast-schema-graph\">{\"@context\":\"https:\\\/\\\/schema.org\",\"@graph\":[{\"@type\":\"WebPage\",\"@id\":\"https:\\\/\\\/geno-prog.ch\\\/produit\\\/_bmw_key\\\/\",\"url\":\"https:\\\/\\\/geno-prog.ch\\\/produit\\\/_bmw_key\\\/\",\"name\":\"\ud83d\udd11 Programmation de Cl\u00e9 BMW S\u00e9rie E, F & G \\\/ MINI\",\"isPartOf\":{\"@id\":\"https:\\\/\\\/geno-prog.ch\\\/#website\"},\"primaryImageOfPage\":{\"@id\":\"https:\\\/\\\/geno-prog.ch\\\/produit\\\/_bmw_key\\\/#primaryimage\"},\"image\":{\"@id\":\"https:\\\/\\\/geno-prog.ch\\\/produit\\\/_bmw_key\\\/#primaryimage\"},\"thumbnailUrl\":\"https:\\\/\\\/geno-prog.ch\\\/wp-content\\\/uploads\\\/2025\\\/04\\\/Key-F3x.jpg\",\"datePublished\":\"2025-04-01T17:24:53+00:00\",\"dateModified\":\"2026-01-03T20:13:53+00:00\",\"description\":\"Programmation de cl\u00e9 BMW & MINI en Suisse. Double, remplacement et d\u00e9sactivation de cl\u00e9. Service rapide \u00e0 Payerne et Nyon, sur place ou \u00e0 distance\",\"breadcrumb\":{\"@id\":\"https:\\\/\\\/geno-prog.ch\\\/produit\\\/_bmw_key\\\/#breadcrumb\"},\"inLanguage\":\"de\",\"potentialAction\":[{\"@type\":\"ReadAction\",\"target\":[\"https:\\\/\\\/geno-prog.ch\\\/produit\\\/_bmw_key\\\/\"]}]},{\"@type\":\"ImageObject\",\"inLanguage\":\"de\",\"@id\":\"https:\\\/\\\/geno-prog.ch\\\/produit\\\/_bmw_key\\\/#primaryimage\",\"url\":\"https:\\\/\\\/geno-prog.ch\\\/wp-content\\\/uploads\\\/2025\\\/04\\\/Key-F3x.jpg\",\"contentUrl\":\"https:\\\/\\\/geno-prog.ch\\\/wp-content\\\/uploads\\\/2025\\\/04\\\/Key-F3x.jpg\",\"width\":1334,\"height\":982,\"caption\":\"Key BMW Blue\"},{\"@type\":\"BreadcrumbList\",\"@id\":\"https:\\\/\\\/geno-prog.ch\\\/produit\\\/_bmw_key\\\/#breadcrumb\",\"itemListElement\":[{\"@type\":\"ListItem\",\"position\":1,\"name\":\"Accueil\",\"item\":\"https:\\\/\\\/geno-prog.ch\\\/\"},{\"@type\":\"ListItem\",\"position\":2,\"name\":\"T\u00e9l\u00e9chargements\",\"item\":\"https:\\\/\\\/geno-prog.ch\\\/download\\\/\"},{\"@type\":\"ListItem\",\"position\":3,\"name\":\"Programmation de cl\u00e9 BMW (CAS, FEM, BDC) Double &#038; remplacement\"}]},{\"@type\":\"WebSite\",\"@id\":\"https:\\\/\\\/geno-prog.ch\\\/#website\",\"url\":\"https:\\\/\\\/geno-prog.ch\\\/\",\"name\":\"GenoProg\",\"description\":\"Sp\u00e9cialiste en \u00e9lectronique automobile BMW \\\/ MINI\",\"publisher\":{\"@id\":\"https:\\\/\\\/geno-prog.ch\\\/#organization\"},\"potentialAction\":[{\"@type\":\"SearchAction\",\"target\":{\"@type\":\"EntryPoint\",\"urlTemplate\":\"https:\\\/\\\/geno-prog.ch\\\/?s={search_term_string}\"},\"query-input\":{\"@type\":\"PropertyValueSpecification\",\"valueRequired\":true,\"valueName\":\"search_term_string\"}}],\"inLanguage\":\"de\"},{\"@type\":\"Organization\",\"@id\":\"https:\\\/\\\/geno-prog.ch\\\/#organization\",\"name\":\"GenoProg\",\"url\":\"https:\\\/\\\/geno-prog.ch\\\/\",\"logo\":{\"@type\":\"ImageObject\",\"inLanguage\":\"de\",\"@id\":\"https:\\\/\\\/geno-prog.ch\\\/#\\\/schema\\\/logo\\\/image\\\/\",\"url\":\"https:\\\/\\\/geno-prog.ch\\\/wp-content\\\/uploads\\\/2020\\\/03\\\/GenoProg_long.png\",\"contentUrl\":\"https:\\\/\\\/geno-prog.ch\\\/wp-content\\\/uploads\\\/2020\\\/03\\\/GenoProg_long.png\",\"width\":3086,\"height\":803,\"caption\":\"GenoProg\"},\"image\":{\"@id\":\"https:\\\/\\\/geno-prog.ch\\\/#\\\/schema\\\/logo\\\/image\\\/\"},\"sameAs\":[\"https:\\\/\\\/www.facebook.com\\\/genoprog\",\"https:\\\/\\\/www.instagram.com\\\/genoprog\\\/\",\"https:\\\/\\\/www.youtube.com\\\/channel\\\/UC5a5VYzbWdsHNYm2Qtu1F2w\"]}]}<\/script>\n<meta property=\"product:brand\" content=\"external\" \/>\n<meta property=\"product:price:amount\" content=\"220.00\" \/>\n<meta property=\"product:price:currency\" content=\"CHF\" \/>\n<meta property=\"og:availability\" content=\"instock\" \/>\n<meta property=\"product:availability\" content=\"instock\" \/>\n<meta property=\"product:condition\" content=\"new\" \/>\n<!-- \/ Yoast SEO Premium plugin. -->","yoast_head_json":{"title":"\ud83d\udd11 Schl\u00fcsselprogrammierung BMW E-, F- &amp; G-Serie \/ MINI","description":"BMW &amp; MINI Schl\u00fcsselprogrammierung in der Schweiz. Doppelte, ersetzte und deaktivierte Schl\u00fcssel. Schneller Service in Payerne und Nyon, vor Ort oder aus der Ferne.","robots":{"index":"index","follow":"follow","max-snippet":"max-snippet:-1","max-image-preview":"max-image-preview:large","max-video-preview":"max-video-preview:-1"},"canonical":"https:\/\/geno-prog.ch\/de\/produkt\/_bmw_key\/","og_locale":"de_DE","og_type":"article","og_title":"Programmation de cl\u00e9 BMW (CAS, FEM, BDC) Double & remplacement","og_description":"Programmation de cl\u00e9 BMW & MINI en Suisse. Double, remplacement et d\u00e9sactivation de cl\u00e9. Service rapide \u00e0 Payerne et Nyon, sur place ou \u00e0 distance","og_url":"https:\/\/geno-prog.ch\/de\/produkt\/_bmw_key\/","og_site_name":"GenoProg","article_publisher":"https:\/\/www.facebook.com\/genoprog","article_modified_time":"2026-01-03T20:13:53+00:00","og_image":[{"width":1334,"height":982,"url":"https:\/\/geno-prog.ch\/wp-content\/uploads\/2025\/04\/Key-F3x.jpg","type":"image\/jpeg"}],"twitter_card":"summary_large_image","twitter_misc":{"Preis":"&#67;&#72;&#70;&nbsp;220.00","Verf\u00fcgbarkeit":"Auf Lager"},"schema":{"@context":"https:\/\/schema.org","@graph":[{"@type":"WebPage","@id":"https:\/\/geno-prog.ch\/produit\/_bmw_key\/","url":"https:\/\/geno-prog.ch\/produit\/_bmw_key\/","name":"\ud83d\udd11 Schl\u00fcsselprogrammierung BMW E-, F- &amp; G-Serie \/ MINI","isPartOf":{"@id":"https:\/\/geno-prog.ch\/#website"},"primaryImageOfPage":{"@id":"https:\/\/geno-prog.ch\/produit\/_bmw_key\/#primaryimage"},"image":{"@id":"https:\/\/geno-prog.ch\/produit\/_bmw_key\/#primaryimage"},"thumbnailUrl":"https:\/\/geno-prog.ch\/wp-content\/uploads\/2025\/04\/Key-F3x.jpg","datePublished":"2025-04-01T17:24:53+00:00","dateModified":"2026-01-03T20:13:53+00:00","description":"BMW &amp; MINI Schl\u00fcsselprogrammierung in der Schweiz. Doppelte, ersetzte und deaktivierte Schl\u00fcssel. Schneller Service in Payerne und Nyon, vor Ort oder aus der Ferne.","breadcrumb":{"@id":"https:\/\/geno-prog.ch\/produit\/_bmw_key\/#breadcrumb"},"inLanguage":"de","potentialAction":[{"@type":"ReadAction","target":["https:\/\/geno-prog.ch\/produit\/_bmw_key\/"]}]},{"@type":"ImageObject","inLanguage":"de","@id":"https:\/\/geno-prog.ch\/produit\/_bmw_key\/#primaryimage","url":"https:\/\/geno-prog.ch\/wp-content\/uploads\/2025\/04\/Key-F3x.jpg","contentUrl":"https:\/\/geno-prog.ch\/wp-content\/uploads\/2025\/04\/Key-F3x.jpg","width":1334,"height":982,"caption":"Key BMW Blue"},{"@type":"BreadcrumbList","@id":"https:\/\/geno-prog.ch\/produit\/_bmw_key\/#breadcrumb","itemListElement":[{"@type":"ListItem","position":1,"name":"Accueil","item":"https:\/\/geno-prog.ch\/"},{"@type":"ListItem","position":2,"name":"T\u00e9l\u00e9chargements","item":"https:\/\/geno-prog.ch\/download\/"},{"@type":"ListItem","position":3,"name":"Programmation de cl\u00e9 BMW (CAS, FEM, BDC) Double &#038; remplacement"}]},{"@type":"WebSite","@id":"https:\/\/geno-prog.ch\/#website","url":"https:\/\/geno-prog.ch\/","name":"GenoProg","description":"Fachkraft f\u00fcr Kraftfahrzeugelektronik BMW \/ MINI","publisher":{"@id":"https:\/\/geno-prog.ch\/#organization"},"potentialAction":[{"@type":"SearchAction","target":{"@type":"EntryPoint","urlTemplate":"https:\/\/geno-prog.ch\/?s={search_term_string}"},"query-input":{"@type":"PropertyValueSpecification","valueRequired":true,"valueName":"search_term_string"}}],"inLanguage":"de"},{"@type":"Organization","@id":"https:\/\/geno-prog.ch\/#organization","name":"GenoProg","url":"https:\/\/geno-prog.ch\/","logo":{"@type":"ImageObject","inLanguage":"de","@id":"https:\/\/geno-prog.ch\/#\/schema\/logo\/image\/","url":"https:\/\/geno-prog.ch\/wp-content\/uploads\/2020\/03\/GenoProg_long.png","contentUrl":"https:\/\/geno-prog.ch\/wp-content\/uploads\/2020\/03\/GenoProg_long.png","width":3086,"height":803,"caption":"GenoProg"},"image":{"@id":"https:\/\/geno-prog.ch\/#\/schema\/logo\/image\/"},"sameAs":["https:\/\/www.facebook.com\/genoprog","https:\/\/www.instagram.com\/genoprog\/","https:\/\/www.youtube.com\/channel\/UC5a5VYzbWdsHNYm2Qtu1F2w"]}]},"product_brand":"external","product_price_amount":"220.00","product_price_currency":"CHF","og_availability":"instock","product_availability":"instock","product_condition":"new"},"_links":{"self":[{"href":"https:\/\/geno-prog.ch\/de\/wp-json\/wp\/v2\/product\/34239","targetHints":{"allow":["GET"]}}],"collection":[{"href":"https:\/\/geno-prog.ch\/de\/wp-json\/wp\/v2\/product"}],"about":[{"href":"https:\/\/geno-prog.ch\/de\/wp-json\/wp\/v2\/types\/product"}],"wp:featuredmedia":[{"embeddable":true,"href":"https:\/\/geno-prog.ch\/de\/wp-json\/wp\/v2\/media\/34240"}],"wp:attachment":[{"href":"https:\/\/geno-prog.ch\/de\/wp-json\/wp\/v2\/media?parent=34239"}],"wp:term":[{"taxonomy":"product_brand","embeddable":true,"href":"https:\/\/geno-prog.ch\/de\/wp-json\/wp\/v2\/product_brand?post=34239"},{"taxonomy":"product_cat","embeddable":true,"href":"https:\/\/geno-prog.ch\/de\/wp-json\/wp\/v2\/product_cat?post=34239"},{"taxonomy":"product_tag","embeddable":true,"href":"https:\/\/geno-prog.ch\/de\/wp-json\/wp\/v2\/product_tag?post=34239"}],"curies":[{"name":"wp","href":"https:\/\/api.w.org\/{rel}","templated":true}]}}