{"id":34217,"date":"2025-03-04T16:13:00","date_gmt":"2025-03-04T15:13:00","guid":{"rendered":"https:\/\/geno-prog.ch\/?post_type=product&#038;p=34217"},"modified":"2025-03-04T17:01:37","modified_gmt":"2025-03-04T16:01:37","slug":"porsche_camera","status":"publish","type":"product","link":"https:\/\/geno-prog.ch\/de\/produkt\/porsche_camera\/","title":{"rendered":"Original R\u00fcckfahrkamera Porsche 991 &amp; 981 (GT3, GT3 RS, GT4)"},"content":{"rendered":"<h1 class=\"p1\">Wir bieten Ihnen den Einbau einer Original-R\u00fcckfahrkamera in Ihren PORSCHE 911.1, 911.2 oder 981 (einschlie\u00dflich GT3, GT3 RS, GT4 usw.).<\/h1>\n<p>Eine R\u00fcckfahrkamera bietet viele Vorteile f\u00fcr die Sicherheit und den Fahrkomfort. Sie erm\u00f6glicht eine klare Sicht auf den Raum hinter dem Fahrzeug beim Einparken. Wir bieten den Einbau und die Programmierung einer R\u00fcckfahrkamera mit Originalmaterial f\u00fcr Ihren PORSCHE an.<\/p>\n<p>&nbsp;<\/p>\n<h2 class=\"p1\">Warum eine Originalkamera?<\/h2>\n<h4 class=\"p1\">Denn sie bietet folgende Vorteile:<\/h4>\n<ul class=\"ul1\">\n<li class=\"li3\"><span class=\"s1\">H\u00f6here Bildqualit\u00e4t<\/span><\/li>\n<li class=\"li3\"><span class=\"s1\">Dynamische Parklinie<\/span><\/li>\n<li class=\"li3\"><span class=\"s1\">Integration in den Bordcomputer<\/span><\/li>\n<\/ul>\n<h2><\/h2>\n<h2 class=\"p1\">Wo muss ich mein Fahrzeug abgeben und wie lange dauert das?<\/h2>\n<p class=\"p1\">Die Stilllegung des Fahrzeugs betr\u00e4gt in der Regel ein bis zwei Tage. Payerne (VD), Nyon (VD) oder in einem Partnerzentrum im Wallis.<\/p>\n<p class=\"p1\">Wir bieten auch an, die Arbeit an einem Samstag zu erledigen.<\/p>\n<p>&nbsp;<\/p>\n<h2 class=\"p1\">Welche Fahrzeuge sind kompatibel?<\/h2>\n<p class=\"p5\">Das Fahrzeug muss mit dem Porsche Communication Management (PCM) 3.1* oder PCM 4.0 ausgestattet sein. *Einheiten mit PCM 3.1 m\u00fcssen die Softwareversion 4.xx haben.<\/p>\n<p>&nbsp;<\/p>\n<h2 class=\"p1\">\u00c4ndert sich der Preis je nach Fahrzeug?<\/h2>\n<p class=\"p5\">Die ben\u00f6tigten Teile k\u00f6nnen sich je nach Vorr\u00fcstung des Fahrzeugs sowie der Einbauzeit \u00e4ndern. Um Ihnen einen genauen Preis nennen zu k\u00f6nnen, geben Sie bei Ihrer Anfrage bitte die Fahrgestellnummer an.<\/p>\n<p>&nbsp;<\/p>\n<h2 class=\"p1\">Kann ich die Installation selbst vornehmen?<\/h2>\n<p>Wenn Sie eine Autowerkstatt oder ein Autohaus sind und den Einbau selbst vornehmen m\u00f6chten, k\u00f6nnen wir Ihnen auch den Verkauf von Teilen anbieten. F\u00fcr die Installation sind jedoch eine angemessene Ausr\u00fcstung und solide Kenntnisse erforderlich. Setzen Sie sich mit uns in Verbindung, um die m\u00f6glichen Optionen zu besprechen.<\/p>\n<p>&nbsp;<\/p>\n<h2 class=\"p1\">Wie sieht es mit der Garantie aus?<\/h2>\n<p class=\"p1\">Wir geben eine Garantie von 24 Monaten.<\/p>\n<p>&nbsp;<\/p>\n<p class=\"p1\">Kompatible Modelle :<\/p>\n<p class=\"p1\">Porsche 911: 991.1 &amp; 991.2 (einschlie\u00dflich GT3, GT3 RS etc.)<\/p>\n<p>Porsche Boxster &amp; Cayman 981 (inkl. GT4 etc.)<\/p>\n<p>Andere Modelle auf Anfrage.<\/p>\n<p>&nbsp;<\/p>\n<blockquote class=\"wp-embedded-content\" data-secret=\"ZP1UZkSPdu\"><p><a href=\"https:\/\/geno-prog.ch\/de\/produkt\/airbag\/\">Codierung der Kontrollleuchte Airbag (Schalensitze) BMW und Porsche 93C0, 93AF<\/a><\/p><\/blockquote>\n<p><iframe loading=\"lazy\" class=\"wp-embedded-content\" sandbox=\"allow-scripts\" security=\"restricted\" style=\"position: absolute; visibility: hidden;\" title=\"&quot;BMW und Porsche Airbag (Schalensitze) 93C0, 93AF&quot; - GenoProg\" src=\"https:\/\/geno-prog.ch\/produit\/airbag\/embed\/#?secret=xQ3GK9NeWw#?secret=ZP1UZkSPdu\" data-secret=\"ZP1UZkSPdu\" width=\"600\" height=\"338\" frameborder=\"0\" marginwidth=\"0\" marginheight=\"0\" scrolling=\"no\"><\/iframe><\/p>","protected":false},"excerpt":{"rendered":"<p>&nbsp;<\/p>\n<h4 class=\"p1\">Wir bieten den Einbau und die Programmierung einer R\u00fcckfahrkamera f\u00fcr Ihren PORSCHE an.<\/h4>\n<ul>\n<li>Originalkamera (inkl. Strahl)<\/li>\n<li>Installation<\/li>\n<li>Programmierung \/ Codierung des Fahrzeugs<\/li>\n<\/ul>","protected":false},"featured_media":34218,"template":"","meta":{"_et_pb_use_builder":"","_et_pb_old_content":"","_et_gb_content_width":""},"product_brand":[],"product_cat":[93,285],"product_tag":[287,87,286],"class_list":{"0":"post-34217","1":"product","2":"type-product","3":"status-publish","4":"has-post-thumbnail","6":"product_cat-porsche","7":"product_cat-retrofit","8":"product_tag-3ag","9":"product_tag-coding","10":"product_tag-retrofit","12":"first","13":"instock","14":"shipping-taxable","15":"product-type-external"},"yoast_head":"<!-- This site is optimized with the Yoast SEO Premium plugin v26.5 (Yoast SEO v27.4) - https:\/\/yoast.com\/product\/yoast-seo-premium-wordpress\/ -->\n<title>Installation Cam\u00e9ra de recul d\u2019origine Porsche 991 &amp; 981 (GT3)<\/title>\n<meta name=\"description\" content=\"Post-\u00e9quipement cam\u00e9ra de recul d\u2019origine pour PORSCHE 911.1, 911.2 ou 981 (y compris GT3, GT3 RS, GT4 etc.). Avec installation et codage\/programmation.\ud83c\udde8\ud83c\udded\" \/>\n<meta name=\"robots\" content=\"index, follow, max-snippet:-1, max-image-preview:large, max-video-preview:-1\" \/>\n<link rel=\"canonical\" href=\"https:\/\/geno-prog.ch\/de\/produkt\/porsche_camera\/\" \/>\n<meta property=\"og:locale\" content=\"de_DE\" \/>\n<meta property=\"og:type\" content=\"article\" \/>\n<meta property=\"og:title\" content=\"Cam\u00e9ra de recul d\u2019origine Porsche 991 &amp; 981 (GT3, GT3 RS, GT4)\" \/>\n<meta property=\"og:description\" content=\"Post-\u00e9quipement cam\u00e9ra de recul d\u2019origine pour PORSCHE 911.1, 911.2 ou 981 (y compris GT3, GT3 RS, GT4 etc.). Avec installation et codage\/programmation.\ud83c\udde8\ud83c\udded\" \/>\n<meta property=\"og:url\" content=\"https:\/\/geno-prog.ch\/de\/produkt\/porsche_camera\/\" \/>\n<meta property=\"og:site_name\" content=\"GenoProg\" \/>\n<meta property=\"article:publisher\" content=\"https:\/\/www.facebook.com\/genoprog\" \/>\n<meta property=\"article:modified_time\" content=\"2025-03-04T16:01:37+00:00\" \/>\n<meta property=\"og:image\" content=\"https:\/\/geno-prog.ch\/wp-content\/uploads\/2025\/03\/PCM-3.1-rear-camera-scaled.jpg\" \/>\n\t<meta property=\"og:image:width\" content=\"1920\" \/>\n\t<meta property=\"og:image:height\" content=\"2560\" \/>\n\t<meta property=\"og:image:type\" content=\"image\/jpeg\" \/>\n<meta name=\"twitter:card\" content=\"summary_large_image\" \/>\n<meta name=\"twitter:label1\" content=\"Preis\" \/>\n\t<meta name=\"twitter:data1\" content=\"&#067;&#072;&#070;&nbsp;1,950.00\" \/>\n\t<meta name=\"twitter:label2\" content=\"Verf\u00fcgbarkeit\" \/>\n\t<meta name=\"twitter:data2\" content=\"Auf Lager\" \/>\n<script type=\"application\/ld+json\" class=\"yoast-schema-graph\">{\"@context\":\"https:\\\/\\\/schema.org\",\"@graph\":[{\"@type\":\"WebPage\",\"@id\":\"https:\\\/\\\/geno-prog.ch\\\/produit\\\/porsche_camera\\\/\",\"url\":\"https:\\\/\\\/geno-prog.ch\\\/produit\\\/porsche_camera\\\/\",\"name\":\"Installation Cam\u00e9ra de recul d\u2019origine Porsche 991 & 981 (GT3)\",\"isPartOf\":{\"@id\":\"https:\\\/\\\/geno-prog.ch\\\/#website\"},\"primaryImageOfPage\":{\"@id\":\"https:\\\/\\\/geno-prog.ch\\\/produit\\\/porsche_camera\\\/#primaryimage\"},\"image\":{\"@id\":\"https:\\\/\\\/geno-prog.ch\\\/produit\\\/porsche_camera\\\/#primaryimage\"},\"thumbnailUrl\":\"https:\\\/\\\/geno-prog.ch\\\/wp-content\\\/uploads\\\/2025\\\/03\\\/PCM-3.1-rear-camera-scaled.jpg\",\"datePublished\":\"2025-03-04T15:13:00+00:00\",\"dateModified\":\"2025-03-04T16:01:37+00:00\",\"description\":\"Post-\u00e9quipement cam\u00e9ra de recul d\u2019origine pour PORSCHE 911.1, 911.2 ou 981 (y compris GT3, GT3 RS, GT4 etc.). Avec installation et codage\\\/programmation.\ud83c\udde8\ud83c\udded\",\"breadcrumb\":{\"@id\":\"https:\\\/\\\/geno-prog.ch\\\/produit\\\/porsche_camera\\\/#breadcrumb\"},\"inLanguage\":\"de\",\"potentialAction\":[{\"@type\":\"ReadAction\",\"target\":[\"https:\\\/\\\/geno-prog.ch\\\/produit\\\/porsche_camera\\\/\"]}]},{\"@type\":\"ImageObject\",\"inLanguage\":\"de\",\"@id\":\"https:\\\/\\\/geno-prog.ch\\\/produit\\\/porsche_camera\\\/#primaryimage\",\"url\":\"https:\\\/\\\/geno-prog.ch\\\/wp-content\\\/uploads\\\/2025\\\/03\\\/PCM-3.1-rear-camera-scaled.jpg\",\"contentUrl\":\"https:\\\/\\\/geno-prog.ch\\\/wp-content\\\/uploads\\\/2025\\\/03\\\/PCM-3.1-rear-camera-scaled.jpg\",\"width\":1920,\"height\":2560},{\"@type\":\"BreadcrumbList\",\"@id\":\"https:\\\/\\\/geno-prog.ch\\\/produit\\\/porsche_camera\\\/#breadcrumb\",\"itemListElement\":[{\"@type\":\"ListItem\",\"position\":1,\"name\":\"Accueil\",\"item\":\"https:\\\/\\\/geno-prog.ch\\\/\"},{\"@type\":\"ListItem\",\"position\":2,\"name\":\"T\u00e9l\u00e9chargements\",\"item\":\"https:\\\/\\\/geno-prog.ch\\\/download\\\/\"},{\"@type\":\"ListItem\",\"position\":3,\"name\":\"Cam\u00e9ra de recul d\u2019origine Porsche 991 &#038; 981 (GT3, GT3 RS, GT4)\"}]},{\"@type\":\"WebSite\",\"@id\":\"https:\\\/\\\/geno-prog.ch\\\/#website\",\"url\":\"https:\\\/\\\/geno-prog.ch\\\/\",\"name\":\"GenoProg\",\"description\":\"Sp\u00e9cialiste en \u00e9lectronique automobile BMW \\\/ MINI\",\"publisher\":{\"@id\":\"https:\\\/\\\/geno-prog.ch\\\/#organization\"},\"potentialAction\":[{\"@type\":\"SearchAction\",\"target\":{\"@type\":\"EntryPoint\",\"urlTemplate\":\"https:\\\/\\\/geno-prog.ch\\\/?s={search_term_string}\"},\"query-input\":{\"@type\":\"PropertyValueSpecification\",\"valueRequired\":true,\"valueName\":\"search_term_string\"}}],\"inLanguage\":\"de\"},{\"@type\":\"Organization\",\"@id\":\"https:\\\/\\\/geno-prog.ch\\\/#organization\",\"name\":\"GenoProg\",\"url\":\"https:\\\/\\\/geno-prog.ch\\\/\",\"logo\":{\"@type\":\"ImageObject\",\"inLanguage\":\"de\",\"@id\":\"https:\\\/\\\/geno-prog.ch\\\/#\\\/schema\\\/logo\\\/image\\\/\",\"url\":\"https:\\\/\\\/geno-prog.ch\\\/wp-content\\\/uploads\\\/2020\\\/03\\\/GenoProg_long.png\",\"contentUrl\":\"https:\\\/\\\/geno-prog.ch\\\/wp-content\\\/uploads\\\/2020\\\/03\\\/GenoProg_long.png\",\"width\":3086,\"height\":803,\"caption\":\"GenoProg\"},\"image\":{\"@id\":\"https:\\\/\\\/geno-prog.ch\\\/#\\\/schema\\\/logo\\\/image\\\/\"},\"sameAs\":[\"https:\\\/\\\/www.facebook.com\\\/genoprog\",\"https:\\\/\\\/www.instagram.com\\\/genoprog\\\/\",\"https:\\\/\\\/www.youtube.com\\\/channel\\\/UC5a5VYzbWdsHNYm2Qtu1F2w\"]}]}<\/script>\n<meta property=\"product:brand\" content=\"external\" \/>\n<meta property=\"product:price:amount\" content=\"1950.00\" \/>\n<meta property=\"product:price:currency\" content=\"CHF\" \/>\n<meta property=\"og:availability\" content=\"instock\" \/>\n<meta property=\"product:availability\" content=\"instock\" \/>\n<meta property=\"product:condition\" content=\"new\" \/>\n<!-- \/ Yoast SEO Premium plugin. -->","yoast_head_json":{"title":"Installation Original R\u00fcckfahrkamera Porsche 991 &amp; 981 (GT3)","description":"Original R\u00fcckfahrkamera-Nachr\u00fcstung f\u00fcr PORSCHE 911.1, 911.2 oder 981 (inkl. GT3, GT3 RS, GT4 etc.). Mit Einbau und Codierung\/Programmierung.\ud83c\udde8\ud83c\udded","robots":{"index":"index","follow":"follow","max-snippet":"max-snippet:-1","max-image-preview":"max-image-preview:large","max-video-preview":"max-video-preview:-1"},"canonical":"https:\/\/geno-prog.ch\/de\/produkt\/porsche_camera\/","og_locale":"de_DE","og_type":"article","og_title":"Cam\u00e9ra de recul d\u2019origine Porsche 991 & 981 (GT3, GT3 RS, GT4)","og_description":"Post-\u00e9quipement cam\u00e9ra de recul d\u2019origine pour PORSCHE 911.1, 911.2 ou 981 (y compris GT3, GT3 RS, GT4 etc.). Avec installation et codage\/programmation.\ud83c\udde8\ud83c\udded","og_url":"https:\/\/geno-prog.ch\/de\/produkt\/porsche_camera\/","og_site_name":"GenoProg","article_publisher":"https:\/\/www.facebook.com\/genoprog","article_modified_time":"2025-03-04T16:01:37+00:00","og_image":[{"width":1920,"height":2560,"url":"https:\/\/geno-prog.ch\/wp-content\/uploads\/2025\/03\/PCM-3.1-rear-camera-scaled.jpg","type":"image\/jpeg"}],"twitter_card":"summary_large_image","twitter_misc":{"Preis":"&#67;&#72;&#70;&nbsp;1,950.00","Verf\u00fcgbarkeit":"Auf Lager"},"schema":{"@context":"https:\/\/schema.org","@graph":[{"@type":"WebPage","@id":"https:\/\/geno-prog.ch\/produit\/porsche_camera\/","url":"https:\/\/geno-prog.ch\/produit\/porsche_camera\/","name":"Installation Original R\u00fcckfahrkamera Porsche 991 &amp; 981 (GT3)","isPartOf":{"@id":"https:\/\/geno-prog.ch\/#website"},"primaryImageOfPage":{"@id":"https:\/\/geno-prog.ch\/produit\/porsche_camera\/#primaryimage"},"image":{"@id":"https:\/\/geno-prog.ch\/produit\/porsche_camera\/#primaryimage"},"thumbnailUrl":"https:\/\/geno-prog.ch\/wp-content\/uploads\/2025\/03\/PCM-3.1-rear-camera-scaled.jpg","datePublished":"2025-03-04T15:13:00+00:00","dateModified":"2025-03-04T16:01:37+00:00","description":"Original R\u00fcckfahrkamera-Nachr\u00fcstung f\u00fcr PORSCHE 911.1, 911.2 oder 981 (inkl. GT3, GT3 RS, GT4 etc.). Mit Einbau und Codierung\/Programmierung.\ud83c\udde8\ud83c\udded","breadcrumb":{"@id":"https:\/\/geno-prog.ch\/produit\/porsche_camera\/#breadcrumb"},"inLanguage":"de","potentialAction":[{"@type":"ReadAction","target":["https:\/\/geno-prog.ch\/produit\/porsche_camera\/"]}]},{"@type":"ImageObject","inLanguage":"de","@id":"https:\/\/geno-prog.ch\/produit\/porsche_camera\/#primaryimage","url":"https:\/\/geno-prog.ch\/wp-content\/uploads\/2025\/03\/PCM-3.1-rear-camera-scaled.jpg","contentUrl":"https:\/\/geno-prog.ch\/wp-content\/uploads\/2025\/03\/PCM-3.1-rear-camera-scaled.jpg","width":1920,"height":2560},{"@type":"BreadcrumbList","@id":"https:\/\/geno-prog.ch\/produit\/porsche_camera\/#breadcrumb","itemListElement":[{"@type":"ListItem","position":1,"name":"Accueil","item":"https:\/\/geno-prog.ch\/"},{"@type":"ListItem","position":2,"name":"T\u00e9l\u00e9chargements","item":"https:\/\/geno-prog.ch\/download\/"},{"@type":"ListItem","position":3,"name":"Cam\u00e9ra de recul d\u2019origine Porsche 991 &#038; 981 (GT3, GT3 RS, GT4)"}]},{"@type":"WebSite","@id":"https:\/\/geno-prog.ch\/#website","url":"https:\/\/geno-prog.ch\/","name":"GenoProg","description":"Fachkraft f\u00fcr Kraftfahrzeugelektronik BMW \/ MINI","publisher":{"@id":"https:\/\/geno-prog.ch\/#organization"},"potentialAction":[{"@type":"SearchAction","target":{"@type":"EntryPoint","urlTemplate":"https:\/\/geno-prog.ch\/?s={search_term_string}"},"query-input":{"@type":"PropertyValueSpecification","valueRequired":true,"valueName":"search_term_string"}}],"inLanguage":"de"},{"@type":"Organization","@id":"https:\/\/geno-prog.ch\/#organization","name":"GenoProg","url":"https:\/\/geno-prog.ch\/","logo":{"@type":"ImageObject","inLanguage":"de","@id":"https:\/\/geno-prog.ch\/#\/schema\/logo\/image\/","url":"https:\/\/geno-prog.ch\/wp-content\/uploads\/2020\/03\/GenoProg_long.png","contentUrl":"https:\/\/geno-prog.ch\/wp-content\/uploads\/2020\/03\/GenoProg_long.png","width":3086,"height":803,"caption":"GenoProg"},"image":{"@id":"https:\/\/geno-prog.ch\/#\/schema\/logo\/image\/"},"sameAs":["https:\/\/www.facebook.com\/genoprog","https:\/\/www.instagram.com\/genoprog\/","https:\/\/www.youtube.com\/channel\/UC5a5VYzbWdsHNYm2Qtu1F2w"]}]},"product_brand":"external","product_price_amount":"1950.00","product_price_currency":"CHF","og_availability":"instock","product_availability":"instock","product_condition":"new"},"_links":{"self":[{"href":"https:\/\/geno-prog.ch\/de\/wp-json\/wp\/v2\/product\/34217","targetHints":{"allow":["GET"]}}],"collection":[{"href":"https:\/\/geno-prog.ch\/de\/wp-json\/wp\/v2\/product"}],"about":[{"href":"https:\/\/geno-prog.ch\/de\/wp-json\/wp\/v2\/types\/product"}],"wp:featuredmedia":[{"embeddable":true,"href":"https:\/\/geno-prog.ch\/de\/wp-json\/wp\/v2\/media\/34218"}],"wp:attachment":[{"href":"https:\/\/geno-prog.ch\/de\/wp-json\/wp\/v2\/media?parent=34217"}],"wp:term":[{"taxonomy":"product_brand","embeddable":true,"href":"https:\/\/geno-prog.ch\/de\/wp-json\/wp\/v2\/product_brand?post=34217"},{"taxonomy":"product_cat","embeddable":true,"href":"https:\/\/geno-prog.ch\/de\/wp-json\/wp\/v2\/product_cat?post=34217"},{"taxonomy":"product_tag","embeddable":true,"href":"https:\/\/geno-prog.ch\/de\/wp-json\/wp\/v2\/product_tag?post=34217"}],"curies":[{"name":"wp","href":"https:\/\/api.w.org\/{rel}","templated":true}]}}