{"id":34199,"date":"2025-02-28T11:14:07","date_gmt":"2025-02-28T10:14:07","guid":{"rendered":"https:\/\/geno-prog.ch\/?post_type=product&#038;p=34199"},"modified":"2025-02-28T13:55:07","modified_gmt":"2025-02-28T12:55:07","slug":"backtostock","status":"publish","type":"product","link":"https:\/\/geno-prog.ch\/de\/produkt\/backtostock\/","title":{"rendered":"Original\u00fcbergabe des Motorsteuerger\u00e4ts"},"content":{"rendered":"<h3 data-start=\"87\" data-end=\"130\"><strong data-start=\"91\" data-end=\"128\">Original\u00fcbergabe des Motorsteuerger\u00e4ts<\/strong><\/h3>\n<p><strong>Wiederherstellung der Werkseinstellungen des Motorsteuerger\u00e4ts. Wir stellen den urspr\u00fcnglichen Zustand Ihres Steuerger\u00e4ts wieder her, wenn es zuvor neu programmiert wurde.<\/strong><\/p>\n<h3 data-start=\"96\" data-end=\"138\">\ud83d\udd27 <strong data-start=\"103\" data-end=\"136\">Zur\u00fcck zu den urspr\u00fcnglichen Einstellungen<\/strong><\/h3>\n<p data-start=\"139\" data-end=\"397\">Eine Umprogrammierung des Motors kann die Leistung verbessern, f\u00fchrt aber manchmal zu Fehlfunktionen, \u00fcberm\u00e4\u00dfigem Verbrauch oder vorzeitigem Verschlei\u00df. Durch die R\u00fcckkehr zu den urspr\u00fcnglichen Einstellungen k\u00f6nnen diese Probleme vermieden und die Zuverl\u00e4ssigkeit des Motors wiederhergestellt werden.<\/p>\n<h3 data-start=\"399\" data-end=\"438\">\ud83d\ude97 <strong data-start=\"406\" data-end=\"436\">Zuverl\u00e4ssigkeit und Kompatibilit\u00e4t<\/strong><\/h3>\n<p data-start=\"439\" data-end=\"718\">Eine schlecht ausgef\u00fchrte oder ungeeignete Umprogrammierung kann zu Pannen, Leistungsverlust oder Fehlz\u00fcndungen f\u00fchren. In manchen F\u00e4llen besch\u00e4digt sie sogar den Motor oder das Getriebe. Durch die Wiederherstellung des Original-Steuerger\u00e4ts kann ein optimaler Betrieb gew\u00e4hrleistet werden.<\/p>\n<h3 data-start=\"720\" data-end=\"765\">\ud83d\udee0 <strong data-start=\"727\" data-end=\"763\">Erleichtern Sie den Wiederverkauf des Fahrzeugs<\/strong><\/h3>\n<p data-start=\"766\" data-end=\"983\">Viele K\u00e4ufer suchen ein Fahrzeug mit der urspr\u00fcnglichen Konfiguration, um technische Komplikationen zu vermeiden. Das Zur\u00fccksetzen des Steuerger\u00e4ts in den urspr\u00fcnglichen Zustand gibt zuk\u00fcnftigen K\u00e4ufern Sicherheit und erleichtert den Verkauf.<\/p>\n<h3 data-start=\"985\" data-end=\"1039\">\ud83d\udcb0 <strong data-start=\"992\" data-end=\"1037\">Reduzierung des Treibstoffverbrauchs<\/strong><\/h3>\n<p data-start=\"1040\" data-end=\"1258\">Einige Umprogrammierungen erh\u00f6hen den Kraftstoffverbrauch, insbesondere solche, die auf Leistung ausgerichtet sind. Die Wiederherstellung des urspr\u00fcnglichen Motorsteuerger\u00e4ts f\u00fchrt zu einem stabileren und sparsameren Verbrauch.<\/p>\n<h3 data-start=\"226\" data-end=\"287\"><\/h3>\n<p>&nbsp;<\/p>\n<blockquote class=\"wp-embedded-content\" data-secret=\"DG7MX3VC0S\"><p><a href=\"https:\/\/geno-prog.ch\/de\/produkt\/m5_f90_lci_led\/\">Facelift-R\u00fcckleuchten f\u00fcr Serie 5 G30\/G31\/G38 und (M5 F90)<\/a><\/p><\/blockquote>\n<p><iframe loading=\"lazy\" class=\"wp-embedded-content\" sandbox=\"allow-scripts\" security=\"restricted\" style=\"position: absolute; visibility: hidden;\" title=\"&quot; Facelift R\u00fcckleuchten f\u00fcr 5er Serie G30\/G31\/G38 und (M5 F90) &quot; - GenoProg\" src=\"https:\/\/geno-prog.ch\/produit\/m5_f90_lci_led\/embed\/#?secret=lsEwVsZqjJ#?secret=DG7MX3VC0S\" data-secret=\"DG7MX3VC0S\" width=\"600\" height=\"338\" frameborder=\"0\" marginwidth=\"0\" marginheight=\"0\" scrolling=\"no\"><\/iframe><\/p>","protected":false},"excerpt":{"rendered":"<p>&nbsp;<\/p>\n<h4 class=\"p1\">Wiederherstellung der Werkseinstellungen des Motorsteuerger\u00e4ts. Wir stellen den urspr\u00fcnglichen Zustand Ihres Steuerger\u00e4ts wieder her, wenn es zuvor neu programmiert wurde.<\/h4>","protected":false},"featured_media":33644,"template":"","meta":{"_et_pb_use_builder":"","_et_pb_old_content":"","_et_gb_content_width":""},"product_brand":[],"product_cat":[90],"product_tag":[87,286],"class_list":{"0":"post-34199","1":"product","2":"type-product","3":"status-publish","4":"has-post-thumbnail","6":"product_cat-codage","7":"product_tag-coding","8":"product_tag-retrofit","10":"first","11":"instock","12":"shipping-taxable","13":"product-type-external"},"yoast_head":"<!-- This site is optimized with the Yoast SEO Premium plugin v26.5 (Yoast SEO v27.4) - https:\/\/yoast.com\/product\/yoast-seo-premium-wordpress\/ -->\n<title>Remise d&#039;origine du calculateur moteur DME \/ DDE<\/title>\n<meta name=\"description\" content=\"Restauration des param\u00e8tres d&#039;usine du calculateur moteur. Nous r\u00e9tablissons l&#039;\u00e9tat d&#039;origine de votre calculateur s&#039;il a \u00e9t\u00e9 pr\u00e9c\u00e9demment reprogramm\u00e9.\" \/>\n<meta name=\"robots\" content=\"index, follow, max-snippet:-1, max-image-preview:large, max-video-preview:-1\" \/>\n<link rel=\"canonical\" href=\"https:\/\/geno-prog.ch\/de\/produkt\/backtostock\/\" \/>\n<meta property=\"og:locale\" content=\"de_DE\" \/>\n<meta property=\"og:type\" content=\"article\" \/>\n<meta property=\"og:title\" content=\"Remise d&#039;origine du calculateur moteur\" \/>\n<meta property=\"og:description\" content=\"Restauration des param\u00e8tres d&#039;usine du calculateur moteur. Nous r\u00e9tablissons l&#039;\u00e9tat d&#039;origine de votre calculateur s&#039;il a \u00e9t\u00e9 pr\u00e9c\u00e9demment reprogramm\u00e9.\" \/>\n<meta property=\"og:url\" content=\"https:\/\/geno-prog.ch\/de\/produkt\/backtostock\/\" \/>\n<meta property=\"og:site_name\" content=\"GenoProg\" \/>\n<meta property=\"article:publisher\" content=\"https:\/\/www.facebook.com\/genoprog\" \/>\n<meta property=\"article:modified_time\" content=\"2025-02-28T12:55:07+00:00\" \/>\n<meta property=\"og:image\" content=\"https:\/\/geno-prog.ch\/wp-content\/uploads\/2022\/05\/DME_BENCH_3-scaled.jpg\" \/>\n\t<meta property=\"og:image:width\" content=\"2560\" \/>\n\t<meta property=\"og:image:height\" content=\"1920\" \/>\n\t<meta property=\"og:image:type\" content=\"image\/jpeg\" \/>\n<meta name=\"twitter:card\" content=\"summary_large_image\" \/>\n<meta name=\"twitter:label1\" content=\"Preis\" \/>\n\t<meta name=\"twitter:data1\" content=\"&#067;&#072;&#070;&nbsp;350.00\" \/>\n\t<meta name=\"twitter:label2\" content=\"Verf\u00fcgbarkeit\" \/>\n\t<meta name=\"twitter:data2\" content=\"Auf Lager\" \/>\n<script type=\"application\/ld+json\" class=\"yoast-schema-graph\">{\"@context\":\"https:\\\/\\\/schema.org\",\"@graph\":[{\"@type\":\"WebPage\",\"@id\":\"https:\\\/\\\/geno-prog.ch\\\/produit\\\/backtostock\\\/\",\"url\":\"https:\\\/\\\/geno-prog.ch\\\/produit\\\/backtostock\\\/\",\"name\":\"Remise d'origine du calculateur moteur DME \\\/ DDE\",\"isPartOf\":{\"@id\":\"https:\\\/\\\/geno-prog.ch\\\/#website\"},\"primaryImageOfPage\":{\"@id\":\"https:\\\/\\\/geno-prog.ch\\\/produit\\\/backtostock\\\/#primaryimage\"},\"image\":{\"@id\":\"https:\\\/\\\/geno-prog.ch\\\/produit\\\/backtostock\\\/#primaryimage\"},\"thumbnailUrl\":\"https:\\\/\\\/geno-prog.ch\\\/wp-content\\\/uploads\\\/2022\\\/05\\\/DME_BENCH_3-scaled.jpg\",\"datePublished\":\"2025-02-28T10:14:07+00:00\",\"dateModified\":\"2025-02-28T12:55:07+00:00\",\"description\":\"Restauration des param\u00e8tres d'usine du calculateur moteur. Nous r\u00e9tablissons l'\u00e9tat d'origine de votre calculateur s'il a \u00e9t\u00e9 pr\u00e9c\u00e9demment reprogramm\u00e9.\",\"breadcrumb\":{\"@id\":\"https:\\\/\\\/geno-prog.ch\\\/produit\\\/backtostock\\\/#breadcrumb\"},\"inLanguage\":\"de\",\"potentialAction\":[{\"@type\":\"ReadAction\",\"target\":[\"https:\\\/\\\/geno-prog.ch\\\/produit\\\/backtostock\\\/\"]}]},{\"@type\":\"ImageObject\",\"inLanguage\":\"de\",\"@id\":\"https:\\\/\\\/geno-prog.ch\\\/produit\\\/backtostock\\\/#primaryimage\",\"url\":\"https:\\\/\\\/geno-prog.ch\\\/wp-content\\\/uploads\\\/2022\\\/05\\\/DME_BENCH_3-scaled.jpg\",\"contentUrl\":\"https:\\\/\\\/geno-prog.ch\\\/wp-content\\\/uploads\\\/2022\\\/05\\\/DME_BENCH_3-scaled.jpg\",\"width\":2560,\"height\":1920},{\"@type\":\"BreadcrumbList\",\"@id\":\"https:\\\/\\\/geno-prog.ch\\\/produit\\\/backtostock\\\/#breadcrumb\",\"itemListElement\":[{\"@type\":\"ListItem\",\"position\":1,\"name\":\"Accueil\",\"item\":\"https:\\\/\\\/geno-prog.ch\\\/\"},{\"@type\":\"ListItem\",\"position\":2,\"name\":\"T\u00e9l\u00e9chargements\",\"item\":\"https:\\\/\\\/geno-prog.ch\\\/download\\\/\"},{\"@type\":\"ListItem\",\"position\":3,\"name\":\"Remise d&rsquo;origine du calculateur moteur\"}]},{\"@type\":\"WebSite\",\"@id\":\"https:\\\/\\\/geno-prog.ch\\\/#website\",\"url\":\"https:\\\/\\\/geno-prog.ch\\\/\",\"name\":\"GenoProg\",\"description\":\"Sp\u00e9cialiste en \u00e9lectronique automobile BMW \\\/ MINI\",\"publisher\":{\"@id\":\"https:\\\/\\\/geno-prog.ch\\\/#organization\"},\"potentialAction\":[{\"@type\":\"SearchAction\",\"target\":{\"@type\":\"EntryPoint\",\"urlTemplate\":\"https:\\\/\\\/geno-prog.ch\\\/?s={search_term_string}\"},\"query-input\":{\"@type\":\"PropertyValueSpecification\",\"valueRequired\":true,\"valueName\":\"search_term_string\"}}],\"inLanguage\":\"de\"},{\"@type\":\"Organization\",\"@id\":\"https:\\\/\\\/geno-prog.ch\\\/#organization\",\"name\":\"GenoProg\",\"url\":\"https:\\\/\\\/geno-prog.ch\\\/\",\"logo\":{\"@type\":\"ImageObject\",\"inLanguage\":\"de\",\"@id\":\"https:\\\/\\\/geno-prog.ch\\\/#\\\/schema\\\/logo\\\/image\\\/\",\"url\":\"https:\\\/\\\/geno-prog.ch\\\/wp-content\\\/uploads\\\/2020\\\/03\\\/GenoProg_long.png\",\"contentUrl\":\"https:\\\/\\\/geno-prog.ch\\\/wp-content\\\/uploads\\\/2020\\\/03\\\/GenoProg_long.png\",\"width\":3086,\"height\":803,\"caption\":\"GenoProg\"},\"image\":{\"@id\":\"https:\\\/\\\/geno-prog.ch\\\/#\\\/schema\\\/logo\\\/image\\\/\"},\"sameAs\":[\"https:\\\/\\\/www.facebook.com\\\/genoprog\",\"https:\\\/\\\/www.instagram.com\\\/genoprog\\\/\",\"https:\\\/\\\/www.youtube.com\\\/channel\\\/UC5a5VYzbWdsHNYm2Qtu1F2w\"]}]}<\/script>\n<meta property=\"product:brand\" content=\"external\" \/>\n<meta property=\"product:price:amount\" content=\"350.00\" \/>\n<meta property=\"product:price:currency\" content=\"CHF\" \/>\n<meta property=\"og:availability\" content=\"instock\" \/>\n<meta property=\"product:availability\" content=\"instock\" \/>\n<meta property=\"product:condition\" content=\"new\" \/>\n<!-- \/ Yoast SEO Premium plugin. -->","yoast_head_json":{"title":"Original\u00fcbergabe des Motorsteuerger\u00e4ts DME \/ DDE","description":"Wiederherstellung der Werkseinstellungen des Motorsteuerger\u00e4ts. Wir stellen den urspr\u00fcnglichen Zustand Ihres Steuerger\u00e4ts wieder her, wenn es zuvor neu programmiert wurde.","robots":{"index":"index","follow":"follow","max-snippet":"max-snippet:-1","max-image-preview":"max-image-preview:large","max-video-preview":"max-video-preview:-1"},"canonical":"https:\/\/geno-prog.ch\/de\/produkt\/backtostock\/","og_locale":"de_DE","og_type":"article","og_title":"Remise d'origine du calculateur moteur","og_description":"Restauration des param\u00e8tres d'usine du calculateur moteur. Nous r\u00e9tablissons l'\u00e9tat d'origine de votre calculateur s'il a \u00e9t\u00e9 pr\u00e9c\u00e9demment reprogramm\u00e9.","og_url":"https:\/\/geno-prog.ch\/de\/produkt\/backtostock\/","og_site_name":"GenoProg","article_publisher":"https:\/\/www.facebook.com\/genoprog","article_modified_time":"2025-02-28T12:55:07+00:00","og_image":[{"width":2560,"height":1920,"url":"https:\/\/geno-prog.ch\/wp-content\/uploads\/2022\/05\/DME_BENCH_3-scaled.jpg","type":"image\/jpeg"}],"twitter_card":"summary_large_image","twitter_misc":{"Preis":"&#67;&#72;&#70;&nbsp;350.00","Verf\u00fcgbarkeit":"Auf Lager"},"schema":{"@context":"https:\/\/schema.org","@graph":[{"@type":"WebPage","@id":"https:\/\/geno-prog.ch\/produit\/backtostock\/","url":"https:\/\/geno-prog.ch\/produit\/backtostock\/","name":"Original\u00fcbergabe des Motorsteuerger\u00e4ts DME \/ DDE","isPartOf":{"@id":"https:\/\/geno-prog.ch\/#website"},"primaryImageOfPage":{"@id":"https:\/\/geno-prog.ch\/produit\/backtostock\/#primaryimage"},"image":{"@id":"https:\/\/geno-prog.ch\/produit\/backtostock\/#primaryimage"},"thumbnailUrl":"https:\/\/geno-prog.ch\/wp-content\/uploads\/2022\/05\/DME_BENCH_3-scaled.jpg","datePublished":"2025-02-28T10:14:07+00:00","dateModified":"2025-02-28T12:55:07+00:00","description":"Wiederherstellung der Werkseinstellungen des Motorsteuerger\u00e4ts. Wir stellen den urspr\u00fcnglichen Zustand Ihres Steuerger\u00e4ts wieder her, wenn es zuvor neu programmiert wurde.","breadcrumb":{"@id":"https:\/\/geno-prog.ch\/produit\/backtostock\/#breadcrumb"},"inLanguage":"de","potentialAction":[{"@type":"ReadAction","target":["https:\/\/geno-prog.ch\/produit\/backtostock\/"]}]},{"@type":"ImageObject","inLanguage":"de","@id":"https:\/\/geno-prog.ch\/produit\/backtostock\/#primaryimage","url":"https:\/\/geno-prog.ch\/wp-content\/uploads\/2022\/05\/DME_BENCH_3-scaled.jpg","contentUrl":"https:\/\/geno-prog.ch\/wp-content\/uploads\/2022\/05\/DME_BENCH_3-scaled.jpg","width":2560,"height":1920},{"@type":"BreadcrumbList","@id":"https:\/\/geno-prog.ch\/produit\/backtostock\/#breadcrumb","itemListElement":[{"@type":"ListItem","position":1,"name":"Accueil","item":"https:\/\/geno-prog.ch\/"},{"@type":"ListItem","position":2,"name":"T\u00e9l\u00e9chargements","item":"https:\/\/geno-prog.ch\/download\/"},{"@type":"ListItem","position":3,"name":"Remise d&rsquo;origine du calculateur moteur"}]},{"@type":"WebSite","@id":"https:\/\/geno-prog.ch\/#website","url":"https:\/\/geno-prog.ch\/","name":"GenoProg","description":"Fachkraft f\u00fcr Kraftfahrzeugelektronik BMW \/ MINI","publisher":{"@id":"https:\/\/geno-prog.ch\/#organization"},"potentialAction":[{"@type":"SearchAction","target":{"@type":"EntryPoint","urlTemplate":"https:\/\/geno-prog.ch\/?s={search_term_string}"},"query-input":{"@type":"PropertyValueSpecification","valueRequired":true,"valueName":"search_term_string"}}],"inLanguage":"de"},{"@type":"Organization","@id":"https:\/\/geno-prog.ch\/#organization","name":"GenoProg","url":"https:\/\/geno-prog.ch\/","logo":{"@type":"ImageObject","inLanguage":"de","@id":"https:\/\/geno-prog.ch\/#\/schema\/logo\/image\/","url":"https:\/\/geno-prog.ch\/wp-content\/uploads\/2020\/03\/GenoProg_long.png","contentUrl":"https:\/\/geno-prog.ch\/wp-content\/uploads\/2020\/03\/GenoProg_long.png","width":3086,"height":803,"caption":"GenoProg"},"image":{"@id":"https:\/\/geno-prog.ch\/#\/schema\/logo\/image\/"},"sameAs":["https:\/\/www.facebook.com\/genoprog","https:\/\/www.instagram.com\/genoprog\/","https:\/\/www.youtube.com\/channel\/UC5a5VYzbWdsHNYm2Qtu1F2w"]}]},"product_brand":"external","product_price_amount":"350.00","product_price_currency":"CHF","og_availability":"instock","product_availability":"instock","product_condition":"new"},"_links":{"self":[{"href":"https:\/\/geno-prog.ch\/de\/wp-json\/wp\/v2\/product\/34199","targetHints":{"allow":["GET"]}}],"collection":[{"href":"https:\/\/geno-prog.ch\/de\/wp-json\/wp\/v2\/product"}],"about":[{"href":"https:\/\/geno-prog.ch\/de\/wp-json\/wp\/v2\/types\/product"}],"wp:featuredmedia":[{"embeddable":true,"href":"https:\/\/geno-prog.ch\/de\/wp-json\/wp\/v2\/media\/33644"}],"wp:attachment":[{"href":"https:\/\/geno-prog.ch\/de\/wp-json\/wp\/v2\/media?parent=34199"}],"wp:term":[{"taxonomy":"product_brand","embeddable":true,"href":"https:\/\/geno-prog.ch\/de\/wp-json\/wp\/v2\/product_brand?post=34199"},{"taxonomy":"product_cat","embeddable":true,"href":"https:\/\/geno-prog.ch\/de\/wp-json\/wp\/v2\/product_cat?post=34199"},{"taxonomy":"product_tag","embeddable":true,"href":"https:\/\/geno-prog.ch\/de\/wp-json\/wp\/v2\/product_tag?post=34199"}],"curies":[{"name":"wp","href":"https:\/\/api.w.org\/{rel}","templated":true}]}}