{"id":34191,"date":"2025-02-23T11:31:01","date_gmt":"2025-02-23T10:31:01","guid":{"rendered":"https:\/\/geno-prog.ch\/?post_type=product&#038;p=34191"},"modified":"2025-02-23T11:56:53","modified_gmt":"2025-02-23T10:56:53","slug":"bluetooth","status":"publish","type":"product","link":"https:\/\/geno-prog.ch\/de\/produkt\/bluetooth\/","title":{"rendered":"Installation und Aktivierung von Bluetooth bei BMW \/ MINI"},"content":{"rendered":"<h1 class=\"p1\">Wir bieten Ihnen die Installation von Bluetooth f\u00fcr Ihren BMW \/ MINI an.<\/h1>\n<p>&nbsp;<\/p>\n<h2 class=\"p1\">Welche Multimediasysteme sind kompatibel?<\/h2>\n<ul class=\"ul1\">\n<li class=\"li3\"><span class=\"s1\">CCC iDrive<\/span><\/li>\n<li class=\"li3\"><span class=\"s1\">CIC iDrive<\/span><\/li>\n<li class=\"li3\"><span class=\"s1\">NBT (6NS F\u00fcr die erweiterte Verbindung mit Bluetooth-Audiostreaming A2DP)<\/span><\/li>\n<\/ul>\n<h2><\/h2>\n<h2 class=\"p1\">Wo muss ich mein Fahrzeug abgeben und wie lange dauert das?<\/h2>\n<p class=\"p1\">Das Fahrzeug wird in der Regel einen Tag lang stillgelegt. Payerne (VD), Nyon (VD) oder in einem Partnerzentrum im Wallis.<\/p>\n<p class=\"p1\">Wir bieten auch an, die Arbeit an einem Samstag zu erledigen.<\/p>\n<p>&nbsp;<\/p>\n<h2 class=\"p1\">\u00c4ndert sich der Preis je nach Fahrzeug?<\/h2>\n<p class=\"p5\">Die ben\u00f6tigten Teile k\u00f6nnen sich je nach Vorr\u00fcstung des Fahrzeugs sowie der Einbauzeit \u00e4ndern. Um Ihnen einen genauen Preis nennen zu k\u00f6nnen, geben Sie bei Ihrer Anfrage bitte die Fahrgestellnummer an.<\/p>\n<p>&nbsp;<\/p>\n<h2 class=\"p1\">Kann ich die Installation selbst vornehmen?<\/h2>\n<p>Wenn Sie eine Autowerkstatt oder ein Autohaus sind und den Einbau selbst vornehmen m\u00f6chten, k\u00f6nnen wir Ihnen auch den Verkauf von Teilen anbieten. F\u00fcr die Installation sind jedoch eine angemessene Ausr\u00fcstung und solide Kenntnisse erforderlich. Setzen Sie sich mit uns in Verbindung, um die m\u00f6glichen Optionen zu besprechen.<\/p>\n<h2 class=\"p1\">Welche Bluetooth-Module k\u00f6nnen wir anbieten?<\/h2>\n<ul>\n<li>ULF 2 (f\u00fcr CCC und CIC)<\/li>\n<li>COMBOX (f\u00fcr CIC)<\/li>\n<li>Codierung f\u00fcr NBT<\/li>\n<\/ul>\n<p>&nbsp;<\/p>\n<h2 class=\"p1\">Wie sieht es mit der Garantie aus?<\/h2>\n<p class=\"p1\">Wir geben eine Garantie von 24 Monaten.<\/p>\n<p>Andere kompatible Modelle (Preis variiert):<\/p>\n<p class=\"p1\">Serie 1 (E87, E88, F20, F21), Serie 3 (E90, E91, E92, E93, F30, F31, F80, G20, G21, G80, G81), Serie 4 (F32, F33, F82, F83, G82, G83), Serie 5 (F10, F11, Fxx, G30, G31), Serie 6 (F06, F07), Serie 7 (F01, F02), X1 (E84, F48), X2 (F39), X3 (F25, G01), X4 (F26, G02) X5 (E70, F15, F85), X6 (E71, F16, F86). Serie 1 (E82, E83, E87, E88), Serie 3 (E46, E90, E91, E92, E93), Serie 5 (E60, E61), Serie 6 (E63, E64)<\/p>\n<p>MINI: F54, F55, F56<\/p>\n<blockquote class=\"wp-embedded-content\" data-secret=\"MC9V2wa75s\"><p><a href=\"https:\/\/geno-prog.ch\/de\/produkt\/m5_f90_lci_led\/\">Facelift-R\u00fcckleuchten f\u00fcr Serie 5 G30\/G31\/G38 und (M5 F90)<\/a><\/p><\/blockquote>\n<p><iframe loading=\"lazy\" class=\"wp-embedded-content\" sandbox=\"allow-scripts\" security=\"restricted\" style=\"position: absolute; visibility: hidden;\" title=\"&quot; Facelift R\u00fcckleuchten f\u00fcr 5er Serie G30\/G31\/G38 und (M5 F90) &quot; - GenoProg\" src=\"https:\/\/geno-prog.ch\/produit\/m5_f90_lci_led\/embed\/#?secret=uKysMwlyZq#?secret=MC9V2wa75s\" data-secret=\"MC9V2wa75s\" width=\"600\" height=\"338\" frameborder=\"0\" marginwidth=\"0\" marginheight=\"0\" scrolling=\"no\"><\/iframe><\/p>","protected":false},"excerpt":{"rendered":"<p>&nbsp;<\/p>\n<h4 class=\"p1\">Wir bieten Ihnen ein Upgrade an, um Ihren BMW mit DAB+-Empfang auszustatten.<\/h4>\n<ul>\n<li>Originall\u00f6sung oder OEM-Integration<\/li>\n<li>Installation<\/li>\n<li>Programmierung \/ Codierung des Fahrzeugs<\/li>\n<\/ul>","protected":false},"featured_media":34192,"template":"","meta":{"_et_pb_use_builder":"","_et_pb_old_content":"","_et_gb_content_width":""},"product_brand":[],"product_cat":[68,90,77,78,283,84,285,69,70,71,72,79],"product_tag":[87,286],"class_list":{"0":"post-34191","1":"product","2":"type-product","3":"status-publish","4":"has-post-thumbnail","6":"product_cat-bmw","7":"product_cat-codage","8":"product_cat-e9x","9":"product_cat-f3x","10":"product_cat-m3","11":"product_cat-m3-e9x","12":"product_cat-retrofit","13":"product_cat-serie-1","14":"product_cat-serie-2","15":"product_cat-serie-3","16":"product_cat-serie-4","17":"product_cat-x1-x7","18":"product_tag-coding","19":"product_tag-retrofit","21":"first","22":"instock","23":"shipping-taxable","24":"product-type-external"},"yoast_head":"<!-- This site is optimized with the Yoast SEO Premium plugin v26.5 (Yoast SEO v27.4) - https:\/\/yoast.com\/product\/yoast-seo-premium-wordpress\/ -->\n<title>Installation et activation du Bluetooth d&#039;origine sur BMW \/ MINI<\/title>\n<meta name=\"description\" content=\"Installation et activation du Bluetooth sur BMW \/ MINI. Post-\u00e9quipement avec installation et codage\/programmation. Suisse \ud83c\udde8\ud83c\udded\" \/>\n<meta name=\"robots\" content=\"index, follow, max-snippet:-1, max-image-preview:large, max-video-preview:-1\" \/>\n<link rel=\"canonical\" href=\"https:\/\/geno-prog.ch\/de\/produkt\/bluetooth\/\" \/>\n<meta property=\"og:locale\" content=\"de_DE\" \/>\n<meta property=\"og:type\" content=\"article\" \/>\n<meta property=\"og:title\" content=\"Installation et activation du Bluetooth sur BMW \/ MINI\" \/>\n<meta property=\"og:description\" content=\"Installation et activation du Bluetooth sur BMW \/ MINI. Post-\u00e9quipement avec installation et codage\/programmation. Suisse \ud83c\udde8\ud83c\udded\" \/>\n<meta property=\"og:url\" content=\"https:\/\/geno-prog.ch\/de\/produkt\/bluetooth\/\" \/>\n<meta property=\"og:site_name\" content=\"GenoProg\" \/>\n<meta property=\"article:publisher\" content=\"https:\/\/www.facebook.com\/genoprog\" \/>\n<meta property=\"article:modified_time\" content=\"2025-02-23T10:56:53+00:00\" \/>\n<meta property=\"og:image\" content=\"https:\/\/geno-prog.ch\/wp-content\/uploads\/2025\/02\/IMG_5261-scaled.jpg\" \/>\n\t<meta property=\"og:image:width\" content=\"2560\" \/>\n\t<meta property=\"og:image:height\" content=\"1920\" \/>\n\t<meta property=\"og:image:type\" content=\"image\/jpeg\" \/>\n<meta name=\"twitter:card\" content=\"summary_large_image\" \/>\n<meta name=\"twitter:label1\" content=\"Preis\" \/>\n\t<meta name=\"twitter:data1\" content=\"&#067;&#072;&#070;&nbsp;500.00\" \/>\n\t<meta name=\"twitter:label2\" content=\"Verf\u00fcgbarkeit\" \/>\n\t<meta name=\"twitter:data2\" content=\"Auf Lager\" \/>\n<script type=\"application\/ld+json\" class=\"yoast-schema-graph\">{\"@context\":\"https:\\\/\\\/schema.org\",\"@graph\":[{\"@type\":\"WebPage\",\"@id\":\"https:\\\/\\\/geno-prog.ch\\\/produit\\\/bluetooth\\\/\",\"url\":\"https:\\\/\\\/geno-prog.ch\\\/produit\\\/bluetooth\\\/\",\"name\":\"Installation et activation du Bluetooth d'origine sur BMW \\\/ MINI\",\"isPartOf\":{\"@id\":\"https:\\\/\\\/geno-prog.ch\\\/#website\"},\"primaryImageOfPage\":{\"@id\":\"https:\\\/\\\/geno-prog.ch\\\/produit\\\/bluetooth\\\/#primaryimage\"},\"image\":{\"@id\":\"https:\\\/\\\/geno-prog.ch\\\/produit\\\/bluetooth\\\/#primaryimage\"},\"thumbnailUrl\":\"https:\\\/\\\/geno-prog.ch\\\/wp-content\\\/uploads\\\/2025\\\/02\\\/IMG_5261-scaled.jpg\",\"datePublished\":\"2025-02-23T10:31:01+00:00\",\"dateModified\":\"2025-02-23T10:56:53+00:00\",\"description\":\"Installation et activation du Bluetooth sur BMW \\\/ MINI. Post-\u00e9quipement avec installation et codage\\\/programmation. Suisse \ud83c\udde8\ud83c\udded\",\"breadcrumb\":{\"@id\":\"https:\\\/\\\/geno-prog.ch\\\/produit\\\/bluetooth\\\/#breadcrumb\"},\"inLanguage\":\"de\",\"potentialAction\":[{\"@type\":\"ReadAction\",\"target\":[\"https:\\\/\\\/geno-prog.ch\\\/produit\\\/bluetooth\\\/\"]}]},{\"@type\":\"ImageObject\",\"inLanguage\":\"de\",\"@id\":\"https:\\\/\\\/geno-prog.ch\\\/produit\\\/bluetooth\\\/#primaryimage\",\"url\":\"https:\\\/\\\/geno-prog.ch\\\/wp-content\\\/uploads\\\/2025\\\/02\\\/IMG_5261-scaled.jpg\",\"contentUrl\":\"https:\\\/\\\/geno-prog.ch\\\/wp-content\\\/uploads\\\/2025\\\/02\\\/IMG_5261-scaled.jpg\",\"width\":2560,\"height\":1920},{\"@type\":\"BreadcrumbList\",\"@id\":\"https:\\\/\\\/geno-prog.ch\\\/produit\\\/bluetooth\\\/#breadcrumb\",\"itemListElement\":[{\"@type\":\"ListItem\",\"position\":1,\"name\":\"Accueil\",\"item\":\"https:\\\/\\\/geno-prog.ch\\\/\"},{\"@type\":\"ListItem\",\"position\":2,\"name\":\"T\u00e9l\u00e9chargements\",\"item\":\"https:\\\/\\\/geno-prog.ch\\\/download\\\/\"},{\"@type\":\"ListItem\",\"position\":3,\"name\":\"Installation et activation du Bluetooth sur BMW \\\/ MINI\"}]},{\"@type\":\"WebSite\",\"@id\":\"https:\\\/\\\/geno-prog.ch\\\/#website\",\"url\":\"https:\\\/\\\/geno-prog.ch\\\/\",\"name\":\"GenoProg\",\"description\":\"Sp\u00e9cialiste en \u00e9lectronique automobile BMW \\\/ MINI\",\"publisher\":{\"@id\":\"https:\\\/\\\/geno-prog.ch\\\/#organization\"},\"potentialAction\":[{\"@type\":\"SearchAction\",\"target\":{\"@type\":\"EntryPoint\",\"urlTemplate\":\"https:\\\/\\\/geno-prog.ch\\\/?s={search_term_string}\"},\"query-input\":{\"@type\":\"PropertyValueSpecification\",\"valueRequired\":true,\"valueName\":\"search_term_string\"}}],\"inLanguage\":\"de\"},{\"@type\":\"Organization\",\"@id\":\"https:\\\/\\\/geno-prog.ch\\\/#organization\",\"name\":\"GenoProg\",\"url\":\"https:\\\/\\\/geno-prog.ch\\\/\",\"logo\":{\"@type\":\"ImageObject\",\"inLanguage\":\"de\",\"@id\":\"https:\\\/\\\/geno-prog.ch\\\/#\\\/schema\\\/logo\\\/image\\\/\",\"url\":\"https:\\\/\\\/geno-prog.ch\\\/wp-content\\\/uploads\\\/2020\\\/03\\\/GenoProg_long.png\",\"contentUrl\":\"https:\\\/\\\/geno-prog.ch\\\/wp-content\\\/uploads\\\/2020\\\/03\\\/GenoProg_long.png\",\"width\":3086,\"height\":803,\"caption\":\"GenoProg\"},\"image\":{\"@id\":\"https:\\\/\\\/geno-prog.ch\\\/#\\\/schema\\\/logo\\\/image\\\/\"},\"sameAs\":[\"https:\\\/\\\/www.facebook.com\\\/genoprog\",\"https:\\\/\\\/www.instagram.com\\\/genoprog\\\/\",\"https:\\\/\\\/www.youtube.com\\\/channel\\\/UC5a5VYzbWdsHNYm2Qtu1F2w\"]}]}<\/script>\n<meta property=\"product:brand\" content=\"external\" \/>\n<meta property=\"product:price:amount\" content=\"500.00\" \/>\n<meta property=\"product:price:currency\" content=\"CHF\" \/>\n<meta property=\"og:availability\" content=\"instock\" \/>\n<meta property=\"product:availability\" content=\"instock\" \/>\n<meta property=\"product:condition\" content=\"new\" \/>\n<!-- \/ Yoast SEO Premium plugin. -->","yoast_head_json":{"title":"Einbau und Aktivierung von Bluetooth ab Werk bei BMW \/ MINI","description":"Einbau und Aktivierung von Bluetooth bei BMW \/ MINI. Nachr\u00fcstung mit Einbau und Codierung\/Programmierung. Schweiz \ud83c\udde8\ud83c\udded","robots":{"index":"index","follow":"follow","max-snippet":"max-snippet:-1","max-image-preview":"max-image-preview:large","max-video-preview":"max-video-preview:-1"},"canonical":"https:\/\/geno-prog.ch\/de\/produkt\/bluetooth\/","og_locale":"de_DE","og_type":"article","og_title":"Installation et activation du Bluetooth sur BMW \/ MINI","og_description":"Installation et activation du Bluetooth sur BMW \/ MINI. Post-\u00e9quipement avec installation et codage\/programmation. Suisse \ud83c\udde8\ud83c\udded","og_url":"https:\/\/geno-prog.ch\/de\/produkt\/bluetooth\/","og_site_name":"GenoProg","article_publisher":"https:\/\/www.facebook.com\/genoprog","article_modified_time":"2025-02-23T10:56:53+00:00","og_image":[{"width":2560,"height":1920,"url":"https:\/\/geno-prog.ch\/wp-content\/uploads\/2025\/02\/IMG_5261-scaled.jpg","type":"image\/jpeg"}],"twitter_card":"summary_large_image","twitter_misc":{"Preis":"&#67;&#72;&#70;&nbsp;500.00","Verf\u00fcgbarkeit":"Auf Lager"},"schema":{"@context":"https:\/\/schema.org","@graph":[{"@type":"WebPage","@id":"https:\/\/geno-prog.ch\/produit\/bluetooth\/","url":"https:\/\/geno-prog.ch\/produit\/bluetooth\/","name":"Einbau und Aktivierung von Bluetooth ab Werk bei BMW \/ MINI","isPartOf":{"@id":"https:\/\/geno-prog.ch\/#website"},"primaryImageOfPage":{"@id":"https:\/\/geno-prog.ch\/produit\/bluetooth\/#primaryimage"},"image":{"@id":"https:\/\/geno-prog.ch\/produit\/bluetooth\/#primaryimage"},"thumbnailUrl":"https:\/\/geno-prog.ch\/wp-content\/uploads\/2025\/02\/IMG_5261-scaled.jpg","datePublished":"2025-02-23T10:31:01+00:00","dateModified":"2025-02-23T10:56:53+00:00","description":"Einbau und Aktivierung von Bluetooth bei BMW \/ MINI. Nachr\u00fcstung mit Einbau und Codierung\/Programmierung. Schweiz \ud83c\udde8\ud83c\udded","breadcrumb":{"@id":"https:\/\/geno-prog.ch\/produit\/bluetooth\/#breadcrumb"},"inLanguage":"de","potentialAction":[{"@type":"ReadAction","target":["https:\/\/geno-prog.ch\/produit\/bluetooth\/"]}]},{"@type":"ImageObject","inLanguage":"de","@id":"https:\/\/geno-prog.ch\/produit\/bluetooth\/#primaryimage","url":"https:\/\/geno-prog.ch\/wp-content\/uploads\/2025\/02\/IMG_5261-scaled.jpg","contentUrl":"https:\/\/geno-prog.ch\/wp-content\/uploads\/2025\/02\/IMG_5261-scaled.jpg","width":2560,"height":1920},{"@type":"BreadcrumbList","@id":"https:\/\/geno-prog.ch\/produit\/bluetooth\/#breadcrumb","itemListElement":[{"@type":"ListItem","position":1,"name":"Accueil","item":"https:\/\/geno-prog.ch\/"},{"@type":"ListItem","position":2,"name":"T\u00e9l\u00e9chargements","item":"https:\/\/geno-prog.ch\/download\/"},{"@type":"ListItem","position":3,"name":"Installation et activation du Bluetooth sur BMW \/ MINI"}]},{"@type":"WebSite","@id":"https:\/\/geno-prog.ch\/#website","url":"https:\/\/geno-prog.ch\/","name":"GenoProg","description":"Fachkraft f\u00fcr Kraftfahrzeugelektronik BMW \/ MINI","publisher":{"@id":"https:\/\/geno-prog.ch\/#organization"},"potentialAction":[{"@type":"SearchAction","target":{"@type":"EntryPoint","urlTemplate":"https:\/\/geno-prog.ch\/?s={search_term_string}"},"query-input":{"@type":"PropertyValueSpecification","valueRequired":true,"valueName":"search_term_string"}}],"inLanguage":"de"},{"@type":"Organization","@id":"https:\/\/geno-prog.ch\/#organization","name":"GenoProg","url":"https:\/\/geno-prog.ch\/","logo":{"@type":"ImageObject","inLanguage":"de","@id":"https:\/\/geno-prog.ch\/#\/schema\/logo\/image\/","url":"https:\/\/geno-prog.ch\/wp-content\/uploads\/2020\/03\/GenoProg_long.png","contentUrl":"https:\/\/geno-prog.ch\/wp-content\/uploads\/2020\/03\/GenoProg_long.png","width":3086,"height":803,"caption":"GenoProg"},"image":{"@id":"https:\/\/geno-prog.ch\/#\/schema\/logo\/image\/"},"sameAs":["https:\/\/www.facebook.com\/genoprog","https:\/\/www.instagram.com\/genoprog\/","https:\/\/www.youtube.com\/channel\/UC5a5VYzbWdsHNYm2Qtu1F2w"]}]},"product_brand":"external","product_price_amount":"500.00","product_price_currency":"CHF","og_availability":"instock","product_availability":"instock","product_condition":"new"},"_links":{"self":[{"href":"https:\/\/geno-prog.ch\/de\/wp-json\/wp\/v2\/product\/34191","targetHints":{"allow":["GET"]}}],"collection":[{"href":"https:\/\/geno-prog.ch\/de\/wp-json\/wp\/v2\/product"}],"about":[{"href":"https:\/\/geno-prog.ch\/de\/wp-json\/wp\/v2\/types\/product"}],"wp:featuredmedia":[{"embeddable":true,"href":"https:\/\/geno-prog.ch\/de\/wp-json\/wp\/v2\/media\/34192"}],"wp:attachment":[{"href":"https:\/\/geno-prog.ch\/de\/wp-json\/wp\/v2\/media?parent=34191"}],"wp:term":[{"taxonomy":"product_brand","embeddable":true,"href":"https:\/\/geno-prog.ch\/de\/wp-json\/wp\/v2\/product_brand?post=34191"},{"taxonomy":"product_cat","embeddable":true,"href":"https:\/\/geno-prog.ch\/de\/wp-json\/wp\/v2\/product_cat?post=34191"},{"taxonomy":"product_tag","embeddable":true,"href":"https:\/\/geno-prog.ch\/de\/wp-json\/wp\/v2\/product_tag?post=34191"}],"curies":[{"name":"wp","href":"https:\/\/api.w.org\/{rel}","templated":true}]}}