{"id":34120,"date":"2024-12-30T18:20:51","date_gmt":"2024-12-30T17:20:51","guid":{"rendered":"https:\/\/geno-prog.ch\/?post_type=product&#038;p=34120"},"modified":"2025-02-23T09:52:49","modified_gmt":"2025-02-23T08:52:49","slug":"ruckfahrkamera-f40","status":"publish","type":"product","link":"https:\/\/geno-prog.ch\/de\/produkt\/ruckfahrkamera-f40\/","title":{"rendered":"R\u00fcckfahrkamera BMW 1er F40 (2019-2024)"},"content":{"rendered":"<h1 class=\"p1\">Wir bieten Ihnen den Einbau einer Original-R\u00fcckfahrkamera von BMW in Ihre 1er-Serie (F40, Produktion 2019 bis 2024) an.<\/h1>\n<p>Eine R\u00fcckfahrkamera bietet viele Vorteile f\u00fcr die Sicherheit und den Fahrkomfort. Sie erm\u00f6glicht eine klare Sicht auf den Raum hinter dem Fahrzeug beim Einparken. Wir bieten den Einbau und die Programmierung einer R\u00fcckfahrkamera mit Originalmaterial f\u00fcr Ihren BMW oder MINI an.<\/p>\n<p>&nbsp;<\/p>\n<h2 class=\"p1\">Warum eine Originalkamera?<\/h2>\n<h4 class=\"p1\">Denn sie bietet folgende Vorteile:<\/h4>\n<ul class=\"ul1\">\n<li class=\"li3\"><span class=\"s1\">H\u00f6here Bildqualit\u00e4t<\/span><\/li>\n<li class=\"li3\"><span class=\"s1\">W\u00e4rmelinse (im Winter)<\/span><\/li>\n<li class=\"li3\"><span class=\"s1\">Dynamische Parklinie<\/span><\/li>\n<li class=\"li3\"><span class=\"s1\">Integration in den Bordcomputer<\/span><\/li>\n<\/ul>\n<h2><\/h2>\n<h2 class=\"p1\">Wo muss ich mein Fahrzeug abgeben und wie lange dauert das?<\/h2>\n<p class=\"p1\">Die Stilllegung des Fahrzeugs betr\u00e4gt in der Regel ein bis zwei Tage. Payerne (VD), Nyon (VD) oder in einem Partnerzentrum im Wallis.<\/p>\n<p class=\"p1\">Wir bieten auch an, die Arbeit an einem Samstag zu erledigen.<\/p>\n<p>&nbsp;<\/p>\n<h2 class=\"p1\">Welche Fahrzeuge sind kompatibel?<\/h2>\n<p class=\"p5\">Das Fahrzeug muss mit Parksensoren hinten PDC (Optionscode 507) oder vorne und hinten (Optionscode 508) ausgestattet sein. Wenn Sie uns die Fahrgestellnummer mitteilen, k\u00f6nnen wir die Kompatibilit\u00e4t \u00fcberpr\u00fcfen.<\/p>\n<p>&nbsp;<\/p>\n<h2 class=\"p1\">\u00c4ndert sich der Preis je nach Fahrzeug?<\/h2>\n<p class=\"p5\">Die ben\u00f6tigten Teile k\u00f6nnen sich je nach der Vorr\u00fcstung des Fahrzeugs sowie der Einbauzeit \u00e4ndern. Bei einem Cabriolet ist z. B. aufgrund des Schlie\u00df-\/\u00d6ffnungssystems des Kofferraums die Durchf\u00fchrung des Kabelbaums komplizierter als bei einer Limousine. Um Ihnen einen genauen Preis nennen zu k\u00f6nnen, geben Sie in Ihrer Anfrage bitte die Fahrgestellnummer an.<\/p>\n<p>&nbsp;<\/p>\n<h2 class=\"p1\">Kann ich die Installation selbst vornehmen?<\/h2>\n<p>Wenn Sie eine Autowerkstatt oder ein Autohaus sind und den Einbau selbst vornehmen m\u00f6chten, k\u00f6nnen wir Ihnen auch den Verkauf von Teilen anbieten. F\u00fcr die Installation sind jedoch eine angemessene Ausr\u00fcstung und solide Kenntnisse erforderlich. Setzen Sie sich mit uns in Verbindung, um die m\u00f6glichen Optionen zu besprechen.<\/p>\n<p>&nbsp;<\/p>\n<h2 class=\"p1\">Wie sieht es mit der Garantie aus?<\/h2>\n<p class=\"p1\">Wir geben eine Garantie von 24 Monaten.<\/p>\n<p>&nbsp;<\/p>\n<p class=\"p1\">Kompatible Modelle :<\/p>\n<p class=\"p1\">Bmw Serie 1 F40 (2019-2024)<\/p>\n<p>Andere kompatible Modelle (Preis variiert):<\/p>\n<p class=\"p1\">Serie 3 (F30, F31, F80, G20, G21, G80, G81), Serie 4 (F32, F33, F82, F83, G82, G83), Serie 5 (F10, F11, Fxx, G30, G31), Serie 6 (F06, F07), Serie 7 (F01, F02), X1 (E84, F48), X2 (F39), X3 (F25, G01), X4 (F26, G02) X5 (E70, F15, F85), X6 (E71, F16, F86). Ref: 66212450878 &amp; 66555A84564<\/p>\n<p class=\"p1\">Inkompatible Modelle f\u00fcr eine Originalkamera :<\/p>\n<p class=\"p1\">Serie 1 (E82, E83, E87, E88), Serie 3 (E46, E90, E91, E92, E93), Serie 5 (E60, E61), Serie 6 (E63, E64)<\/p>\n<p class=\"p1\">Verwendete Module : F\u00fcr die BMW G-Serie ICAM-2R.<\/p>\n<blockquote class=\"wp-embedded-content\" data-secret=\"rZxE15blpi\"><p><a href=\"https:\/\/geno-prog.ch\/de\/produkt\/m5_f90_lci_led\/\">Facelift-R\u00fcckleuchten f\u00fcr Serie 5 G30\/G31\/G38 und (M5 F90)<\/a><\/p><\/blockquote>\n<p><iframe loading=\"lazy\" class=\"wp-embedded-content\" sandbox=\"allow-scripts\" security=\"restricted\" style=\"position: absolute; visibility: hidden;\" title=\"&quot; Facelift R\u00fcckleuchten f\u00fcr 5er Serie G30\/G31\/G38 und (M5 F90) &quot; - GenoProg\" src=\"https:\/\/geno-prog.ch\/produit\/m5_f90_lci_led\/embed\/#?secret=x4KGyO8w9l#?secret=rZxE15blpi\" data-secret=\"rZxE15blpi\" width=\"600\" height=\"338\" frameborder=\"0\" marginwidth=\"0\" marginheight=\"0\" scrolling=\"no\"><\/iframe><\/p>","protected":false},"excerpt":{"rendered":"<p>&nbsp;<\/p>\n<h4 class=\"p1\">Wir bieten den Einbau und die Programmierung einer R\u00fcckfahrkamera mit Originalmaterial f\u00fcr Ihren BMW an.<\/h4>\n<ul>\n<li>Originalkamera (inkl. Strahl)<\/li>\n<li>Installation<\/li>\n<li>Programmierung \/ Codierung des Fahrzeugs<\/li>\n<\/ul>","protected":false},"featured_media":34121,"template":"","meta":{"_et_pb_use_builder":"","_et_pb_old_content":"","_et_gb_content_width":""},"product_brand":[],"product_cat":[68,285,69],"product_tag":[287,87,286],"class_list":{"0":"post-34120","1":"product","2":"type-product","3":"status-publish","4":"has-post-thumbnail","6":"product_cat-bmw","7":"product_cat-retrofit","8":"product_cat-serie-1","9":"product_tag-3ag","10":"product_tag-coding","11":"product_tag-retrofit","13":"first","14":"instock","15":"shipping-taxable","16":"product-type-external"},"yoast_head":"<!-- This site is optimized with the Yoast SEO Premium plugin v26.5 (Yoast SEO v27.3) - https:\/\/yoast.com\/product\/yoast-seo-premium-wordpress\/ -->\n<title>Installation cam\u00e9ra de recul BMW s\u00e9rie 1 (F40 2019-2024)<\/title>\n<meta name=\"description\" content=\"Post-\u00e9quipement cam\u00e9ra de recul d\u2019origine pour BMW F40 (2019 \u00e0 2024). Pi\u00e8ces d&#039;origine avec installation et codage\/programmation. Suisse \ud83c\udde8\ud83c\udded\" \/>\n<meta name=\"robots\" content=\"index, follow, max-snippet:-1, max-image-preview:large, max-video-preview:-1\" \/>\n<link rel=\"canonical\" href=\"https:\/\/geno-prog.ch\/de\/produkt\/ruckfahrkamera-f40\/\" \/>\n<meta property=\"og:locale\" content=\"de_DE\" \/>\n<meta property=\"og:type\" content=\"article\" \/>\n<meta property=\"og:title\" content=\"Cam\u00e9ra de recul BMW s\u00e9rie 1 F40 (2019-2024)\" \/>\n<meta property=\"og:description\" content=\"Post-\u00e9quipement cam\u00e9ra de recul d\u2019origine pour BMW F40 (2019 \u00e0 2024). Pi\u00e8ces d&#039;origine avec installation et codage\/programmation. Suisse \ud83c\udde8\ud83c\udded\" \/>\n<meta property=\"og:url\" content=\"https:\/\/geno-prog.ch\/de\/produkt\/ruckfahrkamera-f40\/\" \/>\n<meta property=\"og:site_name\" content=\"GenoProg\" \/>\n<meta property=\"article:publisher\" content=\"https:\/\/www.facebook.com\/genoprog\" \/>\n<meta property=\"article:modified_time\" content=\"2025-02-23T08:52:49+00:00\" \/>\n<meta property=\"og:image\" content=\"https:\/\/geno-prog.ch\/wp-content\/uploads\/2024\/12\/F40_1-scaled.jpg\" \/>\n\t<meta property=\"og:image:width\" content=\"2560\" \/>\n\t<meta property=\"og:image:height\" content=\"1920\" \/>\n\t<meta property=\"og:image:type\" content=\"image\/jpeg\" \/>\n<meta name=\"twitter:card\" content=\"summary_large_image\" \/>\n<meta name=\"twitter:label1\" content=\"Preis\" \/>\n\t<meta name=\"twitter:data1\" content=\"&#067;&#072;&#070;&nbsp;1,100.00\" \/>\n\t<meta name=\"twitter:label2\" content=\"Verf\u00fcgbarkeit\" \/>\n\t<meta name=\"twitter:data2\" content=\"Auf Lager\" \/>\n<script type=\"application\/ld+json\" class=\"yoast-schema-graph\">{\"@context\":\"https:\\\/\\\/schema.org\",\"@graph\":[{\"@type\":\"WebPage\",\"@id\":\"https:\\\/\\\/geno-prog.ch\\\/produit\\\/camera-de-recul-f40\\\/\",\"url\":\"https:\\\/\\\/geno-prog.ch\\\/produit\\\/camera-de-recul-f40\\\/\",\"name\":\"Installation cam\u00e9ra de recul BMW s\u00e9rie 1 (F40 2019-2024)\",\"isPartOf\":{\"@id\":\"https:\\\/\\\/geno-prog.ch\\\/#website\"},\"primaryImageOfPage\":{\"@id\":\"https:\\\/\\\/geno-prog.ch\\\/produit\\\/camera-de-recul-f40\\\/#primaryimage\"},\"image\":{\"@id\":\"https:\\\/\\\/geno-prog.ch\\\/produit\\\/camera-de-recul-f40\\\/#primaryimage\"},\"thumbnailUrl\":\"https:\\\/\\\/geno-prog.ch\\\/wp-content\\\/uploads\\\/2024\\\/12\\\/F40_1-scaled.jpg\",\"datePublished\":\"2024-12-30T17:20:51+00:00\",\"dateModified\":\"2025-02-23T08:52:49+00:00\",\"description\":\"Post-\u00e9quipement cam\u00e9ra de recul d\u2019origine pour BMW F40 (2019 \u00e0 2024). Pi\u00e8ces d'origine avec installation et codage\\\/programmation. Suisse \ud83c\udde8\ud83c\udded\",\"breadcrumb\":{\"@id\":\"https:\\\/\\\/geno-prog.ch\\\/produit\\\/camera-de-recul-f40\\\/#breadcrumb\"},\"inLanguage\":\"de\",\"potentialAction\":[{\"@type\":\"ReadAction\",\"target\":[\"https:\\\/\\\/geno-prog.ch\\\/produit\\\/camera-de-recul-f40\\\/\"]}]},{\"@type\":\"ImageObject\",\"inLanguage\":\"de\",\"@id\":\"https:\\\/\\\/geno-prog.ch\\\/produit\\\/camera-de-recul-f40\\\/#primaryimage\",\"url\":\"https:\\\/\\\/geno-prog.ch\\\/wp-content\\\/uploads\\\/2024\\\/12\\\/F40_1-scaled.jpg\",\"contentUrl\":\"https:\\\/\\\/geno-prog.ch\\\/wp-content\\\/uploads\\\/2024\\\/12\\\/F40_1-scaled.jpg\",\"width\":2560,\"height\":1920},{\"@type\":\"BreadcrumbList\",\"@id\":\"https:\\\/\\\/geno-prog.ch\\\/produit\\\/camera-de-recul-f40\\\/#breadcrumb\",\"itemListElement\":[{\"@type\":\"ListItem\",\"position\":1,\"name\":\"Accueil\",\"item\":\"https:\\\/\\\/geno-prog.ch\\\/\"},{\"@type\":\"ListItem\",\"position\":2,\"name\":\"T\u00e9l\u00e9chargements\",\"item\":\"https:\\\/\\\/geno-prog.ch\\\/download\\\/\"},{\"@type\":\"ListItem\",\"position\":3,\"name\":\"Cam\u00e9ra de recul BMW s\u00e9rie 1 F40 (2019-2024)\"}]},{\"@type\":\"WebSite\",\"@id\":\"https:\\\/\\\/geno-prog.ch\\\/#website\",\"url\":\"https:\\\/\\\/geno-prog.ch\\\/\",\"name\":\"GenoProg\",\"description\":\"Sp\u00e9cialiste en \u00e9lectronique automobile BMW \\\/ MINI\",\"publisher\":{\"@id\":\"https:\\\/\\\/geno-prog.ch\\\/#organization\"},\"potentialAction\":[{\"@type\":\"SearchAction\",\"target\":{\"@type\":\"EntryPoint\",\"urlTemplate\":\"https:\\\/\\\/geno-prog.ch\\\/?s={search_term_string}\"},\"query-input\":{\"@type\":\"PropertyValueSpecification\",\"valueRequired\":true,\"valueName\":\"search_term_string\"}}],\"inLanguage\":\"de\"},{\"@type\":\"Organization\",\"@id\":\"https:\\\/\\\/geno-prog.ch\\\/#organization\",\"name\":\"GenoProg\",\"url\":\"https:\\\/\\\/geno-prog.ch\\\/\",\"logo\":{\"@type\":\"ImageObject\",\"inLanguage\":\"de\",\"@id\":\"https:\\\/\\\/geno-prog.ch\\\/#\\\/schema\\\/logo\\\/image\\\/\",\"url\":\"https:\\\/\\\/geno-prog.ch\\\/wp-content\\\/uploads\\\/2020\\\/03\\\/GenoProg_long.png\",\"contentUrl\":\"https:\\\/\\\/geno-prog.ch\\\/wp-content\\\/uploads\\\/2020\\\/03\\\/GenoProg_long.png\",\"width\":3086,\"height\":803,\"caption\":\"GenoProg\"},\"image\":{\"@id\":\"https:\\\/\\\/geno-prog.ch\\\/#\\\/schema\\\/logo\\\/image\\\/\"},\"sameAs\":[\"https:\\\/\\\/www.facebook.com\\\/genoprog\",\"https:\\\/\\\/www.instagram.com\\\/genoprog\\\/\",\"https:\\\/\\\/www.youtube.com\\\/channel\\\/UC5a5VYzbWdsHNYm2Qtu1F2w\"]}]}<\/script>\n<meta property=\"product:brand\" content=\"external\" \/>\n<meta property=\"product:price:amount\" content=\"1100.00\" \/>\n<meta property=\"product:price:currency\" content=\"CHF\" \/>\n<meta property=\"og:availability\" content=\"instock\" \/>\n<meta property=\"product:availability\" content=\"instock\" \/>\n<meta property=\"product:condition\" content=\"new\" \/>\n<!-- \/ Yoast SEO Premium plugin. -->","yoast_head_json":{"title":"Installation R\u00fcckfahrkamera BMW 1er Serie (F40 2019-2024)","description":"Original R\u00fcckfahrkamera-Nachr\u00fcstung f\u00fcr BMW F40 (2019 bis 2024). Originalteile mit Einbau und Codierung\/Programmierung. Schweiz \ud83c\udde8\ud83c\udded","robots":{"index":"index","follow":"follow","max-snippet":"max-snippet:-1","max-image-preview":"max-image-preview:large","max-video-preview":"max-video-preview:-1"},"canonical":"https:\/\/geno-prog.ch\/de\/produkt\/ruckfahrkamera-f40\/","og_locale":"de_DE","og_type":"article","og_title":"Cam\u00e9ra de recul BMW s\u00e9rie 1 F40 (2019-2024)","og_description":"Post-\u00e9quipement cam\u00e9ra de recul d\u2019origine pour BMW F40 (2019 \u00e0 2024). Pi\u00e8ces d'origine avec installation et codage\/programmation. Suisse \ud83c\udde8\ud83c\udded","og_url":"https:\/\/geno-prog.ch\/de\/produkt\/ruckfahrkamera-f40\/","og_site_name":"GenoProg","article_publisher":"https:\/\/www.facebook.com\/genoprog","article_modified_time":"2025-02-23T08:52:49+00:00","og_image":[{"width":2560,"height":1920,"url":"https:\/\/geno-prog.ch\/wp-content\/uploads\/2024\/12\/F40_1-scaled.jpg","type":"image\/jpeg"}],"twitter_card":"summary_large_image","twitter_misc":{"Preis":"&#67;&#72;&#70;&nbsp;1,100.00","Verf\u00fcgbarkeit":"Auf Lager"},"schema":{"@context":"https:\/\/schema.org","@graph":[{"@type":"WebPage","@id":"https:\/\/geno-prog.ch\/produit\/camera-de-recul-f40\/","url":"https:\/\/geno-prog.ch\/produit\/camera-de-recul-f40\/","name":"Installation R\u00fcckfahrkamera BMW 1er Serie (F40 2019-2024)","isPartOf":{"@id":"https:\/\/geno-prog.ch\/#website"},"primaryImageOfPage":{"@id":"https:\/\/geno-prog.ch\/produit\/camera-de-recul-f40\/#primaryimage"},"image":{"@id":"https:\/\/geno-prog.ch\/produit\/camera-de-recul-f40\/#primaryimage"},"thumbnailUrl":"https:\/\/geno-prog.ch\/wp-content\/uploads\/2024\/12\/F40_1-scaled.jpg","datePublished":"2024-12-30T17:20:51+00:00","dateModified":"2025-02-23T08:52:49+00:00","description":"Original R\u00fcckfahrkamera-Nachr\u00fcstung f\u00fcr BMW F40 (2019 bis 2024). Originalteile mit Einbau und Codierung\/Programmierung. Schweiz \ud83c\udde8\ud83c\udded","breadcrumb":{"@id":"https:\/\/geno-prog.ch\/produit\/camera-de-recul-f40\/#breadcrumb"},"inLanguage":"de","potentialAction":[{"@type":"ReadAction","target":["https:\/\/geno-prog.ch\/produit\/camera-de-recul-f40\/"]}]},{"@type":"ImageObject","inLanguage":"de","@id":"https:\/\/geno-prog.ch\/produit\/camera-de-recul-f40\/#primaryimage","url":"https:\/\/geno-prog.ch\/wp-content\/uploads\/2024\/12\/F40_1-scaled.jpg","contentUrl":"https:\/\/geno-prog.ch\/wp-content\/uploads\/2024\/12\/F40_1-scaled.jpg","width":2560,"height":1920},{"@type":"BreadcrumbList","@id":"https:\/\/geno-prog.ch\/produit\/camera-de-recul-f40\/#breadcrumb","itemListElement":[{"@type":"ListItem","position":1,"name":"Accueil","item":"https:\/\/geno-prog.ch\/"},{"@type":"ListItem","position":2,"name":"T\u00e9l\u00e9chargements","item":"https:\/\/geno-prog.ch\/download\/"},{"@type":"ListItem","position":3,"name":"Cam\u00e9ra de recul BMW s\u00e9rie 1 F40 (2019-2024)"}]},{"@type":"WebSite","@id":"https:\/\/geno-prog.ch\/#website","url":"https:\/\/geno-prog.ch\/","name":"GenoProg","description":"Fachkraft f\u00fcr Kraftfahrzeugelektronik BMW \/ MINI","publisher":{"@id":"https:\/\/geno-prog.ch\/#organization"},"potentialAction":[{"@type":"SearchAction","target":{"@type":"EntryPoint","urlTemplate":"https:\/\/geno-prog.ch\/?s={search_term_string}"},"query-input":{"@type":"PropertyValueSpecification","valueRequired":true,"valueName":"search_term_string"}}],"inLanguage":"de"},{"@type":"Organization","@id":"https:\/\/geno-prog.ch\/#organization","name":"GenoProg","url":"https:\/\/geno-prog.ch\/","logo":{"@type":"ImageObject","inLanguage":"de","@id":"https:\/\/geno-prog.ch\/#\/schema\/logo\/image\/","url":"https:\/\/geno-prog.ch\/wp-content\/uploads\/2020\/03\/GenoProg_long.png","contentUrl":"https:\/\/geno-prog.ch\/wp-content\/uploads\/2020\/03\/GenoProg_long.png","width":3086,"height":803,"caption":"GenoProg"},"image":{"@id":"https:\/\/geno-prog.ch\/#\/schema\/logo\/image\/"},"sameAs":["https:\/\/www.facebook.com\/genoprog","https:\/\/www.instagram.com\/genoprog\/","https:\/\/www.youtube.com\/channel\/UC5a5VYzbWdsHNYm2Qtu1F2w"]}]},"product_brand":"external","product_price_amount":"1100.00","product_price_currency":"CHF","og_availability":"instock","product_availability":"instock","product_condition":"new"},"_links":{"self":[{"href":"https:\/\/geno-prog.ch\/de\/wp-json\/wp\/v2\/product\/34120","targetHints":{"allow":["GET"]}}],"collection":[{"href":"https:\/\/geno-prog.ch\/de\/wp-json\/wp\/v2\/product"}],"about":[{"href":"https:\/\/geno-prog.ch\/de\/wp-json\/wp\/v2\/types\/product"}],"wp:featuredmedia":[{"embeddable":true,"href":"https:\/\/geno-prog.ch\/de\/wp-json\/wp\/v2\/media\/34121"}],"wp:attachment":[{"href":"https:\/\/geno-prog.ch\/de\/wp-json\/wp\/v2\/media?parent=34120"}],"wp:term":[{"taxonomy":"product_brand","embeddable":true,"href":"https:\/\/geno-prog.ch\/de\/wp-json\/wp\/v2\/product_brand?post=34120"},{"taxonomy":"product_cat","embeddable":true,"href":"https:\/\/geno-prog.ch\/de\/wp-json\/wp\/v2\/product_cat?post=34120"},{"taxonomy":"product_tag","embeddable":true,"href":"https:\/\/geno-prog.ch\/de\/wp-json\/wp\/v2\/product_tag?post=34120"}],"curies":[{"name":"wp","href":"https:\/\/api.w.org\/{rel}","templated":true}]}}