{"id":34116,"date":"2024-12-11T13:57:37","date_gmt":"2024-12-11T12:57:37","guid":{"rendered":"https:\/\/geno-prog.ch\/?post_type=product&#038;p=34116"},"modified":"2024-12-11T14:31:05","modified_gmt":"2024-12-11T13:31:05","slug":"reparatur-von-bildschirmen-ford","status":"publish","type":"product","link":"https:\/\/geno-prog.ch\/de\/produkt\/reparatur-von-bildschirmen-ford\/","title":{"rendered":"Reparatur Bildschirm \/ Display f\u00fcr FORD 5\u2033 Focus, Kuga, Ranger, Transit, C-Max SYNC"},"content":{"rendered":"<h2 class=\"p1\">Wenn das Multimediasystem Ihres FORD ein Problem mit der Anzeige hat, k\u00f6nnen wir Ihnen eine Reparatur anbieten.<\/h2>\n<h5>Modelle mit 5-Zoll-Bordcomputer :<\/h5>\n<ul>\n<li>Ford Focus III ab 2011<\/li>\n<li>Ford Kuga ab 2008<\/li>\n<li>Ford Ranger T6 ab 2011<\/li>\n<li>Ford Transit-Connect 2007-<\/li>\n<li>Ford Transit 3. Generation ab 2006<\/li>\n<li>Ford Fiesta VI Facelift ab 2012<\/li>\n<li>Ford Transit Custom ab 2012<\/li>\n<li>Ford C-Max II ab 2010<\/li>\n<\/ul>\n<p>&nbsp;<\/p>\n<p class=\"p1\">GenoProg GmbH <span class=\"Apple-converted-space\">\u00a0<\/span><\/p>\n<p class=\"p1\">Route de Grandcour 64 <span class=\"Apple-converted-space\">\u00a0<\/span><\/p>\n<p class=\"p1\">1530 Payerne <span class=\"Apple-converted-space\">\u00a0<\/span><\/p>\n<p>Schweiz<\/p>\n<p>&nbsp;<\/p>\n<p>FORD-Referenzen :<\/p>\n<p class=\"p1\">EM5T 18B955 DA 7612032200<\/p>\n<p class=\"p1\">F1BT-18B955-DA 7612032235<span class=\"Apple-converted-space\">\u00a0 <\/span><\/p>\n<p class=\"p1\">E1BT-18B955-DA 7612032220<\/p>\n<p class=\"p1\">BM5T-18B955-DC 7612032181<\/p>\n<p class=\"p1\"><b>\u00a0<\/b>MFD LOW 5\u2033<\/p>","protected":false},"excerpt":{"rendered":"<p>Austausch des Bildschirms und Touch Display.<\/p>","protected":false},"featured_media":34117,"template":"","meta":{"_et_pb_use_builder":"","_et_pb_old_content":"","_et_gb_content_width":""},"product_brand":[],"product_cat":[91],"product_tag":[],"class_list":{"0":"post-34116","1":"product","2":"type-product","3":"status-publish","4":"has-post-thumbnail","6":"product_cat-reparation","8":"first","9":"instock","10":"shipping-taxable","11":"product-type-external"},"yoast_head":"<!-- This site is optimized with the Yoast SEO Premium plugin v26.5 (Yoast SEO v27.4) - https:\/\/yoast.com\/product\/yoast-seo-premium-wordpress\/ -->\n<title>R\u00e9paration Ecran \/ Display pour FORD 5&quot; Focus, Kuga, Ranger, Transit, C-Max SYNC -<\/title>\n<meta name=\"description\" content=\"R\u00e9paration de votre Syst\u00e8me multim\u00e9dia FORD avec \u00e9cran tactile 5&quot;. R\u00e9paration de l&#039;\u00e9cran avec tactile. Ordinateur de bord LCD ou de ghost touch. Suisse\ud83c\udde8\ud83c\udded\" \/>\n<meta name=\"robots\" content=\"index, follow, max-snippet:-1, max-image-preview:large, max-video-preview:-1\" \/>\n<link rel=\"canonical\" href=\"https:\/\/geno-prog.ch\/de\/produkt\/reparatur-von-bildschirmen-ford\/\" \/>\n<meta property=\"og:locale\" content=\"de_DE\" \/>\n<meta property=\"og:type\" content=\"article\" \/>\n<meta property=\"og:title\" content=\"R\u00e9paration Ecran \/ Display pour FORD 5&quot; Focus, Kuga, Ranger, Transit, C-Max SYNC\" \/>\n<meta property=\"og:description\" content=\"R\u00e9paration de votre Syst\u00e8me multim\u00e9dia FORD avec \u00e9cran tactile 5&quot;. R\u00e9paration de l&#039;\u00e9cran avec tactile. Ordinateur de bord LCD ou de ghost touch. Suisse\ud83c\udde8\ud83c\udded\" \/>\n<meta property=\"og:url\" content=\"https:\/\/geno-prog.ch\/de\/produkt\/reparatur-von-bildschirmen-ford\/\" \/>\n<meta property=\"og:site_name\" content=\"GenoProg\" \/>\n<meta property=\"article:publisher\" content=\"https:\/\/www.facebook.com\/genoprog\" \/>\n<meta property=\"article:modified_time\" content=\"2024-12-11T13:31:05+00:00\" \/>\n<meta property=\"og:image\" content=\"https:\/\/geno-prog.ch\/wp-content\/uploads\/2024\/12\/Capture-decran-2024-12-11-a-14.30.17.png\" \/>\n\t<meta property=\"og:image:width\" content=\"380\" \/>\n\t<meta property=\"og:image:height\" content=\"246\" \/>\n\t<meta property=\"og:image:type\" content=\"image\/png\" \/>\n<meta name=\"twitter:card\" content=\"summary_large_image\" \/>\n<meta name=\"twitter:label1\" content=\"Preis\" \/>\n\t<meta name=\"twitter:data1\" content=\"&#067;&#072;&#070;&nbsp;450.00\" \/>\n\t<meta name=\"twitter:label2\" content=\"Verf\u00fcgbarkeit\" \/>\n\t<meta name=\"twitter:data2\" content=\"Auf Lager\" \/>\n<script type=\"application\/ld+json\" class=\"yoast-schema-graph\">{\"@context\":\"https:\\\/\\\/schema.org\",\"@graph\":[{\"@type\":\"WebPage\",\"@id\":\"https:\\\/\\\/geno-prog.ch\\\/produit\\\/reparation-ecran-ford\\\/\",\"url\":\"https:\\\/\\\/geno-prog.ch\\\/produit\\\/reparation-ecran-ford\\\/\",\"name\":\"R\u00e9paration Ecran \\\/ Display pour FORD 5\\\" Focus, Kuga, Ranger, Transit, C-Max SYNC -\",\"isPartOf\":{\"@id\":\"https:\\\/\\\/geno-prog.ch\\\/#website\"},\"primaryImageOfPage\":{\"@id\":\"https:\\\/\\\/geno-prog.ch\\\/produit\\\/reparation-ecran-ford\\\/#primaryimage\"},\"image\":{\"@id\":\"https:\\\/\\\/geno-prog.ch\\\/produit\\\/reparation-ecran-ford\\\/#primaryimage\"},\"thumbnailUrl\":\"https:\\\/\\\/geno-prog.ch\\\/wp-content\\\/uploads\\\/2024\\\/12\\\/Capture-decran-2024-12-11-a-14.30.17.png\",\"datePublished\":\"2024-12-11T12:57:37+00:00\",\"dateModified\":\"2024-12-11T13:31:05+00:00\",\"description\":\"R\u00e9paration de votre Syst\u00e8me multim\u00e9dia FORD avec \u00e9cran tactile 5\\\". R\u00e9paration de l'\u00e9cran avec tactile. Ordinateur de bord LCD ou de ghost touch. Suisse\ud83c\udde8\ud83c\udded\",\"breadcrumb\":{\"@id\":\"https:\\\/\\\/geno-prog.ch\\\/produit\\\/reparation-ecran-ford\\\/#breadcrumb\"},\"inLanguage\":\"de\",\"potentialAction\":[{\"@type\":\"ReadAction\",\"target\":[\"https:\\\/\\\/geno-prog.ch\\\/produit\\\/reparation-ecran-ford\\\/\"]}]},{\"@type\":\"ImageObject\",\"inLanguage\":\"de\",\"@id\":\"https:\\\/\\\/geno-prog.ch\\\/produit\\\/reparation-ecran-ford\\\/#primaryimage\",\"url\":\"https:\\\/\\\/geno-prog.ch\\\/wp-content\\\/uploads\\\/2024\\\/12\\\/Capture-decran-2024-12-11-a-14.30.17.png\",\"contentUrl\":\"https:\\\/\\\/geno-prog.ch\\\/wp-content\\\/uploads\\\/2024\\\/12\\\/Capture-decran-2024-12-11-a-14.30.17.png\",\"width\":380,\"height\":246},{\"@type\":\"BreadcrumbList\",\"@id\":\"https:\\\/\\\/geno-prog.ch\\\/produit\\\/reparation-ecran-ford\\\/#breadcrumb\",\"itemListElement\":[{\"@type\":\"ListItem\",\"position\":1,\"name\":\"Accueil\",\"item\":\"https:\\\/\\\/geno-prog.ch\\\/\"},{\"@type\":\"ListItem\",\"position\":2,\"name\":\"T\u00e9l\u00e9chargements\",\"item\":\"https:\\\/\\\/geno-prog.ch\\\/download\\\/\"},{\"@type\":\"ListItem\",\"position\":3,\"name\":\"R\u00e9paration Ecran \\\/ Display pour FORD 5&Prime; Focus, Kuga, Ranger, Transit, C-Max SYNC\"}]},{\"@type\":\"WebSite\",\"@id\":\"https:\\\/\\\/geno-prog.ch\\\/#website\",\"url\":\"https:\\\/\\\/geno-prog.ch\\\/\",\"name\":\"GenoProg\",\"description\":\"Sp\u00e9cialiste en \u00e9lectronique automobile BMW \\\/ MINI\",\"publisher\":{\"@id\":\"https:\\\/\\\/geno-prog.ch\\\/#organization\"},\"potentialAction\":[{\"@type\":\"SearchAction\",\"target\":{\"@type\":\"EntryPoint\",\"urlTemplate\":\"https:\\\/\\\/geno-prog.ch\\\/?s={search_term_string}\"},\"query-input\":{\"@type\":\"PropertyValueSpecification\",\"valueRequired\":true,\"valueName\":\"search_term_string\"}}],\"inLanguage\":\"de\"},{\"@type\":\"Organization\",\"@id\":\"https:\\\/\\\/geno-prog.ch\\\/#organization\",\"name\":\"GenoProg\",\"url\":\"https:\\\/\\\/geno-prog.ch\\\/\",\"logo\":{\"@type\":\"ImageObject\",\"inLanguage\":\"de\",\"@id\":\"https:\\\/\\\/geno-prog.ch\\\/#\\\/schema\\\/logo\\\/image\\\/\",\"url\":\"https:\\\/\\\/geno-prog.ch\\\/wp-content\\\/uploads\\\/2020\\\/03\\\/GenoProg_long.png\",\"contentUrl\":\"https:\\\/\\\/geno-prog.ch\\\/wp-content\\\/uploads\\\/2020\\\/03\\\/GenoProg_long.png\",\"width\":3086,\"height\":803,\"caption\":\"GenoProg\"},\"image\":{\"@id\":\"https:\\\/\\\/geno-prog.ch\\\/#\\\/schema\\\/logo\\\/image\\\/\"},\"sameAs\":[\"https:\\\/\\\/www.facebook.com\\\/genoprog\",\"https:\\\/\\\/www.instagram.com\\\/genoprog\\\/\",\"https:\\\/\\\/www.youtube.com\\\/channel\\\/UC5a5VYzbWdsHNYm2Qtu1F2w\"]}]}<\/script>\n<meta property=\"product:brand\" content=\"external\" \/>\n<meta property=\"product:price:amount\" content=\"450.00\" \/>\n<meta property=\"product:price:currency\" content=\"CHF\" \/>\n<meta property=\"og:availability\" content=\"instock\" \/>\n<meta property=\"product:availability\" content=\"instock\" \/>\n<meta property=\"product:condition\" content=\"new\" \/>\n<!-- \/ Yoast SEO Premium plugin. -->","yoast_head_json":{"title":"Reparatur Bildschirm \/ Display f\u00fcr FORD 5\" Focus, Kuga, Ranger, Transit, C-Max SYNC - - - - - - - - - - - - - - - - - - - - - - - - -.","description":"Reparatur Ihres FORD Multimedia-Systems mit 5\"-Touchscreen. Reparatur des Bildschirms mit Touchscreen. LCD- oder Ghost-Touch-Bordcomputer. Suisse\ud83c\udde8\ud83c\udded","robots":{"index":"index","follow":"follow","max-snippet":"max-snippet:-1","max-image-preview":"max-image-preview:large","max-video-preview":"max-video-preview:-1"},"canonical":"https:\/\/geno-prog.ch\/de\/produkt\/reparatur-von-bildschirmen-ford\/","og_locale":"de_DE","og_type":"article","og_title":"R\u00e9paration Ecran \/ Display pour FORD 5\" Focus, Kuga, Ranger, Transit, C-Max SYNC","og_description":"R\u00e9paration de votre Syst\u00e8me multim\u00e9dia FORD avec \u00e9cran tactile 5\". R\u00e9paration de l'\u00e9cran avec tactile. Ordinateur de bord LCD ou de ghost touch. Suisse\ud83c\udde8\ud83c\udded","og_url":"https:\/\/geno-prog.ch\/de\/produkt\/reparatur-von-bildschirmen-ford\/","og_site_name":"GenoProg","article_publisher":"https:\/\/www.facebook.com\/genoprog","article_modified_time":"2024-12-11T13:31:05+00:00","og_image":[{"width":380,"height":246,"url":"https:\/\/geno-prog.ch\/wp-content\/uploads\/2024\/12\/Capture-decran-2024-12-11-a-14.30.17.png","type":"image\/png"}],"twitter_card":"summary_large_image","twitter_misc":{"Preis":"&#67;&#72;&#70;&nbsp;450.00","Verf\u00fcgbarkeit":"Auf Lager"},"schema":{"@context":"https:\/\/schema.org","@graph":[{"@type":"WebPage","@id":"https:\/\/geno-prog.ch\/produit\/reparation-ecran-ford\/","url":"https:\/\/geno-prog.ch\/produit\/reparation-ecran-ford\/","name":"Reparatur Bildschirm \/ Display f\u00fcr FORD 5\" Focus, Kuga, Ranger, Transit, C-Max SYNC - - - - - - - - - - - - - - - - - - - - - - - - -.","isPartOf":{"@id":"https:\/\/geno-prog.ch\/#website"},"primaryImageOfPage":{"@id":"https:\/\/geno-prog.ch\/produit\/reparation-ecran-ford\/#primaryimage"},"image":{"@id":"https:\/\/geno-prog.ch\/produit\/reparation-ecran-ford\/#primaryimage"},"thumbnailUrl":"https:\/\/geno-prog.ch\/wp-content\/uploads\/2024\/12\/Capture-decran-2024-12-11-a-14.30.17.png","datePublished":"2024-12-11T12:57:37+00:00","dateModified":"2024-12-11T13:31:05+00:00","description":"Reparatur Ihres FORD Multimedia-Systems mit 5\"-Touchscreen. Reparatur des Bildschirms mit Touchscreen. LCD- oder Ghost-Touch-Bordcomputer. Suisse\ud83c\udde8\ud83c\udded","breadcrumb":{"@id":"https:\/\/geno-prog.ch\/produit\/reparation-ecran-ford\/#breadcrumb"},"inLanguage":"de","potentialAction":[{"@type":"ReadAction","target":["https:\/\/geno-prog.ch\/produit\/reparation-ecran-ford\/"]}]},{"@type":"ImageObject","inLanguage":"de","@id":"https:\/\/geno-prog.ch\/produit\/reparation-ecran-ford\/#primaryimage","url":"https:\/\/geno-prog.ch\/wp-content\/uploads\/2024\/12\/Capture-decran-2024-12-11-a-14.30.17.png","contentUrl":"https:\/\/geno-prog.ch\/wp-content\/uploads\/2024\/12\/Capture-decran-2024-12-11-a-14.30.17.png","width":380,"height":246},{"@type":"BreadcrumbList","@id":"https:\/\/geno-prog.ch\/produit\/reparation-ecran-ford\/#breadcrumb","itemListElement":[{"@type":"ListItem","position":1,"name":"Accueil","item":"https:\/\/geno-prog.ch\/"},{"@type":"ListItem","position":2,"name":"T\u00e9l\u00e9chargements","item":"https:\/\/geno-prog.ch\/download\/"},{"@type":"ListItem","position":3,"name":"R\u00e9paration Ecran \/ Display pour FORD 5&Prime; Focus, Kuga, Ranger, Transit, C-Max SYNC"}]},{"@type":"WebSite","@id":"https:\/\/geno-prog.ch\/#website","url":"https:\/\/geno-prog.ch\/","name":"GenoProg","description":"Fachkraft f\u00fcr Kraftfahrzeugelektronik BMW \/ MINI","publisher":{"@id":"https:\/\/geno-prog.ch\/#organization"},"potentialAction":[{"@type":"SearchAction","target":{"@type":"EntryPoint","urlTemplate":"https:\/\/geno-prog.ch\/?s={search_term_string}"},"query-input":{"@type":"PropertyValueSpecification","valueRequired":true,"valueName":"search_term_string"}}],"inLanguage":"de"},{"@type":"Organization","@id":"https:\/\/geno-prog.ch\/#organization","name":"GenoProg","url":"https:\/\/geno-prog.ch\/","logo":{"@type":"ImageObject","inLanguage":"de","@id":"https:\/\/geno-prog.ch\/#\/schema\/logo\/image\/","url":"https:\/\/geno-prog.ch\/wp-content\/uploads\/2020\/03\/GenoProg_long.png","contentUrl":"https:\/\/geno-prog.ch\/wp-content\/uploads\/2020\/03\/GenoProg_long.png","width":3086,"height":803,"caption":"GenoProg"},"image":{"@id":"https:\/\/geno-prog.ch\/#\/schema\/logo\/image\/"},"sameAs":["https:\/\/www.facebook.com\/genoprog","https:\/\/www.instagram.com\/genoprog\/","https:\/\/www.youtube.com\/channel\/UC5a5VYzbWdsHNYm2Qtu1F2w"]}]},"product_brand":"external","product_price_amount":"450.00","product_price_currency":"CHF","og_availability":"instock","product_availability":"instock","product_condition":"new"},"_links":{"self":[{"href":"https:\/\/geno-prog.ch\/de\/wp-json\/wp\/v2\/product\/34116","targetHints":{"allow":["GET"]}}],"collection":[{"href":"https:\/\/geno-prog.ch\/de\/wp-json\/wp\/v2\/product"}],"about":[{"href":"https:\/\/geno-prog.ch\/de\/wp-json\/wp\/v2\/types\/product"}],"wp:featuredmedia":[{"embeddable":true,"href":"https:\/\/geno-prog.ch\/de\/wp-json\/wp\/v2\/media\/34117"}],"wp:attachment":[{"href":"https:\/\/geno-prog.ch\/de\/wp-json\/wp\/v2\/media?parent=34116"}],"wp:term":[{"taxonomy":"product_brand","embeddable":true,"href":"https:\/\/geno-prog.ch\/de\/wp-json\/wp\/v2\/product_brand?post=34116"},{"taxonomy":"product_cat","embeddable":true,"href":"https:\/\/geno-prog.ch\/de\/wp-json\/wp\/v2\/product_cat?post=34116"},{"taxonomy":"product_tag","embeddable":true,"href":"https:\/\/geno-prog.ch\/de\/wp-json\/wp\/v2\/product_tag?post=34116"}],"curies":[{"name":"wp","href":"https:\/\/api.w.org\/{rel}","templated":true}]}}