{"id":33854,"date":"2023-10-22T16:41:58","date_gmt":"2023-10-22T14:41:58","guid":{"rendered":"https:\/\/geno-prog.ch\/?post_type=product&#038;p=33854"},"modified":"2026-01-12T14:45:21","modified_gmt":"2026-01-12T13:45:21","slug":"ersatzdienst-reparatur-fehler-sos-idrive-bmw","status":"publish","type":"product","link":"https:\/\/geno-prog.ch\/de\/produkt\/ersatzdienst-reparatur-fehler-sos-idrive-bmw\/","title":{"rendered":"Fehlerbehebung \" Notrufsystem nicht verf\u00fcgbar \" BMW"},"content":{"rendered":"<section class=\"emergency-call-article\">\n<blockquote><p>Wenn Ihr iDrive-System in Ihrem BMW oder MINI die Meldung anzeigt<br \/>\n<strong>\u00abNotrufsystem nicht verf\u00fcgbar\u00bb<\/strong>, Wenn Sie sich nicht sicher sind, ob der Akku funktioniert, kann dies an einem defekten internen Akku liegen.<br \/>\nim Telematikmodul (TCB \/ ATM, etc.), oder seltener von einem anderen Element des Systems.<\/p><\/blockquote>\n<h2 class=\"p1\">Welche Pannen sind m\u00f6glich?<\/h2>\n<p class=\"p1\">Wir sto\u00dfen mehrheitlich auf folgende Probleme:<\/p>\n<ul>\n<li>Interne Batterie des Telematikmoduls defekt<\/li>\n<li>Defektes Telematikmodul<\/li>\n<li>Defekte Antenne<\/li>\n<li>Defekter Kabelbaum der Deckenleuchte oder Stecker<\/li>\n<\/ul>\n<h2 class=\"p1\">Wie kann ich feststellen, ob es sich um einen Defekt der Batterie, des Moduls, der Antenne oder eines anderen an das Multimediasystem angeschlossenen Elements handelt?<\/h2>\n<p class=\"p1\">Erfahrungsgem\u00e4\u00df, wenn der Fehler sporadisch auftritt, verschwindet und dann h\u00e4ufiger wiederkehrt oder dauerhaft wird,<br \/>\nhandelt es sich oft um ein Problem mit der internen Batterie.<\/p>\n<p class=\"p1\"><strong>Erkl\u00e4rung :<\/strong><\/p>\n<p class=\"p1\">Bei einem Unfall kann die Hauptstromversorgung des Fahrzeugs unterbrochen werden, was einen Notruf verhindert.<br \/>\nUm dies zu verhindern, ist das Modul mit einer internen Batterie ausgestattet. Sie sorgt daf\u00fcr, dass das System funktioniert und einen Notruf absetzen kann<br \/>\nauch ohne Hauptstromversorgung. Wie bei jeder Batterie ist ihre Lebensdauer begrenzt.<\/p>\n<p class=\"p1\">Dieses Problem tritt h\u00e4ufig bei kaltem Wetter oder nach einer l\u00e4ngeren Zeit auf, in der das Fahrzeug nicht benutzt wurde.<br \/>\nEr kann jedoch auch pl\u00f6tzlich auftreten. Eine Batterie wird nicht immer sofort defekt :<br \/>\nseine Kapazit\u00e4t mit der Zeit abnimmt.<\/p>\n<p class=\"p1\">Der im Kombiinstrument angezeigte Fehler kann nach einigen Fahrten vor\u00fcbergehend verschwinden,<br \/>\nweil das Fahrzeug die interne Batterie aufl\u00e4dt. Dennoch wird das Problem fr\u00fcher oder sp\u00e4ter wieder auftreten<br \/>\n(in einem Tag, einer Woche oder einem Monat).<\/p>\n<h2 class=\"p1\">Wie viel kostet der Austausch des internen Akkus?<\/h2>\n<p class=\"p1\">Je nach Generation der Telematikeinheit und Modell kann der Preis leicht variieren.<br \/>\nDie Batterie selbst kostet etwa 100 Franken. Sie ist jedoch nicht immer leicht zug\u00e4nglich und<br \/>\nbedeutet je nach Modell und Ausstattung des Fahrzeugs einen mehr oder weniger gro\u00dfen Aufwand f\u00fcr die Demontage.<\/p>\n<p class=\"p1\"><strong>Erkl\u00e4rung :<\/strong><\/p>\n<p class=\"p1\">Das Telematikmodul befindet sich oft unter dem Kofferraumdeckel oder unter dem Dachhimmel.<br \/>\nDer Ausbau des Dachhimmels kann daher erforderlich sein. Die Option eines Schiebedachs kann manchmal von Vorteil sein,<br \/>\nda sie eine vollst\u00e4ndige Demontage vermeidet, wenn der Zugang zum Modul ausreichend ist.<\/p>\n<p class=\"p1\">Zur Orientierung: Der Preis f\u00fcr einen Batteriewechsel bei einem ATM-Modul einer Serie 7 G11 liegt in der Regel bei<br \/>\n<strong>CHF 260.-<\/strong> (einschlie\u00dflich Montage). Ca. <strong>CHF 320.-<\/strong> f\u00fcr einen X3 G01.<\/p>\n<h2 class=\"p1\">Wo kann ich diesen Akku kaufen?<\/h2>\n<p class=\"p1\">Wenn Sie den Austausch selbst vornehmen m\u00f6chten und sich sicher sind, dass der Fehler vorliegt,<br \/>\nk\u00f6nnen wir Ihnen bald die passende Batterie f\u00fcr Ihr Fahrzeug liefern, <strong>neu<\/strong>, <strong>Herkunft<\/strong><br \/>\nund aus einem aktuellen Lagerbestand stammend. Der Preis liegt je nach Modell bei etwa 100 Franken.<br \/>\nWir arbeiten an einem automatisierten Bestellprozess, der in K\u00fcrze verf\u00fcgbar sein wird.<\/p>\n<hr \/>\n<h2 class=\"p1\">Anpassung der Nachricht aufgrund von Entwicklungen bei der Netzwerksynchronisation in der Schweiz<\/h2>\n<p class=\"p1\">Aufgrund der Entwicklungen der mobilen Telekommunikationsinfrastruktur in der Schweiz werden einige BMW- und MINI-Fahrzeuge<br \/>\nnicht mehr in der Lage sind, eine vollst\u00e4ndige Synchronisation zwischen dem Telematikmodul und dem aktuellen Mobilfunknetz zu gew\u00e4hrleisten.<\/p>\n<p class=\"p1\">Diese Situation kann dazu f\u00fchren, dass die Meldung dauerhaft angezeigt wird:<br \/>\n<strong>\u00abNotrufsystem nicht verf\u00fcgbar\u00bb<\/strong>.<\/p>\n<p class=\"p1\">Bei einigen Modellen und Generationen von Telematikmodulen ist diese fehlende Synchronisation weder auf einen Hardwarefehler zur\u00fcckzuf\u00fchren,<br \/>\nnoch auf ein Versagen des Fahrzeugs, sondern auf eine funktionale Inkompatibilit\u00e4t mit dem in Betrieb befindlichen Mobilfunknetz zur\u00fcckzuf\u00fchren.<\/p>\n<h3 class=\"p1\">M\u00f6gliche Intervention<\/h3>\n<p class=\"p1\">In diesen F\u00e4llen ist eine <strong>Anpassung der Fahrzeugeinstellungen<\/strong> kann durchgef\u00fchrt werden, um :<\/p>\n<ul>\n<li>die immer wiederkehrende Anzeige der Warnmeldung beseitigen,<\/li>\n<li>das Auswechseln von Komponenten ohne Auswirkungen auf die Netzwerksynchronisation vermeiden,<\/li>\n<li>eine einheitliche Anzeige im Kombiinstrument wiederherstellen.<\/li>\n<\/ul>\n<p class=\"p1\">Diese Intervention wird nur durchgef\u00fchrt, nachdem \u00fcberpr\u00fcft wurde, dass :<\/p>\n<ul>\n<li>das Telematikmodul vorhanden und richtig angeschlossen ist,<\/li>\n<li>keine Hardwareausf\u00e4lle (Batterie, Antenne, Kabelbaum) festgestellt werden,<\/li>\n<li>der Fehler liegt darin, dass die Synchronisation mit dem Netzwerk nicht m\u00f6glich ist.<\/li>\n<\/ul>\n<p class=\"p1\"><strong>Pauschaltarif :<\/strong> <strong>CHF 300.-<\/strong> (einschlie\u00dflich Kontrolle und Intervention).<\/p>\n<p class=\"p1\"><em>Information :<\/em> diese Intervention zielt ausschlie\u00dflich darauf ab, die Folgen einer Entwicklung au\u00dferhalb der Automobilbranche zu behandeln<br \/>\n(Mobilfunknetzinfrastruktur) und stellt keine Reparatur eines mechanischen oder elektronischen Defekts des Fahrzeugs dar.<\/p>\n<hr \/>\n<h2 class=\"p1\">Was ist, wenn die St\u00f6rung vom Telematikmodul ausgeht?<\/h2>\n<p class=\"p1\">Es gibt mehrere Generationen von Telematikmodulen in Fahrzeugen der BMW Group: TCU, Combox, TCB, ATM, Wave usw.<\/p>\n<p class=\"p1\">Ohne ins Detail zu gehen, f\u00fchrt die Entwicklung des Telekomnetzes zur Modernisierung und zum Bedarf an neuen Generationen<br \/>\n(verbundene Dienste, 4G, 5G\/LTE usw.).<\/p>\n<p class=\"p1\">Erfahrungsgem\u00e4\u00df sind defekte Module ohne \u00e4u\u00dfere Ursache selten. H\u00e4ufig liegt das Problem in einem Wassereintritt,<br \/>\nvor allem, wenn das Telematikmodul unter dem Dachhimmel angebracht ist. Wenn das Fahrzeug mit einem Panoramadach ausgestattet ist,<br \/>\neine schlechte Abdichtung kann das Modul besch\u00e4digen. Au\u00dferdem k\u00f6nnen Dachantennen, die bei Reparaturen oder Arbeiten abmontiert wurden<br \/>\nKarosserieteilen, neigen h\u00e4ufig dazu, sp\u00e4ter Wasser durchzulassen.<\/p>\n<h2 class=\"p1\">Wie viel kostet der Austausch des Telematikmoduls?<\/h2>\n<p class=\"p1\">Da das Modul eine SIM-Karte und eine eindeutige Identifikationsnummer (IMEI) enth\u00e4lt, bieten wir keine alternative L\u00f6sung an<br \/>\nzum neuen Modul aus der Fabrik f\u00fcr Ihre Fahrgestellnummer. Der Preis f\u00fcr ein neues Modul liegt in der Regel zwischen<br \/>\n<strong>CHF 800.-<\/strong> und <strong>CHF 1300.-<\/strong> (ohne Arbeit und Programmierung\/Codierung).<\/p>\n<p class=\"p1\">Vor dem Austausch empfehlen wir dringend, das Modul zu zerlegen, um zu pr\u00fcfen, ob ein Wassereintritt die Ursache f\u00fcr den Defekt ist.<br \/>\nOhne diese \u00dcberpr\u00fcfung k\u00f6nnte ein neues Modul erneut Schaden nehmen.<\/p>\n<h2 class=\"p1\">Kann die Antenne defekt sein?<\/h2>\n<p class=\"p1\">Eine defekte Antenne ist eher selten. Allerdings sind die Kontakte an den Anschl\u00fcssen sehr empfindlich.<br \/>\nBei einem \u201cblinden\u201d Austausch ohne ausreichende Demontage k\u00f6nnen sie ebenso wie das angeschlossene ATM-Modul besch\u00e4digt werden.<br \/>\nWir weisen Sie daher besonders darauf hin, wenn Sie sich entscheiden, den Akku selbst auszutauschen.<\/p>\n<h2 class=\"p1\">Ist der Strahl defekt?<\/h2>\n<p class=\"p1\">Bei einem Originalfahrzeug, das nie ver\u00e4ndert oder auseinandergebaut wurde, ist das Risiko, dass diese Quelle eine Rolle spielt, relativ gering.<\/p>\n<h2 class=\"p1\">H\u00e4ufige Fehlercodes<\/h2>\n<ul>\n<li class=\"p1\"><span class=\"s1\">B7F341 Notstrombatterie: Hardware defekt.<\/span><\/li>\n<li class=\"p1\"><span class=\"s1\">B7F343 Notstrombatterie: Wechselintervall erreicht.<\/span><\/li>\n<li class=\"p1\"><span class=\"s1\">S8411 Funktionale Einschr\u00e4nkung von ConnectedDrive TCB.<\/span><\/li>\n<\/ul>\n<p class=\"p1\">F\u00fcr BMW: Serie 1, 2, 5, 6, 7, 8, X1, X3, X5 - Teilenummer: 2447710, 84102447710<\/p>\n<div class=\"p1\" style=\"margin-top: 16px;\">\n<blockquote class=\"wp-embedded-content\" data-secret=\"b0QIvo8t9x\"><p><a href=\"https:\/\/geno-prog.ch\/de\/produkt\/reparaturdienst-frm3-bmw-frm-repair\/\">Reparatur Fussraummodul FRM BMW \/ MINI \/ FRM Repair<\/a><\/p><\/blockquote>\n<p><iframe loading=\"lazy\" class=\"wp-embedded-content\" sandbox=\"allow-scripts\" security=\"restricted\" style=\"position: absolute; visibility: hidden;\" title=\"&quot;Reparatur des Beleuchtungsgeh\u00e4uses BMW \/ MINI \/ FRM Repair&quot; - GenoProg\" src=\"https:\/\/geno-prog.ch\/produit\/service-de-reparation-frm3-bmw-frm-repair\/embed\/#?secret=ytQkp1KExn#?secret=b0QIvo8t9x\" data-secret=\"b0QIvo8t9x\" width=\"600\" height=\"338\" frameborder=\"0\" marginwidth=\"0\" marginheight=\"0\" scrolling=\"no\"><\/iframe><\/p>\n<\/div>\n<\/section>","protected":false},"excerpt":{"rendered":"<p>Wir haben das Wichtigste zu diesem Problem zusammengefasst. Die Erkl\u00e4rungen finden Sie weiter unten.<\/p>","protected":false},"featured_media":34142,"template":"","meta":{"_et_pb_use_builder":"","_et_pb_old_content":"","_et_gb_content_width":""},"product_brand":[],"product_cat":[91],"product_tag":[],"class_list":{"0":"post-33854","1":"product","2":"type-product","3":"status-publish","4":"has-post-thumbnail","6":"product_cat-reparation","8":"first","9":"instock","10":"shipping-taxable","11":"product-type-external"},"yoast_head":"<!-- This site is optimized with the Yoast SEO Premium plugin v26.5 (Yoast SEO v27.3) - https:\/\/yoast.com\/product\/yoast-seo-premium-wordpress\/ -->\n<title>R\u00e9paration panne &quot;Syst\u00e8me appel d&#039;urgence indisponible&quot; BMW -<\/title>\n<meta name=\"description\" content=\"R\u00e9paration &amp; Suppression panne du syst\u00e8me d&#039;appel d\u2019urgence sur votre BMW ou MINI. Pour module t\u00e9l\u00e9matique TCB et ATM (NBT EVO ID5\/ID6). B7F341 B7F343 Batterie \ud83d\udd0b \ud83d\udd0c \u267b\ufe0f\" \/>\n<meta name=\"robots\" content=\"index, follow, max-snippet:-1, max-image-preview:large, max-video-preview:-1\" \/>\n<link rel=\"canonical\" href=\"https:\/\/geno-prog.ch\/de\/produkt\/ersatzdienst-reparatur-fehler-sos-idrive-bmw\/\" \/>\n<meta property=\"og:locale\" content=\"de_DE\" \/>\n<meta property=\"og:type\" content=\"article\" \/>\n<meta property=\"og:title\" content=\"R\u00e9paration panne &quot;Syst\u00e8me appel d&#039;urgence indisponible&quot; BMW\" \/>\n<meta property=\"og:description\" content=\"R\u00e9paration &amp; Suppression panne du syst\u00e8me d&#039;appel d\u2019urgence sur votre BMW ou MINI. Pour module t\u00e9l\u00e9matique TCB et ATM (NBT EVO ID5\/ID6). B7F341 B7F343 Batterie \ud83d\udd0b \ud83d\udd0c \u267b\ufe0f\" \/>\n<meta property=\"og:url\" content=\"https:\/\/geno-prog.ch\/de\/produkt\/ersatzdienst-reparatur-fehler-sos-idrive-bmw\/\" \/>\n<meta property=\"og:site_name\" content=\"GenoProg\" \/>\n<meta property=\"article:publisher\" content=\"https:\/\/www.facebook.com\/genoprog\" \/>\n<meta property=\"article:modified_time\" content=\"2026-01-12T13:45:21+00:00\" \/>\n<meta property=\"og:image\" content=\"https:\/\/geno-prog.ch\/wp-content\/uploads\/2023\/10\/Erreur-appel-urgence-BMW-.jpg\" \/>\n\t<meta property=\"og:image:width\" content=\"940\" \/>\n\t<meta property=\"og:image:height\" content=\"283\" \/>\n\t<meta property=\"og:image:type\" content=\"image\/jpeg\" \/>\n<meta name=\"twitter:card\" content=\"summary_large_image\" \/>\n<meta name=\"twitter:label1\" content=\"Preis\" \/>\n\t<meta name=\"twitter:data1\" content=\"&#067;&#072;&#070;&nbsp;260.00\" \/>\n\t<meta name=\"twitter:label2\" content=\"Verf\u00fcgbarkeit\" \/>\n\t<meta name=\"twitter:data2\" content=\"Auf Lager\" \/>\n<script type=\"application\/ld+json\" class=\"yoast-schema-graph\">{\"@context\":\"https:\\\/\\\/schema.org\",\"@graph\":[{\"@type\":\"WebPage\",\"@id\":\"https:\\\/\\\/geno-prog.ch\\\/produit\\\/service-de-remplacement-reparation-erreur-sos-idrive-bmw\\\/\",\"url\":\"https:\\\/\\\/geno-prog.ch\\\/produit\\\/service-de-remplacement-reparation-erreur-sos-idrive-bmw\\\/\",\"name\":\"R\u00e9paration panne \\\"Syst\u00e8me appel d'urgence indisponible\\\" BMW -\",\"isPartOf\":{\"@id\":\"https:\\\/\\\/geno-prog.ch\\\/#website\"},\"primaryImageOfPage\":{\"@id\":\"https:\\\/\\\/geno-prog.ch\\\/produit\\\/service-de-remplacement-reparation-erreur-sos-idrive-bmw\\\/#primaryimage\"},\"image\":{\"@id\":\"https:\\\/\\\/geno-prog.ch\\\/produit\\\/service-de-remplacement-reparation-erreur-sos-idrive-bmw\\\/#primaryimage\"},\"thumbnailUrl\":\"https:\\\/\\\/geno-prog.ch\\\/wp-content\\\/uploads\\\/2023\\\/10\\\/Erreur-appel-urgence-BMW-.jpg\",\"datePublished\":\"2023-10-22T14:41:58+00:00\",\"dateModified\":\"2026-01-12T13:45:21+00:00\",\"description\":\"R\u00e9paration & Suppression panne du syst\u00e8me d'appel d\u2019urgence sur votre BMW ou MINI. Pour module t\u00e9l\u00e9matique TCB et ATM (NBT EVO ID5\\\/ID6). B7F341 B7F343 Batterie \ud83d\udd0b \ud83d\udd0c \u267b\ufe0f\",\"breadcrumb\":{\"@id\":\"https:\\\/\\\/geno-prog.ch\\\/produit\\\/service-de-remplacement-reparation-erreur-sos-idrive-bmw\\\/#breadcrumb\"},\"inLanguage\":\"de\",\"potentialAction\":[{\"@type\":\"ReadAction\",\"target\":[\"https:\\\/\\\/geno-prog.ch\\\/produit\\\/service-de-remplacement-reparation-erreur-sos-idrive-bmw\\\/\"]}]},{\"@type\":\"ImageObject\",\"inLanguage\":\"de\",\"@id\":\"https:\\\/\\\/geno-prog.ch\\\/produit\\\/service-de-remplacement-reparation-erreur-sos-idrive-bmw\\\/#primaryimage\",\"url\":\"https:\\\/\\\/geno-prog.ch\\\/wp-content\\\/uploads\\\/2023\\\/10\\\/Erreur-appel-urgence-BMW-.jpg\",\"contentUrl\":\"https:\\\/\\\/geno-prog.ch\\\/wp-content\\\/uploads\\\/2023\\\/10\\\/Erreur-appel-urgence-BMW-.jpg\",\"width\":940,\"height\":283},{\"@type\":\"BreadcrumbList\",\"@id\":\"https:\\\/\\\/geno-prog.ch\\\/produit\\\/service-de-remplacement-reparation-erreur-sos-idrive-bmw\\\/#breadcrumb\",\"itemListElement\":[{\"@type\":\"ListItem\",\"position\":1,\"name\":\"Accueil\",\"item\":\"https:\\\/\\\/geno-prog.ch\\\/\"},{\"@type\":\"ListItem\",\"position\":2,\"name\":\"T\u00e9l\u00e9chargements\",\"item\":\"https:\\\/\\\/geno-prog.ch\\\/download\\\/\"},{\"@type\":\"ListItem\",\"position\":3,\"name\":\"R\u00e9paration panne \u00ab\u00a0Syst\u00e8me appel d&rsquo;urgence indisponible\u00a0\u00bb BMW\"}]},{\"@type\":\"WebSite\",\"@id\":\"https:\\\/\\\/geno-prog.ch\\\/#website\",\"url\":\"https:\\\/\\\/geno-prog.ch\\\/\",\"name\":\"GenoProg\",\"description\":\"Sp\u00e9cialiste en \u00e9lectronique automobile BMW \\\/ MINI\",\"publisher\":{\"@id\":\"https:\\\/\\\/geno-prog.ch\\\/#organization\"},\"potentialAction\":[{\"@type\":\"SearchAction\",\"target\":{\"@type\":\"EntryPoint\",\"urlTemplate\":\"https:\\\/\\\/geno-prog.ch\\\/?s={search_term_string}\"},\"query-input\":{\"@type\":\"PropertyValueSpecification\",\"valueRequired\":true,\"valueName\":\"search_term_string\"}}],\"inLanguage\":\"de\"},{\"@type\":\"Organization\",\"@id\":\"https:\\\/\\\/geno-prog.ch\\\/#organization\",\"name\":\"GenoProg\",\"url\":\"https:\\\/\\\/geno-prog.ch\\\/\",\"logo\":{\"@type\":\"ImageObject\",\"inLanguage\":\"de\",\"@id\":\"https:\\\/\\\/geno-prog.ch\\\/#\\\/schema\\\/logo\\\/image\\\/\",\"url\":\"https:\\\/\\\/geno-prog.ch\\\/wp-content\\\/uploads\\\/2020\\\/03\\\/GenoProg_long.png\",\"contentUrl\":\"https:\\\/\\\/geno-prog.ch\\\/wp-content\\\/uploads\\\/2020\\\/03\\\/GenoProg_long.png\",\"width\":3086,\"height\":803,\"caption\":\"GenoProg\"},\"image\":{\"@id\":\"https:\\\/\\\/geno-prog.ch\\\/#\\\/schema\\\/logo\\\/image\\\/\"},\"sameAs\":[\"https:\\\/\\\/www.facebook.com\\\/genoprog\",\"https:\\\/\\\/www.instagram.com\\\/genoprog\\\/\",\"https:\\\/\\\/www.youtube.com\\\/channel\\\/UC5a5VYzbWdsHNYm2Qtu1F2w\"]}]}<\/script>\n<meta property=\"product:brand\" content=\"external\" \/>\n<meta property=\"product:price:amount\" content=\"260.00\" \/>\n<meta property=\"product:price:currency\" content=\"CHF\" \/>\n<meta property=\"og:availability\" content=\"instock\" \/>\n<meta property=\"product:availability\" content=\"instock\" \/>\n<meta property=\"product:condition\" content=\"new\" \/>\n<!-- \/ Yoast SEO Premium plugin. -->","yoast_head_json":{"title":"Behebung der Panne \"Notrufsystem nicht verf\u00fcgbar\" BMW - - - - - - - - - - - - - - - - -.","description":"Reparatur &amp; Fehlerbehebung des Notrufsystems in Ihrem BMW oder MINI. F\u00fcr Telematikmodul TCB und ATM (NBT EVO ID5\/ID6). B7F341 B7F343 Batterie \ud83d\udd0b \ud83d\udd0c \u267b\ufe0f","robots":{"index":"index","follow":"follow","max-snippet":"max-snippet:-1","max-image-preview":"max-image-preview:large","max-video-preview":"max-video-preview:-1"},"canonical":"https:\/\/geno-prog.ch\/de\/produkt\/ersatzdienst-reparatur-fehler-sos-idrive-bmw\/","og_locale":"de_DE","og_type":"article","og_title":"R\u00e9paration panne \"Syst\u00e8me appel d'urgence indisponible\" BMW","og_description":"R\u00e9paration & Suppression panne du syst\u00e8me d'appel d\u2019urgence sur votre BMW ou MINI. Pour module t\u00e9l\u00e9matique TCB et ATM (NBT EVO ID5\/ID6). B7F341 B7F343 Batterie \ud83d\udd0b \ud83d\udd0c \u267b\ufe0f","og_url":"https:\/\/geno-prog.ch\/de\/produkt\/ersatzdienst-reparatur-fehler-sos-idrive-bmw\/","og_site_name":"GenoProg","article_publisher":"https:\/\/www.facebook.com\/genoprog","article_modified_time":"2026-01-12T13:45:21+00:00","og_image":[{"width":940,"height":283,"url":"https:\/\/geno-prog.ch\/wp-content\/uploads\/2023\/10\/Erreur-appel-urgence-BMW-.jpg","type":"image\/jpeg"}],"twitter_card":"summary_large_image","twitter_misc":{"Preis":"&#67;&#72;&#70;&nbsp;260.00","Verf\u00fcgbarkeit":"Auf Lager"},"schema":{"@context":"https:\/\/schema.org","@graph":[{"@type":"WebPage","@id":"https:\/\/geno-prog.ch\/produit\/service-de-remplacement-reparation-erreur-sos-idrive-bmw\/","url":"https:\/\/geno-prog.ch\/produit\/service-de-remplacement-reparation-erreur-sos-idrive-bmw\/","name":"Behebung der Panne \"Notrufsystem nicht verf\u00fcgbar\" BMW - - - - - - - - - - - - - - - - -.","isPartOf":{"@id":"https:\/\/geno-prog.ch\/#website"},"primaryImageOfPage":{"@id":"https:\/\/geno-prog.ch\/produit\/service-de-remplacement-reparation-erreur-sos-idrive-bmw\/#primaryimage"},"image":{"@id":"https:\/\/geno-prog.ch\/produit\/service-de-remplacement-reparation-erreur-sos-idrive-bmw\/#primaryimage"},"thumbnailUrl":"https:\/\/geno-prog.ch\/wp-content\/uploads\/2023\/10\/Erreur-appel-urgence-BMW-.jpg","datePublished":"2023-10-22T14:41:58+00:00","dateModified":"2026-01-12T13:45:21+00:00","description":"Reparatur &amp; Fehlerbehebung des Notrufsystems in Ihrem BMW oder MINI. F\u00fcr Telematikmodul TCB und ATM (NBT EVO ID5\/ID6). B7F341 B7F343 Batterie \ud83d\udd0b \ud83d\udd0c \u267b\ufe0f","breadcrumb":{"@id":"https:\/\/geno-prog.ch\/produit\/service-de-remplacement-reparation-erreur-sos-idrive-bmw\/#breadcrumb"},"inLanguage":"de","potentialAction":[{"@type":"ReadAction","target":["https:\/\/geno-prog.ch\/produit\/service-de-remplacement-reparation-erreur-sos-idrive-bmw\/"]}]},{"@type":"ImageObject","inLanguage":"de","@id":"https:\/\/geno-prog.ch\/produit\/service-de-remplacement-reparation-erreur-sos-idrive-bmw\/#primaryimage","url":"https:\/\/geno-prog.ch\/wp-content\/uploads\/2023\/10\/Erreur-appel-urgence-BMW-.jpg","contentUrl":"https:\/\/geno-prog.ch\/wp-content\/uploads\/2023\/10\/Erreur-appel-urgence-BMW-.jpg","width":940,"height":283},{"@type":"BreadcrumbList","@id":"https:\/\/geno-prog.ch\/produit\/service-de-remplacement-reparation-erreur-sos-idrive-bmw\/#breadcrumb","itemListElement":[{"@type":"ListItem","position":1,"name":"Accueil","item":"https:\/\/geno-prog.ch\/"},{"@type":"ListItem","position":2,"name":"T\u00e9l\u00e9chargements","item":"https:\/\/geno-prog.ch\/download\/"},{"@type":"ListItem","position":3,"name":"R\u00e9paration panne \u00ab\u00a0Syst\u00e8me appel d&rsquo;urgence indisponible\u00a0\u00bb BMW"}]},{"@type":"WebSite","@id":"https:\/\/geno-prog.ch\/#website","url":"https:\/\/geno-prog.ch\/","name":"GenoProg","description":"Fachkraft f\u00fcr Kraftfahrzeugelektronik BMW \/ MINI","publisher":{"@id":"https:\/\/geno-prog.ch\/#organization"},"potentialAction":[{"@type":"SearchAction","target":{"@type":"EntryPoint","urlTemplate":"https:\/\/geno-prog.ch\/?s={search_term_string}"},"query-input":{"@type":"PropertyValueSpecification","valueRequired":true,"valueName":"search_term_string"}}],"inLanguage":"de"},{"@type":"Organization","@id":"https:\/\/geno-prog.ch\/#organization","name":"GenoProg","url":"https:\/\/geno-prog.ch\/","logo":{"@type":"ImageObject","inLanguage":"de","@id":"https:\/\/geno-prog.ch\/#\/schema\/logo\/image\/","url":"https:\/\/geno-prog.ch\/wp-content\/uploads\/2020\/03\/GenoProg_long.png","contentUrl":"https:\/\/geno-prog.ch\/wp-content\/uploads\/2020\/03\/GenoProg_long.png","width":3086,"height":803,"caption":"GenoProg"},"image":{"@id":"https:\/\/geno-prog.ch\/#\/schema\/logo\/image\/"},"sameAs":["https:\/\/www.facebook.com\/genoprog","https:\/\/www.instagram.com\/genoprog\/","https:\/\/www.youtube.com\/channel\/UC5a5VYzbWdsHNYm2Qtu1F2w"]}]},"product_brand":"external","product_price_amount":"260.00","product_price_currency":"CHF","og_availability":"instock","product_availability":"instock","product_condition":"new"},"_links":{"self":[{"href":"https:\/\/geno-prog.ch\/de\/wp-json\/wp\/v2\/product\/33854","targetHints":{"allow":["GET"]}}],"collection":[{"href":"https:\/\/geno-prog.ch\/de\/wp-json\/wp\/v2\/product"}],"about":[{"href":"https:\/\/geno-prog.ch\/de\/wp-json\/wp\/v2\/types\/product"}],"wp:featuredmedia":[{"embeddable":true,"href":"https:\/\/geno-prog.ch\/de\/wp-json\/wp\/v2\/media\/34142"}],"wp:attachment":[{"href":"https:\/\/geno-prog.ch\/de\/wp-json\/wp\/v2\/media?parent=33854"}],"wp:term":[{"taxonomy":"product_brand","embeddable":true,"href":"https:\/\/geno-prog.ch\/de\/wp-json\/wp\/v2\/product_brand?post=33854"},{"taxonomy":"product_cat","embeddable":true,"href":"https:\/\/geno-prog.ch\/de\/wp-json\/wp\/v2\/product_cat?post=33854"},{"taxonomy":"product_tag","embeddable":true,"href":"https:\/\/geno-prog.ch\/de\/wp-json\/wp\/v2\/product_tag?post=33854"}],"curies":[{"name":"wp","href":"https:\/\/api.w.org\/{rel}","templated":true}]}}