{"id":33842,"date":"2023-10-22T15:56:35","date_gmt":"2023-10-22T13:56:35","guid":{"rendered":"https:\/\/geno-prog.ch\/?post_type=product&#038;p=33842"},"modified":"2025-02-08T09:38:17","modified_gmt":"2025-02-08T08:38:17","slug":"defektentfernung-aufhangung-edc-bmw-g80","status":"publish","type":"product","link":"https:\/\/geno-prog.ch\/de\/produkt\/defektentfernung-aufhangung-edc-bmw-g80\/","title":{"rendered":"EDC-Fahrwerkfehler l\u00f6schen BMW G80, G82 M3 &amp; M4"},"content":{"rendered":"<blockquote>\n<h1 class=\"p1\">Wenn Ihr BMW die Meldung anzeigt<\/h1>\n<h1 class=\"p1\">\" Fahrgestell. Weiterreise m\u00f6glich, Eingeschr\u00e4nkte Rollfunktion.  Fortsetzung der Reise m\u00f6glich. Regul. H\u00e4rte Sto\u00dfd\u00e4mpfer. Von Ihrem autorisierten Reparaturbetrieb \u00fcberpr\u00fcfen lassen.<\/h1>\n<\/blockquote>\n<h3 class=\"p1\">Mit dieser Programmierung ersparen Sie sich die Installation eines Anti-Fehler-Kits.<span class=\"Apple-converted-space\">\u00a0<\/span><\/h3>\n<h4 class=\"p1\">Nach der Installation neuer Aufh\u00e4ngungen (Gewindestangen) k\u00f6nnen Sie auf folgende Fehler sto\u00dfen:<\/h4>\n<p class=\"p1\">Chassispanne mit der folgenden Meldung \"M\u00e4\u00dfig fahren\".<span class=\"Apple-converted-space\"> im iDrive.<\/span><\/p>\n<p class=\"p1\">Die Unm\u00f6glichkeit, die Modi M.<\/p>\n<p class=\"p1\">Panne Sto\u00dfd\u00e4mpferh\u00e4rte, Panne begrenztes Fahrwerk.<span class=\"Apple-converted-space\">\u00a0<\/span><\/p>\n<h3>Welcher Fehlercode ist in der OBD meines Fahrzeugs gespeichert?<\/h3>\n<p class=\"p1\">Default-Code: 482A26, 482A22, 482A2A, 482A2E usw. (EDC Valve Coil open circuit)<\/p>\n<p class=\"p1\">Diese Programmierung ist auch bei Wettbewerbsfahrzeugen m\u00f6glich.<\/p>\n<p class=\"p3\">Modelle :<\/p>\n<p class=\"p3\">Bmw M3, M4, G80, G81, G82 und G83<\/p>\n<p>BMW M3 E90, E92, E93<\/p>\n<p>Andere Modelle auf Anfrage<\/p>","protected":false},"excerpt":{"rendered":"<h1 class=\"p1\">Entfernung der Option EDC durch Codierung (pilotierte Aufh\u00e4ngung) und des Fehlercodes (H\u00e4rteregelung Sto\u00dfd\u00e4mpfer) aufgrund des Einbaus neuer Sto\u00dfd\u00e4mpfer.<\/h1>","protected":false},"featured_media":34006,"template":"","meta":{"_et_pb_use_builder":"","_et_pb_old_content":"","_et_gb_content_width":""},"product_brand":[],"product_cat":[90,85,284,80],"product_tag":[87],"class_list":{"0":"post-33842","1":"product","2":"type-product","3":"status-publish","4":"has-post-thumbnail","6":"product_cat-codage","7":"product_cat-m3-m4-f8x","8":"product_cat-m4-g8x","9":"product_cat-serie-m","10":"product_tag-coding","12":"first","13":"instock","14":"shipping-taxable","15":"product-type-external"},"yoast_head":"<!-- This site is optimized with the Yoast SEO Premium plugin v26.5 (Yoast SEO v27.4) - https:\/\/yoast.com\/product\/yoast-seo-premium-wordpress\/ -->\n<title>Suppression d\u00e9faut suspension EDC BMW G80, G82 M3 &amp; M4 - GenoProg<\/title>\n<meta name=\"description\" content=\"Suppression EDC par codage (suspensions pilot\u00e9es) suite \u00e0 l&#039;installation de nouveaux amortisseurs. Pour BMW M3 M4 G80, G82 : 482A26, 482A22, 482A2A, 482A2E\" \/>\n<meta name=\"robots\" content=\"index, follow, max-snippet:-1, max-image-preview:large, max-video-preview:-1\" \/>\n<link rel=\"canonical\" href=\"https:\/\/geno-prog.ch\/de\/produkt\/defektentfernung-aufhangung-edc-bmw-g80\/\" \/>\n<meta property=\"og:locale\" content=\"de_DE\" \/>\n<meta property=\"og:type\" content=\"article\" \/>\n<meta property=\"og:title\" content=\"Suppression d\u00e9faut suspension EDC BMW G80, G82 M3 &amp; M4\" \/>\n<meta property=\"og:description\" content=\"Suppression EDC par codage (suspensions pilot\u00e9es) suite \u00e0 l&#039;installation de nouveaux amortisseurs. Pour BMW M3 M4 G80, G82 : 482A26, 482A22, 482A2A, 482A2E\" \/>\n<meta property=\"og:url\" content=\"https:\/\/geno-prog.ch\/de\/produkt\/defektentfernung-aufhangung-edc-bmw-g80\/\" \/>\n<meta property=\"og:site_name\" content=\"GenoProg\" \/>\n<meta property=\"article:publisher\" content=\"https:\/\/www.facebook.com\/genoprog\" \/>\n<meta property=\"article:modified_time\" content=\"2025-02-08T08:38:17+00:00\" \/>\n<meta property=\"og:image\" content=\"https:\/\/geno-prog.ch\/wp-content\/uploads\/2023\/10\/EDC_OFF.jpg\" \/>\n\t<meta property=\"og:image:width\" content=\"961\" \/>\n\t<meta property=\"og:image:height\" content=\"718\" \/>\n\t<meta property=\"og:image:type\" content=\"image\/jpeg\" \/>\n<meta name=\"twitter:card\" content=\"summary_large_image\" \/>\n<meta name=\"twitter:label1\" content=\"Preis\" \/>\n\t<meta name=\"twitter:data1\" content=\"&#067;&#072;&#070;&nbsp;230.00\" \/>\n\t<meta name=\"twitter:label2\" content=\"Verf\u00fcgbarkeit\" \/>\n\t<meta name=\"twitter:data2\" content=\"Auf Lager\" \/>\n<script type=\"application\/ld+json\" class=\"yoast-schema-graph\">{\"@context\":\"https:\\\/\\\/schema.org\",\"@graph\":[{\"@type\":\"WebPage\",\"@id\":\"https:\\\/\\\/geno-prog.ch\\\/produit\\\/suppression-defaut-suspension-edc-bmw-g80\\\/\",\"url\":\"https:\\\/\\\/geno-prog.ch\\\/produit\\\/suppression-defaut-suspension-edc-bmw-g80\\\/\",\"name\":\"Suppression d\u00e9faut suspension EDC BMW G80, G82 M3 & M4 - GenoProg\",\"isPartOf\":{\"@id\":\"https:\\\/\\\/geno-prog.ch\\\/#website\"},\"primaryImageOfPage\":{\"@id\":\"https:\\\/\\\/geno-prog.ch\\\/produit\\\/suppression-defaut-suspension-edc-bmw-g80\\\/#primaryimage\"},\"image\":{\"@id\":\"https:\\\/\\\/geno-prog.ch\\\/produit\\\/suppression-defaut-suspension-edc-bmw-g80\\\/#primaryimage\"},\"thumbnailUrl\":\"https:\\\/\\\/geno-prog.ch\\\/wp-content\\\/uploads\\\/2023\\\/10\\\/EDC_OFF.jpg\",\"datePublished\":\"2023-10-22T13:56:35+00:00\",\"dateModified\":\"2025-02-08T08:38:17+00:00\",\"description\":\"Suppression EDC par codage (suspensions pilot\u00e9es) suite \u00e0 l'installation de nouveaux amortisseurs. Pour BMW M3 M4 G80, G82 : 482A26, 482A22, 482A2A, 482A2E\",\"breadcrumb\":{\"@id\":\"https:\\\/\\\/geno-prog.ch\\\/produit\\\/suppression-defaut-suspension-edc-bmw-g80\\\/#breadcrumb\"},\"inLanguage\":\"de\",\"potentialAction\":[{\"@type\":\"ReadAction\",\"target\":[\"https:\\\/\\\/geno-prog.ch\\\/produit\\\/suppression-defaut-suspension-edc-bmw-g80\\\/\"]}]},{\"@type\":\"ImageObject\",\"inLanguage\":\"de\",\"@id\":\"https:\\\/\\\/geno-prog.ch\\\/produit\\\/suppression-defaut-suspension-edc-bmw-g80\\\/#primaryimage\",\"url\":\"https:\\\/\\\/geno-prog.ch\\\/wp-content\\\/uploads\\\/2023\\\/10\\\/EDC_OFF.jpg\",\"contentUrl\":\"https:\\\/\\\/geno-prog.ch\\\/wp-content\\\/uploads\\\/2023\\\/10\\\/EDC_OFF.jpg\",\"width\":961,\"height\":718,\"caption\":\"Codage EDC OFF BMW\"},{\"@type\":\"BreadcrumbList\",\"@id\":\"https:\\\/\\\/geno-prog.ch\\\/produit\\\/suppression-defaut-suspension-edc-bmw-g80\\\/#breadcrumb\",\"itemListElement\":[{\"@type\":\"ListItem\",\"position\":1,\"name\":\"Accueil\",\"item\":\"https:\\\/\\\/geno-prog.ch\\\/\"},{\"@type\":\"ListItem\",\"position\":2,\"name\":\"T\u00e9l\u00e9chargements\",\"item\":\"https:\\\/\\\/geno-prog.ch\\\/download\\\/\"},{\"@type\":\"ListItem\",\"position\":3,\"name\":\"Suppression d\u00e9faut suspension EDC BMW G80, G82 M3 &#038; M4\"}]},{\"@type\":\"WebSite\",\"@id\":\"https:\\\/\\\/geno-prog.ch\\\/#website\",\"url\":\"https:\\\/\\\/geno-prog.ch\\\/\",\"name\":\"GenoProg\",\"description\":\"Sp\u00e9cialiste en \u00e9lectronique automobile BMW \\\/ MINI\",\"publisher\":{\"@id\":\"https:\\\/\\\/geno-prog.ch\\\/#organization\"},\"potentialAction\":[{\"@type\":\"SearchAction\",\"target\":{\"@type\":\"EntryPoint\",\"urlTemplate\":\"https:\\\/\\\/geno-prog.ch\\\/?s={search_term_string}\"},\"query-input\":{\"@type\":\"PropertyValueSpecification\",\"valueRequired\":true,\"valueName\":\"search_term_string\"}}],\"inLanguage\":\"de\"},{\"@type\":\"Organization\",\"@id\":\"https:\\\/\\\/geno-prog.ch\\\/#organization\",\"name\":\"GenoProg\",\"url\":\"https:\\\/\\\/geno-prog.ch\\\/\",\"logo\":{\"@type\":\"ImageObject\",\"inLanguage\":\"de\",\"@id\":\"https:\\\/\\\/geno-prog.ch\\\/#\\\/schema\\\/logo\\\/image\\\/\",\"url\":\"https:\\\/\\\/geno-prog.ch\\\/wp-content\\\/uploads\\\/2020\\\/03\\\/GenoProg_long.png\",\"contentUrl\":\"https:\\\/\\\/geno-prog.ch\\\/wp-content\\\/uploads\\\/2020\\\/03\\\/GenoProg_long.png\",\"width\":3086,\"height\":803,\"caption\":\"GenoProg\"},\"image\":{\"@id\":\"https:\\\/\\\/geno-prog.ch\\\/#\\\/schema\\\/logo\\\/image\\\/\"},\"sameAs\":[\"https:\\\/\\\/www.facebook.com\\\/genoprog\",\"https:\\\/\\\/www.instagram.com\\\/genoprog\\\/\",\"https:\\\/\\\/www.youtube.com\\\/channel\\\/UC5a5VYzbWdsHNYm2Qtu1F2w\"]}]}<\/script>\n<meta property=\"product:brand\" content=\"external\" \/>\n<meta property=\"product:price:amount\" content=\"230.00\" \/>\n<meta property=\"product:price:currency\" content=\"CHF\" \/>\n<meta property=\"og:availability\" content=\"instock\" \/>\n<meta property=\"product:availability\" content=\"instock\" \/>\n<meta property=\"product:condition\" content=\"new\" \/>\n<!-- \/ Yoast SEO Premium plugin. -->","yoast_head_json":{"title":"EDC-Fahrwerksfehler entfernen BMW G80, G82 M3 &amp; M4 - GenoProg","description":"EDC-Entfernung durch Codierung (gesteuerte Aufh\u00e4ngung) aufgrund des Einbaus neuer Sto\u00dfd\u00e4mpfer. F\u00fcr BMW M3 M4 G80, G82: 482A26, 482A22, 482A2A, 482A2E","robots":{"index":"index","follow":"follow","max-snippet":"max-snippet:-1","max-image-preview":"max-image-preview:large","max-video-preview":"max-video-preview:-1"},"canonical":"https:\/\/geno-prog.ch\/de\/produkt\/defektentfernung-aufhangung-edc-bmw-g80\/","og_locale":"de_DE","og_type":"article","og_title":"Suppression d\u00e9faut suspension EDC BMW G80, G82 M3 & M4","og_description":"Suppression EDC par codage (suspensions pilot\u00e9es) suite \u00e0 l'installation de nouveaux amortisseurs. Pour BMW M3 M4 G80, G82 : 482A26, 482A22, 482A2A, 482A2E","og_url":"https:\/\/geno-prog.ch\/de\/produkt\/defektentfernung-aufhangung-edc-bmw-g80\/","og_site_name":"GenoProg","article_publisher":"https:\/\/www.facebook.com\/genoprog","article_modified_time":"2025-02-08T08:38:17+00:00","og_image":[{"width":961,"height":718,"url":"https:\/\/geno-prog.ch\/wp-content\/uploads\/2023\/10\/EDC_OFF.jpg","type":"image\/jpeg"}],"twitter_card":"summary_large_image","twitter_misc":{"Preis":"&#67;&#72;&#70;&nbsp;230.00","Verf\u00fcgbarkeit":"Auf Lager"},"schema":{"@context":"https:\/\/schema.org","@graph":[{"@type":"WebPage","@id":"https:\/\/geno-prog.ch\/produit\/suppression-defaut-suspension-edc-bmw-g80\/","url":"https:\/\/geno-prog.ch\/produit\/suppression-defaut-suspension-edc-bmw-g80\/","name":"EDC-Fahrwerksfehler entfernen BMW G80, G82 M3 &amp; M4 - GenoProg","isPartOf":{"@id":"https:\/\/geno-prog.ch\/#website"},"primaryImageOfPage":{"@id":"https:\/\/geno-prog.ch\/produit\/suppression-defaut-suspension-edc-bmw-g80\/#primaryimage"},"image":{"@id":"https:\/\/geno-prog.ch\/produit\/suppression-defaut-suspension-edc-bmw-g80\/#primaryimage"},"thumbnailUrl":"https:\/\/geno-prog.ch\/wp-content\/uploads\/2023\/10\/EDC_OFF.jpg","datePublished":"2023-10-22T13:56:35+00:00","dateModified":"2025-02-08T08:38:17+00:00","description":"EDC-Entfernung durch Codierung (gesteuerte Aufh\u00e4ngung) aufgrund des Einbaus neuer Sto\u00dfd\u00e4mpfer. F\u00fcr BMW M3 M4 G80, G82: 482A26, 482A22, 482A2A, 482A2E","breadcrumb":{"@id":"https:\/\/geno-prog.ch\/produit\/suppression-defaut-suspension-edc-bmw-g80\/#breadcrumb"},"inLanguage":"de","potentialAction":[{"@type":"ReadAction","target":["https:\/\/geno-prog.ch\/produit\/suppression-defaut-suspension-edc-bmw-g80\/"]}]},{"@type":"ImageObject","inLanguage":"de","@id":"https:\/\/geno-prog.ch\/produit\/suppression-defaut-suspension-edc-bmw-g80\/#primaryimage","url":"https:\/\/geno-prog.ch\/wp-content\/uploads\/2023\/10\/EDC_OFF.jpg","contentUrl":"https:\/\/geno-prog.ch\/wp-content\/uploads\/2023\/10\/EDC_OFF.jpg","width":961,"height":718,"caption":"Codage EDC OFF BMW"},{"@type":"BreadcrumbList","@id":"https:\/\/geno-prog.ch\/produit\/suppression-defaut-suspension-edc-bmw-g80\/#breadcrumb","itemListElement":[{"@type":"ListItem","position":1,"name":"Accueil","item":"https:\/\/geno-prog.ch\/"},{"@type":"ListItem","position":2,"name":"T\u00e9l\u00e9chargements","item":"https:\/\/geno-prog.ch\/download\/"},{"@type":"ListItem","position":3,"name":"Suppression d\u00e9faut suspension EDC BMW G80, G82 M3 &#038; M4"}]},{"@type":"WebSite","@id":"https:\/\/geno-prog.ch\/#website","url":"https:\/\/geno-prog.ch\/","name":"GenoProg","description":"Fachkraft f\u00fcr Kraftfahrzeugelektronik BMW \/ MINI","publisher":{"@id":"https:\/\/geno-prog.ch\/#organization"},"potentialAction":[{"@type":"SearchAction","target":{"@type":"EntryPoint","urlTemplate":"https:\/\/geno-prog.ch\/?s={search_term_string}"},"query-input":{"@type":"PropertyValueSpecification","valueRequired":true,"valueName":"search_term_string"}}],"inLanguage":"de"},{"@type":"Organization","@id":"https:\/\/geno-prog.ch\/#organization","name":"GenoProg","url":"https:\/\/geno-prog.ch\/","logo":{"@type":"ImageObject","inLanguage":"de","@id":"https:\/\/geno-prog.ch\/#\/schema\/logo\/image\/","url":"https:\/\/geno-prog.ch\/wp-content\/uploads\/2020\/03\/GenoProg_long.png","contentUrl":"https:\/\/geno-prog.ch\/wp-content\/uploads\/2020\/03\/GenoProg_long.png","width":3086,"height":803,"caption":"GenoProg"},"image":{"@id":"https:\/\/geno-prog.ch\/#\/schema\/logo\/image\/"},"sameAs":["https:\/\/www.facebook.com\/genoprog","https:\/\/www.instagram.com\/genoprog\/","https:\/\/www.youtube.com\/channel\/UC5a5VYzbWdsHNYm2Qtu1F2w"]}]},"product_brand":"external","product_price_amount":"230.00","product_price_currency":"CHF","og_availability":"instock","product_availability":"instock","product_condition":"new"},"_links":{"self":[{"href":"https:\/\/geno-prog.ch\/de\/wp-json\/wp\/v2\/product\/33842","targetHints":{"allow":["GET"]}}],"collection":[{"href":"https:\/\/geno-prog.ch\/de\/wp-json\/wp\/v2\/product"}],"about":[{"href":"https:\/\/geno-prog.ch\/de\/wp-json\/wp\/v2\/types\/product"}],"wp:featuredmedia":[{"embeddable":true,"href":"https:\/\/geno-prog.ch\/de\/wp-json\/wp\/v2\/media\/34006"}],"wp:attachment":[{"href":"https:\/\/geno-prog.ch\/de\/wp-json\/wp\/v2\/media?parent=33842"}],"wp:term":[{"taxonomy":"product_brand","embeddable":true,"href":"https:\/\/geno-prog.ch\/de\/wp-json\/wp\/v2\/product_brand?post=33842"},{"taxonomy":"product_cat","embeddable":true,"href":"https:\/\/geno-prog.ch\/de\/wp-json\/wp\/v2\/product_cat?post=33842"},{"taxonomy":"product_tag","embeddable":true,"href":"https:\/\/geno-prog.ch\/de\/wp-json\/wp\/v2\/product_tag?post=33842"}],"curies":[{"name":"wp","href":"https:\/\/api.w.org\/{rel}","templated":true}]}}