{"id":33428,"date":"2020-04-11T17:48:57","date_gmt":"2020-04-11T15:48:57","guid":{"rendered":"https:\/\/geno-prog.ch\/?post_type=product&#038;p=33428"},"modified":"2020-04-11T18:29:25","modified_gmt":"2020-04-11T16:29:25","slug":"deaktivieren-speichern-start-stop","status":"publish","type":"product","link":"https:\/\/geno-prog.ch\/de\/produkt\/deaktivieren-speichern-start-stop\/","title":{"rendered":"Deaktivierung - Start\/Stopp-Speicherung"},"content":{"rendered":"<p>Die Start-Stopp-Funktion soll die CO2-Emissionen von Fahrzeugen reduzieren.<\/p>\n<p>Viele Hausbesitzer m\u00f6chten diese Funktion jedoch deaktivieren, und wir sind in der Lage, diese Manipulation vorzunehmen.<\/p>\n<p>Hierf\u00fcr bieten wir zwei M\u00f6glichkeiten zur Auswahl an:<\/p>\n<ul>\n<li>Speichert den aktuellen Status des Start-Stopp-Systems beim n\u00e4chsten Neustart des Fahrzeugs.<\/li>\n<li>Standardm\u00e4\u00dfige Deaktivierung des Start-Stopp-Systems beim Hochfahren.<\/li>\n<\/ul>\n<p>Im Fahrmodus ECO PRO bleibt die Start-Stopp-Funktion standardm\u00e4\u00dfig aktiviert.<\/p>","protected":false},"excerpt":{"rendered":"<p>La fonction Start\/Stop a pour but de r\u00e9duire les \u00e9missions CO2 des v\u00e9hicules. Cependant, un bon nombre de propri\u00e9taires souhaitent d\u00e9sactiver cette fonctionnalit\u00e9 et nous sommes en mesure d\u2019effectuer cette manipulation. Nous proposons pour cela deux possibilit\u00e9s \u00e0 choix : M\u00e9morisation de l&rsquo;\u00e9tat actuel du syst\u00e8me Start\/Stop lors du prochain red\u00e9marrage du v\u00e9hicule. D\u00e9sactivation par [&hellip;]<\/p>\n","protected":false},"featured_media":33429,"template":"","meta":{"_et_pb_use_builder":"","_et_pb_old_content":"","_et_gb_content_width":""},"product_brand":[],"product_cat":[90],"product_tag":[],"class_list":{"0":"post-33428","1":"product","2":"type-product","3":"status-publish","4":"has-post-thumbnail","6":"product_cat-codage","8":"first","9":"instock","10":"shipping-taxable","11":"purchasable","12":"product-type-simple"},"yoast_head":"<!-- This site is optimized with the Yoast SEO Premium plugin v26.5 (Yoast SEO v27.4) - https:\/\/yoast.com\/product\/yoast-seo-premium-wordpress\/ -->\n<title>D\u00e9sactivation - M\u00e9morisation Start\/Stop - GenoProg<\/title>\n<meta name=\"robots\" content=\"index, follow, max-snippet:-1, max-image-preview:large, max-video-preview:-1\" \/>\n<link rel=\"canonical\" href=\"https:\/\/geno-prog.ch\/de\/produkt\/deaktivieren-speichern-start-stop\/\" \/>\n<meta property=\"og:locale\" content=\"de_DE\" \/>\n<meta property=\"og:type\" content=\"article\" \/>\n<meta property=\"og:title\" content=\"D\u00e9sactivation - M\u00e9morisation Start\/Stop\" \/>\n<meta property=\"og:description\" content=\"La fonction Start\/Stop a pour but de r\u00e9duire les \u00e9missions CO2 des v\u00e9hicules. Cependant, un bon nombre de propri\u00e9taires souhaitent d\u00e9sactiver cette fonctionnalit\u00e9 et nous sommes en mesure d\u2019effectuer cette manipulation. Nous proposons pour cela deux possibilit\u00e9s \u00e0 choix : M\u00e9morisation de l&rsquo;\u00e9tat actuel du syst\u00e8me Start\/Stop lors du prochain red\u00e9marrage du v\u00e9hicule. D\u00e9sactivation par [&hellip;]\" \/>\n<meta property=\"og:url\" content=\"https:\/\/geno-prog.ch\/de\/produkt\/deaktivieren-speichern-start-stop\/\" \/>\n<meta property=\"og:site_name\" content=\"GenoProg\" \/>\n<meta property=\"article:publisher\" content=\"https:\/\/www.facebook.com\/genoprog\" \/>\n<meta property=\"article:modified_time\" content=\"2020-04-11T16:29:25+00:00\" \/>\n<meta property=\"og:image\" content=\"https:\/\/geno-prog.ch\/wp-content\/uploads\/2020\/04\/start-stop-bmw.jpg\" \/>\n\t<meta property=\"og:image:width\" content=\"932\" \/>\n\t<meta property=\"og:image:height\" content=\"920\" \/>\n\t<meta property=\"og:image:type\" content=\"image\/jpeg\" \/>\n<meta name=\"twitter:card\" content=\"summary_large_image\" \/>\n<meta name=\"twitter:label1\" content=\"Preis\" \/>\n\t<meta name=\"twitter:data1\" content=\"&#067;&#072;&#070;&nbsp;50.00\" \/>\n\t<meta name=\"twitter:label2\" content=\"Verf\u00fcgbarkeit\" \/>\n\t<meta name=\"twitter:data2\" content=\"Auf Lager\" \/>\n<script type=\"application\/ld+json\" class=\"yoast-schema-graph\">{\"@context\":\"https:\\\/\\\/schema.org\",\"@graph\":[{\"@type\":\"WebPage\",\"@id\":\"https:\\\/\\\/geno-prog.ch\\\/produit\\\/desactivation-memorisation-start-stop\\\/\",\"url\":\"https:\\\/\\\/geno-prog.ch\\\/produit\\\/desactivation-memorisation-start-stop\\\/\",\"name\":\"D\u00e9sactivation - M\u00e9morisation Start\\\/Stop - GenoProg\",\"isPartOf\":{\"@id\":\"https:\\\/\\\/geno-prog.ch\\\/#website\"},\"primaryImageOfPage\":{\"@id\":\"https:\\\/\\\/geno-prog.ch\\\/produit\\\/desactivation-memorisation-start-stop\\\/#primaryimage\"},\"image\":{\"@id\":\"https:\\\/\\\/geno-prog.ch\\\/produit\\\/desactivation-memorisation-start-stop\\\/#primaryimage\"},\"thumbnailUrl\":\"https:\\\/\\\/geno-prog.ch\\\/wp-content\\\/uploads\\\/2020\\\/04\\\/start-stop-bmw.jpg\",\"datePublished\":\"2020-04-11T15:48:57+00:00\",\"dateModified\":\"2020-04-11T16:29:25+00:00\",\"breadcrumb\":{\"@id\":\"https:\\\/\\\/geno-prog.ch\\\/produit\\\/desactivation-memorisation-start-stop\\\/#breadcrumb\"},\"inLanguage\":\"de\",\"potentialAction\":[{\"@type\":\"ReadAction\",\"target\":[\"https:\\\/\\\/geno-prog.ch\\\/produit\\\/desactivation-memorisation-start-stop\\\/\"]}]},{\"@type\":\"ImageObject\",\"inLanguage\":\"de\",\"@id\":\"https:\\\/\\\/geno-prog.ch\\\/produit\\\/desactivation-memorisation-start-stop\\\/#primaryimage\",\"url\":\"https:\\\/\\\/geno-prog.ch\\\/wp-content\\\/uploads\\\/2020\\\/04\\\/start-stop-bmw.jpg\",\"contentUrl\":\"https:\\\/\\\/geno-prog.ch\\\/wp-content\\\/uploads\\\/2020\\\/04\\\/start-stop-bmw.jpg\",\"width\":932,\"height\":920},{\"@type\":\"BreadcrumbList\",\"@id\":\"https:\\\/\\\/geno-prog.ch\\\/produit\\\/desactivation-memorisation-start-stop\\\/#breadcrumb\",\"itemListElement\":[{\"@type\":\"ListItem\",\"position\":1,\"name\":\"Accueil\",\"item\":\"https:\\\/\\\/geno-prog.ch\\\/\"},{\"@type\":\"ListItem\",\"position\":2,\"name\":\"T\u00e9l\u00e9chargements\",\"item\":\"https:\\\/\\\/geno-prog.ch\\\/download\\\/\"},{\"@type\":\"ListItem\",\"position\":3,\"name\":\"D\u00e9sactivation &#8211; M\u00e9morisation Start\\\/Stop\"}]},{\"@type\":\"WebSite\",\"@id\":\"https:\\\/\\\/geno-prog.ch\\\/#website\",\"url\":\"https:\\\/\\\/geno-prog.ch\\\/\",\"name\":\"GenoProg\",\"description\":\"Sp\u00e9cialiste en \u00e9lectronique automobile BMW \\\/ MINI\",\"publisher\":{\"@id\":\"https:\\\/\\\/geno-prog.ch\\\/#organization\"},\"potentialAction\":[{\"@type\":\"SearchAction\",\"target\":{\"@type\":\"EntryPoint\",\"urlTemplate\":\"https:\\\/\\\/geno-prog.ch\\\/?s={search_term_string}\"},\"query-input\":{\"@type\":\"PropertyValueSpecification\",\"valueRequired\":true,\"valueName\":\"search_term_string\"}}],\"inLanguage\":\"de\"},{\"@type\":\"Organization\",\"@id\":\"https:\\\/\\\/geno-prog.ch\\\/#organization\",\"name\":\"GenoProg\",\"url\":\"https:\\\/\\\/geno-prog.ch\\\/\",\"logo\":{\"@type\":\"ImageObject\",\"inLanguage\":\"de\",\"@id\":\"https:\\\/\\\/geno-prog.ch\\\/#\\\/schema\\\/logo\\\/image\\\/\",\"url\":\"https:\\\/\\\/geno-prog.ch\\\/wp-content\\\/uploads\\\/2020\\\/03\\\/GenoProg_long.png\",\"contentUrl\":\"https:\\\/\\\/geno-prog.ch\\\/wp-content\\\/uploads\\\/2020\\\/03\\\/GenoProg_long.png\",\"width\":3086,\"height\":803,\"caption\":\"GenoProg\"},\"image\":{\"@id\":\"https:\\\/\\\/geno-prog.ch\\\/#\\\/schema\\\/logo\\\/image\\\/\"},\"sameAs\":[\"https:\\\/\\\/www.facebook.com\\\/genoprog\",\"https:\\\/\\\/www.instagram.com\\\/genoprog\\\/\",\"https:\\\/\\\/www.youtube.com\\\/channel\\\/UC5a5VYzbWdsHNYm2Qtu1F2w\"]}]}<\/script>\n<meta property=\"product:brand\" content=\"simple\" \/>\n<meta property=\"product:price:amount\" content=\"50.00\" \/>\n<meta property=\"product:price:currency\" content=\"CHF\" \/>\n<meta property=\"og:availability\" content=\"instock\" \/>\n<meta property=\"product:availability\" content=\"instock\" \/>\n<meta property=\"product:condition\" content=\"new\" \/>\n<!-- \/ Yoast SEO Premium plugin. -->","yoast_head_json":{"title":"Deaktivieren - Speichern Start\/Stopp - GenoProg","robots":{"index":"index","follow":"follow","max-snippet":"max-snippet:-1","max-image-preview":"max-image-preview:large","max-video-preview":"max-video-preview:-1"},"canonical":"https:\/\/geno-prog.ch\/de\/produkt\/deaktivieren-speichern-start-stop\/","og_locale":"de_DE","og_type":"article","og_title":"D\u00e9sactivation - M\u00e9morisation Start\/Stop","og_description":"La fonction Start\/Stop a pour but de r\u00e9duire les \u00e9missions CO2 des v\u00e9hicules. Cependant, un bon nombre de propri\u00e9taires souhaitent d\u00e9sactiver cette fonctionnalit\u00e9 et nous sommes en mesure d\u2019effectuer cette manipulation. Nous proposons pour cela deux possibilit\u00e9s \u00e0 choix : M\u00e9morisation de l&rsquo;\u00e9tat actuel du syst\u00e8me Start\/Stop lors du prochain red\u00e9marrage du v\u00e9hicule. D\u00e9sactivation par [&hellip;]","og_url":"https:\/\/geno-prog.ch\/de\/produkt\/deaktivieren-speichern-start-stop\/","og_site_name":"GenoProg","article_publisher":"https:\/\/www.facebook.com\/genoprog","article_modified_time":"2020-04-11T16:29:25+00:00","og_image":[{"width":932,"height":920,"url":"https:\/\/geno-prog.ch\/wp-content\/uploads\/2020\/04\/start-stop-bmw.jpg","type":"image\/jpeg"}],"twitter_card":"summary_large_image","twitter_misc":{"Preis":"&#67;&#72;&#70;&nbsp;50.00","Verf\u00fcgbarkeit":"Auf Lager"},"schema":{"@context":"https:\/\/schema.org","@graph":[{"@type":"WebPage","@id":"https:\/\/geno-prog.ch\/produit\/desactivation-memorisation-start-stop\/","url":"https:\/\/geno-prog.ch\/produit\/desactivation-memorisation-start-stop\/","name":"Deaktivieren - Speichern Start\/Stopp - GenoProg","isPartOf":{"@id":"https:\/\/geno-prog.ch\/#website"},"primaryImageOfPage":{"@id":"https:\/\/geno-prog.ch\/produit\/desactivation-memorisation-start-stop\/#primaryimage"},"image":{"@id":"https:\/\/geno-prog.ch\/produit\/desactivation-memorisation-start-stop\/#primaryimage"},"thumbnailUrl":"https:\/\/geno-prog.ch\/wp-content\/uploads\/2020\/04\/start-stop-bmw.jpg","datePublished":"2020-04-11T15:48:57+00:00","dateModified":"2020-04-11T16:29:25+00:00","breadcrumb":{"@id":"https:\/\/geno-prog.ch\/produit\/desactivation-memorisation-start-stop\/#breadcrumb"},"inLanguage":"de","potentialAction":[{"@type":"ReadAction","target":["https:\/\/geno-prog.ch\/produit\/desactivation-memorisation-start-stop\/"]}]},{"@type":"ImageObject","inLanguage":"de","@id":"https:\/\/geno-prog.ch\/produit\/desactivation-memorisation-start-stop\/#primaryimage","url":"https:\/\/geno-prog.ch\/wp-content\/uploads\/2020\/04\/start-stop-bmw.jpg","contentUrl":"https:\/\/geno-prog.ch\/wp-content\/uploads\/2020\/04\/start-stop-bmw.jpg","width":932,"height":920},{"@type":"BreadcrumbList","@id":"https:\/\/geno-prog.ch\/produit\/desactivation-memorisation-start-stop\/#breadcrumb","itemListElement":[{"@type":"ListItem","position":1,"name":"Accueil","item":"https:\/\/geno-prog.ch\/"},{"@type":"ListItem","position":2,"name":"T\u00e9l\u00e9chargements","item":"https:\/\/geno-prog.ch\/download\/"},{"@type":"ListItem","position":3,"name":"D\u00e9sactivation &#8211; M\u00e9morisation Start\/Stop"}]},{"@type":"WebSite","@id":"https:\/\/geno-prog.ch\/#website","url":"https:\/\/geno-prog.ch\/","name":"GenoProg","description":"Fachkraft f\u00fcr Kraftfahrzeugelektronik BMW \/ MINI","publisher":{"@id":"https:\/\/geno-prog.ch\/#organization"},"potentialAction":[{"@type":"SearchAction","target":{"@type":"EntryPoint","urlTemplate":"https:\/\/geno-prog.ch\/?s={search_term_string}"},"query-input":{"@type":"PropertyValueSpecification","valueRequired":true,"valueName":"search_term_string"}}],"inLanguage":"de"},{"@type":"Organization","@id":"https:\/\/geno-prog.ch\/#organization","name":"GenoProg","url":"https:\/\/geno-prog.ch\/","logo":{"@type":"ImageObject","inLanguage":"de","@id":"https:\/\/geno-prog.ch\/#\/schema\/logo\/image\/","url":"https:\/\/geno-prog.ch\/wp-content\/uploads\/2020\/03\/GenoProg_long.png","contentUrl":"https:\/\/geno-prog.ch\/wp-content\/uploads\/2020\/03\/GenoProg_long.png","width":3086,"height":803,"caption":"GenoProg"},"image":{"@id":"https:\/\/geno-prog.ch\/#\/schema\/logo\/image\/"},"sameAs":["https:\/\/www.facebook.com\/genoprog","https:\/\/www.instagram.com\/genoprog\/","https:\/\/www.youtube.com\/channel\/UC5a5VYzbWdsHNYm2Qtu1F2w"]}]},"product_brand":"simple","product_price_amount":"50.00","product_price_currency":"CHF","og_availability":"instock","product_availability":"instock","product_condition":"new"},"_links":{"self":[{"href":"https:\/\/geno-prog.ch\/de\/wp-json\/wp\/v2\/product\/33428","targetHints":{"allow":["GET"]}}],"collection":[{"href":"https:\/\/geno-prog.ch\/de\/wp-json\/wp\/v2\/product"}],"about":[{"href":"https:\/\/geno-prog.ch\/de\/wp-json\/wp\/v2\/types\/product"}],"wp:featuredmedia":[{"embeddable":true,"href":"https:\/\/geno-prog.ch\/de\/wp-json\/wp\/v2\/media\/33429"}],"wp:attachment":[{"href":"https:\/\/geno-prog.ch\/de\/wp-json\/wp\/v2\/media?parent=33428"}],"wp:term":[{"taxonomy":"product_brand","embeddable":true,"href":"https:\/\/geno-prog.ch\/de\/wp-json\/wp\/v2\/product_brand?post=33428"},{"taxonomy":"product_cat","embeddable":true,"href":"https:\/\/geno-prog.ch\/de\/wp-json\/wp\/v2\/product_cat?post=33428"},{"taxonomy":"product_tag","embeddable":true,"href":"https:\/\/geno-prog.ch\/de\/wp-json\/wp\/v2\/product_tag?post=33428"}],"curies":[{"name":"wp","href":"https:\/\/api.w.org\/{rel}","templated":true}]}}