{"id":33341,"date":"2020-03-07T17:57:59","date_gmt":"2020-03-07T16:57:59","guid":{"rendered":"http:\/\/geno-prog.ch\/?post_type=product&#038;p=33341"},"modified":"2025-02-23T10:53:57","modified_gmt":"2025-02-23T09:53:57","slug":"airbag","status":"publish","type":"product","link":"https:\/\/geno-prog.ch\/de\/produkt\/airbag\/","title":{"rendered":"Codierung der Kontrollleuchte Airbag (Schalensitze) BMW und Porsche 93C0, 93AF"},"content":{"rendered":"<h4 class=\"p1\">Codierservice zum Umprogrammieren des Airbagmoduls, damit das R\u00fcckhaltesystem nach dem Einbau von Schalensitzen nicht in einen Fehlerzustand ger\u00e4t. Es sind keine Widerst\u00e4nde erforderlich.<span class=\"Apple-converted-space\">\u00a0<\/span><\/h4>\n<h2>M\u00f6glicher Fehlercode :<\/h2>\n<p>93C0 seat position sensor, passenger<\/p>\n<p>93AE Active head restraint (AHR)<\/p>\n<p>93AF aktive Kopfst\u00fctze, rechts<\/p>\n<p>93B1, 93BF usw.<\/p>\n<p>&nbsp;<\/p>\n<p class=\"p3\">Kompatible Modelle :<\/p>\n<p class=\"p3\">BMW M2 (F87), M3 (E90, E92, E93, F80, Gxx), M4 (F82, F83, Gxx)<\/p>\n<p class=\"p3\">Porsche 911 (996, 997, 991, 992), Cayman (987, 981, 982), Boxster (981, 982)<\/p>","protected":false},"excerpt":{"rendered":"<h1 class=\"p1\">Programmation du module ACSM (SRS) suite \u00e0 l\u2019installation de si\u00e8ges baquets.<\/h1>\n<div class=\"group\/conversation-turn relative flex w-full min-w-0 flex-col agent-turn\">\n<div class=\"flex-col gap-1 md:gap-3\">\n<div class=\"flex max-w-full flex-col flex-grow\">\n<div class=\"min-h-[20px] text-message flex w-full flex-col items-end gap-2 break-words [.text-message+&amp;]:mt-5 overflow-x-auto whitespace-normal\" dir=\"auto\" data-message-author-role=\"assistant\" data-message-id=\"8a32eadd-6a0a-4130-85f7-88971de37e9b\">\n<div class=\"flex w-full flex-col gap-1 empty:hidden first:pt-[3px]\">\n<div class=\"markdown prose w-full break-words dark:prose-invert light\">\n<p>Une modification de si\u00e8ge d\u00e9clenche souvent une erreur d\u2019airbag. Nous pouvons reprogrammer le module de retenue afin de permettre l\u2019installation de vos nouveaux si\u00e8ges sans voyant d\u2019avertissement !<\/p>\n<\/div>\n<\/div>\n<\/div>\n<\/div>\n<\/div>\n<\/div>\n","protected":false},"featured_media":29406,"template":"","meta":{"_et_pb_use_builder":"","_et_pb_old_content":"","_et_gb_content_width":""},"product_brand":[],"product_cat":[90,89,83,84,85,93],"product_tag":[],"class_list":{"0":"post-33341","1":"product","2":"type-product","3":"status-publish","4":"has-post-thumbnail","6":"product_cat-codage","7":"product_cat-m2-f87","8":"product_cat-m3-e46","9":"product_cat-m3-e9x","10":"product_cat-m3-m4-f8x","11":"product_cat-porsche","13":"first","14":"instock","15":"shipping-taxable","16":"product-type-external"},"yoast_head":"<!-- This site is optimized with the Yoast SEO Premium plugin v26.5 (Yoast SEO v27.4) - https:\/\/yoast.com\/product\/yoast-seo-premium-wordpress\/ -->\n<title>Programmation du module Airbag pour si\u00e8ges baquets BMW - MINI<\/title>\n<meta name=\"description\" content=\"Effacement du t\u00e9moin d&#039;airbag SRS suite \u00e0 l\u2019installation de si\u00e8ges baquets (Recaro Pole Position). Codage possible sur BMW, MINI et PORSCHE.\" \/>\n<meta name=\"robots\" content=\"index, follow, max-snippet:-1, max-image-preview:large, max-video-preview:-1\" \/>\n<link rel=\"canonical\" href=\"https:\/\/geno-prog.ch\/de\/produkt\/airbag\/\" \/>\n<meta property=\"og:locale\" content=\"de_DE\" \/>\n<meta property=\"og:type\" content=\"article\" \/>\n<meta property=\"og:title\" content=\"Codage t\u00e9moin Airbag (si\u00e8ges baquets) BMW et Porsche 93C0, 93AF\" \/>\n<meta property=\"og:description\" content=\"Effacement du t\u00e9moin d&#039;airbag SRS suite \u00e0 l\u2019installation de si\u00e8ges baquets (Recaro Pole Position). Codage possible sur BMW, MINI et PORSCHE.\" \/>\n<meta property=\"og:url\" content=\"https:\/\/geno-prog.ch\/de\/produkt\/airbag\/\" \/>\n<meta property=\"og:site_name\" content=\"GenoProg\" \/>\n<meta property=\"article:publisher\" content=\"https:\/\/www.facebook.com\/genoprog\" \/>\n<meta property=\"article:modified_time\" content=\"2025-02-23T09:53:57+00:00\" \/>\n<meta property=\"og:image\" content=\"https:\/\/geno-prog.ch\/wp-content\/uploads\/2019\/01\/AIRBAG.jpg\" \/>\n\t<meta property=\"og:image:width\" content=\"1008\" \/>\n\t<meta property=\"og:image:height\" content=\"756\" \/>\n\t<meta property=\"og:image:type\" content=\"image\/jpeg\" \/>\n<meta name=\"twitter:card\" content=\"summary_large_image\" \/>\n<meta name=\"twitter:label1\" content=\"Preis\" \/>\n\t<meta name=\"twitter:data1\" content=\"&#067;&#072;&#070;&nbsp;170.00\" \/>\n\t<meta name=\"twitter:label2\" content=\"Verf\u00fcgbarkeit\" \/>\n\t<meta name=\"twitter:data2\" content=\"Auf Lager\" \/>\n<script type=\"application\/ld+json\" class=\"yoast-schema-graph\">{\"@context\":\"https:\\\/\\\/schema.org\",\"@graph\":[{\"@type\":\"WebPage\",\"@id\":\"https:\\\/\\\/geno-prog.ch\\\/produit\\\/airbag\\\/\",\"url\":\"https:\\\/\\\/geno-prog.ch\\\/produit\\\/airbag\\\/\",\"name\":\"Programmation du module Airbag pour si\u00e8ges baquets BMW - MINI\",\"isPartOf\":{\"@id\":\"https:\\\/\\\/geno-prog.ch\\\/#website\"},\"primaryImageOfPage\":{\"@id\":\"https:\\\/\\\/geno-prog.ch\\\/produit\\\/airbag\\\/#primaryimage\"},\"image\":{\"@id\":\"https:\\\/\\\/geno-prog.ch\\\/produit\\\/airbag\\\/#primaryimage\"},\"thumbnailUrl\":\"https:\\\/\\\/geno-prog.ch\\\/wp-content\\\/uploads\\\/2019\\\/01\\\/AIRBAG.jpg\",\"datePublished\":\"2020-03-07T16:57:59+00:00\",\"dateModified\":\"2025-02-23T09:53:57+00:00\",\"description\":\"Effacement du t\u00e9moin d'airbag SRS suite \u00e0 l\u2019installation de si\u00e8ges baquets (Recaro Pole Position). Codage possible sur BMW, MINI et PORSCHE.\",\"breadcrumb\":{\"@id\":\"https:\\\/\\\/geno-prog.ch\\\/produit\\\/airbag\\\/#breadcrumb\"},\"inLanguage\":\"de\",\"potentialAction\":[{\"@type\":\"ReadAction\",\"target\":[\"https:\\\/\\\/geno-prog.ch\\\/produit\\\/airbag\\\/\"]}]},{\"@type\":\"ImageObject\",\"inLanguage\":\"de\",\"@id\":\"https:\\\/\\\/geno-prog.ch\\\/produit\\\/airbag\\\/#primaryimage\",\"url\":\"https:\\\/\\\/geno-prog.ch\\\/wp-content\\\/uploads\\\/2019\\\/01\\\/AIRBAG.jpg\",\"contentUrl\":\"https:\\\/\\\/geno-prog.ch\\\/wp-content\\\/uploads\\\/2019\\\/01\\\/AIRBAG.jpg\",\"width\":1008,\"height\":756},{\"@type\":\"BreadcrumbList\",\"@id\":\"https:\\\/\\\/geno-prog.ch\\\/produit\\\/airbag\\\/#breadcrumb\",\"itemListElement\":[{\"@type\":\"ListItem\",\"position\":1,\"name\":\"Accueil\",\"item\":\"https:\\\/\\\/geno-prog.ch\\\/\"},{\"@type\":\"ListItem\",\"position\":2,\"name\":\"T\u00e9l\u00e9chargements\",\"item\":\"https:\\\/\\\/geno-prog.ch\\\/download\\\/\"},{\"@type\":\"ListItem\",\"position\":3,\"name\":\"Codage t\u00e9moin Airbag (si\u00e8ges baquets) BMW et Porsche 93C0, 93AF\"}]},{\"@type\":\"WebSite\",\"@id\":\"https:\\\/\\\/geno-prog.ch\\\/#website\",\"url\":\"https:\\\/\\\/geno-prog.ch\\\/\",\"name\":\"GenoProg\",\"description\":\"Sp\u00e9cialiste en \u00e9lectronique automobile BMW \\\/ MINI\",\"publisher\":{\"@id\":\"https:\\\/\\\/geno-prog.ch\\\/#organization\"},\"potentialAction\":[{\"@type\":\"SearchAction\",\"target\":{\"@type\":\"EntryPoint\",\"urlTemplate\":\"https:\\\/\\\/geno-prog.ch\\\/?s={search_term_string}\"},\"query-input\":{\"@type\":\"PropertyValueSpecification\",\"valueRequired\":true,\"valueName\":\"search_term_string\"}}],\"inLanguage\":\"de\"},{\"@type\":\"Organization\",\"@id\":\"https:\\\/\\\/geno-prog.ch\\\/#organization\",\"name\":\"GenoProg\",\"url\":\"https:\\\/\\\/geno-prog.ch\\\/\",\"logo\":{\"@type\":\"ImageObject\",\"inLanguage\":\"de\",\"@id\":\"https:\\\/\\\/geno-prog.ch\\\/#\\\/schema\\\/logo\\\/image\\\/\",\"url\":\"https:\\\/\\\/geno-prog.ch\\\/wp-content\\\/uploads\\\/2020\\\/03\\\/GenoProg_long.png\",\"contentUrl\":\"https:\\\/\\\/geno-prog.ch\\\/wp-content\\\/uploads\\\/2020\\\/03\\\/GenoProg_long.png\",\"width\":3086,\"height\":803,\"caption\":\"GenoProg\"},\"image\":{\"@id\":\"https:\\\/\\\/geno-prog.ch\\\/#\\\/schema\\\/logo\\\/image\\\/\"},\"sameAs\":[\"https:\\\/\\\/www.facebook.com\\\/genoprog\",\"https:\\\/\\\/www.instagram.com\\\/genoprog\\\/\",\"https:\\\/\\\/www.youtube.com\\\/channel\\\/UC5a5VYzbWdsHNYm2Qtu1F2w\"]}]}<\/script>\n<meta property=\"product:brand\" content=\"external\" \/>\n<meta property=\"product:price:amount\" content=\"170.00\" \/>\n<meta property=\"product:price:currency\" content=\"CHF\" \/>\n<meta property=\"og:availability\" content=\"instock\" \/>\n<meta property=\"product:availability\" content=\"instock\" \/>\n<meta property=\"product:condition\" content=\"new\" \/>\n<!-- \/ Yoast SEO Premium plugin. -->","yoast_head_json":{"title":"Programmierung des Airbag-Moduls f\u00fcr Schalensitze BMW - MINI","description":"L\u00f6schen der SRS-Airbag-Kontrollleuchte nach dem Einbau von Schalensitzen (Recaro Pole Position). Codierung m\u00f6glich bei BMW, MINI und PORSCHE.","robots":{"index":"index","follow":"follow","max-snippet":"max-snippet:-1","max-image-preview":"max-image-preview:large","max-video-preview":"max-video-preview:-1"},"canonical":"https:\/\/geno-prog.ch\/de\/produkt\/airbag\/","og_locale":"de_DE","og_type":"article","og_title":"Codage t\u00e9moin Airbag (si\u00e8ges baquets) BMW et Porsche 93C0, 93AF","og_description":"Effacement du t\u00e9moin d'airbag SRS suite \u00e0 l\u2019installation de si\u00e8ges baquets (Recaro Pole Position). Codage possible sur BMW, MINI et PORSCHE.","og_url":"https:\/\/geno-prog.ch\/de\/produkt\/airbag\/","og_site_name":"GenoProg","article_publisher":"https:\/\/www.facebook.com\/genoprog","article_modified_time":"2025-02-23T09:53:57+00:00","og_image":[{"width":1008,"height":756,"url":"https:\/\/geno-prog.ch\/wp-content\/uploads\/2019\/01\/AIRBAG.jpg","type":"image\/jpeg"}],"twitter_card":"summary_large_image","twitter_misc":{"Preis":"&#67;&#72;&#70;&nbsp;170.00","Verf\u00fcgbarkeit":"Auf Lager"},"schema":{"@context":"https:\/\/schema.org","@graph":[{"@type":"WebPage","@id":"https:\/\/geno-prog.ch\/produit\/airbag\/","url":"https:\/\/geno-prog.ch\/produit\/airbag\/","name":"Programmierung des Airbag-Moduls f\u00fcr Schalensitze BMW - MINI","isPartOf":{"@id":"https:\/\/geno-prog.ch\/#website"},"primaryImageOfPage":{"@id":"https:\/\/geno-prog.ch\/produit\/airbag\/#primaryimage"},"image":{"@id":"https:\/\/geno-prog.ch\/produit\/airbag\/#primaryimage"},"thumbnailUrl":"https:\/\/geno-prog.ch\/wp-content\/uploads\/2019\/01\/AIRBAG.jpg","datePublished":"2020-03-07T16:57:59+00:00","dateModified":"2025-02-23T09:53:57+00:00","description":"L\u00f6schen der SRS-Airbag-Kontrollleuchte nach dem Einbau von Schalensitzen (Recaro Pole Position). Codierung m\u00f6glich bei BMW, MINI und PORSCHE.","breadcrumb":{"@id":"https:\/\/geno-prog.ch\/produit\/airbag\/#breadcrumb"},"inLanguage":"de","potentialAction":[{"@type":"ReadAction","target":["https:\/\/geno-prog.ch\/produit\/airbag\/"]}]},{"@type":"ImageObject","inLanguage":"de","@id":"https:\/\/geno-prog.ch\/produit\/airbag\/#primaryimage","url":"https:\/\/geno-prog.ch\/wp-content\/uploads\/2019\/01\/AIRBAG.jpg","contentUrl":"https:\/\/geno-prog.ch\/wp-content\/uploads\/2019\/01\/AIRBAG.jpg","width":1008,"height":756},{"@type":"BreadcrumbList","@id":"https:\/\/geno-prog.ch\/produit\/airbag\/#breadcrumb","itemListElement":[{"@type":"ListItem","position":1,"name":"Accueil","item":"https:\/\/geno-prog.ch\/"},{"@type":"ListItem","position":2,"name":"T\u00e9l\u00e9chargements","item":"https:\/\/geno-prog.ch\/download\/"},{"@type":"ListItem","position":3,"name":"Codage t\u00e9moin Airbag (si\u00e8ges baquets) BMW et Porsche 93C0, 93AF"}]},{"@type":"WebSite","@id":"https:\/\/geno-prog.ch\/#website","url":"https:\/\/geno-prog.ch\/","name":"GenoProg","description":"Fachkraft f\u00fcr Kraftfahrzeugelektronik BMW \/ MINI","publisher":{"@id":"https:\/\/geno-prog.ch\/#organization"},"potentialAction":[{"@type":"SearchAction","target":{"@type":"EntryPoint","urlTemplate":"https:\/\/geno-prog.ch\/?s={search_term_string}"},"query-input":{"@type":"PropertyValueSpecification","valueRequired":true,"valueName":"search_term_string"}}],"inLanguage":"de"},{"@type":"Organization","@id":"https:\/\/geno-prog.ch\/#organization","name":"GenoProg","url":"https:\/\/geno-prog.ch\/","logo":{"@type":"ImageObject","inLanguage":"de","@id":"https:\/\/geno-prog.ch\/#\/schema\/logo\/image\/","url":"https:\/\/geno-prog.ch\/wp-content\/uploads\/2020\/03\/GenoProg_long.png","contentUrl":"https:\/\/geno-prog.ch\/wp-content\/uploads\/2020\/03\/GenoProg_long.png","width":3086,"height":803,"caption":"GenoProg"},"image":{"@id":"https:\/\/geno-prog.ch\/#\/schema\/logo\/image\/"},"sameAs":["https:\/\/www.facebook.com\/genoprog","https:\/\/www.instagram.com\/genoprog\/","https:\/\/www.youtube.com\/channel\/UC5a5VYzbWdsHNYm2Qtu1F2w"]}]},"product_brand":"external","product_price_amount":"170.00","product_price_currency":"CHF","og_availability":"instock","product_availability":"instock","product_condition":"new"},"_links":{"self":[{"href":"https:\/\/geno-prog.ch\/de\/wp-json\/wp\/v2\/product\/33341","targetHints":{"allow":["GET"]}}],"collection":[{"href":"https:\/\/geno-prog.ch\/de\/wp-json\/wp\/v2\/product"}],"about":[{"href":"https:\/\/geno-prog.ch\/de\/wp-json\/wp\/v2\/types\/product"}],"wp:featuredmedia":[{"embeddable":true,"href":"https:\/\/geno-prog.ch\/de\/wp-json\/wp\/v2\/media\/29406"}],"wp:attachment":[{"href":"https:\/\/geno-prog.ch\/de\/wp-json\/wp\/v2\/media?parent=33341"}],"wp:term":[{"taxonomy":"product_brand","embeddable":true,"href":"https:\/\/geno-prog.ch\/de\/wp-json\/wp\/v2\/product_brand?post=33341"},{"taxonomy":"product_cat","embeddable":true,"href":"https:\/\/geno-prog.ch\/de\/wp-json\/wp\/v2\/product_cat?post=33341"},{"taxonomy":"product_tag","embeddable":true,"href":"https:\/\/geno-prog.ch\/de\/wp-json\/wp\/v2\/product_tag?post=33341"}],"curies":[{"name":"wp","href":"https:\/\/api.w.org\/{rel}","templated":true}]}}