{"id":33335,"date":"2020-03-07T16:30:24","date_gmt":"2020-03-07T15:30:24","guid":{"rendered":"http:\/\/geno-prog.ch\/?post_type=product&#038;p=33335"},"modified":"2022-05-08T10:22:32","modified_gmt":"2022-05-08T08:22:32","slug":"edc-loschung","status":"publish","type":"product","link":"https:\/\/geno-prog.ch\/de\/produkt\/edc-loschung\/","title":{"rendered":"BMW EDC-Fahrwerkfehler l\u00f6schen"},"content":{"rendered":"<h3 class=\"p1\">Mit dieser Programmierung ersparen Sie sich die Installation eines Anti-Fehler-Kits.<span class=\"Apple-converted-space\">\u00a0<\/span><\/h3>\n<p>&nbsp;<\/p>\n<h4 class=\"p1\">Nach der Installation neuer Aufh\u00e4ngungen (Gewindestangen) k\u00f6nnen Sie auf folgende Fehler sto\u00dfen:<\/h4>\n<p class=\"p1\">Chassispanne mit der folgenden Meldung \"M\u00e4\u00dfig fahren\".<span class=\"Apple-converted-space\">\u00a0<\/span><\/p>\n<p class=\"p1\">Die Unm\u00f6glichkeit, die Modi M<\/p>\n<p class=\"p1\">Panne Sto\u00dfd\u00e4mpferh\u00e4rte, Panne begrenztes Fahrwerk.<span class=\"Apple-converted-space\">\u00a0<\/span><\/p>\n<p class=\"p1\">EDC Valve Coil open circuit 482A26, 482A22 etc.<\/p>\n<p class=\"p1\">Diese Programmierung ist auch bei Wettbewerbsfahrzeugen m\u00f6glich.<\/p>\n<p class=\"p3\">Modelle :<\/p>\n<p class=\"p3\">Bmw Serie 2 (M2 F87), Serie 3 (E90, E92, F30, F31, F80), Serie 4 (F32, F33, F82, F83)<\/p>","protected":false},"excerpt":{"rendered":"<p class=\"p1\">Entfernung der Option EDC durch Codierung (gesteuerte Aufh\u00e4ngung) und des Fehlercodes aufgrund des Einbaus neuer Sto\u00dfd\u00e4mpfer.<\/p>","protected":false},"featured_media":33336,"template":"","meta":{"_et_pb_use_builder":"","_et_pb_old_content":"","_et_gb_content_width":""},"product_brand":[],"product_cat":[90,89,84,85],"product_tag":[87],"class_list":{"0":"post-33335","1":"product","2":"type-product","3":"status-publish","4":"has-post-thumbnail","6":"product_cat-codage","7":"product_cat-m2-f87","8":"product_cat-m3-e9x","9":"product_cat-m3-m4-f8x","10":"product_tag-coding","12":"first","13":"instock","14":"shipping-taxable","15":"product-type-external"},"yoast_head":"<!-- This site is optimized with the Yoast SEO Premium plugin v26.5 (Yoast SEO v27.4) - https:\/\/yoast.com\/product\/yoast-seo-premium-wordpress\/ -->\n<title>Suppression d\u00e9faut suspension EDC BMW - GenoProg<\/title>\n<meta name=\"description\" content=\"Suppression de l&#039;option EDC par codage (suspensions pilot\u00e9es) et du code d\u00e9faut suite \u00e0 l&#039;installation de nouveaux amortisseurs.\" \/>\n<meta name=\"robots\" content=\"index, follow, max-snippet:-1, max-image-preview:large, max-video-preview:-1\" \/>\n<link rel=\"canonical\" href=\"https:\/\/geno-prog.ch\/de\/produkt\/edc-loschung\/\" \/>\n<meta property=\"og:locale\" content=\"de_DE\" \/>\n<meta property=\"og:type\" content=\"article\" \/>\n<meta property=\"og:title\" content=\"Suppression d\u00e9faut suspension EDC BMW\" \/>\n<meta property=\"og:description\" content=\"Suppression de l&#039;option EDC par codage (suspensions pilot\u00e9es) et du code d\u00e9faut suite \u00e0 l&#039;installation de nouveaux amortisseurs.\" \/>\n<meta property=\"og:url\" content=\"https:\/\/geno-prog.ch\/de\/produkt\/edc-loschung\/\" \/>\n<meta property=\"og:site_name\" content=\"GenoProg\" \/>\n<meta property=\"article:publisher\" content=\"https:\/\/www.facebook.com\/genoprog\" \/>\n<meta property=\"article:modified_time\" content=\"2022-05-08T08:22:32+00:00\" \/>\n<meta property=\"og:image\" content=\"https:\/\/geno-prog.ch\/wp-content\/uploads\/2020\/03\/Capture-d\u2019e\u0301cran-2020-03-07-a\u0300-16.29.38.png\" \/>\n\t<meta property=\"og:image:width\" content=\"458\" \/>\n\t<meta property=\"og:image:height\" content=\"508\" \/>\n\t<meta property=\"og:image:type\" content=\"image\/png\" \/>\n<meta name=\"twitter:card\" content=\"summary_large_image\" \/>\n<meta name=\"twitter:label1\" content=\"Preis\" \/>\n\t<meta name=\"twitter:data1\" content=\"&#067;&#072;&#070;&nbsp;230.00\" \/>\n\t<meta name=\"twitter:label2\" content=\"Verf\u00fcgbarkeit\" \/>\n\t<meta name=\"twitter:data2\" content=\"Auf Lager\" \/>\n<script type=\"application\/ld+json\" class=\"yoast-schema-graph\">{\"@context\":\"https:\\\/\\\/schema.org\",\"@graph\":[{\"@type\":\"WebPage\",\"@id\":\"https:\\\/\\\/geno-prog.ch\\\/produit\\\/suppression-edc\\\/\",\"url\":\"https:\\\/\\\/geno-prog.ch\\\/produit\\\/suppression-edc\\\/\",\"name\":\"Suppression d\u00e9faut suspension EDC BMW - GenoProg\",\"isPartOf\":{\"@id\":\"https:\\\/\\\/geno-prog.ch\\\/#website\"},\"primaryImageOfPage\":{\"@id\":\"https:\\\/\\\/geno-prog.ch\\\/produit\\\/suppression-edc\\\/#primaryimage\"},\"image\":{\"@id\":\"https:\\\/\\\/geno-prog.ch\\\/produit\\\/suppression-edc\\\/#primaryimage\"},\"thumbnailUrl\":\"https:\\\/\\\/geno-prog.ch\\\/wp-content\\\/uploads\\\/2020\\\/03\\\/Capture-d\u2019e\u0301cran-2020-03-07-a\u0300-16.29.38.png\",\"datePublished\":\"2020-03-07T15:30:24+00:00\",\"dateModified\":\"2022-05-08T08:22:32+00:00\",\"description\":\"Suppression de l'option EDC par codage (suspensions pilot\u00e9es) et du code d\u00e9faut suite \u00e0 l'installation de nouveaux amortisseurs.\",\"breadcrumb\":{\"@id\":\"https:\\\/\\\/geno-prog.ch\\\/produit\\\/suppression-edc\\\/#breadcrumb\"},\"inLanguage\":\"de\",\"potentialAction\":[{\"@type\":\"ReadAction\",\"target\":[\"https:\\\/\\\/geno-prog.ch\\\/produit\\\/suppression-edc\\\/\"]}]},{\"@type\":\"ImageObject\",\"inLanguage\":\"de\",\"@id\":\"https:\\\/\\\/geno-prog.ch\\\/produit\\\/suppression-edc\\\/#primaryimage\",\"url\":\"https:\\\/\\\/geno-prog.ch\\\/wp-content\\\/uploads\\\/2020\\\/03\\\/Capture-d\u2019e\u0301cran-2020-03-07-a\u0300-16.29.38.png\",\"contentUrl\":\"https:\\\/\\\/geno-prog.ch\\\/wp-content\\\/uploads\\\/2020\\\/03\\\/Capture-d\u2019e\u0301cran-2020-03-07-a\u0300-16.29.38.png\",\"width\":458,\"height\":508,\"caption\":\"Suppression EDC BMW M3 et M4\"},{\"@type\":\"BreadcrumbList\",\"@id\":\"https:\\\/\\\/geno-prog.ch\\\/produit\\\/suppression-edc\\\/#breadcrumb\",\"itemListElement\":[{\"@type\":\"ListItem\",\"position\":1,\"name\":\"Accueil\",\"item\":\"https:\\\/\\\/geno-prog.ch\\\/\"},{\"@type\":\"ListItem\",\"position\":2,\"name\":\"T\u00e9l\u00e9chargements\",\"item\":\"https:\\\/\\\/geno-prog.ch\\\/download\\\/\"},{\"@type\":\"ListItem\",\"position\":3,\"name\":\"Suppression d\u00e9faut suspension EDC BMW\"}]},{\"@type\":\"WebSite\",\"@id\":\"https:\\\/\\\/geno-prog.ch\\\/#website\",\"url\":\"https:\\\/\\\/geno-prog.ch\\\/\",\"name\":\"GenoProg\",\"description\":\"Sp\u00e9cialiste en \u00e9lectronique automobile BMW \\\/ MINI\",\"publisher\":{\"@id\":\"https:\\\/\\\/geno-prog.ch\\\/#organization\"},\"potentialAction\":[{\"@type\":\"SearchAction\",\"target\":{\"@type\":\"EntryPoint\",\"urlTemplate\":\"https:\\\/\\\/geno-prog.ch\\\/?s={search_term_string}\"},\"query-input\":{\"@type\":\"PropertyValueSpecification\",\"valueRequired\":true,\"valueName\":\"search_term_string\"}}],\"inLanguage\":\"de\"},{\"@type\":\"Organization\",\"@id\":\"https:\\\/\\\/geno-prog.ch\\\/#organization\",\"name\":\"GenoProg\",\"url\":\"https:\\\/\\\/geno-prog.ch\\\/\",\"logo\":{\"@type\":\"ImageObject\",\"inLanguage\":\"de\",\"@id\":\"https:\\\/\\\/geno-prog.ch\\\/#\\\/schema\\\/logo\\\/image\\\/\",\"url\":\"https:\\\/\\\/geno-prog.ch\\\/wp-content\\\/uploads\\\/2020\\\/03\\\/GenoProg_long.png\",\"contentUrl\":\"https:\\\/\\\/geno-prog.ch\\\/wp-content\\\/uploads\\\/2020\\\/03\\\/GenoProg_long.png\",\"width\":3086,\"height\":803,\"caption\":\"GenoProg\"},\"image\":{\"@id\":\"https:\\\/\\\/geno-prog.ch\\\/#\\\/schema\\\/logo\\\/image\\\/\"},\"sameAs\":[\"https:\\\/\\\/www.facebook.com\\\/genoprog\",\"https:\\\/\\\/www.instagram.com\\\/genoprog\\\/\",\"https:\\\/\\\/www.youtube.com\\\/channel\\\/UC5a5VYzbWdsHNYm2Qtu1F2w\"]}]}<\/script>\n<meta property=\"product:brand\" content=\"external\" \/>\n<meta property=\"product:price:amount\" content=\"230.00\" \/>\n<meta property=\"product:price:currency\" content=\"CHF\" \/>\n<meta property=\"og:availability\" content=\"instock\" \/>\n<meta property=\"product:availability\" content=\"instock\" \/>\n<meta property=\"product:condition\" content=\"new\" \/>\n<!-- \/ Yoast SEO Premium plugin. -->","yoast_head_json":{"title":"BMW EDC-Fahrwerksfehler entfernen - GenoProg","description":"Entfernung der Option EDC durch Codierung (gesteuerte Aufh\u00e4ngung) und des Fehlercodes aufgrund des Einbaus neuer Sto\u00dfd\u00e4mpfer.","robots":{"index":"index","follow":"follow","max-snippet":"max-snippet:-1","max-image-preview":"max-image-preview:large","max-video-preview":"max-video-preview:-1"},"canonical":"https:\/\/geno-prog.ch\/de\/produkt\/edc-loschung\/","og_locale":"de_DE","og_type":"article","og_title":"Suppression d\u00e9faut suspension EDC BMW","og_description":"Suppression de l'option EDC par codage (suspensions pilot\u00e9es) et du code d\u00e9faut suite \u00e0 l'installation de nouveaux amortisseurs.","og_url":"https:\/\/geno-prog.ch\/de\/produkt\/edc-loschung\/","og_site_name":"GenoProg","article_publisher":"https:\/\/www.facebook.com\/genoprog","article_modified_time":"2022-05-08T08:22:32+00:00","og_image":[{"width":458,"height":508,"url":"https:\/\/geno-prog.ch\/wp-content\/uploads\/2020\/03\/Capture-d\u2019e\u0301cran-2020-03-07-a\u0300-16.29.38.png","type":"image\/png"}],"twitter_card":"summary_large_image","twitter_misc":{"Preis":"&#67;&#72;&#70;&nbsp;230.00","Verf\u00fcgbarkeit":"Auf Lager"},"schema":{"@context":"https:\/\/schema.org","@graph":[{"@type":"WebPage","@id":"https:\/\/geno-prog.ch\/produit\/suppression-edc\/","url":"https:\/\/geno-prog.ch\/produit\/suppression-edc\/","name":"BMW EDC-Fahrwerksfehler entfernen - GenoProg","isPartOf":{"@id":"https:\/\/geno-prog.ch\/#website"},"primaryImageOfPage":{"@id":"https:\/\/geno-prog.ch\/produit\/suppression-edc\/#primaryimage"},"image":{"@id":"https:\/\/geno-prog.ch\/produit\/suppression-edc\/#primaryimage"},"thumbnailUrl":"https:\/\/geno-prog.ch\/wp-content\/uploads\/2020\/03\/Capture-d\u2019e\u0301cran-2020-03-07-a\u0300-16.29.38.png","datePublished":"2020-03-07T15:30:24+00:00","dateModified":"2022-05-08T08:22:32+00:00","description":"Entfernung der Option EDC durch Codierung (gesteuerte Aufh\u00e4ngung) und des Fehlercodes aufgrund des Einbaus neuer Sto\u00dfd\u00e4mpfer.","breadcrumb":{"@id":"https:\/\/geno-prog.ch\/produit\/suppression-edc\/#breadcrumb"},"inLanguage":"de","potentialAction":[{"@type":"ReadAction","target":["https:\/\/geno-prog.ch\/produit\/suppression-edc\/"]}]},{"@type":"ImageObject","inLanguage":"de","@id":"https:\/\/geno-prog.ch\/produit\/suppression-edc\/#primaryimage","url":"https:\/\/geno-prog.ch\/wp-content\/uploads\/2020\/03\/Capture-d\u2019e\u0301cran-2020-03-07-a\u0300-16.29.38.png","contentUrl":"https:\/\/geno-prog.ch\/wp-content\/uploads\/2020\/03\/Capture-d\u2019e\u0301cran-2020-03-07-a\u0300-16.29.38.png","width":458,"height":508,"caption":"Suppression EDC BMW M3 et M4"},{"@type":"BreadcrumbList","@id":"https:\/\/geno-prog.ch\/produit\/suppression-edc\/#breadcrumb","itemListElement":[{"@type":"ListItem","position":1,"name":"Accueil","item":"https:\/\/geno-prog.ch\/"},{"@type":"ListItem","position":2,"name":"T\u00e9l\u00e9chargements","item":"https:\/\/geno-prog.ch\/download\/"},{"@type":"ListItem","position":3,"name":"Suppression d\u00e9faut suspension EDC BMW"}]},{"@type":"WebSite","@id":"https:\/\/geno-prog.ch\/#website","url":"https:\/\/geno-prog.ch\/","name":"GenoProg","description":"Fachkraft f\u00fcr Kraftfahrzeugelektronik BMW \/ MINI","publisher":{"@id":"https:\/\/geno-prog.ch\/#organization"},"potentialAction":[{"@type":"SearchAction","target":{"@type":"EntryPoint","urlTemplate":"https:\/\/geno-prog.ch\/?s={search_term_string}"},"query-input":{"@type":"PropertyValueSpecification","valueRequired":true,"valueName":"search_term_string"}}],"inLanguage":"de"},{"@type":"Organization","@id":"https:\/\/geno-prog.ch\/#organization","name":"GenoProg","url":"https:\/\/geno-prog.ch\/","logo":{"@type":"ImageObject","inLanguage":"de","@id":"https:\/\/geno-prog.ch\/#\/schema\/logo\/image\/","url":"https:\/\/geno-prog.ch\/wp-content\/uploads\/2020\/03\/GenoProg_long.png","contentUrl":"https:\/\/geno-prog.ch\/wp-content\/uploads\/2020\/03\/GenoProg_long.png","width":3086,"height":803,"caption":"GenoProg"},"image":{"@id":"https:\/\/geno-prog.ch\/#\/schema\/logo\/image\/"},"sameAs":["https:\/\/www.facebook.com\/genoprog","https:\/\/www.instagram.com\/genoprog\/","https:\/\/www.youtube.com\/channel\/UC5a5VYzbWdsHNYm2Qtu1F2w"]}]},"product_brand":"external","product_price_amount":"230.00","product_price_currency":"CHF","og_availability":"instock","product_availability":"instock","product_condition":"new"},"_links":{"self":[{"href":"https:\/\/geno-prog.ch\/de\/wp-json\/wp\/v2\/product\/33335","targetHints":{"allow":["GET"]}}],"collection":[{"href":"https:\/\/geno-prog.ch\/de\/wp-json\/wp\/v2\/product"}],"about":[{"href":"https:\/\/geno-prog.ch\/de\/wp-json\/wp\/v2\/types\/product"}],"wp:featuredmedia":[{"embeddable":true,"href":"https:\/\/geno-prog.ch\/de\/wp-json\/wp\/v2\/media\/33336"}],"wp:attachment":[{"href":"https:\/\/geno-prog.ch\/de\/wp-json\/wp\/v2\/media?parent=33335"}],"wp:term":[{"taxonomy":"product_brand","embeddable":true,"href":"https:\/\/geno-prog.ch\/de\/wp-json\/wp\/v2\/product_brand?post=33335"},{"taxonomy":"product_cat","embeddable":true,"href":"https:\/\/geno-prog.ch\/de\/wp-json\/wp\/v2\/product_cat?post=33335"},{"taxonomy":"product_tag","embeddable":true,"href":"https:\/\/geno-prog.ch\/de\/wp-json\/wp\/v2\/product_tag?post=33335"}],"curies":[{"name":"wp","href":"https:\/\/api.w.org\/{rel}","templated":true}]}}