{"id":33209,"date":"2020-03-02T14:58:38","date_gmt":"2020-03-02T13:58:38","guid":{"rendered":"https:\/\/geno-prog.ch\/?post_type=product&#038;p=33209"},"modified":"2025-01-24T17:44:37","modified_gmt":"2025-01-24T16:44:37","slug":"ruckfahrkamera","status":"publish","type":"product","link":"https:\/\/geno-prog.ch\/de\/produkt\/ruckfahrkamera\/","title":{"rendered":"Original R\u00fcckfahrkamera nachr\u00fcstung BMW Fxx \/ Gxx \/ MINI F55 inkl. Einbau"},"content":{"rendered":"<h1 class=\"p1\">Wir bieten Ihnen die Installation einer Original-R\u00fcckfahrkamera in Ihrem BMW der F- oder G-Serie und in Ihrem MINI der F-Serie an.<\/h1>\n<p>&nbsp;<\/p>\n<h2 class=\"p1\">Warum eine Originalkamera?<\/h2>\n<h4 class=\"p1\">Denn sie bietet folgende Vorteile:<\/h4>\n<ul class=\"ul1\">\n<li class=\"li3\"><span class=\"s1\">H\u00f6here Bildqualit\u00e4t<\/span><\/li>\n<li class=\"li3\"><span class=\"s1\">W\u00e4rmelinse (im Winter)<\/span><\/li>\n<li class=\"li3\"><span class=\"s1\">Dynamische Parklinie<\/span><\/li>\n<li class=\"li3\"><span class=\"s1\">Integration in den Bordcomputer<\/span><\/li>\n<li class=\"li3\"><span class=\"s1\">Zoom der Kamera auf die Anh\u00e4ngerkupplung, um leichter mit einem Anh\u00e4nger zu man\u00f6vrieren<\/span><\/li>\n<\/ul>\n<p>&nbsp;<\/p>\n<h2 class=\"p1\">Welche Fahrzeuge sind kompatibel?<\/h2>\n<p class=\"p5\">Das Fahrzeug muss mit Parksensoren hinten PDC (Option 507) oder vorne und hinten (508) ausgestattet sein.<\/p>\n<p class=\"p5\">Bei einigen Fahrzeugen (Serien F2x, F3x), die nach Juli 2017 produziert wurden, muss das FEM-Geh\u00e4use vorher ausgetauscht werden.<\/p>\n<p class=\"p5\">Wenn Sie uns die Fahrgestellnummer mitteilen, k\u00f6nnen wir die Kompatibilit\u00e4t \u00fcberpr\u00fcfen.<\/p>\n<p>&nbsp;<\/p>\n<h2 class=\"p1\">\u00c4ndert sich der Preis je nach Fahrzeug?<\/h2>\n<p class=\"p5\">Die ben\u00f6tigten Teile k\u00f6nnen sich je nach der Vorr\u00fcstung des Fahrzeugs sowie der Einbauzeit \u00e4ndern. Bei einem Cabriolet ist z. B. aufgrund des Schlie\u00df-\/\u00d6ffnungssystems des Kofferraums die Durchf\u00fchrung des Kabelbaums komplizierter als bei einer Limousine. Um Ihnen einen genauen Preis nennen zu k\u00f6nnen, geben Sie in Ihrer Anfrage bitte die Fahrgestellnummer an. Diese Angabe finden Sie unter anderem im Feld Nummer 23 des Fahrzeugscheins.<\/p>\n<p>&nbsp;<\/p>\n<h2 class=\"p1\">Wie lange dauert die Installation?<\/h2>\n<p class=\"p1\">Das Fahrzeug wird in der Regel ein bis zwei Tage lang in Payerne (VD), Nyon (VD) oder in einem Partnerzentrum im Wallis stillgelegt.<\/p>\n<p class=\"p1\">Wir bieten auch an, die Arbeit an einem Samstag zu erledigen.<\/p>\n<p>&nbsp;<\/p>\n<h2 class=\"p1\">Wie sieht es mit der Garantie aus?<\/h2>\n<p class=\"p1\">Wir geben eine Garantie von 24 Monaten.<\/p>\n<p>&nbsp;<\/p>\n<p class=\"p1\">GenoProg GmbH<\/p>\n<p class=\"p1\">Route de Grandcour 64<\/p>\n<p class=\"p1\">1530 Payerne<\/p>\n<p class=\"p1\">Tel, SMS &amp; WhatsApp unter: 076 715 76 36<\/p>\n<p class=\"p1\">Kompatible Modelle :<\/p>\n<p class=\"p1\">Bmw Serie 1 (F40), Serie 2 (F22, F23, F42, G087), Serie 3 (F30, F31, F80, G20, G21, G80, G81), Serie 4 (F32, F33, F82, F83, G82, G83), Serie 5 (F10, F11, Fxx, G30, G31), Serie 6 (F06, F07), Serie 7 (F01, F02), X1 (E84, F48), X2 (F39), X3 (F25, G01), X4 (F26, G02), X5 (E70, F15, F85), X6 (E71, F16, F86).<\/p>\n<p class=\"p1\">Inkompatible Modelle f\u00fcr eine Originalkamera :<\/p>\n<p class=\"p1\">Serie 1 (E82, E83, E87, E88), Serie 3 (E46, E90, E91, E92, E93), Serie 5 (E60, E61), Serie 6 (E63, E64)<\/p>\n<p class=\"p1\">Verwendete Module: F\u00fcr ein CIC und NBT TRSVC-Modul, f\u00fcr die G-Serie und einige F-Serie ICAM-Modul.<\/p>\n<blockquote class=\"wp-embedded-content\" data-secret=\"BFAVpLcHs5\"><p><a href=\"https:\/\/geno-prog.ch\/de\/produkt\/m5_f90_lci_led\/\">Facelift-R\u00fcckleuchten f\u00fcr Serie 5 G30\/G31\/G38 und (M5 F90)<\/a><\/p><\/blockquote>\n<p><iframe loading=\"lazy\" class=\"wp-embedded-content\" sandbox=\"allow-scripts\" security=\"restricted\" style=\"position: absolute; visibility: hidden;\" title=\"&quot; Facelift R\u00fcckleuchten f\u00fcr 5er Serie G30\/G31\/G38 und (M5 F90) &quot; - GenoProg\" src=\"https:\/\/geno-prog.ch\/produit\/m5_f90_lci_led\/embed\/#?secret=89sEPNbPwG#?secret=BFAVpLcHs5\" data-secret=\"BFAVpLcHs5\" width=\"600\" height=\"338\" frameborder=\"0\" marginwidth=\"0\" marginheight=\"0\" scrolling=\"no\"><\/iframe><\/p>","protected":false},"excerpt":{"rendered":"<p class=\"p1\">R\u00fcckfahrkameras sind zu einer fast unverzichtbaren Ausstattung moderner Autos geworden. Wir bieten den Einbau und die Programmierung einer R\u00fcckfahrkamera mit Originalmaterial f\u00fcr Ihren BMW oder MINI an.<\/p>","protected":false},"featured_media":33918,"template":"","meta":{"_et_pb_use_builder":"on","_et_pb_old_content":"<h1 class=\"p1\">Nous vous proposons l\u2019installation d\u2019une cam\u00e9ra de recul d'origine dans votre BMW S\u00e9rie F ou G et sur MINI s\u00e9rie F.<\/h1>\r\n&nbsp;\r\n<h2 class=\"p1\">Pourquoi une cam\u00e9ra d\u2019origine ?<\/h2>\r\n<h4 class=\"p1\">Parce qu\u2019elle offre les avantages suivants :<\/h4>\r\n<ul class=\"ul1\">\r\n \t<li class=\"li3\"><span class=\"s1\">Qualit\u00e9 d\u2019image sup\u00e9rieure<\/span><\/li>\r\n \t<li class=\"li3\"><span class=\"s1\">Lentille chauffante (en hiver)<\/span><\/li>\r\n \t<li class=\"li3\"><span class=\"s1\">Ligne de stationnement dynamique<\/span><\/li>\r\n \t<li class=\"li3\"><span class=\"s1\">Int\u00e9gration dans l\u2019ordinateur de bord<\/span><\/li>\r\n \t<li class=\"li3\"><span class=\"s1\">Zoom de la cam\u00e9ra sur l\u2019attelage pour man\u0153uvrer plus facilement avec une remorque<\/span><\/li>\r\n<\/ul>\r\n&nbsp;\r\n<h2 class=\"p1\">Quel sont les v\u00e9hicules compatibles ?<\/h2>\r\n<p class=\"p5\">Le v\u00e9hicule doit \u00eatre \u00e9quip\u00e9 de capteurs de stationnement arri\u00e8re PDC (option 507) ou avant et arri\u00e8re (508).<\/p>\r\n<p class=\"p5\">Certains v\u00e9hicules (S\u00e9ries F2x, F3x) produits apr\u00e8s juillet 2017 n\u00e9cessite le changement pr\u00e9alable du boitier FEM.<\/p>\r\n<p class=\"p5\">Si vous nous communiquez le num\u00e9ro de ch\u00e2ssis, nous pouvons v\u00e9rifier la compatibilit\u00e9.<\/p>\r\n&nbsp;\r\n<h2 class=\"p1\">Le prix change-t-il en fonction du v\u00e9hicule ?<\/h2>\r\n<p class=\"p5\">Les pi\u00e8ces n\u00e9cessaires peuvent changer en fonction de l\u2019\u00e9quipement pr\u00e9alable du v\u00e9hicule ainsi que du temps d\u2019installation. Par exemple, sur une cabriolet, en raison du syst\u00e8me de fermeture\/ouverture du coffre, le passage du faisceau est plus complexe que sur une berline. Afin de pouvoir vous donner un prix exact, merci d\u2019indiquer le num\u00e9ro de ch\u00e2ssis dans votre demande. Cette information se trouve entre autres dans le champ num\u00e9ro 23 du permis de circulation.<\/p>\r\n&nbsp;\r\n<h2 class=\"p1\">Quel est la dur\u00e9e d\u2019installation ?<\/h2>\r\n<p class=\"p1\">L\u2019immobilisation du v\u00e9hicule est g\u00e9n\u00e9ralement d\u2019un \u00e0 deux jours \u00e0 Payerne (VD), Nyon (VD) ou dans un centre partenaire en Valais.<\/p>\r\n<p class=\"p1\">Nous proposons \u00e9galement d\u2019effectuer le travail un samedi.<\/p>\r\n&nbsp;\r\n<h2 class=\"p1\">Qu\u2019en est-il au niveau de la garantie ?<\/h2>\r\n<p class=\"p1\">Nous fournissons une garantie de 24 mois.<\/p>\r\n&nbsp;\r\n<p class=\"p1\">GenoProg S\u00e0rl<\/p>\r\n<p class=\"p1\">Route de Grandcour 64<\/p>\r\n<p class=\"p1\">1530 Payerne<\/p>\r\n<p class=\"p1\">T\u00e9l, SMS &amp; WhatsApp au : 076 715 76 36<\/p>\r\n<p class=\"p1\">Mod\u00e8les compatibles :<\/p>\r\n<p class=\"p1\">Bmw S\u00e9rie 1 (F40), S\u00e9rie 2 (F22, F23, F42, G087), S\u00e9rie 3 (F30, F31, F80, G20, G21, G80, G81), S\u00e9rie 4 (F32, F33, F82, F83, G82, G83), S\u00e9rie 5 (F10, F11, Fxx, G30, G31), S\u00e9rie 6 (F06, F07), S\u00e9rie 7 (F01, F02), X1 (E84, F48), X2 (F39), X3 (F25, G01), X4 (F26, G02) X5 (E70, F15, F85), X6 (E71, F16, F86).<\/p>\r\n<p class=\"p1\">Mod\u00e8les incompatibles pour une cam\u00e9ra d\u2019origine :<\/p>\r\n<p class=\"p1\">S\u00e9rie 1 (E82, E83, E87, E88), S\u00e9rie 3 (E46, E90, E91, E92, E93), S\u00e9rie 5 (E60, E61), S\u00e9rie 6 (E63, E64)<\/p>\r\n<p class=\"p1\">Modules utilis\u00e9s : Pour un CIC et NBT module TRSVC, pour les s\u00e9ries G et certaines s\u00e9ries F module ICAM.<\/p>\r\nhttps:\/\/geno-prog.ch\/produit\/m5_f90_lci_led\/","_et_gb_content_width":""},"product_brand":[],"product_cat":[68,78,89,283,85,284,86,92,285,69,70,72,73,74,75,76,82,79,81],"product_tag":[287,87,286],"class_list":{"0":"post-33209","1":"product","2":"type-product","3":"status-publish","4":"has-post-thumbnail","6":"product_cat-bmw","7":"product_cat-f3x","8":"product_cat-m2-f87","9":"product_cat-m3","10":"product_cat-m3-m4-f8x","11":"product_cat-m4-g8x","12":"product_cat-m5-f10","13":"product_cat-m6-f06-f12-f13","14":"product_cat-retrofit","15":"product_cat-serie-1","16":"product_cat-serie-2","17":"product_cat-serie-4","18":"product_cat-serie-5","19":"product_cat-serie-6","20":"product_cat-serie-7","21":"product_cat-serie-8","22":"product_cat-i","23":"product_cat-x1-x7","24":"product_cat-z4","25":"product_tag-3ag","26":"product_tag-coding","27":"product_tag-retrofit","29":"first","30":"instock","31":"shipping-taxable","32":"product-type-external"},"yoast_head":"<!-- This site is optimized with the Yoast SEO Premium plugin v26.5 (Yoast SEO v27.3) - https:\/\/yoast.com\/product\/yoast-seo-premium-wordpress\/ -->\n<title>Cam\u00e9ra de recul d\u2019origine | BMW S\u00e9rie Gxx | S\u00e9rie 3, X3, Mini<\/title>\n<meta name=\"description\" content=\"Post-\u00e9quipement cam\u00e9ra de recul d\u2019origine BMW et MINI. Retrofit en pi\u00e8ces d&#039;origine avec installation et codage\/programmation \u00e0 Payerne (Suisse).\" \/>\n<meta name=\"robots\" content=\"index, follow, max-snippet:-1, max-image-preview:large, max-video-preview:-1\" \/>\n<link rel=\"canonical\" href=\"https:\/\/geno-prog.ch\/de\/produkt\/ruckfahrkamera\/\" \/>\n<meta property=\"og:locale\" content=\"de_DE\" \/>\n<meta property=\"og:type\" content=\"article\" \/>\n<meta property=\"og:title\" content=\"Installation cam\u00e9ra de recul d\u2019origine BMW s\u00e9rie Fxx \/ Gxx \/ MINI F55\" \/>\n<meta property=\"og:description\" content=\"Post-\u00e9quipement cam\u00e9ra de recul d\u2019origine BMW et MINI. Retrofit en pi\u00e8ces d&#039;origine avec installation et codage\/programmation \u00e0 Payerne (Suisse).\" \/>\n<meta property=\"og:url\" content=\"https:\/\/geno-prog.ch\/de\/produkt\/ruckfahrkamera\/\" \/>\n<meta property=\"og:site_name\" content=\"GenoProg\" \/>\n<meta property=\"article:publisher\" content=\"https:\/\/www.facebook.com\/genoprog\" \/>\n<meta property=\"article:modified_time\" content=\"2025-01-24T16:44:37+00:00\" \/>\n<meta property=\"og:image\" content=\"https:\/\/geno-prog.ch\/wp-content\/uploads\/2020\/03\/ICAM_G81-scaled.jpg\" \/>\n\t<meta property=\"og:image:width\" content=\"2560\" \/>\n\t<meta property=\"og:image:height\" content=\"1920\" \/>\n\t<meta property=\"og:image:type\" content=\"image\/jpeg\" \/>\n<meta name=\"twitter:card\" content=\"summary_large_image\" \/>\n<meta name=\"twitter:label1\" content=\"Preis\" \/>\n\t<meta name=\"twitter:data1\" content=\"&#067;&#072;&#070;&nbsp;990.00\" \/>\n\t<meta name=\"twitter:label2\" content=\"Verf\u00fcgbarkeit\" \/>\n\t<meta name=\"twitter:data2\" content=\"Auf Lager\" \/>\n<script type=\"application\/ld+json\" class=\"yoast-schema-graph\">{\"@context\":\"https:\\\/\\\/schema.org\",\"@graph\":[{\"@type\":\"WebPage\",\"@id\":\"https:\\\/\\\/geno-prog.ch\\\/produit\\\/camera-de-recul\\\/\",\"url\":\"https:\\\/\\\/geno-prog.ch\\\/produit\\\/camera-de-recul\\\/\",\"name\":\"Cam\u00e9ra de recul d\u2019origine | BMW S\u00e9rie Gxx | S\u00e9rie 3, X3, Mini\",\"isPartOf\":{\"@id\":\"https:\\\/\\\/geno-prog.ch\\\/#website\"},\"primaryImageOfPage\":{\"@id\":\"https:\\\/\\\/geno-prog.ch\\\/produit\\\/camera-de-recul\\\/#primaryimage\"},\"image\":{\"@id\":\"https:\\\/\\\/geno-prog.ch\\\/produit\\\/camera-de-recul\\\/#primaryimage\"},\"thumbnailUrl\":\"https:\\\/\\\/geno-prog.ch\\\/wp-content\\\/uploads\\\/2020\\\/03\\\/ICAM_G81-scaled.jpg\",\"datePublished\":\"2020-03-02T13:58:38+00:00\",\"dateModified\":\"2025-01-24T16:44:37+00:00\",\"description\":\"Post-\u00e9quipement cam\u00e9ra de recul d\u2019origine BMW et MINI. Retrofit en pi\u00e8ces d'origine avec installation et codage\\\/programmation \u00e0 Payerne (Suisse).\",\"breadcrumb\":{\"@id\":\"https:\\\/\\\/geno-prog.ch\\\/produit\\\/camera-de-recul\\\/#breadcrumb\"},\"inLanguage\":\"de\",\"potentialAction\":[{\"@type\":\"ReadAction\",\"target\":[\"https:\\\/\\\/geno-prog.ch\\\/produit\\\/camera-de-recul\\\/\"]}]},{\"@type\":\"ImageObject\",\"inLanguage\":\"de\",\"@id\":\"https:\\\/\\\/geno-prog.ch\\\/produit\\\/camera-de-recul\\\/#primaryimage\",\"url\":\"https:\\\/\\\/geno-prog.ch\\\/wp-content\\\/uploads\\\/2020\\\/03\\\/ICAM_G81-scaled.jpg\",\"contentUrl\":\"https:\\\/\\\/geno-prog.ch\\\/wp-content\\\/uploads\\\/2020\\\/03\\\/ICAM_G81-scaled.jpg\",\"width\":2560,\"height\":1920,\"caption\":\"Cam\u00e9ra de recul \u00e9cran central BMW\"},{\"@type\":\"BreadcrumbList\",\"@id\":\"https:\\\/\\\/geno-prog.ch\\\/produit\\\/camera-de-recul\\\/#breadcrumb\",\"itemListElement\":[{\"@type\":\"ListItem\",\"position\":1,\"name\":\"Accueil\",\"item\":\"https:\\\/\\\/geno-prog.ch\\\/\"},{\"@type\":\"ListItem\",\"position\":2,\"name\":\"T\u00e9l\u00e9chargements\",\"item\":\"https:\\\/\\\/geno-prog.ch\\\/download\\\/\"},{\"@type\":\"ListItem\",\"position\":3,\"name\":\"Installation cam\u00e9ra de recul d\u2019origine BMW s\u00e9rie Fxx \\\/ Gxx \\\/ MINI F55\"}]},{\"@type\":\"WebSite\",\"@id\":\"https:\\\/\\\/geno-prog.ch\\\/#website\",\"url\":\"https:\\\/\\\/geno-prog.ch\\\/\",\"name\":\"GenoProg\",\"description\":\"Sp\u00e9cialiste en \u00e9lectronique automobile BMW \\\/ MINI\",\"publisher\":{\"@id\":\"https:\\\/\\\/geno-prog.ch\\\/#organization\"},\"potentialAction\":[{\"@type\":\"SearchAction\",\"target\":{\"@type\":\"EntryPoint\",\"urlTemplate\":\"https:\\\/\\\/geno-prog.ch\\\/?s={search_term_string}\"},\"query-input\":{\"@type\":\"PropertyValueSpecification\",\"valueRequired\":true,\"valueName\":\"search_term_string\"}}],\"inLanguage\":\"de\"},{\"@type\":\"Organization\",\"@id\":\"https:\\\/\\\/geno-prog.ch\\\/#organization\",\"name\":\"GenoProg\",\"url\":\"https:\\\/\\\/geno-prog.ch\\\/\",\"logo\":{\"@type\":\"ImageObject\",\"inLanguage\":\"de\",\"@id\":\"https:\\\/\\\/geno-prog.ch\\\/#\\\/schema\\\/logo\\\/image\\\/\",\"url\":\"https:\\\/\\\/geno-prog.ch\\\/wp-content\\\/uploads\\\/2020\\\/03\\\/GenoProg_long.png\",\"contentUrl\":\"https:\\\/\\\/geno-prog.ch\\\/wp-content\\\/uploads\\\/2020\\\/03\\\/GenoProg_long.png\",\"width\":3086,\"height\":803,\"caption\":\"GenoProg\"},\"image\":{\"@id\":\"https:\\\/\\\/geno-prog.ch\\\/#\\\/schema\\\/logo\\\/image\\\/\"},\"sameAs\":[\"https:\\\/\\\/www.facebook.com\\\/genoprog\",\"https:\\\/\\\/www.instagram.com\\\/genoprog\\\/\",\"https:\\\/\\\/www.youtube.com\\\/channel\\\/UC5a5VYzbWdsHNYm2Qtu1F2w\"]}]}<\/script>\n<meta property=\"product:brand\" content=\"external\" \/>\n<meta property=\"product:price:amount\" content=\"990.00\" \/>\n<meta property=\"product:price:currency\" content=\"CHF\" \/>\n<meta property=\"og:availability\" content=\"instock\" \/>\n<meta property=\"product:availability\" content=\"instock\" \/>\n<meta property=\"product:condition\" content=\"new\" \/>\n<!-- \/ Yoast SEO Premium plugin. -->","yoast_head_json":{"title":"Original R\u00fcckfahrkamera | BMW Gxx-Serie | 3er, X3, Mini","description":"Nachr\u00fcstung von Original BMW und MINI R\u00fcckfahrkameras. Nachr\u00fcstung mit Originalteilen mit Einbau und Codierung\/Programmierung in Payerne (Schweiz).","robots":{"index":"index","follow":"follow","max-snippet":"max-snippet:-1","max-image-preview":"max-image-preview:large","max-video-preview":"max-video-preview:-1"},"canonical":"https:\/\/geno-prog.ch\/de\/produkt\/ruckfahrkamera\/","og_locale":"de_DE","og_type":"article","og_title":"Installation cam\u00e9ra de recul d\u2019origine BMW s\u00e9rie Fxx \/ Gxx \/ MINI F55","og_description":"Post-\u00e9quipement cam\u00e9ra de recul d\u2019origine BMW et MINI. Retrofit en pi\u00e8ces d'origine avec installation et codage\/programmation \u00e0 Payerne (Suisse).","og_url":"https:\/\/geno-prog.ch\/de\/produkt\/ruckfahrkamera\/","og_site_name":"GenoProg","article_publisher":"https:\/\/www.facebook.com\/genoprog","article_modified_time":"2025-01-24T16:44:37+00:00","og_image":[{"width":2560,"height":1920,"url":"https:\/\/geno-prog.ch\/wp-content\/uploads\/2020\/03\/ICAM_G81-scaled.jpg","type":"image\/jpeg"}],"twitter_card":"summary_large_image","twitter_misc":{"Preis":"&#67;&#72;&#70;&nbsp;990.00","Verf\u00fcgbarkeit":"Auf Lager"},"schema":{"@context":"https:\/\/schema.org","@graph":[{"@type":"WebPage","@id":"https:\/\/geno-prog.ch\/produit\/camera-de-recul\/","url":"https:\/\/geno-prog.ch\/produit\/camera-de-recul\/","name":"Original R\u00fcckfahrkamera | BMW Gxx-Serie | 3er, X3, Mini","isPartOf":{"@id":"https:\/\/geno-prog.ch\/#website"},"primaryImageOfPage":{"@id":"https:\/\/geno-prog.ch\/produit\/camera-de-recul\/#primaryimage"},"image":{"@id":"https:\/\/geno-prog.ch\/produit\/camera-de-recul\/#primaryimage"},"thumbnailUrl":"https:\/\/geno-prog.ch\/wp-content\/uploads\/2020\/03\/ICAM_G81-scaled.jpg","datePublished":"2020-03-02T13:58:38+00:00","dateModified":"2025-01-24T16:44:37+00:00","description":"Nachr\u00fcstung von Original BMW und MINI R\u00fcckfahrkameras. Nachr\u00fcstung mit Originalteilen mit Einbau und Codierung\/Programmierung in Payerne (Schweiz).","breadcrumb":{"@id":"https:\/\/geno-prog.ch\/produit\/camera-de-recul\/#breadcrumb"},"inLanguage":"de","potentialAction":[{"@type":"ReadAction","target":["https:\/\/geno-prog.ch\/produit\/camera-de-recul\/"]}]},{"@type":"ImageObject","inLanguage":"de","@id":"https:\/\/geno-prog.ch\/produit\/camera-de-recul\/#primaryimage","url":"https:\/\/geno-prog.ch\/wp-content\/uploads\/2020\/03\/ICAM_G81-scaled.jpg","contentUrl":"https:\/\/geno-prog.ch\/wp-content\/uploads\/2020\/03\/ICAM_G81-scaled.jpg","width":2560,"height":1920,"caption":"Cam\u00e9ra de recul \u00e9cran central BMW"},{"@type":"BreadcrumbList","@id":"https:\/\/geno-prog.ch\/produit\/camera-de-recul\/#breadcrumb","itemListElement":[{"@type":"ListItem","position":1,"name":"Accueil","item":"https:\/\/geno-prog.ch\/"},{"@type":"ListItem","position":2,"name":"T\u00e9l\u00e9chargements","item":"https:\/\/geno-prog.ch\/download\/"},{"@type":"ListItem","position":3,"name":"Installation cam\u00e9ra de recul d\u2019origine BMW s\u00e9rie Fxx \/ Gxx \/ MINI F55"}]},{"@type":"WebSite","@id":"https:\/\/geno-prog.ch\/#website","url":"https:\/\/geno-prog.ch\/","name":"GenoProg","description":"Fachkraft f\u00fcr Kraftfahrzeugelektronik BMW \/ MINI","publisher":{"@id":"https:\/\/geno-prog.ch\/#organization"},"potentialAction":[{"@type":"SearchAction","target":{"@type":"EntryPoint","urlTemplate":"https:\/\/geno-prog.ch\/?s={search_term_string}"},"query-input":{"@type":"PropertyValueSpecification","valueRequired":true,"valueName":"search_term_string"}}],"inLanguage":"de"},{"@type":"Organization","@id":"https:\/\/geno-prog.ch\/#organization","name":"GenoProg","url":"https:\/\/geno-prog.ch\/","logo":{"@type":"ImageObject","inLanguage":"de","@id":"https:\/\/geno-prog.ch\/#\/schema\/logo\/image\/","url":"https:\/\/geno-prog.ch\/wp-content\/uploads\/2020\/03\/GenoProg_long.png","contentUrl":"https:\/\/geno-prog.ch\/wp-content\/uploads\/2020\/03\/GenoProg_long.png","width":3086,"height":803,"caption":"GenoProg"},"image":{"@id":"https:\/\/geno-prog.ch\/#\/schema\/logo\/image\/"},"sameAs":["https:\/\/www.facebook.com\/genoprog","https:\/\/www.instagram.com\/genoprog\/","https:\/\/www.youtube.com\/channel\/UC5a5VYzbWdsHNYm2Qtu1F2w"]}]},"product_brand":"external","product_price_amount":"990.00","product_price_currency":"CHF","og_availability":"instock","product_availability":"instock","product_condition":"new"},"_links":{"self":[{"href":"https:\/\/geno-prog.ch\/de\/wp-json\/wp\/v2\/product\/33209","targetHints":{"allow":["GET"]}}],"collection":[{"href":"https:\/\/geno-prog.ch\/de\/wp-json\/wp\/v2\/product"}],"about":[{"href":"https:\/\/geno-prog.ch\/de\/wp-json\/wp\/v2\/types\/product"}],"wp:featuredmedia":[{"embeddable":true,"href":"https:\/\/geno-prog.ch\/de\/wp-json\/wp\/v2\/media\/33918"}],"wp:attachment":[{"href":"https:\/\/geno-prog.ch\/de\/wp-json\/wp\/v2\/media?parent=33209"}],"wp:term":[{"taxonomy":"product_brand","embeddable":true,"href":"https:\/\/geno-prog.ch\/de\/wp-json\/wp\/v2\/product_brand?post=33209"},{"taxonomy":"product_cat","embeddable":true,"href":"https:\/\/geno-prog.ch\/de\/wp-json\/wp\/v2\/product_cat?post=33209"},{"taxonomy":"product_tag","embeddable":true,"href":"https:\/\/geno-prog.ch\/de\/wp-json\/wp\/v2\/product_tag?post=33209"}],"curies":[{"name":"wp","href":"https:\/\/api.w.org\/{rel}","templated":true}]}}